{"id":27099,"date":"2020-11-25T12:28:31","date_gmt":"2020-11-25T11:28:31","guid":{"rendered":"https:\/\/www.ekbeauty.be\/?post_type=product&#038;p=27099"},"modified":"2025-04-07T11:52:42","modified_gmt":"2025-04-07T09:52:42","slug":"hydratonic-mist-mesoestetic","status":"publish","type":"product","link":"https:\/\/www.ekbeauty.be\/en\/product\/hydratonic-mist-mesoestetic\/","title":{"rendered":"Hydratonic mist Mesoestetic 125ml"},"content":{"rendered":"","protected":false},"excerpt":{"rendered":"<p>&nbsp;<\/p>\n<p><a href=\"https:\/\/www.ekbeauty.be\/wp-content\/uploads\/2020\/11\/thumbnail-18.jpg\"><img fetchpriority=\"high\" decoding=\"async\" class=\"alignnone size-medium wp-image-27101\" src=\"https:\/\/www.ekbeauty.be\/wp-content\/uploads\/2020\/11\/thumbnail-18-300x300.jpg\" alt=\"\" width=\"300\" height=\"300\" srcset=\"https:\/\/www.ekbeauty.be\/wp-content\/uploads\/2020\/11\/thumbnail-18-300x300.jpg 300w, https:\/\/www.ekbeauty.be\/wp-content\/uploads\/2020\/11\/thumbnail-18-100x100.jpg 100w, https:\/\/www.ekbeauty.be\/wp-content\/uploads\/2020\/11\/thumbnail-18-150x150.jpg 150w, https:\/\/www.ekbeauty.be\/wp-content\/uploads\/2020\/11\/thumbnail-18.jpg 562w\" sizes=\"(max-width: 300px) 100vw, 300px\" \/><\/a><a href=\"https:\/\/www.ekbeauty.be\/wp-content\/uploads\/2020\/11\/thumbnail-19.jpg\"><img decoding=\"async\" class=\"alignnone size-medium wp-image-27102\" src=\"https:\/\/www.ekbeauty.be\/wp-content\/uploads\/2020\/11\/thumbnail-19-300x300.jpg\" alt=\"\" width=\"300\" height=\"300\" srcset=\"https:\/\/www.ekbeauty.be\/wp-content\/uploads\/2020\/11\/thumbnail-19-300x300.jpg 300w, https:\/\/www.ekbeauty.be\/wp-content\/uploads\/2020\/11\/thumbnail-19-100x100.jpg 100w, https:\/\/www.ekbeauty.be\/wp-content\/uploads\/2020\/11\/thumbnail-19-150x150.jpg 150w, https:\/\/www.ekbeauty.be\/wp-content\/uploads\/2020\/11\/thumbnail-19.jpg 562w\" sizes=\"(max-width: 300px) 100vw, 300px\" \/><\/a><\/p>\n<p>&nbsp;<\/p>\n<p>Hydratonic mist<br \/>\nAtomizing toner, anti-pollution, moisturizing. Completes the facial hygiene<br \/>\noff and optimizes the balance of the skin microbiota.<\/p>\n<p>&nbsp;<\/p>\n<p>Rose Water<br \/>\n&gt;Moisturizing active ingredient with emollient effect<br \/>\nPanthenol (pro-vitamin B5)<br \/>\n&gt;Regenerating active ingredient.<br \/>\n&gt;Designated to soothe and prevent irritation, flaking and redness.<\/p>","protected":false},"featured_media":27100,"comment_status":"open","ping_status":"closed","template":"","meta":{"_surecart_dashboard_logo_width":"180px","_surecart_dashboard_show_logo":true,"_surecart_dashboard_navigation_orders":true,"_surecart_dashboard_navigation_invoices":true,"_surecart_dashboard_navigation_subscriptions":true,"_surecart_dashboard_navigation_downloads":true,"_surecart_dashboard_navigation_billing":true,"_surecart_dashboard_navigation_account":true,"_uag_custom_page_level_css":""},"product_brand":[],"product_cat":[223],"product_tag":[],"class_list":{"0":"post-27099","1":"product","2":"type-product","3":"status-publish","4":"has-post-thumbnail","6":"product_cat-geen","8":"first","9":"instock","10":"taxable","11":"shipping-taxable","12":"purchasable","13":"product-type-simple"},"uagb_featured_image_src":{"full":["https:\/\/www.ekbeauty.be\/wp-content\/uploads\/2020\/11\/thumbnail-17.jpg",878,878,false],"thumbnail":["https:\/\/www.ekbeauty.be\/wp-content\/uploads\/2020\/11\/thumbnail-17-150x150.jpg",150,150,true],"medium":["https:\/\/www.ekbeauty.be\/wp-content\/uploads\/2020\/11\/thumbnail-17-300x300.jpg",300,300,true],"medium_large":["https:\/\/www.ekbeauty.be\/wp-content\/uploads\/2020\/11\/thumbnail-17-768x768.jpg",768,768,true],"large":["https:\/\/www.ekbeauty.be\/wp-content\/uploads\/2020\/11\/thumbnail-17.jpg",878,878,false],"1536x1536":["https:\/\/www.ekbeauty.be\/wp-content\/uploads\/2020\/11\/thumbnail-17.jpg",878,878,false],"2048x2048":["https:\/\/www.ekbeauty.be\/wp-content\/uploads\/2020\/11\/thumbnail-17.jpg",878,878,false],"trp-custom-language-flag":["https:\/\/www.ekbeauty.be\/wp-content\/uploads\/2020\/11\/thumbnail-17.jpg",12,12,false],"woocommerce_archive_thumbnail":["https:\/\/www.ekbeauty.be\/wp-content\/uploads\/2020\/11\/thumbnail-17-300x300.jpg",300,300,true],"woocommerce_thumbnail":["https:\/\/www.ekbeauty.be\/wp-content\/uploads\/2020\/11\/thumbnail-17-300x300.jpg",300,300,true],"woocommerce_single":["https:\/\/www.ekbeauty.be\/wp-content\/uploads\/2020\/11\/thumbnail-17-600x600.jpg",600,600,true],"woocommerce_gallery_thumbnail":["https:\/\/www.ekbeauty.be\/wp-content\/uploads\/2020\/11\/thumbnail-17-100x100.jpg",100,100,true]},"uagb_author_info":{"display_name":"Eren Gonca","author_link":"https:\/\/www.ekbeauty.be\/en\/author\/"},"uagb_comment_info":0,"uagb_excerpt":"&nbsp; &nbsp; Hydratonic mist Verstuivende toner, anti-vervuiling, vochtregulerend. Rondt de gezichtshygi\u00ebne af en optimaliseert de balans van de huid microbiota. &nbsp; Rozenwater &gt;Vochtregulerend actief ingredi\u00ebnt met verzachtende werking Panthenol (pro-vitamine B5) &gt;Regenererend actiefingredi\u00ebnt. &gt;Aangewezen om irritatie, schilfering en roodheid te verzachten en te voorkomen.","_links":{"self":[{"href":"https:\/\/www.ekbeauty.be\/en\/wp-json\/wp\/v2\/product\/27099","targetHints":{"allow":["GET"]}}],"collection":[{"href":"https:\/\/www.ekbeauty.be\/en\/wp-json\/wp\/v2\/product"}],"about":[{"href":"https:\/\/www.ekbeauty.be\/en\/wp-json\/wp\/v2\/types\/product"}],"replies":[{"embeddable":true,"href":"https:\/\/www.ekbeauty.be\/en\/wp-json\/wp\/v2\/comments?post=27099"}],"wp:featuredmedia":[{"embeddable":true,"href":"https:\/\/www.ekbeauty.be\/en\/wp-json\/wp\/v2\/media\/27100"}],"wp:attachment":[{"href":"https:\/\/www.ekbeauty.be\/en\/wp-json\/wp\/v2\/media?parent=27099"}],"wp:term":[{"taxonomy":"product_brand","embeddable":true,"href":"https:\/\/www.ekbeauty.be\/en\/wp-json\/wp\/v2\/product_brand?post=27099"},{"taxonomy":"product_cat","embeddable":true,"href":"https:\/\/www.ekbeauty.be\/en\/wp-json\/wp\/v2\/product_cat?post=27099"},{"taxonomy":"product_tag","embeddable":true,"href":"https:\/\/www.ekbeauty.be\/en\/wp-json\/wp\/v2\/product_tag?post=27099"}],"curies":[{"name":"wp","href":"https:\/\/api.w.org\/{rel}","templated":true}]}}