{"id":27781,"date":"2021-03-11T14:37:42","date_gmt":"2021-03-11T13:37:42","guid":{"rendered":"https:\/\/www.ekbeauty.be\/?post_type=product&#038;p=27781"},"modified":"2025-08-20T13:48:55","modified_gmt":"2025-08-20T11:48:55","slug":"image-skincare-the-max-stem-cell-eye-creme-15ml","status":"publish","type":"product","link":"https:\/\/www.ekbeauty.be\/en\/product\/image-skincare-the-max-stem-cell-eye-creme-15ml\/","title":{"rendered":"THE MAX &#8211; Eye Cr\u00e8me 15ml"},"content":{"rendered":"","protected":false},"excerpt":{"rendered":"<h2 dir=\"ltr\">Stem Cell Eye Cream<\/h2>\n<p dir=\"ltr\">The MAX - Stem Cell Eye Cream is a new generation revolutionary day and night eye cream contains high concentrations of plant stem cells to protect the skin from aging and harmful effects of free radicals. This new cream contains stem cells from grape, alpine edelweiss and from apple for maximum prevention against aging effects.<\/p>\n<p dir=\"ltr\"><strong>Benefits<\/strong><\/p>\n<ul>\n<li dir=\"ltr\">\n<p dir=\"ltr\">Prevents cellular aging<\/p>\n<\/li>\n<li dir=\"ltr\">\n<p dir=\"ltr\">Peptide blend for rejuvenation correction<\/p>\n<\/li>\n<li dir=\"ltr\">\n<p dir=\"ltr\">Reduces the appearance of fine lines and wrinkles<\/p>\n<\/li>\n<li dir=\"ltr\">\n<p dir=\"ltr\">Anti-inflammatory<\/p>\n<\/li>\n<li dir=\"ltr\">\n<p dir=\"ltr\">Reduces dark circles<\/p>\n<\/li>\n<li dir=\"ltr\">\n<p dir=\"ltr\">Paraben free<\/p>\n<\/li>\n<\/ul>\n<p dir=\"ltr\"><strong>Skin Type<\/strong><\/p>\n<ul>\n<li dir=\"ltr\">\n<p dir=\"ltr\">Anti-aging<\/p>\n<\/li>\n<li dir=\"ltr\">\n<p dir=\"ltr\">Fine lines<\/p>\n<\/li>\n<li dir=\"ltr\">\n<p dir=\"ltr\">Wrinkles<\/p>\n<\/li>\n<li dir=\"ltr\">\n<p dir=\"ltr\">Dry skin<\/p>\n<\/li>\n<li dir=\"ltr\">\n<p dir=\"ltr\">Sensitive skin<\/p>\n<\/li>\n<\/ul>\n<p><strong>Usage &amp; Tips<br \/>\n<\/strong>Apply a small amount to the lower and upper eyelids in the morning and evening. If extra hydration is needed apply additional amount.<\/p>","protected":false},"featured_media":50907,"comment_status":"open","ping_status":"closed","template":"","meta":{"_surecart_dashboard_logo_width":"180px","_surecart_dashboard_show_logo":true,"_surecart_dashboard_navigation_orders":true,"_surecart_dashboard_navigation_invoices":true,"_surecart_dashboard_navigation_subscriptions":true,"_surecart_dashboard_navigation_downloads":true,"_surecart_dashboard_navigation_billing":true,"_surecart_dashboard_navigation_account":true,"_uag_custom_page_level_css":""},"product_brand":[],"product_cat":[221],"product_tag":[],"class_list":{"0":"post-27781","1":"product","2":"type-product","3":"status-publish","4":"has-post-thumbnail","6":"product_cat-oogverzorging","8":"first","9":"instock","10":"taxable","11":"shipping-taxable","12":"purchasable","13":"product-type-simple"},"uagb_featured_image_src":{"full":["https:\/\/www.ekbeauty.be\/wp-content\/uploads\/2021\/03\/x4.webp",1500,1125,false],"thumbnail":["https:\/\/www.ekbeauty.be\/wp-content\/uploads\/2021\/03\/x4-150x150.webp",150,150,true],"medium":["https:\/\/www.ekbeauty.be\/wp-content\/uploads\/2021\/03\/x4-300x225.webp",300,225,true],"medium_large":["https:\/\/www.ekbeauty.be\/wp-content\/uploads\/2021\/03\/x4-768x576.webp",768,576,true],"large":["https:\/\/www.ekbeauty.be\/wp-content\/uploads\/2021\/03\/x4-1024x768.webp",1024,768,true],"1536x1536":["https:\/\/www.ekbeauty.be\/wp-content\/uploads\/2021\/03\/x4.webp",1500,1125,false],"2048x2048":["https:\/\/www.ekbeauty.be\/wp-content\/uploads\/2021\/03\/x4.webp",1500,1125,false],"trp-custom-language-flag":["https:\/\/www.ekbeauty.be\/wp-content\/uploads\/2021\/03\/x4-16x12.webp",16,12,true],"woocommerce_archive_thumbnail":["https:\/\/www.ekbeauty.be\/wp-content\/uploads\/2021\/03\/x4-300x225.webp",300,225,true],"woocommerce_thumbnail":["https:\/\/www.ekbeauty.be\/wp-content\/uploads\/2021\/03\/x4-300x300.webp",300,300,true],"woocommerce_single":["https:\/\/www.ekbeauty.be\/wp-content\/uploads\/2021\/03\/x4-600x450.webp",600,450,true],"woocommerce_gallery_thumbnail":["https:\/\/www.ekbeauty.be\/wp-content\/uploads\/2021\/03\/x4-100x100.webp",100,100,true]},"uagb_author_info":{"display_name":"Eren Gonca","author_link":"https:\/\/www.ekbeauty.be\/en\/author\/"},"uagb_comment_info":0,"uagb_excerpt":"Stem Cell Eye Cr\u00e8me The MAX - Stem Cell Eye Cr\u00e8me is een nieuwe generatie revolutionaire dag- en nacht oogcr\u00e8me bevat hoge concentraties plantaardige stamcellen om de huid te beschermen tegen veroudering en schadelijke effecten van vrije-radicalen. Deze nieuwe cr\u00e8me bevat stamcellen van de druif, alpine edelweiss en van de appel voor een maximale preventie&hellip;","_links":{"self":[{"href":"https:\/\/www.ekbeauty.be\/en\/wp-json\/wp\/v2\/product\/27781","targetHints":{"allow":["GET"]}}],"collection":[{"href":"https:\/\/www.ekbeauty.be\/en\/wp-json\/wp\/v2\/product"}],"about":[{"href":"https:\/\/www.ekbeauty.be\/en\/wp-json\/wp\/v2\/types\/product"}],"replies":[{"embeddable":true,"href":"https:\/\/www.ekbeauty.be\/en\/wp-json\/wp\/v2\/comments?post=27781"}],"wp:featuredmedia":[{"embeddable":true,"href":"https:\/\/www.ekbeauty.be\/en\/wp-json\/wp\/v2\/media\/50907"}],"wp:attachment":[{"href":"https:\/\/www.ekbeauty.be\/en\/wp-json\/wp\/v2\/media?parent=27781"}],"wp:term":[{"taxonomy":"product_brand","embeddable":true,"href":"https:\/\/www.ekbeauty.be\/en\/wp-json\/wp\/v2\/product_brand?post=27781"},{"taxonomy":"product_cat","embeddable":true,"href":"https:\/\/www.ekbeauty.be\/en\/wp-json\/wp\/v2\/product_cat?post=27781"},{"taxonomy":"product_tag","embeddable":true,"href":"https:\/\/www.ekbeauty.be\/en\/wp-json\/wp\/v2\/product_tag?post=27781"}],"curies":[{"name":"wp","href":"https:\/\/api.w.org\/{rel}","templated":true}]}}