{"id":30393,"date":"2022-06-13T13:55:26","date_gmt":"2022-06-13T11:55:26","guid":{"rendered":"https:\/\/www.ekbeauty.be\/?post_type=product&#038;p=30393"},"modified":"2024-11-23T14:49:57","modified_gmt":"2024-11-23T13:49:57","slug":"image-skincare-the-max-creme","status":"publish","type":"product","link":"https:\/\/www.ekbeauty.be\/en\/product\/image-skincare-the-max-creme\/","title":{"rendered":"IMAGE Skincare The MAX - Cream"},"content":{"rendered":"<h1 class=\"product_title entry-title\">IMAGE Skincare The MAX - Cream<\/h1>\n<p>IMAGE Skincare The Max - cream is one of the first creams available on the market, developing 2 different plant stem cells in one revolutionary formula. This formula prevents and combats the first signs of aging.<\/p>\n<p>\u2713 Repairs cell damage<br \/>\n\u2713 Supports healthy skin structure<br \/>\n\u2713 Anti-aging effect<\/p>\n<h3>Restore your skin with the luxurious IMAGE Skincare The MAX - Cream<\/h3>\n<p>The new stem cell technology, obtained from herbaceous alpine plants, supports and protects your skin so the MAXimal effect is visible! A maximum concentration of peptides provides more volume and stimulation of collagen production, visibly reducing wrinkles. This cream repairs damaged cells, protects against free radical damage and supports the extracellular matrix for a healthy skin structure.<\/p>\n<h3><b>Usage recommendation<\/b><\/h3>\n<p>After cleansing, apply the cream to the face, neck and around the eyes and massage in. For maximum effect, the cream can be used every day (evening or as needed).<\/p>","protected":false},"excerpt":{"rendered":"<p>IMAGE Skincare The Max - cream is one of the first creams available on the market, developing 2 different plant stem cells in one revolutionary formula. This formula prevents and combats the first signs of aging.<\/p>\n<p>\u2713 Repairs cell damage<br \/>\n\u2713 Supports healthy skin structure<br \/>\n\u2713 Anti-aging effect<\/p>\n<h3>Restore your skin with the luxurious IMAGE Skincare The MAX - Cream<\/h3>\n<p>The new stem cell technology, obtained from herbaceous alpine plants, supports and protects your skin so the MAXimal effect is visible! A maximum concentration of peptides provides more volume and stimulation of collagen production, visibly reducing wrinkles. This cream repairs damaged cells, protects against free radical damage and supports the extracellular matrix for a healthy skin structure.<\/p>\n<h3><b>Usage recommendation<\/b><\/h3>\n<p>After cleansing, apply the cream to the face, neck and around the eyes and massage in. For maximum effect, the cream can be used every day (evening or as needed).<\/p>","protected":false},"featured_media":50904,"comment_status":"open","ping_status":"closed","template":"","meta":{"_surecart_dashboard_logo_width":"180px","_surecart_dashboard_show_logo":true,"_surecart_dashboard_navigation_orders":true,"_surecart_dashboard_navigation_invoices":true,"_surecart_dashboard_navigation_subscriptions":true,"_surecart_dashboard_navigation_downloads":true,"_surecart_dashboard_navigation_billing":true,"_surecart_dashboard_navigation_account":true,"_uag_custom_page_level_css":""},"product_brand":[],"product_cat":[220],"product_tag":[],"class_list":{"0":"post-30393","1":"product","2":"type-product","3":"status-publish","4":"has-post-thumbnail","6":"product_cat-nachtcremes-2","8":"first","9":"instock","10":"taxable","11":"shipping-taxable","12":"purchasable","13":"product-type-simple"},"uagb_featured_image_src":{"full":["https:\/\/www.ekbeauty.be\/wp-content\/uploads\/2022\/06\/x3.webp",1500,1125,false],"thumbnail":["https:\/\/www.ekbeauty.be\/wp-content\/uploads\/2022\/06\/x3-150x150.webp",150,150,true],"medium":["https:\/\/www.ekbeauty.be\/wp-content\/uploads\/2022\/06\/x3-300x225.webp",300,225,true],"medium_large":["https:\/\/www.ekbeauty.be\/wp-content\/uploads\/2022\/06\/x3-768x576.webp",768,576,true],"large":["https:\/\/www.ekbeauty.be\/wp-content\/uploads\/2022\/06\/x3-1024x768.webp",1024,768,true],"1536x1536":["https:\/\/www.ekbeauty.be\/wp-content\/uploads\/2022\/06\/x3.webp",1500,1125,false],"2048x2048":["https:\/\/www.ekbeauty.be\/wp-content\/uploads\/2022\/06\/x3.webp",1500,1125,false],"trp-custom-language-flag":["https:\/\/www.ekbeauty.be\/wp-content\/uploads\/2022\/06\/x3-16x12.webp",16,12,true],"woocommerce_archive_thumbnail":["https:\/\/www.ekbeauty.be\/wp-content\/uploads\/2022\/06\/x3-300x225.webp",300,225,true],"woocommerce_thumbnail":["https:\/\/www.ekbeauty.be\/wp-content\/uploads\/2022\/06\/x3-300x300.webp",300,300,true],"woocommerce_single":["https:\/\/www.ekbeauty.be\/wp-content\/uploads\/2022\/06\/x3-600x450.webp",600,450,true],"woocommerce_gallery_thumbnail":["https:\/\/www.ekbeauty.be\/wp-content\/uploads\/2022\/06\/x3-100x100.webp",100,100,true]},"uagb_author_info":{"display_name":"Sefer Gonca","author_link":"https:\/\/www.ekbeauty.be\/en\/author\/"},"uagb_comment_info":0,"uagb_excerpt":"IMAGE Skincare The Max \u2013 cr\u00e8me is \u00e9\u00e9n van de eerste cr\u00e8mes verkrijgbaar op de markt, waarbij 2 verschillende stamcellen van planten in \u00e9\u00e9n revolutionaire formule zijn ontwikkeld. Deze formule voorkomt en gaat de eerste tekenen van veroudering tegen. \u2713\u00a0Herstelt celbeschadiging \u2713\u00a0Ondersteunt de gezonde huidstructuur \u2713\u00a0Anti-aging effect Herstel je huid met de luxe IMAGE Skincare&hellip;","_links":{"self":[{"href":"https:\/\/www.ekbeauty.be\/en\/wp-json\/wp\/v2\/product\/30393","targetHints":{"allow":["GET"]}}],"collection":[{"href":"https:\/\/www.ekbeauty.be\/en\/wp-json\/wp\/v2\/product"}],"about":[{"href":"https:\/\/www.ekbeauty.be\/en\/wp-json\/wp\/v2\/types\/product"}],"replies":[{"embeddable":true,"href":"https:\/\/www.ekbeauty.be\/en\/wp-json\/wp\/v2\/comments?post=30393"}],"wp:featuredmedia":[{"embeddable":true,"href":"https:\/\/www.ekbeauty.be\/en\/wp-json\/wp\/v2\/media\/50904"}],"wp:attachment":[{"href":"https:\/\/www.ekbeauty.be\/en\/wp-json\/wp\/v2\/media?parent=30393"}],"wp:term":[{"taxonomy":"product_brand","embeddable":true,"href":"https:\/\/www.ekbeauty.be\/en\/wp-json\/wp\/v2\/product_brand?post=30393"},{"taxonomy":"product_cat","embeddable":true,"href":"https:\/\/www.ekbeauty.be\/en\/wp-json\/wp\/v2\/product_cat?post=30393"},{"taxonomy":"product_tag","embeddable":true,"href":"https:\/\/www.ekbeauty.be\/en\/wp-json\/wp\/v2\/product_tag?post=30393"}],"curies":[{"name":"wp","href":"https:\/\/api.w.org\/{rel}","templated":true}]}}