{"id":52229,"date":"2025-04-30T14:37:08","date_gmt":"2025-04-30T12:37:08","guid":{"rendered":"https:\/\/www.ekbeauty.be\/?post_type=product&#038;p=52229"},"modified":"2025-04-30T14:37:08","modified_gmt":"2025-04-30T12:37:08","slug":"image-iluma-intense-brightening-creme-48gr","status":"publish","type":"product","link":"https:\/\/www.ekbeauty.be\/en\/product\/image-iluma-intense-brightening-creme-48gr\/","title":{"rendered":"IMAGE &#8211; Iluma Intense Brightening Cr\u00e8me 48gr."},"content":{"rendered":"","protected":false},"excerpt":{"rendered":"<ul>\n<li><span>Werkt oplichtend<\/span><\/li>\n<li><span>Egaliseert de huid<\/span><\/li>\n<li><span>Voorkomt ouderdomsvlekken<\/span><\/li>\n<\/ul>\n<p>Bevat jouw huid ouderdomsvlekken, pigmentatie en\/of een doffe huidteint? Dan is de Iluma Intense Brightening nachtcr\u00e8me een essenti\u00eble toevoeging aan jouw huidverzorgingsroutine! De revolutionaire Iluma nachtcr\u00e8me heeft een intensieve egaliserende werking op de huid, vervaagt effectieve ouderdomsvlekken en verminderde pigmentatie. Deze nachtcr\u00e8me bevat een unieke formule die aan de hand van huid-egaliserende ingredi\u00ebnten de huidteint intensieve verbetering en de huid in balans brengt. Bovendien zorgen de bijzondere ingredi\u00ebnten van de Iluma nachtcr\u00e8me voor een effectieve, opgelichte huid, waardoor een gezonde, jeugdige glowy skin wordt geproduceerd.<\/p>","protected":false},"featured_media":52230,"comment_status":"open","ping_status":"closed","template":"","meta":{"_surecart_dashboard_logo_width":"180px","_surecart_dashboard_show_logo":true,"_surecart_dashboard_navigation_orders":true,"_surecart_dashboard_navigation_invoices":true,"_surecart_dashboard_navigation_subscriptions":true,"_surecart_dashboard_navigation_downloads":true,"_surecart_dashboard_navigation_billing":true,"_surecart_dashboard_navigation_account":true,"_uag_custom_page_level_css":""},"product_brand":[],"product_cat":[220],"product_tag":[],"class_list":{"0":"post-52229","1":"product","2":"type-product","3":"status-publish","4":"has-post-thumbnail","6":"product_cat-nachtcremes-2","8":"first","9":"instock","10":"taxable","11":"shipping-taxable","12":"purchasable","13":"product-type-simple"},"uagb_featured_image_src":{"full":["https:\/\/www.ekbeauty.be\/wp-content\/uploads\/2025\/04\/iluma_intense_brightening_creme_97f4.webp",1000,1000,false],"thumbnail":["https:\/\/www.ekbeauty.be\/wp-content\/uploads\/2025\/04\/iluma_intense_brightening_creme_97f4-150x150.webp",150,150,true],"medium":["https:\/\/www.ekbeauty.be\/wp-content\/uploads\/2025\/04\/iluma_intense_brightening_creme_97f4-300x300.webp",300,300,true],"medium_large":["https:\/\/www.ekbeauty.be\/wp-content\/uploads\/2025\/04\/iluma_intense_brightening_creme_97f4-768x768.webp",768,768,true],"large":["https:\/\/www.ekbeauty.be\/wp-content\/uploads\/2025\/04\/iluma_intense_brightening_creme_97f4.webp",1000,1000,false],"1536x1536":["https:\/\/www.ekbeauty.be\/wp-content\/uploads\/2025\/04\/iluma_intense_brightening_creme_97f4.webp",1000,1000,false],"2048x2048":["https:\/\/www.ekbeauty.be\/wp-content\/uploads\/2025\/04\/iluma_intense_brightening_creme_97f4.webp",1000,1000,false],"trp-custom-language-flag":["https:\/\/www.ekbeauty.be\/wp-content\/uploads\/2025\/04\/iluma_intense_brightening_creme_97f4-12x12.webp",12,12,true],"woocommerce_archive_thumbnail":["https:\/\/www.ekbeauty.be\/wp-content\/uploads\/2025\/04\/iluma_intense_brightening_creme_97f4-300x300.webp",300,300,true],"woocommerce_thumbnail":["https:\/\/www.ekbeauty.be\/wp-content\/uploads\/2025\/04\/iluma_intense_brightening_creme_97f4-300x300.webp",300,300,true],"woocommerce_single":["https:\/\/www.ekbeauty.be\/wp-content\/uploads\/2025\/04\/iluma_intense_brightening_creme_97f4-600x600.webp",600,600,true],"woocommerce_gallery_thumbnail":["https:\/\/www.ekbeauty.be\/wp-content\/uploads\/2025\/04\/iluma_intense_brightening_creme_97f4-100x100.webp",100,100,true]},"uagb_author_info":{"display_name":"Sefer Gonca","author_link":"https:\/\/www.ekbeauty.be\/en\/author\/"},"uagb_comment_info":0,"uagb_excerpt":"Werkt oplichtend Egaliseert de huid Voorkomt ouderdomsvlekken Bevat jouw huid ouderdomsvlekken, pigmentatie en\/of een doffe huidteint? Dan is de Iluma Intense Brightening nachtcr\u00e8me een essenti\u00eble toevoeging aan jouw huidverzorgingsroutine! De revolutionaire Iluma nachtcr\u00e8me heeft een intensieve egaliserende werking op de huid, vervaagt effectieve ouderdomsvlekken en verminderde pigmentatie. Deze nachtcr\u00e8me bevat een unieke formule die aan&hellip;","_links":{"self":[{"href":"https:\/\/www.ekbeauty.be\/en\/wp-json\/wp\/v2\/product\/52229","targetHints":{"allow":["GET"]}}],"collection":[{"href":"https:\/\/www.ekbeauty.be\/en\/wp-json\/wp\/v2\/product"}],"about":[{"href":"https:\/\/www.ekbeauty.be\/en\/wp-json\/wp\/v2\/types\/product"}],"replies":[{"embeddable":true,"href":"https:\/\/www.ekbeauty.be\/en\/wp-json\/wp\/v2\/comments?post=52229"}],"wp:featuredmedia":[{"embeddable":true,"href":"https:\/\/www.ekbeauty.be\/en\/wp-json\/wp\/v2\/media\/52230"}],"wp:attachment":[{"href":"https:\/\/www.ekbeauty.be\/en\/wp-json\/wp\/v2\/media?parent=52229"}],"wp:term":[{"taxonomy":"product_brand","embeddable":true,"href":"https:\/\/www.ekbeauty.be\/en\/wp-json\/wp\/v2\/product_brand?post=52229"},{"taxonomy":"product_cat","embeddable":true,"href":"https:\/\/www.ekbeauty.be\/en\/wp-json\/wp\/v2\/product_cat?post=52229"},{"taxonomy":"product_tag","embeddable":true,"href":"https:\/\/www.ekbeauty.be\/en\/wp-json\/wp\/v2\/product_tag?post=52229"}],"curies":[{"name":"wp","href":"https:\/\/api.w.org\/{rel}","templated":true}]}}