{"id":52324,"date":"2025-05-19T10:04:16","date_gmt":"2025-05-19T08:04:16","guid":{"rendered":"https:\/\/www.ekbeauty.be\/?post_type=product&#038;p=52324"},"modified":"2026-03-25T23:29:05","modified_gmt":"2026-03-25T22:29:05","slug":"vochtinbrengende-creme-50ml","status":"publish","type":"product","link":"https:\/\/www.ekbeauty.be\/en\/product\/vochtinbrengende-creme-50ml\/","title":{"rendered":"VOCHTINBRENGENDE CREME 50ML"},"content":{"rendered":"","protected":false},"excerpt":{"rendered":"<p><span>Deze Cr\u00e8me is samengesteld met acht essenti\u00eble aminozuren, eiwitten, vitamine C en hydroscopische lipiden. Deze Cr\u00e8me bevat essenti\u00eble ingredi\u00ebnten die allemaal nodig zijn voor de cellevensduur van de huid. En is ontwikkeld voor een neutrale huid zonder huidproblemen.<\/span><\/p>\n<p><span>En helpt bij het voorkomen van tekenen van veroudering en fijne lijntjes. De rijke voedingsformule van deze Cr\u00e8me bootst de natuurlijke vochtinbrengende factoren van de huid na om de huid in balans te brengen.<\/span><\/p>","protected":false},"featured_media":52325,"comment_status":"open","ping_status":"closed","template":"","meta":{"_surecart_dashboard_logo_width":"180px","_surecart_dashboard_show_logo":true,"_surecart_dashboard_navigation_orders":true,"_surecart_dashboard_navigation_invoices":true,"_surecart_dashboard_navigation_subscriptions":true,"_surecart_dashboard_navigation_downloads":true,"_surecart_dashboard_navigation_billing":true,"_surecart_dashboard_navigation_account":true,"_uag_custom_page_level_css":""},"product_brand":[],"product_cat":[324,215],"product_tag":[],"class_list":{"0":"post-52324","1":"product","2":"type-product","3":"status-publish","4":"has-post-thumbnail","6":"product_cat-acties","7":"product_cat-beauty","9":"first","10":"instock","11":"sale","12":"taxable","13":"shipping-taxable","14":"purchasable","15":"product-type-simple"},"uagb_featured_image_src":{"full":["https:\/\/www.ekbeauty.be\/wp-content\/uploads\/2025\/05\/360_F_19897722_QS7KyyGdkYNsTzfM8hcI7FE8R6T3Pcuf.jpg",490,360,false],"thumbnail":["https:\/\/www.ekbeauty.be\/wp-content\/uploads\/2025\/05\/360_F_19897722_QS7KyyGdkYNsTzfM8hcI7FE8R6T3Pcuf-150x150.jpg",150,150,true],"medium":["https:\/\/www.ekbeauty.be\/wp-content\/uploads\/2025\/05\/360_F_19897722_QS7KyyGdkYNsTzfM8hcI7FE8R6T3Pcuf-300x220.jpg",300,220,true],"medium_large":["https:\/\/www.ekbeauty.be\/wp-content\/uploads\/2025\/05\/360_F_19897722_QS7KyyGdkYNsTzfM8hcI7FE8R6T3Pcuf.jpg",490,360,false],"large":["https:\/\/www.ekbeauty.be\/wp-content\/uploads\/2025\/05\/360_F_19897722_QS7KyyGdkYNsTzfM8hcI7FE8R6T3Pcuf.jpg",490,360,false],"1536x1536":["https:\/\/www.ekbeauty.be\/wp-content\/uploads\/2025\/05\/360_F_19897722_QS7KyyGdkYNsTzfM8hcI7FE8R6T3Pcuf.jpg",490,360,false],"2048x2048":["https:\/\/www.ekbeauty.be\/wp-content\/uploads\/2025\/05\/360_F_19897722_QS7KyyGdkYNsTzfM8hcI7FE8R6T3Pcuf.jpg",490,360,false],"trp-custom-language-flag":["https:\/\/www.ekbeauty.be\/wp-content\/uploads\/2025\/05\/360_F_19897722_QS7KyyGdkYNsTzfM8hcI7FE8R6T3Pcuf-16x12.jpg",16,12,true],"woocommerce_archive_thumbnail":["https:\/\/www.ekbeauty.be\/wp-content\/uploads\/2025\/05\/360_F_19897722_QS7KyyGdkYNsTzfM8hcI7FE8R6T3Pcuf-300x220.jpg",300,220,true],"woocommerce_thumbnail":["https:\/\/www.ekbeauty.be\/wp-content\/uploads\/2025\/05\/360_F_19897722_QS7KyyGdkYNsTzfM8hcI7FE8R6T3Pcuf-300x300.jpg",300,300,true],"woocommerce_single":["https:\/\/www.ekbeauty.be\/wp-content\/uploads\/2025\/05\/360_F_19897722_QS7KyyGdkYNsTzfM8hcI7FE8R6T3Pcuf.jpg",490,360,false],"woocommerce_gallery_thumbnail":["https:\/\/www.ekbeauty.be\/wp-content\/uploads\/2025\/05\/360_F_19897722_QS7KyyGdkYNsTzfM8hcI7FE8R6T3Pcuf-100x100.jpg",100,100,true]},"uagb_author_info":{"display_name":"Sefer Gonca","author_link":"https:\/\/www.ekbeauty.be\/en\/author\/"},"uagb_comment_info":0,"uagb_excerpt":"Deze Cr\u00e8me is samengesteld met acht essenti\u00eble aminozuren, eiwitten, vitamine C en hydroscopische lipiden. Deze Cr\u00e8me bevat essenti\u00eble ingredi\u00ebnten die allemaal nodig zijn voor de cellevensduur van de huid. En is ontwikkeld voor een neutrale huid zonder huidproblemen. En helpt bij het voorkomen van tekenen van veroudering en fijne lijntjes. De rijke voedingsformule van deze&hellip;","_links":{"self":[{"href":"https:\/\/www.ekbeauty.be\/en\/wp-json\/wp\/v2\/product\/52324","targetHints":{"allow":["GET"]}}],"collection":[{"href":"https:\/\/www.ekbeauty.be\/en\/wp-json\/wp\/v2\/product"}],"about":[{"href":"https:\/\/www.ekbeauty.be\/en\/wp-json\/wp\/v2\/types\/product"}],"replies":[{"embeddable":true,"href":"https:\/\/www.ekbeauty.be\/en\/wp-json\/wp\/v2\/comments?post=52324"}],"wp:featuredmedia":[{"embeddable":true,"href":"https:\/\/www.ekbeauty.be\/en\/wp-json\/wp\/v2\/media\/52325"}],"wp:attachment":[{"href":"https:\/\/www.ekbeauty.be\/en\/wp-json\/wp\/v2\/media?parent=52324"}],"wp:term":[{"taxonomy":"product_brand","embeddable":true,"href":"https:\/\/www.ekbeauty.be\/en\/wp-json\/wp\/v2\/product_brand?post=52324"},{"taxonomy":"product_cat","embeddable":true,"href":"https:\/\/www.ekbeauty.be\/en\/wp-json\/wp\/v2\/product_cat?post=52324"},{"taxonomy":"product_tag","embeddable":true,"href":"https:\/\/www.ekbeauty.be\/en\/wp-json\/wp\/v2\/product_tag?post=52324"}],"curies":[{"name":"wp","href":"https:\/\/api.w.org\/{rel}","templated":true}]}}