{"id":33282,"date":"2024-05-30T14:20:22","date_gmt":"2024-05-30T12:20:22","guid":{"rendered":"https:\/\/www.ekbeauty.be\/?page_id=33282"},"modified":"2024-05-30T14:22:22","modified_gmt":"2024-05-30T12:22:22","slug":"erens-cosmelan","status":"publish","type":"page","link":"https:\/\/www.ekbeauty.be\/fr\/erens-cosmelan\/","title":{"rendered":"Le Cosmelan d'Eren"},"content":{"rendered":"<div data-elementor-type=\"wp-page\" data-elementor-id=\"33282\" class=\"elementor elementor-33282\" data-elementor-post-type=\"page\">\n\t\t\t\t<div class=\"elementor-element elementor-element-79cc3b5c e-flex e-con-boxed e-con e-parent\" data-id=\"79cc3b5c\" data-element_type=\"container\" data-e-type=\"container\" data-settings=\"{&quot;jet_parallax_layout_list&quot;:[]}\">\n\t\t\t\t\t<div class=\"e-con-inner\">\n\t\t<div class=\"elementor-element elementor-element-6b54086e e-flex e-con-boxed e-con e-child\" data-id=\"6b54086e\" data-element_type=\"container\" data-e-type=\"container\" data-settings=\"{&quot;jet_parallax_layout_list&quot;:[]}\">\n\t\t\t\t\t<div class=\"e-con-inner\">\n\t\t<div class=\"elementor-element elementor-element-219b1613 e-flex e-con-boxed e-con e-child\" data-id=\"219b1613\" data-element_type=\"container\" data-e-type=\"container\" data-settings=\"{&quot;jet_parallax_layout_list&quot;:[]}\">\n\t\t\t\t\t<div class=\"e-con-inner\">\n\t\t\t\t<div class=\"elementor-element elementor-element-351b353 elementor-widget elementor-widget-price-list\" data-id=\"351b353\" data-element_type=\"widget\" data-e-type=\"widget\" data-widget_type=\"price-list.default\">\n\t\t\t\t<div class=\"elementor-widget-container\">\n\t\t\t\t\t\n\t\t<ul class=\"elementor-price-list\">\n\n\t\t\t\t\t\t\t\t\t<li class=\"elementor-price-list-item\">\t\t\t\t\n\t\t\t\t<div class=\"elementor-price-list-text\">\n\t\t\t\t\t\t\t\t\t<div class=\"elementor-price-list-header\">\n\t\t\t\t\t\t\t\t\t\t\t<span class=\"elementor-price-list-title\">\n\t\t\t\t\t\t\tCosmelan\t\t\t\t\t\t<\/span>\n\t\t\t\t\t\t\t\t\t\t\t\t\t\t\t\t\t\t<span class=\"elementor-price-list-separator\"><\/span>\n\t\t\t\t\t\t\t\t\t\t\t\t\t\t\t\t\t\t\t<span class=\"elementor-price-list-price\">\u20ac699,99<\/span>\n\t\t\t\t\t\t\t\t\t\t<\/div>\n\t\t\t\t\t\t\t\t\t\t\t\t\t\t\t<p class=\"elementor-price-list-description\">\n\t\t\t\t\t\t\tLa formule de cosmelan\u00ae contient une combinaison exclusive d'ingr\u00e9dients actifs \u00e0 l'efficacit\u00e9 prouv\u00e9e, agissant \u00e0 tous les stades du processus d'hyperpigmentation pour \u00e9liminer compl\u00e8tement les hyperpigmentations existantes et pr\u00e9venir leur r\u00e9apparition ainsi que l'apparition de nouvelles taches sombres. Des r\u00e9sultats complets et efficaces. Int\u00e8gre un traitement professionnel protocolis\u00e9 pour optimiser les r\u00e9sultats, associ\u00e9 \u00e0 des soins \u00e0 domicile qui prolongent les r\u00e9sultats. La dualit\u00e9 de l'action corrective et r\u00e9gulatrice en fait un traitement unique et complet. Comprend le masque cosmelan 1 que nous appliquons en cabine, puis le client re\u00e7oit \u00e9galement les produits d'accompagnement \u00e0 emporter chez lui, notamment dans ce pack : cosmelan 2, melan recovery et melan 130+ pigment control.\t\t\t\t\t\t<\/p>\n\t\t\t\t\t\t\t\t<\/div>\n\t\t\t\t<\/li>\t\t\t\t\t\n\t\t<\/ul>\n\n\t\t\t\t\t\t<\/div>\n\t\t\t\t<\/div>\n\t\t\t\t\t<\/div>\n\t\t\t\t<\/div>\n\t\t<div class=\"elementor-element elementor-element-69c3dbb e-flex e-con-boxed e-con e-child\" data-id=\"69c3dbb\" data-element_type=\"container\" data-e-type=\"container\" data-settings=\"{&quot;jet_parallax_layout_list&quot;:[]}\">\n\t\t\t\t\t<div class=\"e-con-inner\">\n\t\t\t\t\t<\/div>\n\t\t\t\t<\/div>\n\t\t\t\t\t<\/div>\n\t\t\t\t<\/div>\n\t\t\t\t\t<\/div>\n\t\t\t\t<\/div>\n\t\t\t\t<\/div>","protected":false},"excerpt":{"rendered":"<p>Cosmelan \u20ac699,99 De cosmelan\u00ae-formule bevat een exclusieve combinatie van actieve ingredi\u00ebnten met bewezen werkzaamheid, die op alle fasen van het hyperpigmentatieproces inwerken om bestaande hyperpigmentaties volledig te elimineren, waardoor zowel hun terugkeer als het verschijnen van nieuwe donkere vlekken wordt voorkomen. Een uitgebreid en effectief resultaat. Integreert een geprotocolleerde professionele behandeling om de resultaten te [&hellip;]<\/p>\n","protected":false},"author":1,"featured_media":0,"parent":0,"menu_order":0,"comment_status":"closed","ping_status":"closed","template":"elementor_canvas","meta":{"_surecart_dashboard_logo_width":"180px","_surecart_dashboard_show_logo":true,"_surecart_dashboard_navigation_orders":true,"_surecart_dashboard_navigation_invoices":true,"_surecart_dashboard_navigation_subscriptions":true,"_surecart_dashboard_navigation_downloads":true,"_surecart_dashboard_navigation_billing":true,"_surecart_dashboard_navigation_account":true,"_uag_custom_page_level_css":"","footnotes":""},"class_list":["post-33282","page","type-page","status-publish","hentry"],"blocksy_meta":[],"uagb_featured_image_src":{"full":false,"thumbnail":false,"medium":false,"medium_large":false,"large":false,"1536x1536":false,"2048x2048":false,"trp-custom-language-flag":false,"woocommerce_archive_thumbnail":false,"woocommerce_thumbnail":false,"woocommerce_single":false,"woocommerce_gallery_thumbnail":false},"uagb_author_info":{"display_name":"Berrag","author_link":"https:\/\/www.ekbeauty.be\/fr\/author\/berrag\/"},"uagb_comment_info":0,"uagb_excerpt":"Cosmelan \u20ac699,99 De cosmelan\u00ae-formule bevat een exclusieve combinatie van actieve ingredi\u00ebnten met bewezen werkzaamheid, die op alle fasen van het hyperpigmentatieproces inwerken om bestaande hyperpigmentaties volledig te elimineren, waardoor zowel hun terugkeer als het verschijnen van nieuwe donkere vlekken wordt voorkomen. Een uitgebreid en effectief resultaat. Integreert een geprotocolleerde professionele behandeling om de resultaten te\u2026","_links":{"self":[{"href":"https:\/\/www.ekbeauty.be\/fr\/wp-json\/wp\/v2\/pages\/33282","targetHints":{"allow":["GET"]}}],"collection":[{"href":"https:\/\/www.ekbeauty.be\/fr\/wp-json\/wp\/v2\/pages"}],"about":[{"href":"https:\/\/www.ekbeauty.be\/fr\/wp-json\/wp\/v2\/types\/page"}],"author":[{"embeddable":true,"href":"https:\/\/www.ekbeauty.be\/fr\/wp-json\/wp\/v2\/users\/1"}],"replies":[{"embeddable":true,"href":"https:\/\/www.ekbeauty.be\/fr\/wp-json\/wp\/v2\/comments?post=33282"}],"version-history":[{"count":4,"href":"https:\/\/www.ekbeauty.be\/fr\/wp-json\/wp\/v2\/pages\/33282\/revisions"}],"predecessor-version":[{"id":33289,"href":"https:\/\/www.ekbeauty.be\/fr\/wp-json\/wp\/v2\/pages\/33282\/revisions\/33289"}],"wp:attachment":[{"href":"https:\/\/www.ekbeauty.be\/fr\/wp-json\/wp\/v2\/media?parent=33282"}],"curies":[{"name":"wp","href":"https:\/\/api.w.org\/{rel}","templated":true}]}}