{"id":26198,"date":"2020-06-11T00:06:33","date_gmt":"2020-06-10T22:06:33","guid":{"rendered":"https:\/\/www.ekbeauty.be\/?post_type=product&#038;p=26198"},"modified":"2024-05-28T14:28:08","modified_gmt":"2024-05-28T12:28:08","slug":"mesoestetic-bodyshock-total-reducer-200ml-afslanking-cellulitis","status":"publish","type":"product","link":"https:\/\/www.ekbeauty.be\/fr\/produit\/mesoestetic-bodyshock-total-reducer-200ml-afslanking-cellulitis\/","title":{"rendered":"Mesoestetic - Bodyshock Total Reducer 200ml (Minceur &amp; Cellulite)"},"content":{"rendered":"<p>Cr\u00e8me de jour pour pr\u00e9venir les niveaux de graisse corporelle g\u00e9n\u00e9r\u00e9s,<\/p>\n<p>pour ralentir et maintenir. Il est recommand\u00e9 d'utiliser ce produit en combinaison avec des ampoules de contr\u00f4le de l'herbe, des ampoules de boisson de 14 jours.<\/p>\n<p class=\"wnd-align-center\"><span class=\"wnd-font-size-90\">93% des femmes sont pr\u00e9occup\u00e9es par leur apparence et essaient de l'am\u00e9liorer.\u00a0<\/span><\/p>\n<p class=\"wnd-align-center\"><span class=\"wnd-font-size-90\">78,2% des personnes consid\u00e8rent que prendre soin de leur apparence physique est une n\u00e9cessit\u00e9, m\u00eame si cela demande un certain effort.\u00a0<\/span><\/p>\n<p class=\"wnd-align-center\"><span class=\"wnd-font-size-90\">Plus de 70% de la population se sentent parfois mal dans leur corps.<\/span><\/p>\n<p class=\"wnd-align-center\"><strong><span class=\"wnd-font-size-90\">G<\/span><span class=\"wnd-font-size-90\">eManuel d'utilisation<\/span><\/strong><\/p>\n<p><span class=\"wnd-font-size-90\">Une fois par jour, le matin et le soir<\/span><\/p>\n<p><span class=\"wnd-font-size-90\">Les principes actifs de la formulation compl\u00e8tent les traitements professionnels et assurent une efficacit\u00e9 accrue et de meilleurs r\u00e9sultats. \u00c9tant donn\u00e9 l'importance de la coh\u00e9rence du traitement, l'utilisation des produits Body Shock pour les soins \u00e0 domicile est essentielle.\u00a0<\/span><\/p>\n<p>15 jours r\u00e9sultent en cm.<\/p>\n<p>ps : assurez-vous de prendre des photos avant de commencer, afin de pouvoir voir vos r\u00e9sultats dans 15 jours.<\/p>","protected":false},"excerpt":{"rendered":"<p>AMINCISSEMENT, CIRCULATION SANGUINE<\/p>\n<p>LE TRAITEMENT ULTIME POUR 6 ZONES SP\u00c9CIFIQUES PAR MESOESTETIC<\/p>","protected":false},"featured_media":26199,"comment_status":"open","ping_status":"closed","template":"","meta":{"_surecart_dashboard_logo_width":"180px","_surecart_dashboard_show_logo":true,"_surecart_dashboard_navigation_orders":true,"_surecart_dashboard_navigation_invoices":true,"_surecart_dashboard_navigation_subscriptions":true,"_surecart_dashboard_navigation_downloads":true,"_surecart_dashboard_navigation_billing":true,"_surecart_dashboard_navigation_account":true,"_uag_custom_page_level_css":""},"product_brand":[],"product_cat":[223],"product_tag":[],"class_list":{"0":"post-26198","1":"product","2":"type-product","3":"status-publish","4":"has-post-thumbnail","6":"product_cat-geen","8":"first","9":"instock","10":"taxable","11":"shipping-taxable","12":"purchasable","13":"product-type-simple"},"uagb_featured_image_src":{"full":["https:\/\/www.ekbeauty.be\/wp-content\/uploads\/2020\/06\/EKBEAUTY-BODYSCHOCK-TOTAL-REDUCER.jpg",1000,1000,false],"thumbnail":["https:\/\/www.ekbeauty.be\/wp-content\/uploads\/2020\/06\/EKBEAUTY-BODYSCHOCK-TOTAL-REDUCER-150x150.jpg",150,150,true],"medium":["https:\/\/www.ekbeauty.be\/wp-content\/uploads\/2020\/06\/EKBEAUTY-BODYSCHOCK-TOTAL-REDUCER-300x300.jpg",300,300,true],"medium_large":["https:\/\/www.ekbeauty.be\/wp-content\/uploads\/2020\/06\/EKBEAUTY-BODYSCHOCK-TOTAL-REDUCER-768x768.jpg",768,768,true],"large":["https:\/\/www.ekbeauty.be\/wp-content\/uploads\/2020\/06\/EKBEAUTY-BODYSCHOCK-TOTAL-REDUCER.jpg",1000,1000,false],"1536x1536":["https:\/\/www.ekbeauty.be\/wp-content\/uploads\/2020\/06\/EKBEAUTY-BODYSCHOCK-TOTAL-REDUCER.jpg",1000,1000,false],"2048x2048":["https:\/\/www.ekbeauty.be\/wp-content\/uploads\/2020\/06\/EKBEAUTY-BODYSCHOCK-TOTAL-REDUCER.jpg",1000,1000,false],"trp-custom-language-flag":["https:\/\/www.ekbeauty.be\/wp-content\/uploads\/2020\/06\/EKBEAUTY-BODYSCHOCK-TOTAL-REDUCER.jpg",12,12,false],"woocommerce_archive_thumbnail":["https:\/\/www.ekbeauty.be\/wp-content\/uploads\/2020\/06\/EKBEAUTY-BODYSCHOCK-TOTAL-REDUCER-300x300.jpg",300,300,true],"woocommerce_thumbnail":["https:\/\/www.ekbeauty.be\/wp-content\/uploads\/2020\/06\/EKBEAUTY-BODYSCHOCK-TOTAL-REDUCER-300x300.jpg",300,300,true],"woocommerce_single":["https:\/\/www.ekbeauty.be\/wp-content\/uploads\/2020\/06\/EKBEAUTY-BODYSCHOCK-TOTAL-REDUCER-600x600.jpg",600,600,true],"woocommerce_gallery_thumbnail":["https:\/\/www.ekbeauty.be\/wp-content\/uploads\/2020\/06\/EKBEAUTY-BODYSCHOCK-TOTAL-REDUCER-100x100.jpg",100,100,true]},"uagb_author_info":{"display_name":"Sefer Gonca","author_link":"https:\/\/www.ekbeauty.be\/fr\/author\/"},"uagb_comment_info":0,"uagb_excerpt":"AFSLANKING, BLOEDCIRCULATIE DE ULTIEME BEHANDELING VOOR 6 SPECIFIEKE GEBIEDEN DOOR MESOESTETIC","_links":{"self":[{"href":"https:\/\/www.ekbeauty.be\/fr\/wp-json\/wp\/v2\/product\/26198","targetHints":{"allow":["GET"]}}],"collection":[{"href":"https:\/\/www.ekbeauty.be\/fr\/wp-json\/wp\/v2\/product"}],"about":[{"href":"https:\/\/www.ekbeauty.be\/fr\/wp-json\/wp\/v2\/types\/product"}],"replies":[{"embeddable":true,"href":"https:\/\/www.ekbeauty.be\/fr\/wp-json\/wp\/v2\/comments?post=26198"}],"wp:featuredmedia":[{"embeddable":true,"href":"https:\/\/www.ekbeauty.be\/fr\/wp-json\/wp\/v2\/media\/26199"}],"wp:attachment":[{"href":"https:\/\/www.ekbeauty.be\/fr\/wp-json\/wp\/v2\/media?parent=26198"}],"wp:term":[{"taxonomy":"product_brand","embeddable":true,"href":"https:\/\/www.ekbeauty.be\/fr\/wp-json\/wp\/v2\/product_brand?post=26198"},{"taxonomy":"product_cat","embeddable":true,"href":"https:\/\/www.ekbeauty.be\/fr\/wp-json\/wp\/v2\/product_cat?post=26198"},{"taxonomy":"product_tag","embeddable":true,"href":"https:\/\/www.ekbeauty.be\/fr\/wp-json\/wp\/v2\/product_tag?post=26198"}],"curies":[{"name":"wp","href":"https:\/\/api.w.org\/{rel}","templated":true}]}}