{"id":26930,"date":"2020-11-06T11:54:52","date_gmt":"2020-11-06T10:54:52","guid":{"rendered":"https:\/\/www.ekbeauty.be\/?post_type=product&#038;p=26930"},"modified":"2026-04-23T18:17:47","modified_gmt":"2026-04-23T16:17:47","slug":"home-peeling-treatment-image-skincare","status":"publish","type":"product","link":"https:\/\/www.ekbeauty.be\/fr\/produit\/home-peeling-treatment-image-skincare\/","title":{"rendered":"Home Peeling Treatment Image Skincare"},"content":{"rendered":"","protected":false},"excerpt":{"rendered":"<ul>\n<li><strong>AM\u00c9LIORATION DE LA PEAU \u00c0 UN NIVEAU SUP\u00c9RIEUR<\/strong><br \/>\nVotre professionnel des soins de la peau IMAGE vous manque-t-il beaucoup, \u00e0 vous et \u00e0 votre peau ? Nous avons ce qu'il vous faut ! Nous avons mis au point un mini-jeu que vous pouvez r\u00e9aliser en toute s\u00e9curit\u00e9 dans le confort de votre salle de bains. Votre peau restera ainsi dans un \u00e9tat fantastique jusqu'\u00e0 votre prochain traitement ! Suivez le plan \u00e9tape par \u00e9tape ci-joint pour r\u00e9aliser votre propre traitement dans votre salle de bain et b\u00e9n\u00e9ficier d'un v\u00e9ritable coup de pouce pour votre peau.<\/li>\n<\/ul>\n<p>&nbsp;<\/p>\n<ul>\n<li><a href=\"https:\/\/imageskincare.nl\/ageless-total-resurfacing-masque\">AGELESS - Masque de resurfa\u00e7age total<\/a>\u00a0- ce masque de gommage \u00e0 base de diff\u00e9rents acides vous donnera la peau la plus lisse qui soit ! Contient de l'acide glycolique, de l'acide lactique et de l'acide salicylique.<\/li>\n<li><a href=\"https:\/\/imageskincare.nl\/vital-c-hydrating-enzyme-masque\">VITAL C - Masque enzymatique hydratant<\/a> - ce masque a une action enzymatique, qui provoque la dissolution des cellules mortes de la peau, pour ainsi dire. Avec cette combinaison, votre peau est donc exfoli\u00e9e \u00e0 l'extr\u00eame !<\/li>\n<\/ul>\n<p>Mode d'emploi ;<\/p>\n<p>\u00e9tape 1 : Nettoyer la peau avec un produit nettoyant<\/p>\n<p>\u00e9tape 2 : Appliquer le masque ageless sur le visage et masser pendant 1 minute.<\/p>\n<p>\u00e9tape 3 : Appliquer le masque vital c par-dessus et faire p\u00e9n\u00e9trer les deux masques en massant.<\/p>\n<p>\u00e9tape 4 : laisser agir pendant 30 minutes et rincer \u00e0 l'eau ti\u00e8de<\/p>","protected":false},"featured_media":45464,"comment_status":"open","ping_status":"closed","template":"","meta":{"_surecart_dashboard_logo_width":"180px","_surecart_dashboard_show_logo":true,"_surecart_dashboard_navigation_orders":true,"_surecart_dashboard_navigation_invoices":true,"_surecart_dashboard_navigation_subscriptions":true,"_surecart_dashboard_navigation_downloads":true,"_surecart_dashboard_navigation_billing":true,"_surecart_dashboard_navigation_account":true,"_uag_custom_page_level_css":""},"product_brand":[],"product_cat":[215,326],"product_tag":[],"class_list":{"0":"post-26930","1":"product","2":"type-product","3":"status-publish","4":"has-post-thumbnail","6":"product_cat-beauty","7":"product_cat-gezichtsmaskers","9":"first","10":"instock","11":"sale","12":"taxable","13":"shipping-taxable","14":"purchasable","15":"product-type-simple"},"uagb_featured_image_src":{"full":["https:\/\/www.ekbeauty.be\/wp-content\/uploads\/2020\/11\/4.jpg",1200,1016,false],"thumbnail":["https:\/\/www.ekbeauty.be\/wp-content\/uploads\/2020\/11\/4-150x150.jpg",150,150,true],"medium":["https:\/\/www.ekbeauty.be\/wp-content\/uploads\/2020\/11\/4-300x254.jpg",300,254,true],"medium_large":["https:\/\/www.ekbeauty.be\/wp-content\/uploads\/2020\/11\/4-768x650.jpg",768,650,true],"large":["https:\/\/www.ekbeauty.be\/wp-content\/uploads\/2020\/11\/4-1024x867.jpg",1024,867,true],"1536x1536":["https:\/\/www.ekbeauty.be\/wp-content\/uploads\/2020\/11\/4.jpg",1200,1016,false],"2048x2048":["https:\/\/www.ekbeauty.be\/wp-content\/uploads\/2020\/11\/4.jpg",1200,1016,false],"trp-custom-language-flag":["https:\/\/www.ekbeauty.be\/wp-content\/uploads\/2020\/11\/4-14x12.jpg",14,12,true],"woocommerce_archive_thumbnail":["https:\/\/www.ekbeauty.be\/wp-content\/uploads\/2020\/11\/4-300x254.jpg",300,254,true],"woocommerce_thumbnail":["https:\/\/www.ekbeauty.be\/wp-content\/uploads\/2020\/11\/4-300x300.jpg",300,300,true],"woocommerce_single":["https:\/\/www.ekbeauty.be\/wp-content\/uploads\/2020\/11\/4-600x508.jpg",600,508,true],"woocommerce_gallery_thumbnail":["https:\/\/www.ekbeauty.be\/wp-content\/uploads\/2020\/11\/4-100x100.jpg",100,100,true]},"uagb_author_info":{"display_name":"Eren Gonca","author_link":"https:\/\/www.ekbeauty.be\/fr\/author\/"},"uagb_comment_info":0,"uagb_excerpt":"NEXT LEVEL SKIN IMPROVEMENT Missen jij en je huid je IMAGE Skincare Professional ook zo erg? We\u2019ve got you covered! We hebben een mini-peel ontwikkeld die je veilig vanuit je eigen badkamer kunt uitvoeren. Zo blijft je huid tot je volgende behandeling in fantastische conditie! Volg het bijgevoegde stappenplan voor jouw eigen badkamer-behandeling en een\u2026","_links":{"self":[{"href":"https:\/\/www.ekbeauty.be\/fr\/wp-json\/wp\/v2\/product\/26930","targetHints":{"allow":["GET"]}}],"collection":[{"href":"https:\/\/www.ekbeauty.be\/fr\/wp-json\/wp\/v2\/product"}],"about":[{"href":"https:\/\/www.ekbeauty.be\/fr\/wp-json\/wp\/v2\/types\/product"}],"replies":[{"embeddable":true,"href":"https:\/\/www.ekbeauty.be\/fr\/wp-json\/wp\/v2\/comments?post=26930"}],"wp:featuredmedia":[{"embeddable":true,"href":"https:\/\/www.ekbeauty.be\/fr\/wp-json\/wp\/v2\/media\/45464"}],"wp:attachment":[{"href":"https:\/\/www.ekbeauty.be\/fr\/wp-json\/wp\/v2\/media?parent=26930"}],"wp:term":[{"taxonomy":"product_brand","embeddable":true,"href":"https:\/\/www.ekbeauty.be\/fr\/wp-json\/wp\/v2\/product_brand?post=26930"},{"taxonomy":"product_cat","embeddable":true,"href":"https:\/\/www.ekbeauty.be\/fr\/wp-json\/wp\/v2\/product_cat?post=26930"},{"taxonomy":"product_tag","embeddable":true,"href":"https:\/\/www.ekbeauty.be\/fr\/wp-json\/wp\/v2\/product_tag?post=26930"}],"curies":[{"name":"wp","href":"https:\/\/api.w.org\/{rel}","templated":true}]}}