{"id":27070,"date":"2020-11-25T12:07:05","date_gmt":"2020-11-25T11:07:05","guid":{"rendered":"https:\/\/www.ekbeauty.be\/?post_type=product&#038;p=27070"},"modified":"2026-04-06T23:31:57","modified_gmt":"2026-04-06T21:31:57","slug":"micellar-biphasic-eye-and-lip-remover","status":"publish","type":"product","link":"https:\/\/www.ekbeauty.be\/fr\/produit\/micellar-biphasic-eye-and-lip-remover\/","title":{"rendered":"Micellar Biphasique ( D\u00e9maquillant yeux et l\u00e8vres )"},"content":{"rendered":"<p>Biphasique micellaire Biphasique<br \/>\nD\u00e9maquillant tr\u00e8s bien tol\u00e9r\u00e9 par les yeux et les<br \/>\nLips Combine les ingr\u00e9dients de la micella i r avec une huile v\u00e9g\u00e9tale qui est<br \/>\nriche en om\u00e9ga 6 pour \u00e9liminer en douceur la salet\u00e9 et le maquillage (m\u00eame waterproof).<br \/>\ns'enl\u00e8vent sans laisser de r\u00e9sidu gras<\/p>","protected":false},"excerpt":{"rendered":"<p><a href=\"https:\/\/www.ekbeauty.be\/wp-content\/uploads\/2020\/11\/thumbnail-13.jpg\"><img fetchpriority=\"high\" decoding=\"async\" class=\"alignnone size-medium wp-image-27091\" src=\"https:\/\/www.ekbeauty.be\/wp-content\/uploads\/2020\/11\/thumbnail-13-300x300.jpg\" alt=\"\" width=\"300\" height=\"300\" srcset=\"https:\/\/www.ekbeauty.be\/wp-content\/uploads\/2020\/11\/thumbnail-13-300x300.jpg 300w, https:\/\/www.ekbeauty.be\/wp-content\/uploads\/2020\/11\/thumbnail-13-100x100.jpg 100w, https:\/\/www.ekbeauty.be\/wp-content\/uploads\/2020\/11\/thumbnail-13-150x150.jpg 150w, https:\/\/www.ekbeauty.be\/wp-content\/uploads\/2020\/11\/thumbnail-13.jpg 562w\" sizes=\"(max-width: 300px) 100vw, 300px\" \/><\/a><a href=\"https:\/\/www.ekbeauty.be\/wp-content\/uploads\/2020\/11\/thumbnail-7.jpg\"><img decoding=\"async\" class=\"alignnone size-medium wp-image-27081\" src=\"https:\/\/www.ekbeauty.be\/wp-content\/uploads\/2020\/11\/thumbnail-7-300x300.jpg\" alt=\"\" width=\"300\" height=\"300\" srcset=\"https:\/\/www.ekbeauty.be\/wp-content\/uploads\/2020\/11\/thumbnail-7-300x300.jpg 300w, https:\/\/www.ekbeauty.be\/wp-content\/uploads\/2020\/11\/thumbnail-7-100x100.jpg 100w, https:\/\/www.ekbeauty.be\/wp-content\/uploads\/2020\/11\/thumbnail-7-150x150.jpg 150w, https:\/\/www.ekbeauty.be\/wp-content\/uploads\/2020\/11\/thumbnail-7.jpg 562w\" sizes=\"(max-width: 300px) 100vw, 300px\" \/><\/a><\/p>\n<p>D\u00e9maquillant biphas\u00e9 sp\u00e9cialement d\u00e9velopp\u00e9 avec une haute tol\u00e9rance pour les yeux et les l\u00e8vres. Enl\u00e8ve en douceur la salet\u00e9 et le maquillage, m\u00eame waterproof, sans laisser de r\u00e9sidu huileux.<\/p>","protected":false},"featured_media":27073,"comment_status":"open","ping_status":"closed","template":"","meta":{"_surecart_dashboard_logo_width":"180px","_surecart_dashboard_show_logo":true,"_surecart_dashboard_navigation_orders":true,"_surecart_dashboard_navigation_invoices":true,"_surecart_dashboard_navigation_subscriptions":true,"_surecart_dashboard_navigation_downloads":true,"_surecart_dashboard_navigation_billing":true,"_surecart_dashboard_navigation_account":true,"_uag_custom_page_level_css":""},"product_brand":[],"product_cat":[223],"product_tag":[],"class_list":{"0":"post-27070","1":"product","2":"type-product","3":"status-publish","4":"has-post-thumbnail","6":"product_cat-geen","8":"first","9":"instock","10":"taxable","11":"shipping-taxable","12":"purchasable","13":"product-type-simple"},"uagb_featured_image_src":{"full":["https:\/\/www.ekbeauty.be\/wp-content\/uploads\/2020\/11\/thumbnail-4-1.jpg",878,878,false],"thumbnail":["https:\/\/www.ekbeauty.be\/wp-content\/uploads\/2020\/11\/thumbnail-4-1-150x150.jpg",150,150,true],"medium":["https:\/\/www.ekbeauty.be\/wp-content\/uploads\/2020\/11\/thumbnail-4-1-300x300.jpg",300,300,true],"medium_large":["https:\/\/www.ekbeauty.be\/wp-content\/uploads\/2020\/11\/thumbnail-4-1-768x768.jpg",768,768,true],"large":["https:\/\/www.ekbeauty.be\/wp-content\/uploads\/2020\/11\/thumbnail-4-1.jpg",878,878,false],"1536x1536":["https:\/\/www.ekbeauty.be\/wp-content\/uploads\/2020\/11\/thumbnail-4-1.jpg",878,878,false],"2048x2048":["https:\/\/www.ekbeauty.be\/wp-content\/uploads\/2020\/11\/thumbnail-4-1.jpg",878,878,false],"trp-custom-language-flag":["https:\/\/www.ekbeauty.be\/wp-content\/uploads\/2020\/11\/thumbnail-4-1.jpg",12,12,false],"woocommerce_archive_thumbnail":["https:\/\/www.ekbeauty.be\/wp-content\/uploads\/2020\/11\/thumbnail-4-1-300x300.jpg",300,300,true],"woocommerce_thumbnail":["https:\/\/www.ekbeauty.be\/wp-content\/uploads\/2020\/11\/thumbnail-4-1-300x300.jpg",300,300,true],"woocommerce_single":["https:\/\/www.ekbeauty.be\/wp-content\/uploads\/2020\/11\/thumbnail-4-1-600x600.jpg",600,600,true],"woocommerce_gallery_thumbnail":["https:\/\/www.ekbeauty.be\/wp-content\/uploads\/2020\/11\/thumbnail-4-1-100x100.jpg",100,100,true]},"uagb_author_info":{"display_name":"Eren Gonca","author_link":"https:\/\/www.ekbeauty.be\/fr\/author\/"},"uagb_comment_info":0,"uagb_excerpt":"Bi-Fase make-up remover speciaal ontwikkeld met hoge tolerantie voor de ogen en lippen. Verwijderd voorzichtig vuil en make-up, zelfs als het waterproof is, zonder een olieachtig residu achter te laten.","_links":{"self":[{"href":"https:\/\/www.ekbeauty.be\/fr\/wp-json\/wp\/v2\/product\/27070","targetHints":{"allow":["GET"]}}],"collection":[{"href":"https:\/\/www.ekbeauty.be\/fr\/wp-json\/wp\/v2\/product"}],"about":[{"href":"https:\/\/www.ekbeauty.be\/fr\/wp-json\/wp\/v2\/types\/product"}],"replies":[{"embeddable":true,"href":"https:\/\/www.ekbeauty.be\/fr\/wp-json\/wp\/v2\/comments?post=27070"}],"wp:featuredmedia":[{"embeddable":true,"href":"https:\/\/www.ekbeauty.be\/fr\/wp-json\/wp\/v2\/media\/27073"}],"wp:attachment":[{"href":"https:\/\/www.ekbeauty.be\/fr\/wp-json\/wp\/v2\/media?parent=27070"}],"wp:term":[{"taxonomy":"product_brand","embeddable":true,"href":"https:\/\/www.ekbeauty.be\/fr\/wp-json\/wp\/v2\/product_brand?post=27070"},{"taxonomy":"product_cat","embeddable":true,"href":"https:\/\/www.ekbeauty.be\/fr\/wp-json\/wp\/v2\/product_cat?post=27070"},{"taxonomy":"product_tag","embeddable":true,"href":"https:\/\/www.ekbeauty.be\/fr\/wp-json\/wp\/v2\/product_tag?post=27070"}],"curies":[{"name":"wp","href":"https:\/\/api.w.org\/{rel}","templated":true}]}}