{"id":27075,"date":"2020-11-25T12:12:17","date_gmt":"2020-11-25T11:12:17","guid":{"rendered":"https:\/\/www.ekbeauty.be\/?post_type=product&#038;p=27075"},"modified":"2022-02-14T12:33:33","modified_gmt":"2022-02-14T11:33:33","slug":"hydracream-fusion-cleanser-mesoestetic-100ml","status":"publish","type":"product","link":"https:\/\/www.ekbeauty.be\/fr\/produit\/hydracream-fusion-cleanser-mesoestetic-100ml\/","title":{"rendered":"Hydracream fusion Cleanser Mesoestetic 100ml"},"content":{"rendered":"","protected":false},"excerpt":{"rendered":"<p>&nbsp;<\/p>\n<p><a href=\"https:\/\/www.ekbeauty.be\/wp-content\/uploads\/2020\/11\/thumbnail-6.jpg\"><img fetchpriority=\"high\" decoding=\"async\" class=\"alignnone size-medium wp-image-27079\" src=\"https:\/\/www.ekbeauty.be\/wp-content\/uploads\/2020\/11\/thumbnail-6-300x300.jpg\" alt=\"\" width=\"300\" height=\"300\" srcset=\"https:\/\/www.ekbeauty.be\/wp-content\/uploads\/2020\/11\/thumbnail-6-300x300.jpg 300w, https:\/\/www.ekbeauty.be\/wp-content\/uploads\/2020\/11\/thumbnail-6-100x100.jpg 100w, https:\/\/www.ekbeauty.be\/wp-content\/uploads\/2020\/11\/thumbnail-6-600x600.jpg 600w, https:\/\/www.ekbeauty.be\/wp-content\/uploads\/2020\/11\/thumbnail-6-150x150.jpg 150w, https:\/\/www.ekbeauty.be\/wp-content\/uploads\/2020\/11\/thumbnail-6-768x768.jpg 768w, https:\/\/www.ekbeauty.be\/wp-content\/uploads\/2020\/11\/thumbnail-6-840x840.jpg 840w, https:\/\/www.ekbeauty.be\/wp-content\/uploads\/2020\/11\/thumbnail-6.jpg 878w\" sizes=\"(max-width: 300px) 100vw, 300px\" \/><\/a><a href=\"https:\/\/www.ekbeauty.be\/wp-content\/uploads\/2020\/11\/thumbnail-12.jpg\"><img decoding=\"async\" class=\"alignnone size-medium wp-image-27089\" src=\"https:\/\/www.ekbeauty.be\/wp-content\/uploads\/2020\/11\/thumbnail-12-300x300.jpg\" alt=\"\" width=\"300\" height=\"300\" srcset=\"https:\/\/www.ekbeauty.be\/wp-content\/uploads\/2020\/11\/thumbnail-12-300x300.jpg 300w, https:\/\/www.ekbeauty.be\/wp-content\/uploads\/2020\/11\/thumbnail-12-100x100.jpg 100w, https:\/\/www.ekbeauty.be\/wp-content\/uploads\/2020\/11\/thumbnail-12-150x150.jpg 150w, https:\/\/www.ekbeauty.be\/wp-content\/uploads\/2020\/11\/thumbnail-12.jpg 562w\" sizes=\"(max-width: 300px) 100vw, 300px\" \/><\/a><\/p>\n<p>Huile cr\u00e8me nettoyante, hydratante, \u00e9quilibrante et anti-pollution<br \/>\npour le visage \u00e0 base de graisses v\u00e9g\u00e9tales. Il assure la nutrition et l'hydratation<br \/>\nsur la peau et laisse une agr\u00e9able sensation de douceur. Pour les peaux s\u00e8ches et sensibles.<\/p>\n<p>&gt;Nourrit intens\u00e9ment la peau et lui procure un effet lissant imm\u00e9diat.<br \/>\n&gt;Renforce la fonction de barri\u00e8re pour maintenir les capacit\u00e9s d\u00e9fensives.<br \/>\n&gt;Augmente l'\u00e9lasticit\u00e9 des tissus<\/p>","protected":false},"featured_media":27076,"comment_status":"open","ping_status":"closed","template":"","meta":{"_surecart_dashboard_logo_width":"180px","_surecart_dashboard_show_logo":true,"_surecart_dashboard_navigation_orders":true,"_surecart_dashboard_navigation_invoices":true,"_surecart_dashboard_navigation_subscriptions":true,"_surecart_dashboard_navigation_downloads":true,"_surecart_dashboard_navigation_billing":true,"_surecart_dashboard_navigation_account":true,"_uag_custom_page_level_css":""},"product_brand":[],"product_cat":[223],"product_tag":[],"class_list":{"0":"post-27075","1":"product","2":"type-product","3":"status-publish","4":"has-post-thumbnail","6":"product_cat-geen","8":"first","9":"instock","10":"taxable","11":"shipping-taxable","12":"purchasable","13":"product-type-simple"},"uagb_featured_image_src":{"full":["https:\/\/www.ekbeauty.be\/wp-content\/uploads\/2020\/11\/thumbnail-5.jpg",935,935,false],"thumbnail":["https:\/\/www.ekbeauty.be\/wp-content\/uploads\/2020\/11\/thumbnail-5-150x150.jpg",150,150,true],"medium":["https:\/\/www.ekbeauty.be\/wp-content\/uploads\/2020\/11\/thumbnail-5-300x300.jpg",300,300,true],"medium_large":["https:\/\/www.ekbeauty.be\/wp-content\/uploads\/2020\/11\/thumbnail-5-768x768.jpg",768,768,true],"large":["https:\/\/www.ekbeauty.be\/wp-content\/uploads\/2020\/11\/thumbnail-5.jpg",935,935,false],"1536x1536":["https:\/\/www.ekbeauty.be\/wp-content\/uploads\/2020\/11\/thumbnail-5.jpg",935,935,false],"2048x2048":["https:\/\/www.ekbeauty.be\/wp-content\/uploads\/2020\/11\/thumbnail-5.jpg",935,935,false],"trp-custom-language-flag":["https:\/\/www.ekbeauty.be\/wp-content\/uploads\/2020\/11\/thumbnail-5.jpg",12,12,false],"woocommerce_archive_thumbnail":["https:\/\/www.ekbeauty.be\/wp-content\/uploads\/2020\/11\/thumbnail-5-300x300.jpg",300,300,true],"woocommerce_thumbnail":["https:\/\/www.ekbeauty.be\/wp-content\/uploads\/2020\/11\/thumbnail-5-300x300.jpg",300,300,true],"woocommerce_single":["https:\/\/www.ekbeauty.be\/wp-content\/uploads\/2020\/11\/thumbnail-5-600x600.jpg",600,600,true],"woocommerce_gallery_thumbnail":["https:\/\/www.ekbeauty.be\/wp-content\/uploads\/2020\/11\/thumbnail-5-100x100.jpg",100,100,true]},"uagb_author_info":{"display_name":"Eren Gonca","author_link":"https:\/\/www.ekbeauty.be\/fr\/author\/"},"uagb_comment_info":0,"uagb_excerpt":"&nbsp; Reinigende, hydraterende, in evenwicht brengende, anti-vervuiling cr\u00e8me-olie voor het gezicht op basis van plantaardige vetten. Het geeft voeding en hydratie aan de huid en laat een aangenaam glad gevoel na. Voor droge en gevoelige huid. &gt;Geeft de huid intensieve voeding en een onmiddellijk gladstrijkend effect. &gt;Versterkt de barri\u00e8refunctie om het verdedigingsvermogen te behouden. &gt;Verhoogt\u2026","_links":{"self":[{"href":"https:\/\/www.ekbeauty.be\/fr\/wp-json\/wp\/v2\/product\/27075","targetHints":{"allow":["GET"]}}],"collection":[{"href":"https:\/\/www.ekbeauty.be\/fr\/wp-json\/wp\/v2\/product"}],"about":[{"href":"https:\/\/www.ekbeauty.be\/fr\/wp-json\/wp\/v2\/types\/product"}],"replies":[{"embeddable":true,"href":"https:\/\/www.ekbeauty.be\/fr\/wp-json\/wp\/v2\/comments?post=27075"}],"wp:featuredmedia":[{"embeddable":true,"href":"https:\/\/www.ekbeauty.be\/fr\/wp-json\/wp\/v2\/media\/27076"}],"wp:attachment":[{"href":"https:\/\/www.ekbeauty.be\/fr\/wp-json\/wp\/v2\/media?parent=27075"}],"wp:term":[{"taxonomy":"product_brand","embeddable":true,"href":"https:\/\/www.ekbeauty.be\/fr\/wp-json\/wp\/v2\/product_brand?post=27075"},{"taxonomy":"product_cat","embeddable":true,"href":"https:\/\/www.ekbeauty.be\/fr\/wp-json\/wp\/v2\/product_cat?post=27075"},{"taxonomy":"product_tag","embeddable":true,"href":"https:\/\/www.ekbeauty.be\/fr\/wp-json\/wp\/v2\/product_tag?post=27075"}],"curies":[{"name":"wp","href":"https:\/\/api.w.org\/{rel}","templated":true}]}}