{"id":27105,"date":"2020-11-25T12:32:56","date_gmt":"2020-11-25T11:32:56","guid":{"rendered":"https:\/\/www.ekbeauty.be\/?post_type=product&#038;p=27105"},"modified":"2022-04-15T15:04:17","modified_gmt":"2022-04-15T13:04:17","slug":"ultimate-micropeel-mesoestetic-150ml","status":"publish","type":"product","link":"https:\/\/www.ekbeauty.be\/fr\/produit\/ultimate-micropeel-mesoestetic-150ml\/","title":{"rendered":"Micropeel ultime Mesoestetic 150ml"},"content":{"rendered":"","protected":false},"excerpt":{"rendered":"<p><a href=\"https:\/\/www.ekbeauty.be\/wp-content\/uploads\/2020\/11\/thumbnail-21.jpg\"><img fetchpriority=\"high\" decoding=\"async\" class=\"alignnone size-medium wp-image-27107\" src=\"https:\/\/www.ekbeauty.be\/wp-content\/uploads\/2020\/11\/thumbnail-21-300x300.jpg\" alt=\"\" width=\"300\" height=\"300\" srcset=\"https:\/\/www.ekbeauty.be\/wp-content\/uploads\/2020\/11\/thumbnail-21-300x300.jpg 300w, https:\/\/www.ekbeauty.be\/wp-content\/uploads\/2020\/11\/thumbnail-21-100x100.jpg 100w, https:\/\/www.ekbeauty.be\/wp-content\/uploads\/2020\/11\/thumbnail-21-150x150.jpg 150w, https:\/\/www.ekbeauty.be\/wp-content\/uploads\/2020\/11\/thumbnail-21.jpg 562w\" sizes=\"(max-width: 300px) 100vw, 300px\" \/><\/a><a href=\"https:\/\/www.ekbeauty.be\/wp-content\/uploads\/2020\/11\/thumbnail-22.jpg\"><img decoding=\"async\" class=\"alignnone size-medium wp-image-27108\" src=\"https:\/\/www.ekbeauty.be\/wp-content\/uploads\/2020\/11\/thumbnail-22-300x300.jpg\" alt=\"\" width=\"300\" height=\"300\" srcset=\"https:\/\/www.ekbeauty.be\/wp-content\/uploads\/2020\/11\/thumbnail-22-300x300.jpg 300w, https:\/\/www.ekbeauty.be\/wp-content\/uploads\/2020\/11\/thumbnail-22-100x100.jpg 100w, https:\/\/www.ekbeauty.be\/wp-content\/uploads\/2020\/11\/thumbnail-22-150x150.jpg 150w, https:\/\/www.ekbeauty.be\/wp-content\/uploads\/2020\/11\/thumbnail-22.jpg 562w\" sizes=\"(max-width: 300px) 100vw, 300px\" \/><\/a><\/p>\n<p>Soin micro-exfoliant qui renouvelle en douceur la<br \/>\nla surface de la peau en \u00e9liminant les cellules mortes, en affinant sa texture,<br \/>\ncorriger les imperfections et am\u00e9liorer imm\u00e9diatement l'aspect de la peau<br \/>\nam\u00e9liorer.<\/p>\n<p>EXFOLIANT ET R\u00c9NOVATEUR<\/p>\n<p>Complexe AHA<br \/>\n&gt;Combinaison d'acides lactique, lactobionique, glycolique, citrique et tartrique.<br \/>\nPeeling enzymatique<br \/>\n&gt;Il a un effet exfoliant et r\u00e9g\u00e9n\u00e9rant sur la surface de la peau pour une peau plus lisse et plus douce.<br \/>\net une peau plus radieuse.<\/p>\n<p>&nbsp;<\/p>","protected":false},"featured_media":27110,"comment_status":"open","ping_status":"closed","template":"","meta":{"_surecart_dashboard_logo_width":"180px","_surecart_dashboard_show_logo":true,"_surecart_dashboard_navigation_orders":true,"_surecart_dashboard_navigation_invoices":true,"_surecart_dashboard_navigation_subscriptions":true,"_surecart_dashboard_navigation_downloads":true,"_surecart_dashboard_navigation_billing":true,"_surecart_dashboard_navigation_account":true,"_uag_custom_page_level_css":""},"product_brand":[],"product_cat":[223],"product_tag":[],"class_list":{"0":"post-27105","1":"product","2":"type-product","3":"status-publish","4":"has-post-thumbnail","6":"product_cat-geen","8":"first","9":"instock","10":"taxable","11":"shipping-taxable","12":"purchasable","13":"product-type-simple"},"uagb_featured_image_src":{"full":["https:\/\/www.ekbeauty.be\/wp-content\/uploads\/2020\/11\/thumbnail-20-1.jpg",219,219,false],"thumbnail":["https:\/\/www.ekbeauty.be\/wp-content\/uploads\/2020\/11\/thumbnail-20-1-150x150.jpg",150,150,true],"medium":["https:\/\/www.ekbeauty.be\/wp-content\/uploads\/2020\/11\/thumbnail-20-1.jpg",219,219,false],"medium_large":["https:\/\/www.ekbeauty.be\/wp-content\/uploads\/2020\/11\/thumbnail-20-1.jpg",219,219,false],"large":["https:\/\/www.ekbeauty.be\/wp-content\/uploads\/2020\/11\/thumbnail-20-1.jpg",219,219,false],"1536x1536":["https:\/\/www.ekbeauty.be\/wp-content\/uploads\/2020\/11\/thumbnail-20-1.jpg",219,219,false],"2048x2048":["https:\/\/www.ekbeauty.be\/wp-content\/uploads\/2020\/11\/thumbnail-20-1.jpg",219,219,false],"trp-custom-language-flag":["https:\/\/www.ekbeauty.be\/wp-content\/uploads\/2020\/11\/thumbnail-20-1.jpg",12,12,false],"woocommerce_archive_thumbnail":["https:\/\/www.ekbeauty.be\/wp-content\/uploads\/2020\/11\/thumbnail-20-1.jpg",219,219,false],"woocommerce_thumbnail":["https:\/\/www.ekbeauty.be\/wp-content\/uploads\/2020\/11\/thumbnail-20-1.jpg",219,219,false],"woocommerce_single":["https:\/\/www.ekbeauty.be\/wp-content\/uploads\/2020\/11\/thumbnail-20-1.jpg",219,219,false],"woocommerce_gallery_thumbnail":["https:\/\/www.ekbeauty.be\/wp-content\/uploads\/2020\/11\/thumbnail-20-1-100x100.jpg",100,100,true]},"uagb_author_info":{"display_name":"Eren Gonca","author_link":"https:\/\/www.ekbeauty.be\/fr\/author\/"},"uagb_comment_info":0,"uagb_excerpt":"Micro-exfoli\u00ebrende behandeling die een zacht vernieuwende werking op het huidoppervlak heeft door de dode cellen te verwijderen, de textuur te verfijnen, imperfecties aan te pakken en de uitstraling van de huid onmiddellijk te verbeteren. EXFOLIEREND EN VERNIEUWEND AHA complex &gt;Combinatie van melk-, lactobionisch-, glycol-, appel-, citroen- en wijnsteenzuur. Enzymatische peeling &gt;Biedt een exfoli\u00ebrende, vernieuwende werking\u2026","_links":{"self":[{"href":"https:\/\/www.ekbeauty.be\/fr\/wp-json\/wp\/v2\/product\/27105","targetHints":{"allow":["GET"]}}],"collection":[{"href":"https:\/\/www.ekbeauty.be\/fr\/wp-json\/wp\/v2\/product"}],"about":[{"href":"https:\/\/www.ekbeauty.be\/fr\/wp-json\/wp\/v2\/types\/product"}],"replies":[{"embeddable":true,"href":"https:\/\/www.ekbeauty.be\/fr\/wp-json\/wp\/v2\/comments?post=27105"}],"wp:featuredmedia":[{"embeddable":true,"href":"https:\/\/www.ekbeauty.be\/fr\/wp-json\/wp\/v2\/media\/27110"}],"wp:attachment":[{"href":"https:\/\/www.ekbeauty.be\/fr\/wp-json\/wp\/v2\/media?parent=27105"}],"wp:term":[{"taxonomy":"product_brand","embeddable":true,"href":"https:\/\/www.ekbeauty.be\/fr\/wp-json\/wp\/v2\/product_brand?post=27105"},{"taxonomy":"product_cat","embeddable":true,"href":"https:\/\/www.ekbeauty.be\/fr\/wp-json\/wp\/v2\/product_cat?post=27105"},{"taxonomy":"product_tag","embeddable":true,"href":"https:\/\/www.ekbeauty.be\/fr\/wp-json\/wp\/v2\/product_tag?post=27105"}],"curies":[{"name":"wp","href":"https:\/\/api.w.org\/{rel}","templated":true}]}}