{"id":27119,"date":"2020-11-25T12:42:51","date_gmt":"2020-11-25T11:42:51","guid":{"rendered":"https:\/\/www.ekbeauty.be\/?post_type=product&#038;p=27119"},"modified":"2025-10-13T12:41:28","modified_gmt":"2025-10-13T10:41:28","slug":"hydravital-mask-mesoestetic","status":"publish","type":"product","link":"https:\/\/www.ekbeauty.be\/fr\/produit\/hydravital-mask-mesoestetic\/","title":{"rendered":"Masque Hydravital Mesoestetic"},"content":{"rendered":"","protected":false},"excerpt":{"rendered":"<p><a href=\"https:\/\/www.ekbeauty.be\/wp-content\/uploads\/2020\/11\/thumbnail-29.jpg\"><img fetchpriority=\"high\" decoding=\"async\" class=\"alignnone size-medium wp-image-27121\" src=\"https:\/\/www.ekbeauty.be\/wp-content\/uploads\/2020\/11\/thumbnail-29-300x300.jpg\" alt=\"\" width=\"300\" height=\"300\" srcset=\"https:\/\/www.ekbeauty.be\/wp-content\/uploads\/2020\/11\/thumbnail-29-300x300.jpg 300w, https:\/\/www.ekbeauty.be\/wp-content\/uploads\/2020\/11\/thumbnail-29-100x100.jpg 100w, https:\/\/www.ekbeauty.be\/wp-content\/uploads\/2020\/11\/thumbnail-29-150x150.jpg 150w, https:\/\/www.ekbeauty.be\/wp-content\/uploads\/2020\/11\/thumbnail-29.jpg 562w\" sizes=\"(max-width: 300px) 100vw, 300px\" \/><\/a><a href=\"https:\/\/www.ekbeauty.be\/wp-content\/uploads\/2020\/11\/thumbnail-30.jpg\"><img decoding=\"async\" class=\"alignnone size-medium wp-image-27122\" src=\"https:\/\/www.ekbeauty.be\/wp-content\/uploads\/2020\/11\/thumbnail-30-300x300.jpg\" alt=\"\" width=\"300\" height=\"300\" srcset=\"https:\/\/www.ekbeauty.be\/wp-content\/uploads\/2020\/11\/thumbnail-30-300x300.jpg 300w, https:\/\/www.ekbeauty.be\/wp-content\/uploads\/2020\/11\/thumbnail-30-100x100.jpg 100w, https:\/\/www.ekbeauty.be\/wp-content\/uploads\/2020\/11\/thumbnail-30-150x150.jpg 150w, https:\/\/www.ekbeauty.be\/wp-content\/uploads\/2020\/11\/thumbnail-30.jpg 562w\" sizes=\"(max-width: 300px) 100vw, 300px\" \/><\/a><\/p>\n<p>&nbsp;<\/p>\n<p>Masque d'hydratation intensive pour les peaux s\u00e8ches et d\u00e9shydrat\u00e9es.<br \/>\nHYDRATATION INTENSIVE<br \/>\nAcide hyaluronique<br \/>\n&gt;Assure l'hydratation, la tension des tissus, l'\u00e9lasticit\u00e9 et pr\u00e9vient les rides superficielles.<br \/>\nExtrait de violet tricolore<br \/>\n&gt;Riche en oligosaccharides qui augmentent la pr\u00e9sence d'aquaporines responsables<br \/>\npour le transport de l'humidit\u00e9 dans l'\u00e9piderme<br \/>\nHAUTEMENT R\u00c9PARATEUR, NOURRISSANT<br \/>\nHuile d'argan<br \/>\n&gt;Riche en acides gras om\u00e9ga 3 et 6, elle apporte \u00e9lasticit\u00e9 et nutrition, rendant le<br \/>\nam\u00e9liore l'apparence.<br \/>\nASSOUPLISSEMENT<br \/>\nPanth\u00e9nol (pro-vitamine B5)<br \/>\n&gt;S\u00e9lectionn\u00e9 pour apaiser et pr\u00e9venir l'irritation, la desquamation et les rougeurs.<\/p>","protected":false},"featured_media":27120,"comment_status":"open","ping_status":"closed","template":"","meta":{"_surecart_dashboard_logo_width":"180px","_surecart_dashboard_show_logo":true,"_surecart_dashboard_navigation_orders":true,"_surecart_dashboard_navigation_invoices":true,"_surecart_dashboard_navigation_subscriptions":true,"_surecart_dashboard_navigation_downloads":true,"_surecart_dashboard_navigation_billing":true,"_surecart_dashboard_navigation_account":true,"_uag_custom_page_level_css":""},"product_brand":[],"product_cat":[223],"product_tag":[],"class_list":{"0":"post-27119","1":"product","2":"type-product","3":"status-publish","4":"has-post-thumbnail","6":"product_cat-geen","8":"first","9":"instock","10":"taxable","11":"shipping-taxable","12":"purchasable","13":"product-type-simple"},"uagb_featured_image_src":{"full":["https:\/\/www.ekbeauty.be\/wp-content\/uploads\/2020\/11\/thumbnail-28.jpg",878,878,false],"thumbnail":["https:\/\/www.ekbeauty.be\/wp-content\/uploads\/2020\/11\/thumbnail-28-150x150.jpg",150,150,true],"medium":["https:\/\/www.ekbeauty.be\/wp-content\/uploads\/2020\/11\/thumbnail-28-300x300.jpg",300,300,true],"medium_large":["https:\/\/www.ekbeauty.be\/wp-content\/uploads\/2020\/11\/thumbnail-28-768x768.jpg",768,768,true],"large":["https:\/\/www.ekbeauty.be\/wp-content\/uploads\/2020\/11\/thumbnail-28.jpg",878,878,false],"1536x1536":["https:\/\/www.ekbeauty.be\/wp-content\/uploads\/2020\/11\/thumbnail-28.jpg",878,878,false],"2048x2048":["https:\/\/www.ekbeauty.be\/wp-content\/uploads\/2020\/11\/thumbnail-28.jpg",878,878,false],"trp-custom-language-flag":["https:\/\/www.ekbeauty.be\/wp-content\/uploads\/2020\/11\/thumbnail-28.jpg",12,12,false],"woocommerce_archive_thumbnail":["https:\/\/www.ekbeauty.be\/wp-content\/uploads\/2020\/11\/thumbnail-28-300x300.jpg",300,300,true],"woocommerce_thumbnail":["https:\/\/www.ekbeauty.be\/wp-content\/uploads\/2020\/11\/thumbnail-28-300x300.jpg",300,300,true],"woocommerce_single":["https:\/\/www.ekbeauty.be\/wp-content\/uploads\/2020\/11\/thumbnail-28-600x600.jpg",600,600,true],"woocommerce_gallery_thumbnail":["https:\/\/www.ekbeauty.be\/wp-content\/uploads\/2020\/11\/thumbnail-28-100x100.jpg",100,100,true]},"uagb_author_info":{"display_name":"Eren Gonca","author_link":"https:\/\/www.ekbeauty.be\/fr\/author\/"},"uagb_comment_info":0,"uagb_excerpt":"&nbsp; Intensief hydraterend masker voor droge en gedehydrateerde huid. INTENSIEVEHYDRATERING Hyaluronzuur &gt;Biedt hydratatie, weefselspanning, elasticiteit en voorkomt oppervlakkige rimpels. Extract van driekleurig viooltje &gt;Rijk aan oligosacchariden die de aanwezigheid van aquaporines verhogen verantwoordelijk voor het vochttransport in de epidermis HLF HERSTELLEND, VOEDEND Arganolie &gt;Rijk aan omega 3 en 6 vetzuren, biedt het elasticiteit en voeding,\u2026","_links":{"self":[{"href":"https:\/\/www.ekbeauty.be\/fr\/wp-json\/wp\/v2\/product\/27119","targetHints":{"allow":["GET"]}}],"collection":[{"href":"https:\/\/www.ekbeauty.be\/fr\/wp-json\/wp\/v2\/product"}],"about":[{"href":"https:\/\/www.ekbeauty.be\/fr\/wp-json\/wp\/v2\/types\/product"}],"replies":[{"embeddable":true,"href":"https:\/\/www.ekbeauty.be\/fr\/wp-json\/wp\/v2\/comments?post=27119"}],"wp:featuredmedia":[{"embeddable":true,"href":"https:\/\/www.ekbeauty.be\/fr\/wp-json\/wp\/v2\/media\/27120"}],"wp:attachment":[{"href":"https:\/\/www.ekbeauty.be\/fr\/wp-json\/wp\/v2\/media?parent=27119"}],"wp:term":[{"taxonomy":"product_brand","embeddable":true,"href":"https:\/\/www.ekbeauty.be\/fr\/wp-json\/wp\/v2\/product_brand?post=27119"},{"taxonomy":"product_cat","embeddable":true,"href":"https:\/\/www.ekbeauty.be\/fr\/wp-json\/wp\/v2\/product_cat?post=27119"},{"taxonomy":"product_tag","embeddable":true,"href":"https:\/\/www.ekbeauty.be\/fr\/wp-json\/wp\/v2\/product_tag?post=27119"}],"curies":[{"name":"wp","href":"https:\/\/api.w.org\/{rel}","templated":true}]}}