{"id":27507,"date":"2021-02-21T19:23:13","date_gmt":"2021-02-21T18:23:13","guid":{"rendered":"https:\/\/www.ekbeauty.be\/?post_type=product&#038;p=27507"},"modified":"2025-04-11T21:38:42","modified_gmt":"2025-04-11T19:38:42","slug":"ek-beauty-dermaroller","status":"publish","type":"product","link":"https:\/\/www.ekbeauty.be\/fr\/produit\/ek-beauty-dermaroller\/","title":{"rendered":"EK BEAUTY - Dermaroller"},"content":{"rendered":"<h3>Comment fonctionne notre dermaroller EK ?<\/h3>\n<p>Le dermaroller est constitu\u00e9 de nombreuses petites aiguilles en titane, bien st\u00e9rilis\u00e9es, qui glissent en toute s\u00e9curit\u00e9 sur la surface sup\u00e9rieure de la peau. Avant d'utiliser le dermaroller pour la premi\u00e8re fois, vous devez nettoyer soigneusement votre visage, par exemple avec une cr\u00e8me nettoyante. Les aiguilles doivent \u00eatre soigneusement nettoy\u00e9es avec de l'alcool 80%. Une fois tous les pr\u00e9paratifs effectu\u00e9s, vous pouvez commencer la th\u00e9rapie par aiguilles.<\/p>\n<p>L'id\u00e9e est de d\u00e9placer le dermaroller sur la peau, de gauche \u00e0 droite et de haut en bas, ainsi qu'en diagonale. Veillez \u00e0 appliquer une pression sur la zone o\u00f9 passent les aiguilles. Si vous utilisez le derma roller sur le visage, veillez \u00e0 ne pas appliquer trop de pression autour des yeux et des pommettes. Vous pouvez appliquer un s\u00e9rum apr\u00e8s le traitement. N'oubliez pas de nettoyer le dermaroller apr\u00e8s chaque traitement et de le d\u00e9sinfecter avec de l'eau.\u00a0<a href=\"https:\/\/www.dermarolling.nl\/product\/desinfectie-alcohol-80\/\">Alcool 80%<\/a>.<\/p>\n<p>Lorsque les aiguilles font des trous dans votre peau, le processus de r\u00e9g\u00e9n\u00e9ration de votre peau est stimul\u00e9 et la peau devient plus \u00e9paisse. Exactement ce dont votre peau a besoin pour effacer les rides et les cicatrices !<\/p>","protected":false},"excerpt":{"rendered":"<p>Ce dermaroller en titane cr\u00e9\u00e9 par EK BEAUTY dispose d'une t\u00eate de 540 aiguilles en titane tr\u00e8s pointues et fines et est con\u00e7u pour am\u00e9liorer et r\u00e9duire les conditions de peau suivantes, entre autres :<\/p>\n<p>- Les rides<br \/>\n- Affaissement de la peau<br \/>\n- Cicatrices<br \/>\n- Striae<br \/>\n- Hyperpigmentation<br \/>\n- Cicatrices d'acn\u00e9<br \/>\n- Pores ouverts<br \/>\n- Production de collag\u00e8ne<br \/>\n- Une peau lisse<br \/>\n- Une peau \u00e9clatante<\/p>","protected":false},"featured_media":27536,"comment_status":"open","ping_status":"closed","template":"","meta":{"_surecart_dashboard_logo_width":"180px","_surecart_dashboard_show_logo":true,"_surecart_dashboard_navigation_orders":true,"_surecart_dashboard_navigation_invoices":true,"_surecart_dashboard_navigation_subscriptions":true,"_surecart_dashboard_navigation_downloads":true,"_surecart_dashboard_navigation_billing":true,"_surecart_dashboard_navigation_account":true,"_uag_custom_page_level_css":""},"product_brand":[],"product_cat":[215],"product_tag":[],"class_list":{"0":"post-27507","1":"product","2":"type-product","3":"status-publish","4":"has-post-thumbnail","6":"product_cat-beauty","8":"first","9":"instock","10":"taxable","11":"shipping-taxable","12":"purchasable","13":"product-type-simple"},"uagb_featured_image_src":{"full":["https:\/\/www.ekbeauty.be\/wp-content\/uploads\/2021\/02\/RMN_0628-scaled.jpg",2560,1707,false],"thumbnail":["https:\/\/www.ekbeauty.be\/wp-content\/uploads\/2021\/02\/RMN_0628-150x150.jpg",150,150,true],"medium":["https:\/\/www.ekbeauty.be\/wp-content\/uploads\/2021\/02\/RMN_0628-300x200.jpg",300,200,true],"medium_large":["https:\/\/www.ekbeauty.be\/wp-content\/uploads\/2021\/02\/RMN_0628-768x512.jpg",768,512,true],"large":["https:\/\/www.ekbeauty.be\/wp-content\/uploads\/2021\/02\/RMN_0628-1024x683.jpg",1024,683,true],"1536x1536":["https:\/\/www.ekbeauty.be\/wp-content\/uploads\/2021\/02\/RMN_0628-1536x1024.jpg",1536,1024,true],"2048x2048":["https:\/\/www.ekbeauty.be\/wp-content\/uploads\/2021\/02\/RMN_0628-2048x1365.jpg",2048,1365,true],"trp-custom-language-flag":["https:\/\/www.ekbeauty.be\/wp-content\/uploads\/2021\/02\/RMN_0628-scaled.jpg",18,12,false],"woocommerce_archive_thumbnail":["https:\/\/www.ekbeauty.be\/wp-content\/uploads\/2021\/02\/RMN_0628-300x200.jpg",300,200,true],"woocommerce_thumbnail":["https:\/\/www.ekbeauty.be\/wp-content\/uploads\/2021\/02\/RMN_0628-scaled-300x300.jpg",300,300,true],"woocommerce_single":["https:\/\/www.ekbeauty.be\/wp-content\/uploads\/2021\/02\/RMN_0628-scaled-600x400.jpg",600,400,true],"woocommerce_gallery_thumbnail":["https:\/\/www.ekbeauty.be\/wp-content\/uploads\/2021\/02\/RMN_0628-scaled-100x100.jpg",100,100,true]},"uagb_author_info":{"display_name":"Eren Gonca","author_link":"https:\/\/www.ekbeauty.be\/fr\/author\/"},"uagb_comment_info":2,"uagb_excerpt":"Deze Titanium Dermaroller die EK BEAUTY heeft gecre\u00eberd heeft een kop van 540 zeer scherpe en dunne titanium naalden en is ontworpen om o.a. de volgende huidaandoeningen te verbeteren en te verminderen: \u2013 Rimpels \u2013 Huid verslapping \u2013 Littekens \u2013 Striae \u2013 Hyperpigmentatie \u2013 Acne littekens \u2013 Open pori\u00ebns \u2013 Collageen aanmaak \u2013 Egale huid\u2026","_links":{"self":[{"href":"https:\/\/www.ekbeauty.be\/fr\/wp-json\/wp\/v2\/product\/27507","targetHints":{"allow":["GET"]}}],"collection":[{"href":"https:\/\/www.ekbeauty.be\/fr\/wp-json\/wp\/v2\/product"}],"about":[{"href":"https:\/\/www.ekbeauty.be\/fr\/wp-json\/wp\/v2\/types\/product"}],"replies":[{"embeddable":true,"href":"https:\/\/www.ekbeauty.be\/fr\/wp-json\/wp\/v2\/comments?post=27507"}],"wp:featuredmedia":[{"embeddable":true,"href":"https:\/\/www.ekbeauty.be\/fr\/wp-json\/wp\/v2\/media\/27536"}],"wp:attachment":[{"href":"https:\/\/www.ekbeauty.be\/fr\/wp-json\/wp\/v2\/media?parent=27507"}],"wp:term":[{"taxonomy":"product_brand","embeddable":true,"href":"https:\/\/www.ekbeauty.be\/fr\/wp-json\/wp\/v2\/product_brand?post=27507"},{"taxonomy":"product_cat","embeddable":true,"href":"https:\/\/www.ekbeauty.be\/fr\/wp-json\/wp\/v2\/product_cat?post=27507"},{"taxonomy":"product_tag","embeddable":true,"href":"https:\/\/www.ekbeauty.be\/fr\/wp-json\/wp\/v2\/product_tag?post=27507"}],"curies":[{"name":"wp","href":"https:\/\/api.w.org\/{rel}","templated":true}]}}