{"id":28362,"date":"2021-05-18T12:15:11","date_gmt":"2021-05-18T10:15:11","guid":{"rendered":"https:\/\/www.ekbeauty.be\/?post_type=product&#038;p=28362"},"modified":"2021-11-27T10:57:31","modified_gmt":"2021-11-27T09:57:31","slug":"pollution-defense-ampoules-10x2ml","status":"publish","type":"product","link":"https:\/\/www.ekbeauty.be\/fr\/produit\/pollution-defense-ampoules-10x2ml\/","title":{"rendered":"Ampoules anti-pollution 10x2ml"},"content":{"rendered":"<p>- Prot\u00e8ge la peau contre les substances oxydantes et la pollution environnementale.<br \/>\n- Combat le vieillissement de la peau<br \/>\n- Assure une hydratation durable de la peau<br \/>\n- Affine la structure de la peau.<br \/>\n\u2013 Geeft een vermoeide huid energie<\/p>\n<p>&nbsp;<\/p>\n<h2>Ampoules anti-pollution 10x2ml<\/h2>\n<p>L'ampoule Pollution Defense contient une formule concentr\u00e9e qui se concentre sur la protection contre les substances oxydantes et sp\u00e9cifiquement contre la pollution environnementale. Cette ampoule prot\u00e8ge efficacement contre les radicaux libres externes qui provoquent le vieillissement pr\u00e9matur\u00e9 de la peau. Le traitement intensif de l'ampoule Pollution Defense permet de bloquer les processus d'oxydation et d'hydrater la peau \u00e0 long terme. Gr\u00e2ce \u00e0 la structure l\u00e9g\u00e8re de cette ampoule, le produit est rapidement absorb\u00e9 par la peau.<\/p>\n<p><strong>Type de peau<\/strong><\/p>\n<p>Peau acn\u00e9ique<br \/>\nPeau sujette aux inflammations<br \/>\nLignes fines<br \/>\nPeau fatigu\u00e9e<\/p>\n<p><strong>Utilisez<\/strong><\/p>\n<p>Utilisez-le matin et soir apr\u00e8s avoir nettoy\u00e9 votre peau. Terminez votre traitement par une cr\u00e8me de jour ou de nuit.<\/p>\n<p>&nbsp;<\/p>\n<table class=\"woocommerce-product-attributes shop_attributes\">\n<tbody>\n<tr class=\"woocommerce-product-attributes-item woocommerce-product-attributes-item--attribute_pa_huidproblemen\">\n<th class=\"woocommerce-product-attributes-item__label\">PROBL\u00c8MES DE PEAU<\/th>\n<td class=\"woocommerce-product-attributes-item__value\">Acn\u00e9, Couperose, Teint terne, Peau fine, Premi\u00e8res rides, Pores fins, Peau inconfortable, Sensibilit\u00e9, Rides, Rougeurs, Peau squameuse, Peau tendue<\/td>\n<\/tr>\n<tr class=\"woocommerce-product-attributes-item woocommerce-product-attributes-item--attribute_pa_huidtype\">\n<th class=\"woocommerce-product-attributes-item__label\">TYPE DE PEAU<\/th>\n<td class=\"woocommerce-product-attributes-item__value\">Peau s\u00e8che, Peau sensible, Peau normale, Peau mature, Peau grasse<\/td>\n<\/tr>\n<tr class=\"woocommerce-product-attributes-item woocommerce-product-attributes-item--attribute_pa_merk\">\n<th class=\"woocommerce-product-attributes-item__label\">MARQUE<\/th>\n<td class=\"woocommerce-product-attributes-item__value\">M\u00e9soestetique<\/td>\n<\/tr>\n<tr class=\"woocommerce-product-attributes-item woocommerce-product-attributes-item--attribute_pa_productsoort\">\n<th class=\"woocommerce-product-attributes-item__label\">TYPE DE PRODUIT<\/th>\n<td class=\"woocommerce-product-attributes-item__value\">S\u00e9rum<\/td>\n<\/tr>\n<\/tbody>\n<\/table>","protected":false},"excerpt":{"rendered":"<p>- Prot\u00e8ge la peau contre les substances oxydantes et la pollution environnementale.<br \/>\n- Combat le vieillissement de la peau<br \/>\n- Assure une hydratation durable de la peau<br \/>\n- Affine la structure de la peau.<br \/>\n\u2013 Geeft een vermoeide huid energie<\/p>\n<p>&nbsp;<\/p>\n<h2>Ampoules anti-pollution 10x2ml<\/h2>\n<p>L'ampoule Pollution Defense contient une formule concentr\u00e9e qui se concentre sur la protection contre les substances oxydantes et sp\u00e9cifiquement contre la pollution environnementale. Cette ampoule prot\u00e8ge efficacement contre les radicaux libres externes qui provoquent le vieillissement pr\u00e9matur\u00e9 de la peau. Le traitement intensif de l'ampoule Pollution Defense permet de bloquer les processus d'oxydation et d'hydrater la peau \u00e0 long terme. Gr\u00e2ce \u00e0 la structure l\u00e9g\u00e8re de cette ampoule, le produit est rapidement absorb\u00e9 par la peau.<\/p>\n<p><strong>Type de peau<\/strong><\/p>\n<p>Peau acn\u00e9ique<br \/>\nPeau sujette aux inflammations<br \/>\nLignes fines<br \/>\nPeau fatigu\u00e9e<\/p>\n<p><strong>Utilisez<\/strong><\/p>\n<p>Utilisez-le matin et soir apr\u00e8s avoir nettoy\u00e9 votre peau. Terminez votre traitement par une cr\u00e8me de jour ou de nuit.<\/p>\n<p>&nbsp;<\/p>\n<table class=\"woocommerce-product-attributes shop_attributes\">\n<tbody>\n<tr class=\"woocommerce-product-attributes-item woocommerce-product-attributes-item--attribute_pa_huidproblemen\">\n<th class=\"woocommerce-product-attributes-item__label\">PROBL\u00c8MES DE PEAU<\/th>\n<td class=\"woocommerce-product-attributes-item__value\">Acn\u00e9, Couperose, Teint terne, Peau fine, Premi\u00e8res rides, Pores fins, Peau inconfortable, Sensibilit\u00e9, Rides, Rougeurs, Peau squameuse, Peau tendue<\/td>\n<\/tr>\n<tr class=\"woocommerce-product-attributes-item woocommerce-product-attributes-item--attribute_pa_huidtype\">\n<th class=\"woocommerce-product-attributes-item__label\">TYPE DE PEAU<\/th>\n<td class=\"woocommerce-product-attributes-item__value\">Peau s\u00e8che, Peau sensible, Peau normale, Peau mature, Peau grasse<\/td>\n<\/tr>\n<tr class=\"woocommerce-product-attributes-item woocommerce-product-attributes-item--attribute_pa_merk\">\n<th class=\"woocommerce-product-attributes-item__label\">MARQUE<\/th>\n<td class=\"woocommerce-product-attributes-item__value\">M\u00e9soestetique<\/td>\n<\/tr>\n<tr class=\"woocommerce-product-attributes-item woocommerce-product-attributes-item--attribute_pa_productsoort\">\n<th class=\"woocommerce-product-attributes-item__label\">TYPE DE PRODUIT<\/th>\n<td class=\"woocommerce-product-attributes-item__value\">S\u00e9rum<\/td>\n<\/tr>\n<\/tbody>\n<\/table>","protected":false},"featured_media":28363,"comment_status":"open","ping_status":"closed","template":"","meta":{"_surecart_dashboard_logo_width":"180px","_surecart_dashboard_show_logo":true,"_surecart_dashboard_navigation_orders":true,"_surecart_dashboard_navigation_invoices":true,"_surecart_dashboard_navigation_subscriptions":true,"_surecart_dashboard_navigation_downloads":true,"_surecart_dashboard_navigation_billing":true,"_surecart_dashboard_navigation_account":true,"_uag_custom_page_level_css":""},"product_brand":[],"product_cat":[223],"product_tag":[],"class_list":{"0":"post-28362","1":"product","2":"type-product","3":"status-publish","4":"has-post-thumbnail","6":"product_cat-geen","8":"first","9":"instock","10":"taxable","11":"shipping-taxable","12":"purchasable","13":"product-type-simple"},"uagb_featured_image_src":{"full":["https:\/\/www.ekbeauty.be\/wp-content\/uploads\/2021\/05\/pollution-defense-850x850-1.jpg",850,850,false],"thumbnail":["https:\/\/www.ekbeauty.be\/wp-content\/uploads\/2021\/05\/pollution-defense-850x850-1-150x150.jpg",150,150,true],"medium":["https:\/\/www.ekbeauty.be\/wp-content\/uploads\/2021\/05\/pollution-defense-850x850-1-300x300.jpg",300,300,true],"medium_large":["https:\/\/www.ekbeauty.be\/wp-content\/uploads\/2021\/05\/pollution-defense-850x850-1-768x768.jpg",768,768,true],"large":["https:\/\/www.ekbeauty.be\/wp-content\/uploads\/2021\/05\/pollution-defense-850x850-1.jpg",850,850,false],"1536x1536":["https:\/\/www.ekbeauty.be\/wp-content\/uploads\/2021\/05\/pollution-defense-850x850-1.jpg",850,850,false],"2048x2048":["https:\/\/www.ekbeauty.be\/wp-content\/uploads\/2021\/05\/pollution-defense-850x850-1.jpg",850,850,false],"trp-custom-language-flag":["https:\/\/www.ekbeauty.be\/wp-content\/uploads\/2021\/05\/pollution-defense-850x850-1.jpg",12,12,false],"woocommerce_archive_thumbnail":["https:\/\/www.ekbeauty.be\/wp-content\/uploads\/2021\/05\/pollution-defense-850x850-1-300x300.jpg",300,300,true],"woocommerce_thumbnail":["https:\/\/www.ekbeauty.be\/wp-content\/uploads\/2021\/05\/pollution-defense-850x850-1-300x300.jpg",300,300,true],"woocommerce_single":["https:\/\/www.ekbeauty.be\/wp-content\/uploads\/2021\/05\/pollution-defense-850x850-1-600x600.jpg",600,600,true],"woocommerce_gallery_thumbnail":["https:\/\/www.ekbeauty.be\/wp-content\/uploads\/2021\/05\/pollution-defense-850x850-1-100x100.jpg",100,100,true]},"uagb_author_info":{"display_name":"Eren Gonca","author_link":"https:\/\/www.ekbeauty.be\/fr\/author\/"},"uagb_comment_info":0,"uagb_excerpt":"\u2013 Beschermt de huid tegen oxiderende stoffen en tegen milieuvervuiling \u2013 Bestrijdt huidveroudering \u2013 Zorgt voor langdurige hydratatie van de huid \u2013 Verfijnt de structuur van de huid. \u2013 Geeft een vermoeide huid energie &nbsp; Pollution Defense Ampoules 10x2ml De Pollution Defense ampul bevat een geconcentreerde formule die zich voornamelijk richt op bescherming tegen oxiderende\u2026","_links":{"self":[{"href":"https:\/\/www.ekbeauty.be\/fr\/wp-json\/wp\/v2\/product\/28362","targetHints":{"allow":["GET"]}}],"collection":[{"href":"https:\/\/www.ekbeauty.be\/fr\/wp-json\/wp\/v2\/product"}],"about":[{"href":"https:\/\/www.ekbeauty.be\/fr\/wp-json\/wp\/v2\/types\/product"}],"replies":[{"embeddable":true,"href":"https:\/\/www.ekbeauty.be\/fr\/wp-json\/wp\/v2\/comments?post=28362"}],"wp:featuredmedia":[{"embeddable":true,"href":"https:\/\/www.ekbeauty.be\/fr\/wp-json\/wp\/v2\/media\/28363"}],"wp:attachment":[{"href":"https:\/\/www.ekbeauty.be\/fr\/wp-json\/wp\/v2\/media?parent=28362"}],"wp:term":[{"taxonomy":"product_brand","embeddable":true,"href":"https:\/\/www.ekbeauty.be\/fr\/wp-json\/wp\/v2\/product_brand?post=28362"},{"taxonomy":"product_cat","embeddable":true,"href":"https:\/\/www.ekbeauty.be\/fr\/wp-json\/wp\/v2\/product_cat?post=28362"},{"taxonomy":"product_tag","embeddable":true,"href":"https:\/\/www.ekbeauty.be\/fr\/wp-json\/wp\/v2\/product_tag?post=28362"}],"curies":[{"name":"wp","href":"https:\/\/api.w.org\/{rel}","templated":true}]}}