{"id":28365,"date":"2021-05-18T12:17:20","date_gmt":"2021-05-18T10:17:20","guid":{"rendered":"https:\/\/www.ekbeauty.be\/?post_type=product&#038;p=28365"},"modified":"2021-05-18T12:17:20","modified_gmt":"2021-05-18T10:17:20","slug":"melatonin-ampoules-10x2ml","status":"publish","type":"product","link":"https:\/\/www.ekbeauty.be\/fr\/produit\/melatonin-ampoules-10x2ml\/","title":{"rendered":"Ampoules de m\u00e9latonine 10x2ml"},"content":{"rendered":"<p>- Restaure la peau<br \/>\n- Acc\u00e9l\u00e8re les m\u00e9canismes antioxydants<br \/>\n- Pr\u00e9vention et lutte contre le vieillissement de la peau<br \/>\n- Prot\u00e8ge la peau des radicaux libres externes<br \/>\n- Affine la structure de la peau.<br \/>\n\u2013 Geeft een vermoeide huid energie<\/p>\n<p>&nbsp;<\/p>\n<h2>Ampoules de m\u00e9latonine 10x2ml<\/h2>\n<p>Pendant la nuit, entre 23 heures et 4 heures, votre peau r\u00e9cup\u00e8re et travaille extr\u00eamement dur pour traiter les ingr\u00e9dients actifs qui lui sont administr\u00e9s. L'ampoule de m\u00e9latonine se concentre sur la r\u00e9cup\u00e9ration nocturne de la peau et l'acc\u00e9l\u00e9ration de la d\u00e9fense antioxydante, pr\u00e9venant et combattant ainsi le vieillissement de la peau. Cette ampoule est un soin du visage anti-\u00e2ge intensif et nocturne qui stimule le renouvellement de la peau et combat les radicaux libres tout au long de la journ\u00e9e. L'ampoule de m\u00e9latonine contient une formule concentr\u00e9e et interactive, de sorte que le processus de r\u00e9cup\u00e9ration nocturne est favoris\u00e9 et offre des r\u00e9sultats optimaux. Cette ampoule contient une texture riche, qui procure une sensation douce et confortable sur la peau.<\/p>\n<p><strong>Type de peau<\/strong><\/p>\n<p>- Une peau impure<\/p>\n<p>- D\u00e9but du vieillissement<\/p>\n<p>- Lignes fines<\/p>\n<p>- Peau fatigu\u00e9e<\/p>\n<p><strong>Utilisez<\/strong><\/p>\n<p>Appliquer le soir sur la peau nettoy\u00e9e.<\/p>\n<p>Tr\u00e8s agr\u00e9able \u00e0 utiliser en combinaison avec le\u00a0<a href=\"https:\/\/www.sibellashop.be\/product\/dermaroller-incl-gratis-reiniging-voor-de-roller\/\">dermaroller<\/a>.<\/p>\n<p>&nbsp;<\/p>\n<table class=\"woocommerce-product-attributes shop_attributes\">\n<tbody>\n<tr class=\"woocommerce-product-attributes-item woocommerce-product-attributes-item--attribute_pa_huidproblemen\">\n<th class=\"woocommerce-product-attributes-item__label\">PROBL\u00c8MES DE PEAU<\/th>\n<td class=\"woocommerce-product-attributes-item__value\">Teint terne, Premi\u00e8res rides, Peau inconfortable, Peau tendue<\/td>\n<\/tr>\n<tr class=\"woocommerce-product-attributes-item woocommerce-product-attributes-item--attribute_pa_huidtype\">\n<th class=\"woocommerce-product-attributes-item__label\">TYPE DE PEAU<\/th>\n<td class=\"woocommerce-product-attributes-item__value\">Peau s\u00e8che, peau normale<\/td>\n<\/tr>\n<tr class=\"woocommerce-product-attributes-item woocommerce-product-attributes-item--attribute_pa_merk\">\n<th class=\"woocommerce-product-attributes-item__label\">MARQUE<\/th>\n<td class=\"woocommerce-product-attributes-item__value\">M\u00e9soestetique<\/td>\n<\/tr>\n<tr class=\"woocommerce-product-attributes-item woocommerce-product-attributes-item--attribute_pa_productsoort\">\n<th class=\"woocommerce-product-attributes-item__label\">TYPE DE PRODUIT<\/th>\n<td class=\"woocommerce-product-attributes-item__value\">Cr\u00e8me de nuit, S\u00e9rum<\/td>\n<\/tr>\n<\/tbody>\n<\/table>","protected":false},"excerpt":{"rendered":"<p>- Restaure la peau<br \/>\n- Acc\u00e9l\u00e8re les m\u00e9canismes antioxydants<br \/>\n- Pr\u00e9vention et lutte contre le vieillissement de la peau<br \/>\n- Prot\u00e8ge la peau des radicaux libres externes<br \/>\n- Affine la structure de la peau.<br \/>\n\u2013 Geeft een vermoeide huid energie<\/p>\n<p>&nbsp;<\/p>\n<h2>Ampoules de m\u00e9latonine 10x2ml<\/h2>\n<p>Pendant la nuit, entre 23 heures et 4 heures, votre peau r\u00e9cup\u00e8re et travaille extr\u00eamement dur pour traiter les ingr\u00e9dients actifs qui lui sont administr\u00e9s. L'ampoule de m\u00e9latonine se concentre sur la r\u00e9cup\u00e9ration nocturne de la peau et l'acc\u00e9l\u00e9ration de la d\u00e9fense antioxydante, pr\u00e9venant et combattant ainsi le vieillissement de la peau. Cette ampoule est un soin du visage anti-\u00e2ge intensif et nocturne qui stimule le renouvellement de la peau et combat les radicaux libres tout au long de la journ\u00e9e. L'ampoule de m\u00e9latonine contient une formule concentr\u00e9e et interactive, de sorte que le processus de r\u00e9cup\u00e9ration nocturne est favoris\u00e9 et offre des r\u00e9sultats optimaux. Cette ampoule contient une texture riche, qui procure une sensation douce et confortable sur la peau.<\/p>\n<p><strong>Type de peau<\/strong><\/p>\n<p>- Une peau impure<\/p>\n<p>- D\u00e9but du vieillissement<\/p>\n<p>- Lignes fines<\/p>\n<p>- Peau fatigu\u00e9e<\/p>\n<p><strong>Utilisez<\/strong><\/p>\n<p>Appliquer le soir sur la peau nettoy\u00e9e.<\/p>\n<p>Tr\u00e8s agr\u00e9able \u00e0 utiliser en combinaison avec le\u00a0<a href=\"https:\/\/www.sibellashop.be\/product\/dermaroller-incl-gratis-reiniging-voor-de-roller\/\">dermaroller<\/a>.<\/p>","protected":false},"featured_media":28366,"comment_status":"open","ping_status":"closed","template":"","meta":{"_surecart_dashboard_logo_width":"180px","_surecart_dashboard_show_logo":true,"_surecart_dashboard_navigation_orders":true,"_surecart_dashboard_navigation_invoices":true,"_surecart_dashboard_navigation_subscriptions":true,"_surecart_dashboard_navigation_downloads":true,"_surecart_dashboard_navigation_billing":true,"_surecart_dashboard_navigation_account":true,"_uag_custom_page_level_css":""},"product_brand":[],"product_cat":[223],"product_tag":[],"class_list":{"0":"post-28365","1":"product","2":"type-product","3":"status-publish","4":"has-post-thumbnail","6":"product_cat-geen","8":"first","9":"instock","10":"taxable","11":"shipping-taxable","12":"purchasable","13":"product-type-simple"},"uagb_featured_image_src":{"full":["https:\/\/www.ekbeauty.be\/wp-content\/uploads\/2021\/05\/melatonin-850x850-1.jpg",850,850,false],"thumbnail":["https:\/\/www.ekbeauty.be\/wp-content\/uploads\/2021\/05\/melatonin-850x850-1-150x150.jpg",150,150,true],"medium":["https:\/\/www.ekbeauty.be\/wp-content\/uploads\/2021\/05\/melatonin-850x850-1-300x300.jpg",300,300,true],"medium_large":["https:\/\/www.ekbeauty.be\/wp-content\/uploads\/2021\/05\/melatonin-850x850-1-768x768.jpg",768,768,true],"large":["https:\/\/www.ekbeauty.be\/wp-content\/uploads\/2021\/05\/melatonin-850x850-1.jpg",850,850,false],"1536x1536":["https:\/\/www.ekbeauty.be\/wp-content\/uploads\/2021\/05\/melatonin-850x850-1.jpg",850,850,false],"2048x2048":["https:\/\/www.ekbeauty.be\/wp-content\/uploads\/2021\/05\/melatonin-850x850-1.jpg",850,850,false],"trp-custom-language-flag":["https:\/\/www.ekbeauty.be\/wp-content\/uploads\/2021\/05\/melatonin-850x850-1.jpg",12,12,false],"woocommerce_archive_thumbnail":["https:\/\/www.ekbeauty.be\/wp-content\/uploads\/2021\/05\/melatonin-850x850-1-300x300.jpg",300,300,true],"woocommerce_thumbnail":["https:\/\/www.ekbeauty.be\/wp-content\/uploads\/2021\/05\/melatonin-850x850-1-300x300.jpg",300,300,true],"woocommerce_single":["https:\/\/www.ekbeauty.be\/wp-content\/uploads\/2021\/05\/melatonin-850x850-1-600x600.jpg",600,600,true],"woocommerce_gallery_thumbnail":["https:\/\/www.ekbeauty.be\/wp-content\/uploads\/2021\/05\/melatonin-850x850-1-100x100.jpg",100,100,true]},"uagb_author_info":{"display_name":"Eren Gonca","author_link":"https:\/\/www.ekbeauty.be\/fr\/author\/"},"uagb_comment_info":0,"uagb_excerpt":"\u2013 Herstelt de huid \u2013 Versnelt antioxidantmechanismen \u2013 Huidveroudering wordt voorkomen en bestreden \u2013 Beschermt de huid tegen vrije radicalen van buitenaf \u2013 Verfijnt de structuur van de huid. \u2013 Geeft een vermoeide huid energie &nbsp; Melatonin Ampoules 10x2ml Gedurende de nacht tussen 23:00 uur en 04:00 uur herstelt je huid en is de huid\u2026","_links":{"self":[{"href":"https:\/\/www.ekbeauty.be\/fr\/wp-json\/wp\/v2\/product\/28365","targetHints":{"allow":["GET"]}}],"collection":[{"href":"https:\/\/www.ekbeauty.be\/fr\/wp-json\/wp\/v2\/product"}],"about":[{"href":"https:\/\/www.ekbeauty.be\/fr\/wp-json\/wp\/v2\/types\/product"}],"replies":[{"embeddable":true,"href":"https:\/\/www.ekbeauty.be\/fr\/wp-json\/wp\/v2\/comments?post=28365"}],"wp:featuredmedia":[{"embeddable":true,"href":"https:\/\/www.ekbeauty.be\/fr\/wp-json\/wp\/v2\/media\/28366"}],"wp:attachment":[{"href":"https:\/\/www.ekbeauty.be\/fr\/wp-json\/wp\/v2\/media?parent=28365"}],"wp:term":[{"taxonomy":"product_brand","embeddable":true,"href":"https:\/\/www.ekbeauty.be\/fr\/wp-json\/wp\/v2\/product_brand?post=28365"},{"taxonomy":"product_cat","embeddable":true,"href":"https:\/\/www.ekbeauty.be\/fr\/wp-json\/wp\/v2\/product_cat?post=28365"},{"taxonomy":"product_tag","embeddable":true,"href":"https:\/\/www.ekbeauty.be\/fr\/wp-json\/wp\/v2\/product_tag?post=28365"}],"curies":[{"name":"wp","href":"https:\/\/api.w.org\/{rel}","templated":true}]}}