{"id":29210,"date":"2021-11-03T10:51:33","date_gmt":"2021-11-03T09:51:33","guid":{"rendered":"https:\/\/www.ekbeauty.be\/?post_type=product&#038;p=29210"},"modified":"2025-12-07T20:43:28","modified_gmt":"2025-12-07T19:43:28","slug":"mesoestetic-aox-ferulic-advanced-antioxident","status":"publish","type":"product","link":"https:\/\/www.ekbeauty.be\/fr\/produit\/mesoestetic-aox-ferulic-advanced-antioxident\/","title":{"rendered":"Mesoestetic AOX Ferulic Advanced Antioxident 15ml"},"content":{"rendered":"<p>Le principal processus cellulaire \u00e0 l'origine du vieillissement des tissus et des signes visibles du vieillissement de la peau est l'oxydation. Ce processus a lieu au plus profond des cellules et est caus\u00e9 par des \u00e9l\u00e9ments tels que :<\/p>\n<p>- Exposition au soleil (UVA, UVB, HEV, IR),<br \/>\n- la pollution de l'environnement,<br \/>\n- l'ozone<br \/>\n- Probl\u00e8mes de sommeil,<br \/>\n- les sources de lumi\u00e8re artificielle (HEV),<br \/>\n- fumer,<br \/>\n- les habitudes alimentaires,<br \/>\n- des cosm\u00e9tiques inadapt\u00e9s,<br \/>\n- les produits m\u00e9dicaux,<br \/>\n- tension.<\/p>","protected":false},"excerpt":{"rendered":"<p>Le principal processus cellulaire \u00e0 l'origine du vieillissement des tissus et des signes visibles du vieillissement de la peau est l'oxydation. Ce processus a lieu au plus profond des cellules et est caus\u00e9 par des \u00e9l\u00e9ments tels que :<\/p>\n<p>- Exposition au soleil (UVA, UVB, HEV, IR),<br \/>\n- la pollution de l'environnement,<br \/>\n- l'ozone<br \/>\n- Probl\u00e8mes de sommeil,<br \/>\n- les sources de lumi\u00e8re artificielle (HEV),<br \/>\n- fumer,<br \/>\n- les habitudes alimentaires,<br \/>\n- des cosm\u00e9tiques inadapt\u00e9s,<br \/>\n- les produits m\u00e9dicaux,<br \/>\n- tension.<\/p>\n<h2 class=\"yikes-custom-woo-tab-title yikes-custom-woo-tab-title-toepassing\">Application<\/h2>\n<p>Appliquer sur la peau nettoy\u00e9e sous la cr\u00e8me de jour ou de nuit. 4 \u00e0 5 gouttes suffisent, r\u00e9partissez-les sur l'ensemble du visage. L'AOX est un antioxydant tr\u00e8s puissant, qui prot\u00e8ge votre peau des influences ext\u00e9rieures, affine les pores et les rides, et donne une belle apparence.<\/p>\n<div class=\"woocommerce-product-details__short-description\">\n<p>AOX Ferulic prot\u00e8ge les fibroblastes et am\u00e9liore la production de collag\u00e8ne. Il aide \u00e0 prot\u00e9ger le syst\u00e8me antioxydant naturel de la peau et raffermit le grain de la peau.<\/p>\n<\/div>\n<table class=\"woocommerce-product-attributes shop_attributes\">\n<tbody>\n<tr class=\"woocommerce-product-attributes-item woocommerce-product-attributes-item--attribute_ean\">\n<th class=\"woocommerce-product-attributes-item__label\"><\/th>\n<td class=\"woocommerce-product-attributes-item__value\"><\/td>\n<\/tr>\n<tr class=\"woocommerce-product-attributes-item woocommerce-product-attributes-item--attribute_adviesprijs\">\n<th class=\"woocommerce-product-attributes-item__label\"><\/th>\n<td class=\"woocommerce-product-attributes-item__value\"><\/td>\n<\/tr>\n<tr class=\"woocommerce-product-attributes-item woocommerce-product-attributes-item--attribute_pa_huidtype\">\n<th class=\"woocommerce-product-attributes-item__label\">Type de peau<\/th>\n<td class=\"woocommerce-product-attributes-item__value\"><a href=\"https:\/\/aesthetic-solutions.be\/huidtype\/gepigmenteerd\/\" rel=\"tag\">Pigment\u00e9<\/a>,\u00a0<a href=\"https:\/\/aesthetic-solutions.be\/huidtype\/verouderd\/\" rel=\"tag\">D\u00e9suet<\/a>,\u00a0<a href=\"https:\/\/aesthetic-solutions.be\/huidtype\/normaal\/\" rel=\"tag\">Normal<\/a>,\u00a0<a href=\"https:\/\/aesthetic-solutions.be\/huidtype\/droog\/\" rel=\"tag\">Sec<\/a>,\u00a0<a href=\"https:\/\/aesthetic-solutions.be\/huidtype\/gevoelig\/\" rel=\"tag\">Sensible<\/a>,\u00a0<a href=\"https:\/\/aesthetic-solutions.be\/huidtype\/vet\/\" rel=\"tag\">Graisse<\/a>,\u00a0<a href=\"https:\/\/aesthetic-solutions.be\/huidtype\/gecombineerd\/\" rel=\"tag\">Combin\u00e9<\/a><\/td>\n<\/tr>\n<tr class=\"woocommerce-product-attributes-item woocommerce-product-attributes-item--attribute_pa_problematiek\">\n<th class=\"woocommerce-product-attributes-item__label\">questions<\/th>\n<td class=\"woocommerce-product-attributes-item__value\"><a href=\"https:\/\/aesthetic-solutions.be\/problematiek\/aging\/\" rel=\"tag\">Vieillissement<\/a>,\u00a0<a href=\"https:\/\/aesthetic-solutions.be\/problematiek\/couperose-rosacea\/\" rel=\"tag\">Couperose-Rosacea<\/a>,\u00a0<a href=\"https:\/\/aesthetic-solutions.be\/problematiek\/gevoelige-huid\/\" rel=\"tag\">Peau sensible<\/a><\/td>\n<\/tr>\n<\/tbody>\n<\/table>","protected":false},"featured_media":52086,"comment_status":"open","ping_status":"closed","template":"","meta":{"_surecart_dashboard_logo_width":"180px","_surecart_dashboard_show_logo":true,"_surecart_dashboard_navigation_orders":true,"_surecart_dashboard_navigation_invoices":true,"_surecart_dashboard_navigation_subscriptions":true,"_surecart_dashboard_navigation_downloads":true,"_surecart_dashboard_navigation_billing":true,"_surecart_dashboard_navigation_account":true,"_uag_custom_page_level_css":""},"product_brand":[],"product_cat":[329],"product_tag":[],"class_list":{"0":"post-29210","1":"product","2":"type-product","3":"status-publish","4":"has-post-thumbnail","6":"product_cat-gezichtsserums","8":"first","9":"outofstock","10":"taxable","11":"shipping-taxable","12":"purchasable","13":"product-type-simple"},"uagb_featured_image_src":{"full":["https:\/\/www.ekbeauty.be\/wp-content\/uploads\/2021\/11\/Mesoestetic-aox-ferulic.webp",1200,1200,false],"thumbnail":["https:\/\/www.ekbeauty.be\/wp-content\/uploads\/2021\/11\/Mesoestetic-aox-ferulic-150x150.webp",150,150,true],"medium":["https:\/\/www.ekbeauty.be\/wp-content\/uploads\/2021\/11\/Mesoestetic-aox-ferulic-300x300.webp",300,300,true],"medium_large":["https:\/\/www.ekbeauty.be\/wp-content\/uploads\/2021\/11\/Mesoestetic-aox-ferulic-768x768.webp",768,768,true],"large":["https:\/\/www.ekbeauty.be\/wp-content\/uploads\/2021\/11\/Mesoestetic-aox-ferulic-1024x1024.webp",1024,1024,true],"1536x1536":["https:\/\/www.ekbeauty.be\/wp-content\/uploads\/2021\/11\/Mesoestetic-aox-ferulic.webp",1200,1200,false],"2048x2048":["https:\/\/www.ekbeauty.be\/wp-content\/uploads\/2021\/11\/Mesoestetic-aox-ferulic.webp",1200,1200,false],"trp-custom-language-flag":["https:\/\/www.ekbeauty.be\/wp-content\/uploads\/2021\/11\/Mesoestetic-aox-ferulic-12x12.webp",12,12,true],"woocommerce_archive_thumbnail":["https:\/\/www.ekbeauty.be\/wp-content\/uploads\/2021\/11\/Mesoestetic-aox-ferulic-300x300.webp",300,300,true],"woocommerce_thumbnail":["https:\/\/www.ekbeauty.be\/wp-content\/uploads\/2021\/11\/Mesoestetic-aox-ferulic-300x300.webp",300,300,true],"woocommerce_single":["https:\/\/www.ekbeauty.be\/wp-content\/uploads\/2021\/11\/Mesoestetic-aox-ferulic-600x600.webp",600,600,true],"woocommerce_gallery_thumbnail":["https:\/\/www.ekbeauty.be\/wp-content\/uploads\/2021\/11\/Mesoestetic-aox-ferulic-100x100.webp",100,100,true]},"uagb_author_info":{"display_name":"Eren Gonca","author_link":"https:\/\/www.ekbeauty.be\/fr\/author\/"},"uagb_comment_info":0,"uagb_excerpt":"Het belangrijkste cellulaire proces dat weefselveroudering en zichtbare tekenen van huidveroudering veroorzaakt is oxidatie. Dit proces speelt zich diep in de cellen af en wordt veroorzaakt door zaken als: \u2022 Blootstelling aan de zon(UVA, UVB, HEV, IR), \u2022 milieuvervuiling, \u2022 de ozon \u2022 Slaapproblemen, \u2022 kunstmatige lichtbronnen (HEV), \u2022 roken, \u2022 eetgewoonten, \u2022 ongeschikte cosmetica,\u2026","_links":{"self":[{"href":"https:\/\/www.ekbeauty.be\/fr\/wp-json\/wp\/v2\/product\/29210","targetHints":{"allow":["GET"]}}],"collection":[{"href":"https:\/\/www.ekbeauty.be\/fr\/wp-json\/wp\/v2\/product"}],"about":[{"href":"https:\/\/www.ekbeauty.be\/fr\/wp-json\/wp\/v2\/types\/product"}],"replies":[{"embeddable":true,"href":"https:\/\/www.ekbeauty.be\/fr\/wp-json\/wp\/v2\/comments?post=29210"}],"wp:featuredmedia":[{"embeddable":true,"href":"https:\/\/www.ekbeauty.be\/fr\/wp-json\/wp\/v2\/media\/52086"}],"wp:attachment":[{"href":"https:\/\/www.ekbeauty.be\/fr\/wp-json\/wp\/v2\/media?parent=29210"}],"wp:term":[{"taxonomy":"product_brand","embeddable":true,"href":"https:\/\/www.ekbeauty.be\/fr\/wp-json\/wp\/v2\/product_brand?post=29210"},{"taxonomy":"product_cat","embeddable":true,"href":"https:\/\/www.ekbeauty.be\/fr\/wp-json\/wp\/v2\/product_cat?post=29210"},{"taxonomy":"product_tag","embeddable":true,"href":"https:\/\/www.ekbeauty.be\/fr\/wp-json\/wp\/v2\/product_tag?post=29210"}],"curies":[{"name":"wp","href":"https:\/\/api.w.org\/{rel}","templated":true}]}}