{"id":29439,"date":"2022-01-11T18:04:16","date_gmt":"2022-01-11T17:04:16","guid":{"rendered":"https:\/\/www.ekbeauty.be\/?post_type=product&#038;p=29439"},"modified":"2025-02-18T15:19:28","modified_gmt":"2025-02-18T14:19:28","slug":"mesoestetic-melan-recovery","status":"publish","type":"product","link":"https:\/\/www.ekbeauty.be\/fr\/produit\/mesoestetic-melan-recovery\/","title":{"rendered":"R\u00e9cup\u00e9ration m\u00e9soestetique de Melan"},"content":{"rendered":"<h2>R\u00e9cup\u00e9ration m\u00e9soestetique de Melan<\/h2>\n<p>R\u00e9cup\u00e9ration m\u00e9soestetique de M\u00e9lan. Cr\u00e8me apaisante et r\u00e9paratrice pour r\u00e9duire les rougeurs et les irritations. Procure une sensation imm\u00e9diate d'apaisement. Restaure la barri\u00e8re cutan\u00e9e et donne du confort \u00e0 la peau apr\u00e8s les peelings et le traitement Cosmelan, entre autres. Il peut \u00eatre utilis\u00e9 plusieurs fois par jour.<\/p>\n<h2><strong>\u00c9tat de la peau<\/strong><\/h2>\n<ul>\n<li>peau sensible<\/li>\n<li>peau d\u00e9shydrat\u00e9e<\/li>\n<li>apr\u00e8s les \u00e9pluchures<\/li>\n<li>apr\u00e8s le traitement cosmelan<\/li>\n<\/ul>\n<h2>Avantages<\/h2>\n<ul>\n<li>hydratant<\/li>\n<li>adoucissement<\/li>\n<li>restaurateur<\/li>\n<li>anti-inflammatoire<\/li>\n<li>r\u00e9duit la sensation de tension<\/li>\n<li>r\u00e9duit les picotements et les br\u00fblures<\/li>\n<li>am\u00e9liore la r\u00e9sistance de la peau<\/li>\n<li>r\u00e9duit l'irritation<\/li>\n<li>Pr\u00e9vient la formation de nouvelles taches de pigmentation<\/li>\n<li>unifie le teint de la peau<\/li>\n<li>id\u00e9al apr\u00e8s les traitements peeling<\/li>\n<li>Id\u00e9al apr\u00e8s le traitement Cosmelan 1<\/li>\n<\/ul>\n<h2><strong>Ingr\u00e9dients actifs<\/strong><\/h2>\n<ol>\n<li>niacinamide<\/li>\n<li>beurre de karit\u00e9<\/li>\n<li>alpha bisabolol<\/li>\n<li>d\u00e9fense pr\u00e9biotique<\/li>\n<li>extrait de rhodosorus marinus<\/li>\n<\/ol>","protected":false},"excerpt":{"rendered":"<h2>R\u00e9cup\u00e9ration m\u00e9soestetique de Melan<\/h2>\n<p>R\u00e9cup\u00e9ration m\u00e9soestetique de M\u00e9lan. Cr\u00e8me apaisante et r\u00e9paratrice pour r\u00e9duire les rougeurs et les irritations. Procure une sensation imm\u00e9diate d'apaisement. Restaure la barri\u00e8re cutan\u00e9e et donne du confort \u00e0 la peau apr\u00e8s les peelings et le traitement Cosmelan, entre autres. Il peut \u00eatre utilis\u00e9 plusieurs fois par jour.<\/p>\n<h2><strong>\u00c9tat de la peau<\/strong><\/h2>\n<ul>\n<li>peau sensible<\/li>\n<li>peau d\u00e9shydrat\u00e9e<\/li>\n<li>apr\u00e8s les \u00e9pluchures<\/li>\n<li>apr\u00e8s le traitement cosmelan<\/li>\n<\/ul>\n<h2>Avantages<\/h2>\n<ul>\n<li>hydratant<\/li>\n<li>adoucissement<\/li>\n<li>restaurateur<\/li>\n<li>anti-inflammatoire<\/li>\n<li>r\u00e9duit la sensation de tension<\/li>\n<li>r\u00e9duit les picotements et les br\u00fblures<\/li>\n<li>am\u00e9liore la r\u00e9sistance de la peau<\/li>\n<li>r\u00e9duit l'irritation<\/li>\n<li>Pr\u00e9vient la formation de nouvelles taches de pigmentation<\/li>\n<li>unifie le teint de la peau<\/li>\n<li>id\u00e9al apr\u00e8s les traitements peeling<\/li>\n<li>Id\u00e9al apr\u00e8s le traitement Cosmelan 1<\/li>\n<\/ul>\n<h2><strong>Ingr\u00e9dients actifs<\/strong><\/h2>\n<ol>\n<li>niacinamide<\/li>\n<li>beurre de karit\u00e9<\/li>\n<li>alpha bisabolol<\/li>\n<li>d\u00e9fense pr\u00e9biotique<\/li>\n<li>extrait de rhodosorus marinus<\/li>\n<\/ol>","protected":false},"featured_media":29440,"comment_status":"open","ping_status":"closed","template":"","meta":{"_surecart_dashboard_logo_width":"180px","_surecart_dashboard_show_logo":true,"_surecart_dashboard_navigation_orders":true,"_surecart_dashboard_navigation_invoices":true,"_surecart_dashboard_navigation_subscriptions":true,"_surecart_dashboard_navigation_downloads":true,"_surecart_dashboard_navigation_billing":true,"_surecart_dashboard_navigation_account":true,"_uag_custom_page_level_css":""},"product_brand":[],"product_cat":[220],"product_tag":[],"class_list":{"0":"post-29439","1":"product","2":"type-product","3":"status-publish","4":"has-post-thumbnail","6":"product_cat-nachtcremes-2","8":"first","9":"instock","10":"taxable","11":"shipping-taxable","12":"purchasable","13":"product-type-simple"},"uagb_featured_image_src":{"full":["https:\/\/www.ekbeauty.be\/wp-content\/uploads\/2022\/01\/mesoestetic-melan-recovery.jpg",309,465,false],"thumbnail":["https:\/\/www.ekbeauty.be\/wp-content\/uploads\/2022\/01\/mesoestetic-melan-recovery-150x150.jpg",150,150,true],"medium":["https:\/\/www.ekbeauty.be\/wp-content\/uploads\/2022\/01\/mesoestetic-melan-recovery-199x300.jpg",199,300,true],"medium_large":["https:\/\/www.ekbeauty.be\/wp-content\/uploads\/2022\/01\/mesoestetic-melan-recovery.jpg",309,465,false],"large":["https:\/\/www.ekbeauty.be\/wp-content\/uploads\/2022\/01\/mesoestetic-melan-recovery.jpg",309,465,false],"1536x1536":["https:\/\/www.ekbeauty.be\/wp-content\/uploads\/2022\/01\/mesoestetic-melan-recovery.jpg",309,465,false],"2048x2048":["https:\/\/www.ekbeauty.be\/wp-content\/uploads\/2022\/01\/mesoestetic-melan-recovery.jpg",309,465,false],"trp-custom-language-flag":["https:\/\/www.ekbeauty.be\/wp-content\/uploads\/2022\/01\/mesoestetic-melan-recovery-8x12.jpg",8,12,true],"woocommerce_archive_thumbnail":["https:\/\/www.ekbeauty.be\/wp-content\/uploads\/2022\/01\/mesoestetic-melan-recovery-300x451.jpg",300,451,true],"woocommerce_thumbnail":["https:\/\/www.ekbeauty.be\/wp-content\/uploads\/2022\/01\/mesoestetic-melan-recovery-300x300.jpg",300,300,true],"woocommerce_single":["https:\/\/www.ekbeauty.be\/wp-content\/uploads\/2022\/01\/mesoestetic-melan-recovery.jpg",309,465,false],"woocommerce_gallery_thumbnail":["https:\/\/www.ekbeauty.be\/wp-content\/uploads\/2022\/01\/mesoestetic-melan-recovery-100x100.jpg",100,100,true]},"uagb_author_info":{"display_name":"Eren Gonca","author_link":"https:\/\/www.ekbeauty.be\/fr\/author\/"},"uagb_comment_info":0,"uagb_excerpt":"Mesoestetic Melan Recovery Mesoestetic Melan Recovery. Verzachtende en herstellende creme voor het verminderen van roodheid en irritaties. Zorgt direct voor een kalmerend gevoel. Herstelt de huidbarriere en geeft de huid comfort na o.a. peelingen en Cosmelan behandeling. Hij mag dan ook meerdere keren per dag worden gebruikt. Huidconditie gevoelige huid vochtarme huid na peelingen na\u2026","_links":{"self":[{"href":"https:\/\/www.ekbeauty.be\/fr\/wp-json\/wp\/v2\/product\/29439","targetHints":{"allow":["GET"]}}],"collection":[{"href":"https:\/\/www.ekbeauty.be\/fr\/wp-json\/wp\/v2\/product"}],"about":[{"href":"https:\/\/www.ekbeauty.be\/fr\/wp-json\/wp\/v2\/types\/product"}],"replies":[{"embeddable":true,"href":"https:\/\/www.ekbeauty.be\/fr\/wp-json\/wp\/v2\/comments?post=29439"}],"wp:featuredmedia":[{"embeddable":true,"href":"https:\/\/www.ekbeauty.be\/fr\/wp-json\/wp\/v2\/media\/29440"}],"wp:attachment":[{"href":"https:\/\/www.ekbeauty.be\/fr\/wp-json\/wp\/v2\/media?parent=29439"}],"wp:term":[{"taxonomy":"product_brand","embeddable":true,"href":"https:\/\/www.ekbeauty.be\/fr\/wp-json\/wp\/v2\/product_brand?post=29439"},{"taxonomy":"product_cat","embeddable":true,"href":"https:\/\/www.ekbeauty.be\/fr\/wp-json\/wp\/v2\/product_cat?post=29439"},{"taxonomy":"product_tag","embeddable":true,"href":"https:\/\/www.ekbeauty.be\/fr\/wp-json\/wp\/v2\/product_tag?post=29439"}],"curies":[{"name":"wp","href":"https:\/\/api.w.org\/{rel}","templated":true}]}}