{"id":29469,"date":"2022-01-19T16:19:30","date_gmt":"2022-01-19T15:19:30","guid":{"rendered":"https:\/\/www.ekbeauty.be\/?post_type=product&#038;p=29469"},"modified":"2022-04-18T11:02:57","modified_gmt":"2022-04-18T09:02:57","slug":"masterclass-voor-beginners-19-en-20-maart-geen-ervaring-nodig-e3600-exclusief-btw","status":"publish","type":"product","link":"https:\/\/www.ekbeauty.be\/fr\/produit\/masterclass-voor-beginners-19-en-20-maart-geen-ervaring-nodig-e3600-exclusief-btw\/","title":{"rendered":"MASTERCLASS pour les d\u00e9butants"},"content":{"rendered":"","protected":false},"excerpt":{"rendered":"<p><strong>Esth\u00e9ticienne : un m\u00e9tier polyvalent dans un secteur amusant.<\/strong><\/p>\n<p>Ce cours de d\u00e9marrage Masterclass est un cours complet de 2 jours qui vous formera pour devenir une <strong>mille-pattes<\/strong> dans les traitements m\u00e9dicaux et relaxants.<\/p>\n<p>Votre objectif en tant qu'esth\u00e9ticienne est double : vous aidez les gens \u00e0 retrouver leur beaut\u00e9 naturelle.<strong> promouvoir<\/strong> et vous offrez un moment de d\u00e9tente en m\u00eame temps.<\/p>\n<p>Il est donc gratifiant de voir comment vos clients quittent votre salon ou votre maison apr\u00e8s coup, comme ren\u00e9s.<\/p>\n<p>Vous pouvez donner aux gens leur<strong> probl\u00e8mes de peau<\/strong> et r\u00e9pondent \u00e0 tous les probl\u00e8mes de peau.<\/p>\n<p><strong>Le m\u00e9tier d'esth\u00e9ticienne, aux multiples facettes.<\/strong><\/p>\n<p>Quels sont les sujets abord\u00e9s dans les le\u00e7ons ?<\/p>\n<ul>\n<li>Types de soins du visage<\/li>\n<li>Anatomie de la peau<\/li>\n<li>Types de peau<\/li>\n<li>Types de probl\u00e8mes de peau<\/li>\n<li>Types de traitements<\/li>\n<li>Cuir du produit<\/li>\n<li>\u00c9liminer les impuret\u00e9s<\/li>\n<li>S\u00e9curit\u00e9<\/li>\n<li>Ce que vous pouvez et ne pouvez pas faire<\/li>\n<li>Conseils et astuces d'Eren<\/li>\n<li>Opinions sur Instagram<\/li>\n<li>Examen<\/li>\n<\/ul>\n<p>Tout est couvert pendant cette Master Class pour d\u00e9butants.<\/p>\n<p>Vous commencerez imm\u00e9diatement \u00e0 travailler vous-m\u00eame avec tous ces traitements. Bien que les le\u00e7ons pratiques pr\u00e9dominent, vous pouvez<strong> th\u00e9orique<\/strong> Les connaissances ne manquent certainement pas.<\/p>\n<p>Vous apprendrez tout sur l'anatomie, la pathologie et la physiologie humaines pour l'exercice responsable de vos fonctions d'esth\u00e9ticienne. D'autres sujets essentiels sont le travail s\u00fbr et hygi\u00e9nique, la th\u00e9orie des produits, la gestion des salons et le travail orient\u00e9 vers le client.<\/p>\n<p><strong>Les avantages de cette formation d'esth\u00e9ticienne ?<\/strong><\/p>\n<p>Cette formation professionnelle pour les esth\u00e9ticiennes est unique \u00e0 plusieurs \u00e9gards.<\/p>\n<p>Les le\u00e7ons sont donn\u00e9es par moi !<\/p>\n<p><strong>8+<\/strong> Ann\u00e9es d'exp\u00e9rience.<\/p>\n<p>Les offres limit\u00e9es sont \u00e9galement un <strong>avantage.<\/strong><\/p>\n<p>Cette classe de ma\u00eetre est \u00e9galement uniquement <strong>1x<\/strong> dans l'ann\u00e9e.<\/p>\n<p>Masterclass d\u00e9butants max<strong> 8 \u00e0 10 personnes peuvent s'inscrire.<\/strong><\/p>\n<p>L'attention personnelle va donc de soi. Vous n'avez pas besoin d'un mod\u00e8le, mais entra\u00eenez-vous les uns sur les autres. De cette fa\u00e7on, vous savez aussi comment les traitements sont ressentis.<\/p>\n<p><strong>Emplacement :<\/strong><\/p>\n<p>H\u00f4tel CROWNE PLAZA ANTWERPEN , Gerard le Grellelaan 10, 2020 Antwerpen<\/p>\n<p><strong>Inclus :<\/strong><\/p>\n<p>Le d\u00e9jeuner est inclus :<br \/>\n- S\u00e9lection de diff\u00e9rents sandwichs<br \/>\n- En-cas chaud ou soupe<br \/>\n- S\u00e9lection de salades<br \/>\n- S\u00e9lection de desserts<br \/>\n- Eau, caf\u00e9 et th\u00e9<\/p>\n<ul>\n<li>Parking<\/li>\n<li>WIFI gratuit<\/li>\n<li>Pause caf\u00e9 permanente dans le salon<\/li>\n<\/ul>\n<p><strong>Que ramenez-vous chez vous ?<\/strong><\/p>\n<ul>\n<li>Pousseurs de com\u00e9dons de HAUTE qualit\u00e9 ( pour enlever les points noirs, les impuret\u00e9s )<\/li>\n<li>2 jours Certificat.<\/li>\n<li>Sac de goodies ( EK DERMAROLLER + miniatures de IMAGE SKINCARE + MESOESTETIC.<\/li>\n<li>Apr\u00e8s notre formation, vous pouvez vous inscrire aupr\u00e8s de Mesoestetic ou Image Skincare avec nos certificats.<\/li>\n<li>Avec les testeurs des marques que vous recevez, vous pouvez d\u00e9j\u00e0 traiter plus de 20 clients et sortir la moiti\u00e9 de vos co\u00fbts.<\/li>\n<li>Vous pouvez emporter chez vous le mat\u00e9riel d'\u00e9tude complet dans une couverture.<\/li>\n<\/ul>\n<p><strong>Quand cela se produira-t-il ?<\/strong><\/p>\n<p>17 et 18 mars<\/p>\n<p>1er jour th\u00e9orie compl\u00e8te. 2\u00e8me jour : demi-journ\u00e9e de th\u00e9orie puis de pratique.<\/p>\n<p><strong>Programme sommaire :<\/strong><\/p>\n<p><strong>10:30 tout le monde se rassemble au bureau d'entr\u00e9e.<\/strong><\/p>\n<p>Veuillez noter que les le\u00e7ons peuvent encore \u00eatre adapt\u00e9es et r\u00e9parties sur les 2 jours.<\/p>\n<p>Ce sch\u00e9ma est un r\u00e9sum\u00e9.<\/p>\n<p>10:30 - 11:30 = D\u00e9but Introduction \/ Bienvenue<\/p>\n<p>11:30 - 12-30 = Le\u00e7on 1 ( Anatomie + analyses de la peau )<\/p>\n<p>12:30 - 12:45 = Pause caf\u00e9<\/p>\n<p>12:45 - 14:00 = Le\u00e7on2 (Les types de peau)<\/p>\n<p>14:00 - 15:00 = D\u00e9jeuner<\/p>\n<p>15:00 - 16:00 = Le\u00e7on 3 (Am\u00e9lioration de la peau)<\/p>\n<p>16:00 - 17:00 = Le\u00e7on4 ( Types de traitement )<\/p>\n<p>17:00 - 17:30 = Tour de questions ( peut s'\u00e9puiser )<\/p>\n<p><strong>Jour 2<\/strong><\/p>\n<p>10h30 = D\u00e9part<\/p>\n<p>10:30 - 11:30 = S\u00e9curit\u00e9<\/p>\n<p>11:30 - 12:30 = Utilisation des m\u00e9dias sociaux<\/p>\n<p>12:30 - 12:45 = Pause caf\u00e9<\/p>\n<p>12:45 - 13-30 = Pratique<\/p>\n<p>13:30 - 14:30 = D\u00e9jeuner<\/p>\n<p>14:30 - 16:00 = Pratique<\/p>\n<p>16:00 - 16:15 = Pause caf\u00e9<\/p>\n<p>16:15 - 17:30 = Pratique<\/p>\n<p>17:30 - 18:00 = Examen + c\u00e9r\u00e9monie de remise des certificats<\/p>\n<p>Veuillez noter que les horaires peuvent varier !<\/p>\n<p><strong>C'est bon \u00e0 savoir !<\/strong><\/p>\n<p>Vous pouvez avoir la chance de faire un stage \u00e0 la CLINIQUE EKBEAUTY pendant une journ\u00e9e enti\u00e8re !<\/p>\n<p><strong>Qui ?<\/strong><\/p>\n<p>Ceux qui obtiennent 10\/10 \u00e0 leur examen \ud83d\ude42 ...<\/p>\n<p><strong>Qu'est-ce que vous emportez avec vous ?<\/strong><\/p>\n<p>Juste une bonne humeur \ud83d\ude42<\/p>\n<p><strong>Mettez-vous au travail imm\u00e9diatement !<\/strong><\/p>\n<p>A partir d'aujourd'hui, vous pouvez d\u00e9j\u00e0 commencer \u00e0 ouvrir votre page instagram avant de commencer avec nos formations !<\/p>\n<p>( Nous allons marquer tout le monde pendant les formations )<\/p>\n<p>+ 21k followers de EK BEAUTY CLINIC.<\/p>\n<p><strong>Paiement\u00a0<\/strong><\/p>\n<p>Le montant total est de : \u20ac3000-, hors TVA.<\/p>\n<p>Vous payez \u20ac1000-, comme d\u00e9p\u00f4t pour vous inscrire.<\/p>\n<p>Et le 17 mars, vous payez 2000 \u20ac,<\/p>\n<p>Vous voulez tout via <strong>contact bancaire<\/strong> Si vous souhaitez payer, veuillez nous envoyer un e-mail (info@ekbeauty.be).<\/p>\n<p><strong>Veuillez noter<\/strong> alors vous obtenez un <strong>facture<\/strong> et y aura-t-il alors <strong>TVA de 756 euros.<\/strong><\/p>\n<p><strong>Voulez-vous payer en plusieurs fois ?<\/strong><\/p>\n<p>Le paiement anticip\u00e9 est alors de 1000 \u20ac \u00e0 l'inscription<\/p>\n<p>Ensuite, vous payez apr\u00e8s votre avance, le 15 f\u00e9vrier 1000 \u20ac.<\/p>\n<p>et le jour de votre formation 17 mars \u20ac1000<\/p>\n<p>Vous en serez alors inform\u00e9 par e-mail.<\/p>\n<p>&nbsp;<\/p>","protected":false},"featured_media":29470,"comment_status":"open","ping_status":"closed","template":"","meta":{"_surecart_dashboard_logo_width":"180px","_surecart_dashboard_show_logo":true,"_surecart_dashboard_navigation_orders":true,"_surecart_dashboard_navigation_invoices":true,"_surecart_dashboard_navigation_subscriptions":true,"_surecart_dashboard_navigation_downloads":true,"_surecart_dashboard_navigation_billing":true,"_surecart_dashboard_navigation_account":true,"_uag_custom_page_level_css":""},"product_brand":[],"product_cat":[223],"product_tag":[],"class_list":{"0":"post-29469","1":"product","2":"type-product","3":"status-publish","4":"has-post-thumbnail","6":"product_cat-geen","8":"first","9":"instock","10":"taxable","11":"shipping-taxable","12":"purchasable","13":"product-type-simple"},"uagb_featured_image_src":{"full":["https:\/\/www.ekbeauty.be\/wp-content\/uploads\/2022\/01\/starter.png",640,640,false],"thumbnail":["https:\/\/www.ekbeauty.be\/wp-content\/uploads\/2022\/01\/starter-150x150.png",150,150,true],"medium":["https:\/\/www.ekbeauty.be\/wp-content\/uploads\/2022\/01\/starter-300x300.png",300,300,true],"medium_large":["https:\/\/www.ekbeauty.be\/wp-content\/uploads\/2022\/01\/starter.png",640,640,false],"large":["https:\/\/www.ekbeauty.be\/wp-content\/uploads\/2022\/01\/starter.png",640,640,false],"1536x1536":["https:\/\/www.ekbeauty.be\/wp-content\/uploads\/2022\/01\/starter.png",640,640,false],"2048x2048":["https:\/\/www.ekbeauty.be\/wp-content\/uploads\/2022\/01\/starter.png",640,640,false],"trp-custom-language-flag":["https:\/\/www.ekbeauty.be\/wp-content\/uploads\/2022\/01\/starter-12x12.png",12,12,true],"woocommerce_archive_thumbnail":["https:\/\/www.ekbeauty.be\/wp-content\/uploads\/2022\/01\/starter-300x300.png",300,300,true],"woocommerce_thumbnail":["https:\/\/www.ekbeauty.be\/wp-content\/uploads\/2022\/01\/starter-300x300.png",300,300,true],"woocommerce_single":["https:\/\/www.ekbeauty.be\/wp-content\/uploads\/2022\/01\/starter-600x600.png",600,600,true],"woocommerce_gallery_thumbnail":["https:\/\/www.ekbeauty.be\/wp-content\/uploads\/2022\/01\/starter-100x100.png",100,100,true]},"uagb_author_info":{"display_name":"Eren Gonca","author_link":"https:\/\/www.ekbeauty.be\/fr\/author\/"},"uagb_comment_info":0,"uagb_excerpt":"Schoonheidsspecialiste: een veelzijdige job in een leuke branche. Deze opleiding Masterclass starter is een complete 2 daagse opleiding die je opleidt tot een duizendpoot in medische en ontspannende behandelingen. Je doel als schoonheidsspecialiste is tweeledig; je helpt mensen om hun natuurlijke schoonheid te bevorderen en je biedt tegelijkertijd een moment van ontspanning. Het is dan\u2026","_links":{"self":[{"href":"https:\/\/www.ekbeauty.be\/fr\/wp-json\/wp\/v2\/product\/29469","targetHints":{"allow":["GET"]}}],"collection":[{"href":"https:\/\/www.ekbeauty.be\/fr\/wp-json\/wp\/v2\/product"}],"about":[{"href":"https:\/\/www.ekbeauty.be\/fr\/wp-json\/wp\/v2\/types\/product"}],"replies":[{"embeddable":true,"href":"https:\/\/www.ekbeauty.be\/fr\/wp-json\/wp\/v2\/comments?post=29469"}],"wp:featuredmedia":[{"embeddable":true,"href":"https:\/\/www.ekbeauty.be\/fr\/wp-json\/wp\/v2\/media\/29470"}],"wp:attachment":[{"href":"https:\/\/www.ekbeauty.be\/fr\/wp-json\/wp\/v2\/media?parent=29469"}],"wp:term":[{"taxonomy":"product_brand","embeddable":true,"href":"https:\/\/www.ekbeauty.be\/fr\/wp-json\/wp\/v2\/product_brand?post=29469"},{"taxonomy":"product_cat","embeddable":true,"href":"https:\/\/www.ekbeauty.be\/fr\/wp-json\/wp\/v2\/product_cat?post=29469"},{"taxonomy":"product_tag","embeddable":true,"href":"https:\/\/www.ekbeauty.be\/fr\/wp-json\/wp\/v2\/product_tag?post=29469"}],"curies":[{"name":"wp","href":"https:\/\/api.w.org\/{rel}","templated":true}]}}