{"id":29476,"date":"2022-01-19T17:50:09","date_gmt":"2022-01-19T16:50:09","guid":{"rendered":"https:\/\/www.ekbeauty.be\/?post_type=product&#038;p=29476"},"modified":"2022-02-01T16:34:39","modified_gmt":"2022-02-01T15:34:39","slug":"private-lessons-datum-spreekbaar-starters-gevorderd-e6000-exclusief-btw","status":"publish","type":"product","link":"https:\/\/www.ekbeauty.be\/fr\/produit\/private-lessons-datum-spreekbaar-starters-gevorderd-e6000-exclusief-btw\/","title":{"rendered":"LE\u00c7ONS PRIV\u00c9ES ( Date conseill\u00e9e ) Starters\/Edwards 6000 \u20ac-, TVA NON COMPRISE"},"content":{"rendered":"<p><strong>Esth\u00e9ticienne : un m\u00e9tier polyvalent dans un secteur amusant.<\/strong><\/p>\n<p>Ce cours avanc\u00e9 Private Masterclass est un cours complet d'une journ\u00e9e qui vous formera pour devenir un <strong>mille-pattes<\/strong>\u00a0dans les traitements m\u00e9dicaux et relaxants.<\/p>\n<p>Votre objectif en tant qu'esth\u00e9ticienne est double : vous aidez les gens \u00e0 retrouver leur beaut\u00e9 naturelle.<strong>\u00a0promouvoir<\/strong>\u00a0et vous offrez un moment de d\u00e9tente en m\u00eame temps.<\/p>\n<p>Il est donc gratifiant de voir comment vos clients quittent votre salon ou votre maison apr\u00e8s coup, comme ren\u00e9s.<\/p>\n<p>Vous pouvez donner aux gens leur<strong>\u00a0probl\u00e8mes de peau<\/strong>\u00a0et r\u00e9pondent \u00e0 tous les probl\u00e8mes de peau.<\/p>\n<p><strong>Le m\u00e9tier d'esth\u00e9ticienne, aux multiples facettes.<\/strong><\/p>\n<p>Quels sont les sujets abord\u00e9s dans les le\u00e7ons ?<\/p>\n<ul>\n<li>Types de soins du visage<\/li>\n<li>Anatomie de la peau<\/li>\n<li>Types de peau<\/li>\n<li>Types de probl\u00e8mes de peau<\/li>\n<li>Analyses de la peau<\/li>\n<li>Types de traitements<\/li>\n<li>Cuir du produit<\/li>\n<li>\u00c9liminer les impuret\u00e9s<\/li>\n<li>S\u00e9curit\u00e9<\/li>\n<li>Ce que vous pouvez et ne pouvez pas faire<\/li>\n<li>Conseils et astuces d'Eren<\/li>\n<li>Opinions sur Instagram<\/li>\n<li>Tour de questions<\/li>\n<li>Examen<\/li>\n<li>Quiz<\/li>\n<\/ul>\n<p>Tout est couvert pendant cette Masterclass.<\/p>\n<p>Vous commencerez imm\u00e9diatement \u00e0 travailler vous-m\u00eame avec tous ces traitements. Bien que les le\u00e7ons pratiques pr\u00e9dominent, vous pouvez<strong>\u00a0th\u00e9orique<\/strong>\u00a0Les connaissances ne manquent certainement pas.<\/p>\n<p>Vous apprendrez tout sur l'anatomie, la pathologie et la physiologie humaines pour l'exercice responsable de vos fonctions d'esth\u00e9ticienne. D'autres sujets essentiels sont le travail s\u00fbr et hygi\u00e9nique, la th\u00e9orie des produits, la gestion des salons et le travail orient\u00e9 vers le client.<\/p>\n<p><strong>Les avantages de cette formation d'esth\u00e9ticienne ?<\/strong><\/p>\n<p>Cette formation professionnelle pour les esth\u00e9ticiennes est unique \u00e0 plusieurs \u00e9gards.<\/p>\n<p>Les le\u00e7ons sont donn\u00e9es par moi !<\/p>\n<p><strong>8+<\/strong>\u00a0Ann\u00e9es d'exp\u00e9rience.<\/p>\n<p>Les offres limit\u00e9es sont \u00e9galement un\u00a0<strong>avantage.<\/strong><\/p>\n<p>L'attention personnelle va donc de soi. Vous n'avez pas besoin d'un mod\u00e8le, mais entra\u00eenez-vous les uns sur les autres. De cette fa\u00e7on, vous savez aussi comment les traitements sont ressentis.<\/p>\n<p><strong>Emplacement :<\/strong><\/p>\n<p>Lelieplaats 7, 2660 hoboken<\/p>\n<p>CLINIQUE DE BEAUT\u00c9 AU ROYAUME-UNI<\/p>\n<p>&nbsp;<\/p>\n<p><strong>Inclus :<\/strong><\/p>\n<p>Le d\u00e9jeuner est inclus :<br \/>\nParking, WIFI gratuit<\/p>\n<p><strong>Quand cela se produira-t-il ?<\/strong><\/p>\n<p>\u00e0 des dates convenues<\/p>\n<p>1 jour complet<\/p>\n<p>Veuillez noter que les horaires peuvent varier !<\/p>\n<p><strong>C'est bon \u00e0 savoir !<\/strong><\/p>\n<p>Vous pouvez avoir la chance de faire un stage \u00e0 la CLINIQUE EKBEAUTY pendant une journ\u00e9e enti\u00e8re !<\/p>\n<p><strong>Qui ?<\/strong><\/p>\n<p>Ceux qui obtiennent 10\/10 \u00e0 leur examen\u00a0<img decoding=\"async\" class=\"emoji\" role=\"img\" draggable=\"false\" src=\"https:\/\/s.w.org\/images\/core\/emoji\/13.1.0\/svg\/1f642.svg\" alt=\"\ud83d\ude42\" \/><\/p>\n<p><strong>Qu'est-ce que vous emportez avec vous ?<\/strong><\/p>\n<p>Juste une bonne humeur\u00a0<img decoding=\"async\" class=\"emoji\" role=\"img\" draggable=\"false\" src=\"https:\/\/s.w.org\/images\/core\/emoji\/13.1.0\/svg\/1f642.svg\" alt=\"\ud83d\ude42\" \/><\/p>\n<p>&nbsp;<\/p>\n<p><strong>Paiement\u00a0<\/strong><\/p>\n<p>Le montant total est de 6000 \u20ac, hors TVA.<\/p>\n<p>Vous payez \u20ac1000-, comme d\u00e9p\u00f4t pour vous inscrire.<\/p>\n<p>Vous voulez tout via\u00a0<strong>contact bancaire<\/strong> Si vous souhaitez payer, veuillez nous envoyer un e-mail (info@ekbeauty.be).<\/p>\n<p><strong>Veuillez noter<\/strong>\u00a0alors vous obtenez un\u00a0<strong>facture<\/strong>\u00a0et y aura-t-il alors\u00a0<strong>TVA de 1 260 euros.<\/strong><\/p>","protected":false},"excerpt":{"rendered":"<p>Schoonheidsspecialiste: een veelzijdige job in een leuke branche. Deze opleiding Prive Masterclass advanced is een complete 1 daagse opleiding die je opleidt tot een duizendpoot\u00a0in medische en ontspannende behandelingen. Je doel als schoonheidsspecialiste is tweeledig; je helpt mensen om hun natuurlijke schoonheid te\u00a0bevorderen\u00a0en je biedt tegelijkertijd een moment van ontspanning. Het is dan ook lonend [&hellip;]<\/p>\n","protected":false},"featured_media":29477,"comment_status":"open","ping_status":"closed","template":"","meta":{"_surecart_dashboard_logo_width":"180px","_surecart_dashboard_show_logo":true,"_surecart_dashboard_navigation_orders":true,"_surecart_dashboard_navigation_invoices":true,"_surecart_dashboard_navigation_subscriptions":true,"_surecart_dashboard_navigation_downloads":true,"_surecart_dashboard_navigation_billing":true,"_surecart_dashboard_navigation_account":true,"_uag_custom_page_level_css":""},"product_brand":[],"product_cat":[223],"product_tag":[],"class_list":{"0":"post-29476","1":"product","2":"type-product","3":"status-publish","4":"has-post-thumbnail","6":"product_cat-geen","8":"first","9":"instock","10":"taxable","11":"shipping-taxable","12":"purchasable","13":"product-type-simple"},"uagb_featured_image_src":{"full":["https:\/\/www.ekbeauty.be\/wp-content\/uploads\/2022\/01\/prive.png",640,640,false],"thumbnail":["https:\/\/www.ekbeauty.be\/wp-content\/uploads\/2022\/01\/prive-150x150.png",150,150,true],"medium":["https:\/\/www.ekbeauty.be\/wp-content\/uploads\/2022\/01\/prive-300x300.png",300,300,true],"medium_large":["https:\/\/www.ekbeauty.be\/wp-content\/uploads\/2022\/01\/prive.png",640,640,false],"large":["https:\/\/www.ekbeauty.be\/wp-content\/uploads\/2022\/01\/prive.png",640,640,false],"1536x1536":["https:\/\/www.ekbeauty.be\/wp-content\/uploads\/2022\/01\/prive.png",640,640,false],"2048x2048":["https:\/\/www.ekbeauty.be\/wp-content\/uploads\/2022\/01\/prive.png",640,640,false],"trp-custom-language-flag":["https:\/\/www.ekbeauty.be\/wp-content\/uploads\/2022\/01\/prive-12x12.png",12,12,true],"woocommerce_archive_thumbnail":["https:\/\/www.ekbeauty.be\/wp-content\/uploads\/2022\/01\/prive-300x300.png",300,300,true],"woocommerce_thumbnail":["https:\/\/www.ekbeauty.be\/wp-content\/uploads\/2022\/01\/prive-300x300.png",300,300,true],"woocommerce_single":["https:\/\/www.ekbeauty.be\/wp-content\/uploads\/2022\/01\/prive-600x600.png",600,600,true],"woocommerce_gallery_thumbnail":["https:\/\/www.ekbeauty.be\/wp-content\/uploads\/2022\/01\/prive-100x100.png",100,100,true]},"uagb_author_info":{"display_name":"Eren Gonca","author_link":"https:\/\/www.ekbeauty.be\/fr\/author\/"},"uagb_comment_info":0,"uagb_excerpt":"Schoonheidsspecialiste: een veelzijdige job in een leuke branche. Deze opleiding Prive Masterclass advanced is een complete 1 daagse opleiding die je opleidt tot een duizendpoot\u00a0in medische en ontspannende behandelingen. Je doel als schoonheidsspecialiste is tweeledig; je helpt mensen om hun natuurlijke schoonheid te\u00a0bevorderen\u00a0en je biedt tegelijkertijd een moment van ontspanning. Het is dan ook lonend\u2026","_links":{"self":[{"href":"https:\/\/www.ekbeauty.be\/fr\/wp-json\/wp\/v2\/product\/29476","targetHints":{"allow":["GET"]}}],"collection":[{"href":"https:\/\/www.ekbeauty.be\/fr\/wp-json\/wp\/v2\/product"}],"about":[{"href":"https:\/\/www.ekbeauty.be\/fr\/wp-json\/wp\/v2\/types\/product"}],"replies":[{"embeddable":true,"href":"https:\/\/www.ekbeauty.be\/fr\/wp-json\/wp\/v2\/comments?post=29476"}],"wp:featuredmedia":[{"embeddable":true,"href":"https:\/\/www.ekbeauty.be\/fr\/wp-json\/wp\/v2\/media\/29477"}],"wp:attachment":[{"href":"https:\/\/www.ekbeauty.be\/fr\/wp-json\/wp\/v2\/media?parent=29476"}],"wp:term":[{"taxonomy":"product_brand","embeddable":true,"href":"https:\/\/www.ekbeauty.be\/fr\/wp-json\/wp\/v2\/product_brand?post=29476"},{"taxonomy":"product_cat","embeddable":true,"href":"https:\/\/www.ekbeauty.be\/fr\/wp-json\/wp\/v2\/product_cat?post=29476"},{"taxonomy":"product_tag","embeddable":true,"href":"https:\/\/www.ekbeauty.be\/fr\/wp-json\/wp\/v2\/product_tag?post=29476"}],"curies":[{"name":"wp","href":"https:\/\/api.w.org\/{rel}","templated":true}]}}