{"id":29978,"date":"2022-02-22T11:41:15","date_gmt":"2022-02-22T10:41:15","guid":{"rendered":"https:\/\/www.ekbeauty.be\/?post_type=product&#038;p=29978"},"modified":"2025-04-07T13:50:22","modified_gmt":"2025-04-07T11:50:22","slug":"mesoestetic-melan-tran3x-concentrate","status":"publish","type":"product","link":"https:\/\/www.ekbeauty.be\/fr\/produit\/mesoestetic-melan-tran3x-concentrate\/","title":{"rendered":"Concentr\u00e9 de mesoestetic Melan tran3x"},"content":{"rendered":"<p>S\u00e9rum pour le traitement des taches brunes et des cicatrices d'acn\u00e9. Ce sont des taches brunes qui sont apparues apr\u00e8s un bouton. Contient des enzymes, des acides lactique, salicylique et mand\u00e9lique.<\/p>\n<h2><strong>Concentr\u00e9 Melan tran3X<\/strong><\/h2>\n<p>Concentr\u00e9 m\u00e9soestetique Melan tran3X. S\u00e9rum pour le traitement des taches pigmentaires.<\/p>\n<h2><strong>\u00c9tat de la peau<\/strong><\/h2>\n<ul>\n<li>taches de pigmentation<\/li>\n<li>cicatrices d'acn\u00e9<\/li>\n<\/ul>\n<h2><strong>Ingr\u00e9dients actifs<\/strong><\/h2>\n<ul>\n<li>5% complexe d'acides enzymatiques comprenant de l'acide mand\u00e9lique, de l'acide salicylique, de l'acide lactique et une enzyme<\/li>\n<\/ul>\n<h2><strong>Utilisation : maximum 1 fois par jour<\/strong><\/h2>\n<ol>\n<li>Nettoyez la peau avec l'Ultimate W+ Whitening Foam de Mesoestetic.<\/li>\n<li>Appliquez le concentr\u00e9 Melan tran3X le matin ou le soir.<\/li>\n<li>Appliquez le gel-cr\u00e8me Melan tran3X le matin ou le soir.<\/li>\n<li>Pendant la journ\u00e9e, appliquez par-dessus un produit de protection solaire Mesoprotech de Mesoestetic.<\/li>\n<\/ol>","protected":false},"excerpt":{"rendered":"<h2><strong>Concentr\u00e9 Melan tran3X<\/strong><\/h2>\n<p>Concentr\u00e9 m\u00e9soestetique Melan tran3X. S\u00e9rum pour le traitement des taches pigmentaires.<\/p>\n<h2><strong>\u00c9tat de la peau<\/strong><\/h2>\n<ul>\n<li>taches de pigmentation<\/li>\n<li>cicatrices d'acn\u00e9<\/li>\n<\/ul>\n<h2><strong>Ingr\u00e9dients actifs<\/strong><\/h2>\n<ul>\n<li>5% complexe d'acides enzymatiques comprenant de l'acide mand\u00e9lique, de l'acide salicylique, de l'acide lactique et une enzyme<\/li>\n<\/ul>\n<h2><strong>Utilisation : maximum 1 fois par jour<\/strong><\/h2>\n<ol>\n<li>Nettoyez la peau avec l'Ultimate W+ Whitening Foam de Mesoestetic.<\/li>\n<li>Appliquez le concentr\u00e9 Melan tran3X le matin ou le soir.<\/li>\n<li>Appliquez le gel-cr\u00e8me Melan tran3X le matin ou le soir.<\/li>\n<li>Pendant la journ\u00e9e, appliquez par-dessus un produit de protection solaire Mesoprotech de Mesoestetic.<\/li>\n<\/ol>","protected":false},"featured_media":29979,"comment_status":"open","ping_status":"closed","template":"","meta":{"_surecart_dashboard_logo_width":"180px","_surecart_dashboard_show_logo":true,"_surecart_dashboard_navigation_orders":true,"_surecart_dashboard_navigation_invoices":true,"_surecart_dashboard_navigation_subscriptions":true,"_surecart_dashboard_navigation_downloads":true,"_surecart_dashboard_navigation_billing":true,"_surecart_dashboard_navigation_account":true,"_uag_custom_page_level_css":""},"product_brand":[],"product_cat":[329],"product_tag":[],"class_list":{"0":"post-29978","1":"product","2":"type-product","3":"status-publish","4":"has-post-thumbnail","6":"product_cat-gezichtsserums","8":"first","9":"instock","10":"taxable","11":"shipping-taxable","12":"purchasable","13":"product-type-simple"},"uagb_featured_image_src":{"full":["https:\/\/www.ekbeauty.be\/wp-content\/uploads\/2022\/02\/mesoestetic-melan-tran3x-concentrate.jpg",289,465,false],"thumbnail":["https:\/\/www.ekbeauty.be\/wp-content\/uploads\/2022\/02\/mesoestetic-melan-tran3x-concentrate-150x150.jpg",150,150,true],"medium":["https:\/\/www.ekbeauty.be\/wp-content\/uploads\/2022\/02\/mesoestetic-melan-tran3x-concentrate-186x300.jpg",186,300,true],"medium_large":["https:\/\/www.ekbeauty.be\/wp-content\/uploads\/2022\/02\/mesoestetic-melan-tran3x-concentrate.jpg",289,465,false],"large":["https:\/\/www.ekbeauty.be\/wp-content\/uploads\/2022\/02\/mesoestetic-melan-tran3x-concentrate.jpg",289,465,false],"1536x1536":["https:\/\/www.ekbeauty.be\/wp-content\/uploads\/2022\/02\/mesoestetic-melan-tran3x-concentrate.jpg",289,465,false],"2048x2048":["https:\/\/www.ekbeauty.be\/wp-content\/uploads\/2022\/02\/mesoestetic-melan-tran3x-concentrate.jpg",289,465,false],"trp-custom-language-flag":["https:\/\/www.ekbeauty.be\/wp-content\/uploads\/2022\/02\/mesoestetic-melan-tran3x-concentrate-7x12.jpg",7,12,true],"woocommerce_archive_thumbnail":["https:\/\/www.ekbeauty.be\/wp-content\/uploads\/2022\/02\/mesoestetic-melan-tran3x-concentrate.jpg",289,465,false],"woocommerce_thumbnail":["https:\/\/www.ekbeauty.be\/wp-content\/uploads\/2022\/02\/mesoestetic-melan-tran3x-concentrate-289x300.jpg",289,300,true],"woocommerce_single":["https:\/\/www.ekbeauty.be\/wp-content\/uploads\/2022\/02\/mesoestetic-melan-tran3x-concentrate.jpg",289,465,false],"woocommerce_gallery_thumbnail":["https:\/\/www.ekbeauty.be\/wp-content\/uploads\/2022\/02\/mesoestetic-melan-tran3x-concentrate-100x100.jpg",100,100,true]},"uagb_author_info":{"display_name":"Sefer Gonca","author_link":"https:\/\/www.ekbeauty.be\/fr\/author\/"},"uagb_comment_info":1,"uagb_excerpt":"Melan tran3X concentrate Mesoestetic Melan tran3X concentrate. Serum voor het behandelen van pigmentvlekken. Huidconditie pigmentvlekken acne litteken vlekjes Actieve werkstoffen 5% enzym zuur complex bestaande uit amandelzuur, salicylzuur, melkzuur en enzym Gebruik : maximaal 1 keer per dag Reinig de huid met de Ultimate W+ Whitening Foam van Mesoestetic. Breng de Melan tran3X concentrate 's\u2026","_links":{"self":[{"href":"https:\/\/www.ekbeauty.be\/fr\/wp-json\/wp\/v2\/product\/29978","targetHints":{"allow":["GET"]}}],"collection":[{"href":"https:\/\/www.ekbeauty.be\/fr\/wp-json\/wp\/v2\/product"}],"about":[{"href":"https:\/\/www.ekbeauty.be\/fr\/wp-json\/wp\/v2\/types\/product"}],"replies":[{"embeddable":true,"href":"https:\/\/www.ekbeauty.be\/fr\/wp-json\/wp\/v2\/comments?post=29978"}],"wp:featuredmedia":[{"embeddable":true,"href":"https:\/\/www.ekbeauty.be\/fr\/wp-json\/wp\/v2\/media\/29979"}],"wp:attachment":[{"href":"https:\/\/www.ekbeauty.be\/fr\/wp-json\/wp\/v2\/media?parent=29978"}],"wp:term":[{"taxonomy":"product_brand","embeddable":true,"href":"https:\/\/www.ekbeauty.be\/fr\/wp-json\/wp\/v2\/product_brand?post=29978"},{"taxonomy":"product_cat","embeddable":true,"href":"https:\/\/www.ekbeauty.be\/fr\/wp-json\/wp\/v2\/product_cat?post=29978"},{"taxonomy":"product_tag","embeddable":true,"href":"https:\/\/www.ekbeauty.be\/fr\/wp-json\/wp\/v2\/product_tag?post=29978"}],"curies":[{"name":"wp","href":"https:\/\/api.w.org\/{rel}","templated":true}]}}