{"id":30302,"date":"2022-05-19T13:59:05","date_gmt":"2022-05-19T11:59:05","guid":{"rendered":"https:\/\/www.ekbeauty.be\/?post_type=product&#038;p=30302"},"modified":"2024-11-04T23:11:48","modified_gmt":"2024-11-04T22:11:48","slug":"brightening-concentrate-age-element-pre-order-midden-juni","status":"publish","type":"product","link":"https:\/\/www.ekbeauty.be\/fr\/produit\/brightening-concentrate-age-element-pre-order-midden-juni\/","title":{"rendered":"Concentr\u00e9 \u00e9claircissant age element"},"content":{"rendered":"","protected":false},"excerpt":{"rendered":"<p>S\u00e9rum concentr\u00e9 \u00e9claircissant.<br \/>\nForte concentration d'antioxydants<br \/>\net des principes actifs \u00e9claircissants.<br \/>\nTONALIT\u00c9 ET PROTECTION UNIFORMES<br \/>\nCONTRE LE VIEILLISSEMENT DE LA PEAU<br \/>\nLa formule contient de l'eau de mer<br \/>\nextrait biotechnologique et<br \/>\nniacinamide, qui agissent en synergie<br \/>\navec de la vitamine C stabilis\u00e9e qui aide les<br \/>\nr\u00e9duit l'accumulation de m\u00e9lanine,<br \/>\ndonne de la luminosit\u00e9 et de la tonalit\u00e9 \u00e0 la peau<br \/>\nde mani\u00e8re intensive.<br \/>\nTexture gel\u00e9e \u00e0 l'eau \u00e0 utiliser seule ou dans<br \/>\nen combinaison avec un autre<br \/>\nl'\u00e9l\u00e9ment d'\u00e2ge se concentre sur<br \/>\nAppliquer avant<br \/>\nla cr\u00e8me de soin<\/p>","protected":false},"featured_media":30303,"comment_status":"open","ping_status":"closed","template":"","meta":{"_surecart_dashboard_logo_width":"180px","_surecart_dashboard_show_logo":true,"_surecart_dashboard_navigation_orders":true,"_surecart_dashboard_navigation_invoices":true,"_surecart_dashboard_navigation_subscriptions":true,"_surecart_dashboard_navigation_downloads":true,"_surecart_dashboard_navigation_billing":true,"_surecart_dashboard_navigation_account":true,"_uag_custom_page_level_css":""},"product_brand":[],"product_cat":[329],"product_tag":[],"class_list":{"0":"post-30302","1":"product","2":"type-product","3":"status-publish","4":"has-post-thumbnail","6":"product_cat-gezichtsserums","8":"first","9":"instock","10":"taxable","11":"shipping-taxable","12":"purchasable","13":"product-type-simple"},"uagb_featured_image_src":{"full":["https:\/\/www.ekbeauty.be\/wp-content\/uploads\/2022\/05\/1fdc0160-a354-49c9-a355-cdb6c186a437.jpg",792,935,false],"thumbnail":["https:\/\/www.ekbeauty.be\/wp-content\/uploads\/2022\/05\/1fdc0160-a354-49c9-a355-cdb6c186a437-150x150.jpg",150,150,true],"medium":["https:\/\/www.ekbeauty.be\/wp-content\/uploads\/2022\/05\/1fdc0160-a354-49c9-a355-cdb6c186a437-254x300.jpg",254,300,true],"medium_large":["https:\/\/www.ekbeauty.be\/wp-content\/uploads\/2022\/05\/1fdc0160-a354-49c9-a355-cdb6c186a437-768x907.jpg",768,907,true],"large":["https:\/\/www.ekbeauty.be\/wp-content\/uploads\/2022\/05\/1fdc0160-a354-49c9-a355-cdb6c186a437.jpg",792,935,false],"1536x1536":["https:\/\/www.ekbeauty.be\/wp-content\/uploads\/2022\/05\/1fdc0160-a354-49c9-a355-cdb6c186a437.jpg",792,935,false],"2048x2048":["https:\/\/www.ekbeauty.be\/wp-content\/uploads\/2022\/05\/1fdc0160-a354-49c9-a355-cdb6c186a437.jpg",792,935,false],"trp-custom-language-flag":["https:\/\/www.ekbeauty.be\/wp-content\/uploads\/2022\/05\/1fdc0160-a354-49c9-a355-cdb6c186a437-10x12.jpg",10,12,true],"woocommerce_archive_thumbnail":["https:\/\/www.ekbeauty.be\/wp-content\/uploads\/2022\/05\/1fdc0160-a354-49c9-a355-cdb6c186a437-300x354.jpg",300,354,true],"woocommerce_thumbnail":["https:\/\/www.ekbeauty.be\/wp-content\/uploads\/2022\/05\/1fdc0160-a354-49c9-a355-cdb6c186a437-300x300.jpg",300,300,true],"woocommerce_single":["https:\/\/www.ekbeauty.be\/wp-content\/uploads\/2022\/05\/1fdc0160-a354-49c9-a355-cdb6c186a437-600x708.jpg",600,708,true],"woocommerce_gallery_thumbnail":["https:\/\/www.ekbeauty.be\/wp-content\/uploads\/2022\/05\/1fdc0160-a354-49c9-a355-cdb6c186a437-100x100.jpg",100,100,true]},"uagb_author_info":{"display_name":"Sefer Gonca","author_link":"https:\/\/www.ekbeauty.be\/fr\/author\/"},"uagb_comment_info":0,"uagb_excerpt":"Verhelderend geconcentreerd serum. Hoge concentratie aan antioxidanten en verhelderende actieve ingredi\u00ebnten. UNIFORME TOON EN BESCHERMING TEGEN HUIDVEROUDERING De formule bevat marine biotechnologisch extract en niacinamide, die synergetisch werken met gestabiliseerde vitamine C die de ophoping van melanine vermindert, voor helderheid zorgt en de huidtoon intensief verheldert. Water-geltextuur om alleen of in combinatie met een ander\u2026","_links":{"self":[{"href":"https:\/\/www.ekbeauty.be\/fr\/wp-json\/wp\/v2\/product\/30302","targetHints":{"allow":["GET"]}}],"collection":[{"href":"https:\/\/www.ekbeauty.be\/fr\/wp-json\/wp\/v2\/product"}],"about":[{"href":"https:\/\/www.ekbeauty.be\/fr\/wp-json\/wp\/v2\/types\/product"}],"replies":[{"embeddable":true,"href":"https:\/\/www.ekbeauty.be\/fr\/wp-json\/wp\/v2\/comments?post=30302"}],"wp:featuredmedia":[{"embeddable":true,"href":"https:\/\/www.ekbeauty.be\/fr\/wp-json\/wp\/v2\/media\/30303"}],"wp:attachment":[{"href":"https:\/\/www.ekbeauty.be\/fr\/wp-json\/wp\/v2\/media?parent=30302"}],"wp:term":[{"taxonomy":"product_brand","embeddable":true,"href":"https:\/\/www.ekbeauty.be\/fr\/wp-json\/wp\/v2\/product_brand?post=30302"},{"taxonomy":"product_cat","embeddable":true,"href":"https:\/\/www.ekbeauty.be\/fr\/wp-json\/wp\/v2\/product_cat?post=30302"},{"taxonomy":"product_tag","embeddable":true,"href":"https:\/\/www.ekbeauty.be\/fr\/wp-json\/wp\/v2\/product_tag?post=30302"}],"curies":[{"name":"wp","href":"https:\/\/api.w.org\/{rel}","templated":true}]}}