{"id":30306,"date":"2022-05-19T14:03:37","date_gmt":"2022-05-19T12:03:37","guid":{"rendered":"https:\/\/www.ekbeauty.be\/?post_type=product&#038;p=30306"},"modified":"2025-01-03T13:05:12","modified_gmt":"2025-01-03T12:05:12","slug":"brightening-complex-plus-age-element-pre-order-midden-juni","status":"publish","type":"product","link":"https:\/\/www.ekbeauty.be\/fr\/produit\/brightening-complex-plus-age-element-pre-order-midden-juni\/","title":{"rendered":"Complexe \u00e9claircissant et \u00e9l\u00e9ment de vieillissement"},"content":{"rendered":"","protected":false},"excerpt":{"rendered":"<p>flacon 5,5 ml x 4 + pipette applicatrice<br \/>\nTraitement de choc intensif<br \/>\navec une forte concentration<br \/>\nla vitamine C.<br \/>\nRENOUVELLEMENT INTENSIF ET<br \/>\nR\u00c9F\u00c9RENCE<br \/>\nUne combinaison de 15% vitamine C,<br \/>\nde l'acide hyaluronique et du trisaccharide, qui am\u00e9liorent la qualit\u00e9 de l'eau.<br \/>\nfavorise le renouvellement de l'\u00e9piderme,<br \/>\npour revitaliser intensivement et<br \/>\nclarifier.<br \/>\nSolution liquide dans laquelle la poudre<br \/>\nest lib\u00e9r\u00e9e dans la phase liquide lors<br \/>\nau moment de la demande, \u00e0<br \/>\nd\u00e9stabilisation et efficacit\u00e9 de<br \/>\nla vitamine C.<\/p>","protected":false},"featured_media":30307,"comment_status":"open","ping_status":"closed","template":"","meta":{"_surecart_dashboard_logo_width":"180px","_surecart_dashboard_show_logo":true,"_surecart_dashboard_navigation_orders":true,"_surecart_dashboard_navigation_invoices":true,"_surecart_dashboard_navigation_subscriptions":true,"_surecart_dashboard_navigation_downloads":true,"_surecart_dashboard_navigation_billing":true,"_surecart_dashboard_navigation_account":true,"_uag_custom_page_level_css":""},"product_brand":[],"product_cat":[329,223],"product_tag":[],"class_list":{"0":"post-30306","1":"product","2":"type-product","3":"status-publish","4":"has-post-thumbnail","6":"product_cat-gezichtsserums","7":"product_cat-geen","9":"first","10":"instock","11":"taxable","12":"shipping-taxable","13":"purchasable","14":"product-type-simple"},"uagb_featured_image_src":{"full":["https:\/\/www.ekbeauty.be\/wp-content\/uploads\/2022\/05\/10ffd7ad-c774-42f9-9baf-fc425bd0e82a.jpg",998,878,false],"thumbnail":["https:\/\/www.ekbeauty.be\/wp-content\/uploads\/2022\/05\/10ffd7ad-c774-42f9-9baf-fc425bd0e82a-150x150.jpg",150,150,true],"medium":["https:\/\/www.ekbeauty.be\/wp-content\/uploads\/2022\/05\/10ffd7ad-c774-42f9-9baf-fc425bd0e82a-300x264.jpg",300,264,true],"medium_large":["https:\/\/www.ekbeauty.be\/wp-content\/uploads\/2022\/05\/10ffd7ad-c774-42f9-9baf-fc425bd0e82a-768x676.jpg",768,676,true],"large":["https:\/\/www.ekbeauty.be\/wp-content\/uploads\/2022\/05\/10ffd7ad-c774-42f9-9baf-fc425bd0e82a.jpg",998,878,false],"1536x1536":["https:\/\/www.ekbeauty.be\/wp-content\/uploads\/2022\/05\/10ffd7ad-c774-42f9-9baf-fc425bd0e82a.jpg",998,878,false],"2048x2048":["https:\/\/www.ekbeauty.be\/wp-content\/uploads\/2022\/05\/10ffd7ad-c774-42f9-9baf-fc425bd0e82a.jpg",998,878,false],"trp-custom-language-flag":["https:\/\/www.ekbeauty.be\/wp-content\/uploads\/2022\/05\/10ffd7ad-c774-42f9-9baf-fc425bd0e82a-14x12.jpg",14,12,true],"woocommerce_archive_thumbnail":["https:\/\/www.ekbeauty.be\/wp-content\/uploads\/2022\/05\/10ffd7ad-c774-42f9-9baf-fc425bd0e82a-300x264.jpg",300,264,true],"woocommerce_thumbnail":["https:\/\/www.ekbeauty.be\/wp-content\/uploads\/2022\/05\/10ffd7ad-c774-42f9-9baf-fc425bd0e82a-300x300.jpg",300,300,true],"woocommerce_single":["https:\/\/www.ekbeauty.be\/wp-content\/uploads\/2022\/05\/10ffd7ad-c774-42f9-9baf-fc425bd0e82a-600x528.jpg",600,528,true],"woocommerce_gallery_thumbnail":["https:\/\/www.ekbeauty.be\/wp-content\/uploads\/2022\/05\/10ffd7ad-c774-42f9-9baf-fc425bd0e82a-100x100.jpg",100,100,true]},"uagb_author_info":{"display_name":"Sefer Gonca","author_link":"https:\/\/www.ekbeauty.be\/fr\/author\/"},"uagb_comment_info":0,"uagb_excerpt":"fles 5,5 ml x 4 + pipet applicator Intensieve shockbehandeling met een hoge concentratie vitamine C. INTENSIEVE VERNIEUWING EN VERHELDERING Een combinatie van 15% vitamine C, hyaluronzuur en trisaccharide, die de epidermale vernieuwing bevordert, om intensief te revitaliseren en te verhelderen. Vloeibare oplossing waarbij de poeder fase vrijkomt in de vloeibare fase op het moment\u2026","_links":{"self":[{"href":"https:\/\/www.ekbeauty.be\/fr\/wp-json\/wp\/v2\/product\/30306","targetHints":{"allow":["GET"]}}],"collection":[{"href":"https:\/\/www.ekbeauty.be\/fr\/wp-json\/wp\/v2\/product"}],"about":[{"href":"https:\/\/www.ekbeauty.be\/fr\/wp-json\/wp\/v2\/types\/product"}],"replies":[{"embeddable":true,"href":"https:\/\/www.ekbeauty.be\/fr\/wp-json\/wp\/v2\/comments?post=30306"}],"wp:featuredmedia":[{"embeddable":true,"href":"https:\/\/www.ekbeauty.be\/fr\/wp-json\/wp\/v2\/media\/30307"}],"wp:attachment":[{"href":"https:\/\/www.ekbeauty.be\/fr\/wp-json\/wp\/v2\/media?parent=30306"}],"wp:term":[{"taxonomy":"product_brand","embeddable":true,"href":"https:\/\/www.ekbeauty.be\/fr\/wp-json\/wp\/v2\/product_brand?post=30306"},{"taxonomy":"product_cat","embeddable":true,"href":"https:\/\/www.ekbeauty.be\/fr\/wp-json\/wp\/v2\/product_cat?post=30306"},{"taxonomy":"product_tag","embeddable":true,"href":"https:\/\/www.ekbeauty.be\/fr\/wp-json\/wp\/v2\/product_tag?post=30306"}],"curies":[{"name":"wp","href":"https:\/\/api.w.org\/{rel}","templated":true}]}}