{"id":30308,"date":"2022-05-19T14:10:28","date_gmt":"2022-05-19T12:10:28","guid":{"rendered":"https:\/\/www.ekbeauty.be\/?post_type=product&#038;p=30308"},"modified":"2024-11-04T23:10:57","modified_gmt":"2024-11-04T22:10:57","slug":"firming-cream-age-element-pre-order-midden-juni","status":"publish","type":"product","link":"https:\/\/www.ekbeauty.be\/fr\/produit\/firming-cream-age-element-pre-order-midden-juni\/","title":{"rendered":"Cr\u00e8me raffermissante age element"},"content":{"rendered":"","protected":false},"excerpt":{"rendered":"<p>Cr\u00e8me raffermissante pour le visage<br \/>\navec effet de serrage.<br \/>\nRENFORCEMENT ET<br \/>\nRESTRUCTURER<br \/>\nLa pr\u00e9sence de Japonais<br \/>\norchid\u00e9e en combinaison avec des ingr\u00e9dients actifs tenseurs favorise la<br \/>\nSynth\u00e8se du collag\u00e8ne et de l'\u00e9lastine,<br \/>\no\u00f9 le rel\u00e2chement est<br \/>\nr\u00e9duit et les tissus plus fermes<br \/>\nsent.<br \/>\nTexture cr\u00e8me l\u00e9g\u00e8re qui procure un subtil<br \/>\net une sensation de fermet\u00e9 durable<br \/>\ndonne.<\/p>","protected":false},"featured_media":30311,"comment_status":"open","ping_status":"closed","template":"","meta":{"_surecart_dashboard_logo_width":"180px","_surecart_dashboard_show_logo":true,"_surecart_dashboard_navigation_orders":true,"_surecart_dashboard_navigation_invoices":true,"_surecart_dashboard_navigation_subscriptions":true,"_surecart_dashboard_navigation_downloads":true,"_surecart_dashboard_navigation_billing":true,"_surecart_dashboard_navigation_account":true,"_uag_custom_page_level_css":""},"product_brand":[],"product_cat":[220],"product_tag":[],"class_list":{"0":"post-30308","1":"product","2":"type-product","3":"status-publish","4":"has-post-thumbnail","6":"product_cat-nachtcremes-2","8":"first","9":"instock","10":"taxable","11":"shipping-taxable","12":"purchasable","13":"product-type-simple"},"uagb_featured_image_src":{"full":["https:\/\/www.ekbeauty.be\/wp-content\/uploads\/2022\/05\/firming-cre.jpg",565,878,false],"thumbnail":["https:\/\/www.ekbeauty.be\/wp-content\/uploads\/2022\/05\/firming-cre-150x150.jpg",150,150,true],"medium":["https:\/\/www.ekbeauty.be\/wp-content\/uploads\/2022\/05\/firming-cre-193x300.jpg",193,300,true],"medium_large":["https:\/\/www.ekbeauty.be\/wp-content\/uploads\/2022\/05\/firming-cre.jpg",565,878,false],"large":["https:\/\/www.ekbeauty.be\/wp-content\/uploads\/2022\/05\/firming-cre.jpg",565,878,false],"1536x1536":["https:\/\/www.ekbeauty.be\/wp-content\/uploads\/2022\/05\/firming-cre.jpg",565,878,false],"2048x2048":["https:\/\/www.ekbeauty.be\/wp-content\/uploads\/2022\/05\/firming-cre.jpg",565,878,false],"trp-custom-language-flag":["https:\/\/www.ekbeauty.be\/wp-content\/uploads\/2022\/05\/firming-cre-8x12.jpg",8,12,true],"woocommerce_archive_thumbnail":["https:\/\/www.ekbeauty.be\/wp-content\/uploads\/2022\/05\/firming-cre-300x466.jpg",300,466,true],"woocommerce_thumbnail":["https:\/\/www.ekbeauty.be\/wp-content\/uploads\/2022\/05\/firming-cre-300x300.jpg",300,300,true],"woocommerce_single":["https:\/\/www.ekbeauty.be\/wp-content\/uploads\/2022\/05\/firming-cre.jpg",565,878,false],"woocommerce_gallery_thumbnail":["https:\/\/www.ekbeauty.be\/wp-content\/uploads\/2022\/05\/firming-cre-100x100.jpg",100,100,true]},"uagb_author_info":{"display_name":"Sefer Gonca","author_link":"https:\/\/www.ekbeauty.be\/fr\/author\/"},"uagb_comment_info":0,"uagb_excerpt":"Verstevigende gezichtscr\u00e8me met opspannende werking. VERSTEVIGING EN HERSTRUCTURERING De aanwezigheid van Japanse orchidee in combinatie met tensoractieve ingredi\u00ebnten bevordert de synthese van collageen en elastine, waardoor verslapping wordt verminderd en het weefsel steviger aanvoelt. Lichte cr\u00e8me textuur die een subtiel en langdurig verstevigend gevoel geeft.","_links":{"self":[{"href":"https:\/\/www.ekbeauty.be\/fr\/wp-json\/wp\/v2\/product\/30308","targetHints":{"allow":["GET"]}}],"collection":[{"href":"https:\/\/www.ekbeauty.be\/fr\/wp-json\/wp\/v2\/product"}],"about":[{"href":"https:\/\/www.ekbeauty.be\/fr\/wp-json\/wp\/v2\/types\/product"}],"replies":[{"embeddable":true,"href":"https:\/\/www.ekbeauty.be\/fr\/wp-json\/wp\/v2\/comments?post=30308"}],"wp:featuredmedia":[{"embeddable":true,"href":"https:\/\/www.ekbeauty.be\/fr\/wp-json\/wp\/v2\/media\/30311"}],"wp:attachment":[{"href":"https:\/\/www.ekbeauty.be\/fr\/wp-json\/wp\/v2\/media?parent=30308"}],"wp:term":[{"taxonomy":"product_brand","embeddable":true,"href":"https:\/\/www.ekbeauty.be\/fr\/wp-json\/wp\/v2\/product_brand?post=30308"},{"taxonomy":"product_cat","embeddable":true,"href":"https:\/\/www.ekbeauty.be\/fr\/wp-json\/wp\/v2\/product_cat?post=30308"},{"taxonomy":"product_tag","embeddable":true,"href":"https:\/\/www.ekbeauty.be\/fr\/wp-json\/wp\/v2\/product_tag?post=30308"}],"curies":[{"name":"wp","href":"https:\/\/api.w.org\/{rel}","templated":true}]}}