{"id":30310,"date":"2022-05-19T14:12:12","date_gmt":"2022-05-19T12:12:12","guid":{"rendered":"https:\/\/www.ekbeauty.be\/?post_type=product&#038;p=30310"},"modified":"2024-11-04T23:10:29","modified_gmt":"2024-11-04T22:10:29","slug":"firming-concentrate-age-element-pre-order-midden-juni","status":"publish","type":"product","link":"https:\/\/www.ekbeauty.be\/fr\/produit\/firming-concentrate-age-element-pre-order-midden-juni\/","title":{"rendered":"Concentr\u00e9 raffermissant \u00e9l\u00e9ment d'\u00e2ge"},"content":{"rendered":"","protected":false},"excerpt":{"rendered":"<p>S\u00e9rum concentr\u00e9 avec lifting<br \/>\neffet. Forte concentration de<br \/>\nPrincipes actifs raffermissants,<br \/>\npour restructurer la peau et<br \/>\ndonnent de l'\u00e9lasticit\u00e9.<br \/>\nRENFORCER INTENSIVEMENT<br \/>\nOPERATION<br \/>\nLa pr\u00e9sence de l'orchid\u00e9e japonaise<br \/>\nen combinaison avec le tenseur actif<br \/>\nles ingr\u00e9dients favorisent la synth\u00e8se<br \/>\ndu collag\u00e8ne et de l'\u00e9lastine, provoquant<br \/>\nla mollesse est r\u00e9duite<br \/>\net les tissus sont plus fermes.<br \/>\nTexture du s\u00e9rum \u00e0 utiliser seul ou dans<br \/>\nen combinaison avec un autre<br \/>\nl'\u00e9l\u00e9ment d'\u00e2ge se concentre sur<br \/>\nAppliquer avant<br \/>\nla cr\u00e8me de soin.<\/p>","protected":false},"featured_media":30309,"comment_status":"open","ping_status":"closed","template":"","meta":{"_surecart_dashboard_logo_width":"180px","_surecart_dashboard_show_logo":true,"_surecart_dashboard_navigation_orders":true,"_surecart_dashboard_navigation_invoices":true,"_surecart_dashboard_navigation_subscriptions":true,"_surecart_dashboard_navigation_downloads":true,"_surecart_dashboard_navigation_billing":true,"_surecart_dashboard_navigation_account":true,"_uag_custom_page_level_css":""},"product_brand":[],"product_cat":[329],"product_tag":[],"class_list":{"0":"post-30310","1":"product","2":"type-product","3":"status-publish","4":"has-post-thumbnail","6":"product_cat-gezichtsserums","8":"first","9":"instock","10":"taxable","11":"shipping-taxable","12":"purchasable","13":"product-type-simple"},"uagb_featured_image_src":{"full":["https:\/\/www.ekbeauty.be\/wp-content\/uploads\/2022\/05\/firmin-con.jpg",744,878,false],"thumbnail":["https:\/\/www.ekbeauty.be\/wp-content\/uploads\/2022\/05\/firmin-con-150x150.jpg",150,150,true],"medium":["https:\/\/www.ekbeauty.be\/wp-content\/uploads\/2022\/05\/firmin-con-254x300.jpg",254,300,true],"medium_large":["https:\/\/www.ekbeauty.be\/wp-content\/uploads\/2022\/05\/firmin-con.jpg",744,878,false],"large":["https:\/\/www.ekbeauty.be\/wp-content\/uploads\/2022\/05\/firmin-con.jpg",744,878,false],"1536x1536":["https:\/\/www.ekbeauty.be\/wp-content\/uploads\/2022\/05\/firmin-con.jpg",744,878,false],"2048x2048":["https:\/\/www.ekbeauty.be\/wp-content\/uploads\/2022\/05\/firmin-con.jpg",744,878,false],"trp-custom-language-flag":["https:\/\/www.ekbeauty.be\/wp-content\/uploads\/2022\/05\/firmin-con-10x12.jpg",10,12,true],"woocommerce_archive_thumbnail":["https:\/\/www.ekbeauty.be\/wp-content\/uploads\/2022\/05\/firmin-con-300x354.jpg",300,354,true],"woocommerce_thumbnail":["https:\/\/www.ekbeauty.be\/wp-content\/uploads\/2022\/05\/firmin-con-300x300.jpg",300,300,true],"woocommerce_single":["https:\/\/www.ekbeauty.be\/wp-content\/uploads\/2022\/05\/firmin-con-600x708.jpg",600,708,true],"woocommerce_gallery_thumbnail":["https:\/\/www.ekbeauty.be\/wp-content\/uploads\/2022\/05\/firmin-con-100x100.jpg",100,100,true]},"uagb_author_info":{"display_name":"Sefer Gonca","author_link":"https:\/\/www.ekbeauty.be\/fr\/author\/"},"uagb_comment_info":0,"uagb_excerpt":"Geconcentreerd serum met liftend effect. Hoge concentratie van verstevigende actieve ingredi\u00ebnten, om de huid te herstructureren en elasticiteit te geven. INTENSIEF VERSTEVIGENDE WERKING De aanwezigheid van Japanse orchidee in combinatie met tensor-actieve ingredi\u00ebnten bevordert de synthese van collageen en elastine, waardoor slapheid wordt verminderd en het weefsel steviger aanvoelt. Serum textuur om alleen of in\u2026","_links":{"self":[{"href":"https:\/\/www.ekbeauty.be\/fr\/wp-json\/wp\/v2\/product\/30310","targetHints":{"allow":["GET"]}}],"collection":[{"href":"https:\/\/www.ekbeauty.be\/fr\/wp-json\/wp\/v2\/product"}],"about":[{"href":"https:\/\/www.ekbeauty.be\/fr\/wp-json\/wp\/v2\/types\/product"}],"replies":[{"embeddable":true,"href":"https:\/\/www.ekbeauty.be\/fr\/wp-json\/wp\/v2\/comments?post=30310"}],"wp:featuredmedia":[{"embeddable":true,"href":"https:\/\/www.ekbeauty.be\/fr\/wp-json\/wp\/v2\/media\/30309"}],"wp:attachment":[{"href":"https:\/\/www.ekbeauty.be\/fr\/wp-json\/wp\/v2\/media?parent=30310"}],"wp:term":[{"taxonomy":"product_brand","embeddable":true,"href":"https:\/\/www.ekbeauty.be\/fr\/wp-json\/wp\/v2\/product_brand?post=30310"},{"taxonomy":"product_cat","embeddable":true,"href":"https:\/\/www.ekbeauty.be\/fr\/wp-json\/wp\/v2\/product_cat?post=30310"},{"taxonomy":"product_tag","embeddable":true,"href":"https:\/\/www.ekbeauty.be\/fr\/wp-json\/wp\/v2\/product_tag?post=30310"}],"curies":[{"name":"wp","href":"https:\/\/api.w.org\/{rel}","templated":true}]}}