{"id":30312,"date":"2022-05-19T14:37:42","date_gmt":"2022-05-19T12:37:42","guid":{"rendered":"https:\/\/www.ekbeauty.be\/?post_type=product&#038;p=30312"},"modified":"2024-11-04T23:10:13","modified_gmt":"2024-11-04T22:10:13","slug":"firming-eye-contour-age-element-pre-order-midden-juni","status":"publish","type":"product","link":"https:\/\/www.ekbeauty.be\/fr\/produit\/firming-eye-contour-age-element-pre-order-midden-juni\/","title":{"rendered":"Raffermissement du contour des yeux \u00e9l\u00e9ment d'\u00e2ge"},"content":{"rendered":"","protected":false},"excerpt":{"rendered":"<p>tube avec applicateur en c\u00e9ramique 15 ml<br \/>\nCr\u00e8me \u00e0 effet raffermissant<br \/>\npour le contour des yeux.<br \/>\nLE LIFTING DES PAUPI\u00c8RES ET<br \/>\nEFFET REVITALISANT<br \/>\nLa formule renforce avec<br \/>\nLes biopolym\u00e8res exercent un intense<br \/>\neffet d'\u00e9tirement, qui<br \/>\nles lignes d'expression sont r\u00e9duites<br \/>\net la paupi\u00e8re sup\u00e9rieure est soulev\u00e9e.<br \/>\nL'extrait d'arbre \u00e0 soie r\u00e9duit la<br \/>\nl'apparition de bouffissures.<br \/>\nAppliquer la texture de la cr\u00e8me gel<br \/>\navec l'applicateur de c\u00e9ramique froide<br \/>\navec un massage ascendant sur le<br \/>\nla paupi\u00e8re sup\u00e9rieure pour cr\u00e9er un effet de lifting<br \/>\net renforcer cet effet.<\/p>","protected":false},"featured_media":30313,"comment_status":"open","ping_status":"closed","template":"","meta":{"_surecart_dashboard_logo_width":"180px","_surecart_dashboard_show_logo":true,"_surecart_dashboard_navigation_orders":true,"_surecart_dashboard_navigation_invoices":true,"_surecart_dashboard_navigation_subscriptions":true,"_surecart_dashboard_navigation_downloads":true,"_surecart_dashboard_navigation_billing":true,"_surecart_dashboard_navigation_account":true,"_uag_custom_page_level_css":""},"product_brand":[],"product_cat":[221],"product_tag":[],"class_list":{"0":"post-30312","1":"product","2":"type-product","3":"status-publish","4":"has-post-thumbnail","6":"product_cat-oogverzorging","8":"first","9":"instock","10":"taxable","11":"shipping-taxable","12":"purchasable","13":"product-type-simple"},"uagb_featured_image_src":{"full":["https:\/\/www.ekbeauty.be\/wp-content\/uploads\/2022\/05\/eye-..jpg",705,878,false],"thumbnail":["https:\/\/www.ekbeauty.be\/wp-content\/uploads\/2022\/05\/eye-.-150x150.jpg",150,150,true],"medium":["https:\/\/www.ekbeauty.be\/wp-content\/uploads\/2022\/05\/eye-.-241x300.jpg",241,300,true],"medium_large":["https:\/\/www.ekbeauty.be\/wp-content\/uploads\/2022\/05\/eye-..jpg",705,878,false],"large":["https:\/\/www.ekbeauty.be\/wp-content\/uploads\/2022\/05\/eye-..jpg",705,878,false],"1536x1536":["https:\/\/www.ekbeauty.be\/wp-content\/uploads\/2022\/05\/eye-..jpg",705,878,false],"2048x2048":["https:\/\/www.ekbeauty.be\/wp-content\/uploads\/2022\/05\/eye-..jpg",705,878,false],"trp-custom-language-flag":["https:\/\/www.ekbeauty.be\/wp-content\/uploads\/2022\/05\/eye-.-10x12.jpg",10,12,true],"woocommerce_archive_thumbnail":["https:\/\/www.ekbeauty.be\/wp-content\/uploads\/2022\/05\/eye-.-300x374.jpg",300,374,true],"woocommerce_thumbnail":["https:\/\/www.ekbeauty.be\/wp-content\/uploads\/2022\/05\/eye-.-300x300.jpg",300,300,true],"woocommerce_single":["https:\/\/www.ekbeauty.be\/wp-content\/uploads\/2022\/05\/eye-.-600x747.jpg",600,747,true],"woocommerce_gallery_thumbnail":["https:\/\/www.ekbeauty.be\/wp-content\/uploads\/2022\/05\/eye-.-100x100.jpg",100,100,true]},"uagb_author_info":{"display_name":"Sefer Gonca","author_link":"https:\/\/www.ekbeauty.be\/fr\/author\/"},"uagb_comment_info":0,"uagb_excerpt":"tube met keramische applicator 15 ml Cr\u00e8me met verstevigend effect voor de oogcontour. OOGLID LIFTENDE- EN REVITALISERENDE WERKING De formule versterkt met biopolymeren oefent een intensief opspannend effect uit, waardoor expressielijnen worden verminderd en het bovenste ooglid wordt gelift. Het zijdeboomextract vermindert het verschijnen van wallen. Gel-cr\u00e8metextuur aan te brengen met de koude keramische applicator\u2026","_links":{"self":[{"href":"https:\/\/www.ekbeauty.be\/fr\/wp-json\/wp\/v2\/product\/30312","targetHints":{"allow":["GET"]}}],"collection":[{"href":"https:\/\/www.ekbeauty.be\/fr\/wp-json\/wp\/v2\/product"}],"about":[{"href":"https:\/\/www.ekbeauty.be\/fr\/wp-json\/wp\/v2\/types\/product"}],"replies":[{"embeddable":true,"href":"https:\/\/www.ekbeauty.be\/fr\/wp-json\/wp\/v2\/comments?post=30312"}],"wp:featuredmedia":[{"embeddable":true,"href":"https:\/\/www.ekbeauty.be\/fr\/wp-json\/wp\/v2\/media\/30313"}],"wp:attachment":[{"href":"https:\/\/www.ekbeauty.be\/fr\/wp-json\/wp\/v2\/media?parent=30312"}],"wp:term":[{"taxonomy":"product_brand","embeddable":true,"href":"https:\/\/www.ekbeauty.be\/fr\/wp-json\/wp\/v2\/product_brand?post=30312"},{"taxonomy":"product_cat","embeddable":true,"href":"https:\/\/www.ekbeauty.be\/fr\/wp-json\/wp\/v2\/product_cat?post=30312"},{"taxonomy":"product_tag","embeddable":true,"href":"https:\/\/www.ekbeauty.be\/fr\/wp-json\/wp\/v2\/product_tag?post=30312"}],"curies":[{"name":"wp","href":"https:\/\/api.w.org\/{rel}","templated":true}]}}