{"id":30316,"date":"2022-05-19T14:43:33","date_gmt":"2022-05-19T12:43:33","guid":{"rendered":"https:\/\/www.ekbeauty.be\/?post_type=product&#038;p=30316"},"modified":"2024-11-04T23:09:37","modified_gmt":"2024-11-04T22:09:37","slug":"anti-wrinkle-day-cream-age-element","status":"publish","type":"product","link":"https:\/\/www.ekbeauty.be\/fr\/produit\/anti-wrinkle-day-cream-age-element\/","title":{"rendered":"Cr\u00e8me de jour anti-rides \u00e9l\u00e9ment d'\u00e2ge"},"content":{"rendered":"","protected":false},"excerpt":{"rendered":"<p>Cr\u00e8me restructurante avec<br \/>\npr\u00e9ventif et correctif<br \/>\neffet sur les rides et<br \/>\nles lignes d'expression.<br \/>\nHERSTELLEND- EN<br \/>\nEFFET DE TYPE BOTOX<br \/>\nL'ac\u00e9tylhexapeptide-1 r\u00e9duit<br \/>\nl'apparition de rides<br \/>\net les ridules. La combinaison de<br \/>\npigments de focalisation douce et<br \/>\nL'acide hyaluronique remplit les rides et les<br \/>\nAdoucit les imperfections.<br \/>\nLa texture cr\u00e9meuse donne<br \/>\nune sensation de confort sans<br \/>\nune finition huileuse<\/p>","protected":false},"featured_media":30317,"comment_status":"open","ping_status":"closed","template":"","meta":{"_surecart_dashboard_logo_width":"180px","_surecart_dashboard_show_logo":true,"_surecart_dashboard_navigation_orders":true,"_surecart_dashboard_navigation_invoices":true,"_surecart_dashboard_navigation_subscriptions":true,"_surecart_dashboard_navigation_downloads":true,"_surecart_dashboard_navigation_billing":true,"_surecart_dashboard_navigation_account":true,"_uag_custom_page_level_css":""},"product_brand":[],"product_cat":[217],"product_tag":[],"class_list":{"0":"post-30316","1":"product","2":"type-product","3":"status-publish","4":"has-post-thumbnail","6":"product_cat-dagcremes","8":"first","9":"instock","10":"taxable","11":"shipping-taxable","12":"purchasable","13":"product-type-simple"},"uagb_featured_image_src":{"full":["https:\/\/www.ekbeauty.be\/wp-content\/uploads\/2022\/05\/anti-wrinkle.jpg",565,878,false],"thumbnail":["https:\/\/www.ekbeauty.be\/wp-content\/uploads\/2022\/05\/anti-wrinkle-150x150.jpg",150,150,true],"medium":["https:\/\/www.ekbeauty.be\/wp-content\/uploads\/2022\/05\/anti-wrinkle-193x300.jpg",193,300,true],"medium_large":["https:\/\/www.ekbeauty.be\/wp-content\/uploads\/2022\/05\/anti-wrinkle.jpg",565,878,false],"large":["https:\/\/www.ekbeauty.be\/wp-content\/uploads\/2022\/05\/anti-wrinkle.jpg",565,878,false],"1536x1536":["https:\/\/www.ekbeauty.be\/wp-content\/uploads\/2022\/05\/anti-wrinkle.jpg",565,878,false],"2048x2048":["https:\/\/www.ekbeauty.be\/wp-content\/uploads\/2022\/05\/anti-wrinkle.jpg",565,878,false],"trp-custom-language-flag":["https:\/\/www.ekbeauty.be\/wp-content\/uploads\/2022\/05\/anti-wrinkle-8x12.jpg",8,12,true],"woocommerce_archive_thumbnail":["https:\/\/www.ekbeauty.be\/wp-content\/uploads\/2022\/05\/anti-wrinkle-300x466.jpg",300,466,true],"woocommerce_thumbnail":["https:\/\/www.ekbeauty.be\/wp-content\/uploads\/2022\/05\/anti-wrinkle-300x300.jpg",300,300,true],"woocommerce_single":["https:\/\/www.ekbeauty.be\/wp-content\/uploads\/2022\/05\/anti-wrinkle.jpg",565,878,false],"woocommerce_gallery_thumbnail":["https:\/\/www.ekbeauty.be\/wp-content\/uploads\/2022\/05\/anti-wrinkle-100x100.jpg",100,100,true]},"uagb_author_info":{"display_name":"Sefer Gonca","author_link":"https:\/\/www.ekbeauty.be\/fr\/author\/"},"uagb_comment_info":0,"uagb_excerpt":"Herstructurerende cr\u00e8me met preventieve en corrigerende werking op rimpels en expressielijntjes. HERSTELLEND- EN BOTOX-ACHTIG EFFECT Acetylhexapeptide-1 vermindert de verschijning van rimpels en fijne lijntjes. De combinatie van milde focus-pigmenten en hyaluronzuur vult rimpels en verzacht onvolkomenheden. De cr\u00e8meachtige textuur geeft een comfortabel gevoel zonder een vette afwerking","_links":{"self":[{"href":"https:\/\/www.ekbeauty.be\/fr\/wp-json\/wp\/v2\/product\/30316","targetHints":{"allow":["GET"]}}],"collection":[{"href":"https:\/\/www.ekbeauty.be\/fr\/wp-json\/wp\/v2\/product"}],"about":[{"href":"https:\/\/www.ekbeauty.be\/fr\/wp-json\/wp\/v2\/types\/product"}],"replies":[{"embeddable":true,"href":"https:\/\/www.ekbeauty.be\/fr\/wp-json\/wp\/v2\/comments?post=30316"}],"wp:featuredmedia":[{"embeddable":true,"href":"https:\/\/www.ekbeauty.be\/fr\/wp-json\/wp\/v2\/media\/30317"}],"wp:attachment":[{"href":"https:\/\/www.ekbeauty.be\/fr\/wp-json\/wp\/v2\/media?parent=30316"}],"wp:term":[{"taxonomy":"product_brand","embeddable":true,"href":"https:\/\/www.ekbeauty.be\/fr\/wp-json\/wp\/v2\/product_brand?post=30316"},{"taxonomy":"product_cat","embeddable":true,"href":"https:\/\/www.ekbeauty.be\/fr\/wp-json\/wp\/v2\/product_cat?post=30316"},{"taxonomy":"product_tag","embeddable":true,"href":"https:\/\/www.ekbeauty.be\/fr\/wp-json\/wp\/v2\/product_tag?post=30316"}],"curies":[{"name":"wp","href":"https:\/\/api.w.org\/{rel}","templated":true}]}}