{"id":30318,"date":"2022-05-19T14:45:49","date_gmt":"2022-05-19T12:45:49","guid":{"rendered":"https:\/\/www.ekbeauty.be\/?post_type=product&#038;p=30318"},"modified":"2024-11-04T23:09:17","modified_gmt":"2024-11-04T22:09:17","slug":"anti-wrinkle-night-cream-age-element-pre-order-midden-juni","status":"publish","type":"product","link":"https:\/\/www.ekbeauty.be\/fr\/produit\/anti-wrinkle-night-cream-age-element-pre-order-midden-juni\/","title":{"rendered":"Cr\u00e8me de nuit anti-rides \u00e9l\u00e9ment d'\u00e2ge"},"content":{"rendered":"","protected":false},"excerpt":{"rendered":"<p>Cr\u00e8me de nuit intensive<br \/>\nla restructuration et<br \/>\neffet r\u00e9parateur.<br \/>\nLA R\u00c9G\u00c9N\u00c9RATION ET<br \/>\n\u00c9TABLISSEMENT<br \/>\nHet lavendelextract herstelt de<br \/>\nla peau pendant la nuit<br \/>\nstimuler la synth\u00e8se<br \/>\nde prot\u00e9ines li\u00e9es \u00e0<br \/>\navec la r\u00e9g\u00e9n\u00e9ration de la peau,<br \/>\nla d\u00e9sintoxication et le renouvellement.<br \/>\nTexture cr\u00e8me onctueuse qui procure une<br \/>\nsentiment de confort,<br \/>\nid\u00e9al pour les peaux matures avec<br \/>\nles changements hormonaux.<br \/>\nAppliquer le soir pour r\u00e9duire<br \/>\nr\u00e9g\u00e9n\u00e9ration.<\/p>","protected":false},"featured_media":30319,"comment_status":"open","ping_status":"closed","template":"","meta":{"_surecart_dashboard_logo_width":"180px","_surecart_dashboard_show_logo":true,"_surecart_dashboard_navigation_orders":true,"_surecart_dashboard_navigation_invoices":true,"_surecart_dashboard_navigation_subscriptions":true,"_surecart_dashboard_navigation_downloads":true,"_surecart_dashboard_navigation_billing":true,"_surecart_dashboard_navigation_account":true,"_uag_custom_page_level_css":""},"product_brand":[],"product_cat":[220],"product_tag":[],"class_list":{"0":"post-30318","1":"product","2":"type-product","3":"status-publish","4":"has-post-thumbnail","6":"product_cat-nachtcremes-2","8":"first","9":"instock","10":"taxable","11":"shipping-taxable","12":"purchasable","13":"product-type-simple"},"uagb_featured_image_src":{"full":["https:\/\/www.ekbeauty.be\/wp-content\/uploads\/2022\/05\/1b86d48a-35b8-4918-ae77-2aa9ee23bd15.jpg",565,878,false],"thumbnail":["https:\/\/www.ekbeauty.be\/wp-content\/uploads\/2022\/05\/1b86d48a-35b8-4918-ae77-2aa9ee23bd15-150x150.jpg",150,150,true],"medium":["https:\/\/www.ekbeauty.be\/wp-content\/uploads\/2022\/05\/1b86d48a-35b8-4918-ae77-2aa9ee23bd15-193x300.jpg",193,300,true],"medium_large":["https:\/\/www.ekbeauty.be\/wp-content\/uploads\/2022\/05\/1b86d48a-35b8-4918-ae77-2aa9ee23bd15.jpg",565,878,false],"large":["https:\/\/www.ekbeauty.be\/wp-content\/uploads\/2022\/05\/1b86d48a-35b8-4918-ae77-2aa9ee23bd15.jpg",565,878,false],"1536x1536":["https:\/\/www.ekbeauty.be\/wp-content\/uploads\/2022\/05\/1b86d48a-35b8-4918-ae77-2aa9ee23bd15.jpg",565,878,false],"2048x2048":["https:\/\/www.ekbeauty.be\/wp-content\/uploads\/2022\/05\/1b86d48a-35b8-4918-ae77-2aa9ee23bd15.jpg",565,878,false],"trp-custom-language-flag":["https:\/\/www.ekbeauty.be\/wp-content\/uploads\/2022\/05\/1b86d48a-35b8-4918-ae77-2aa9ee23bd15-8x12.jpg",8,12,true],"woocommerce_archive_thumbnail":["https:\/\/www.ekbeauty.be\/wp-content\/uploads\/2022\/05\/1b86d48a-35b8-4918-ae77-2aa9ee23bd15-300x466.jpg",300,466,true],"woocommerce_thumbnail":["https:\/\/www.ekbeauty.be\/wp-content\/uploads\/2022\/05\/1b86d48a-35b8-4918-ae77-2aa9ee23bd15-300x300.jpg",300,300,true],"woocommerce_single":["https:\/\/www.ekbeauty.be\/wp-content\/uploads\/2022\/05\/1b86d48a-35b8-4918-ae77-2aa9ee23bd15.jpg",565,878,false],"woocommerce_gallery_thumbnail":["https:\/\/www.ekbeauty.be\/wp-content\/uploads\/2022\/05\/1b86d48a-35b8-4918-ae77-2aa9ee23bd15-100x100.jpg",100,100,true]},"uagb_author_info":{"display_name":"Sefer Gonca","author_link":"https:\/\/www.ekbeauty.be\/fr\/author\/"},"uagb_comment_info":0,"uagb_excerpt":"Nachtcr\u00e8me met intensieve herstructurerende en herstellende werking. REGENERATIE EN VERSTEVIGING Het lavendelextract herstelt de huid tijdens de nacht door het stimuleren van de synthese van eiwitten die verband houden met huidregeneratie, ontgifting en vernieuwing. Smeu\u00efge cr\u00e8me textuur die een gevoel van comfort geeft, ideaal voor de rijpere huid met hormonale veranderingen. \u2018s Nachts aanbrengen om\u2026","_links":{"self":[{"href":"https:\/\/www.ekbeauty.be\/fr\/wp-json\/wp\/v2\/product\/30318","targetHints":{"allow":["GET"]}}],"collection":[{"href":"https:\/\/www.ekbeauty.be\/fr\/wp-json\/wp\/v2\/product"}],"about":[{"href":"https:\/\/www.ekbeauty.be\/fr\/wp-json\/wp\/v2\/types\/product"}],"replies":[{"embeddable":true,"href":"https:\/\/www.ekbeauty.be\/fr\/wp-json\/wp\/v2\/comments?post=30318"}],"wp:featuredmedia":[{"embeddable":true,"href":"https:\/\/www.ekbeauty.be\/fr\/wp-json\/wp\/v2\/media\/30319"}],"wp:attachment":[{"href":"https:\/\/www.ekbeauty.be\/fr\/wp-json\/wp\/v2\/media?parent=30318"}],"wp:term":[{"taxonomy":"product_brand","embeddable":true,"href":"https:\/\/www.ekbeauty.be\/fr\/wp-json\/wp\/v2\/product_brand?post=30318"},{"taxonomy":"product_cat","embeddable":true,"href":"https:\/\/www.ekbeauty.be\/fr\/wp-json\/wp\/v2\/product_cat?post=30318"},{"taxonomy":"product_tag","embeddable":true,"href":"https:\/\/www.ekbeauty.be\/fr\/wp-json\/wp\/v2\/product_tag?post=30318"}],"curies":[{"name":"wp","href":"https:\/\/api.w.org\/{rel}","templated":true}]}}