{"id":30322,"date":"2022-05-19T14:49:38","date_gmt":"2022-05-19T12:49:38","guid":{"rendered":"https:\/\/www.ekbeauty.be\/?post_type=product&#038;p=30322"},"modified":"2024-11-04T23:08:21","modified_gmt":"2024-11-04T22:08:21","slug":"anti-wrinkle-lip-contour-age-element-pre-order-midden-juni","status":"publish","type":"product","link":"https:\/\/www.ekbeauty.be\/fr\/produit\/anti-wrinkle-lip-contour-age-element-pre-order-midden-juni\/","title":{"rendered":"Anti-rides pour les l\u00e8vres et le contour des \u00e9l\u00e9ments de l'\u00e2ge"},"content":{"rendered":"","protected":false},"excerpt":{"rendered":"<p>Contour des l\u00e8vres volumineux<br \/>\navec un effet anti-rides.<br \/>\nR\u00c9DUCTION DES RIDES<br \/>\nET L'EFFET DE REMPLISSAGE<br \/>\nHautement absorbable<br \/>\nacide hyaluronique et biotechnologie<br \/>\nl'extrait marin r\u00e9g\u00e9n\u00e8re les l\u00e8vres<br \/>\nimm\u00e9diatement et stimuler<br \/>\nla production de collag\u00e8ne.<br \/>\nTexture cr\u00e8me l\u00e9g\u00e8re \u00e0<br \/>\nApplication autour des l\u00e8vres<br \/>\nun l\u00e9ger massage avec le froid<br \/>\napplicateur c\u00e9ramique en travers<br \/>\nla ride, pour cr\u00e9er un effet de lifting<br \/>\net l'op\u00e9ration contre<br \/>\nrenforcer les rides.<\/p>","protected":false},"featured_media":30323,"comment_status":"open","ping_status":"closed","template":"","meta":{"_surecart_dashboard_logo_width":"180px","_surecart_dashboard_show_logo":true,"_surecart_dashboard_navigation_orders":true,"_surecart_dashboard_navigation_invoices":true,"_surecart_dashboard_navigation_subscriptions":true,"_surecart_dashboard_navigation_downloads":true,"_surecart_dashboard_navigation_billing":true,"_surecart_dashboard_navigation_account":true,"_uag_custom_page_level_css":""},"product_brand":[],"product_cat":[215],"product_tag":[],"class_list":{"0":"post-30322","1":"product","2":"type-product","3":"status-publish","4":"has-post-thumbnail","6":"product_cat-beauty","8":"first","9":"instock","10":"taxable","11":"shipping-taxable","12":"purchasable","13":"product-type-simple"},"uagb_featured_image_src":{"full":["https:\/\/www.ekbeauty.be\/wp-content\/uploads\/2022\/05\/85c75604-aa43-4e2e-b8d2-fcc8478e505a.jpg",675,878,false],"thumbnail":["https:\/\/www.ekbeauty.be\/wp-content\/uploads\/2022\/05\/85c75604-aa43-4e2e-b8d2-fcc8478e505a-150x150.jpg",150,150,true],"medium":["https:\/\/www.ekbeauty.be\/wp-content\/uploads\/2022\/05\/85c75604-aa43-4e2e-b8d2-fcc8478e505a-231x300.jpg",231,300,true],"medium_large":["https:\/\/www.ekbeauty.be\/wp-content\/uploads\/2022\/05\/85c75604-aa43-4e2e-b8d2-fcc8478e505a.jpg",675,878,false],"large":["https:\/\/www.ekbeauty.be\/wp-content\/uploads\/2022\/05\/85c75604-aa43-4e2e-b8d2-fcc8478e505a.jpg",675,878,false],"1536x1536":["https:\/\/www.ekbeauty.be\/wp-content\/uploads\/2022\/05\/85c75604-aa43-4e2e-b8d2-fcc8478e505a.jpg",675,878,false],"2048x2048":["https:\/\/www.ekbeauty.be\/wp-content\/uploads\/2022\/05\/85c75604-aa43-4e2e-b8d2-fcc8478e505a.jpg",675,878,false],"trp-custom-language-flag":["https:\/\/www.ekbeauty.be\/wp-content\/uploads\/2022\/05\/85c75604-aa43-4e2e-b8d2-fcc8478e505a-9x12.jpg",9,12,true],"woocommerce_archive_thumbnail":["https:\/\/www.ekbeauty.be\/wp-content\/uploads\/2022\/05\/85c75604-aa43-4e2e-b8d2-fcc8478e505a-300x390.jpg",300,390,true],"woocommerce_thumbnail":["https:\/\/www.ekbeauty.be\/wp-content\/uploads\/2022\/05\/85c75604-aa43-4e2e-b8d2-fcc8478e505a-300x300.jpg",300,300,true],"woocommerce_single":["https:\/\/www.ekbeauty.be\/wp-content\/uploads\/2022\/05\/85c75604-aa43-4e2e-b8d2-fcc8478e505a-600x780.jpg",600,780,true],"woocommerce_gallery_thumbnail":["https:\/\/www.ekbeauty.be\/wp-content\/uploads\/2022\/05\/85c75604-aa43-4e2e-b8d2-fcc8478e505a-100x100.jpg",100,100,true]},"uagb_author_info":{"display_name":"Sefer Gonca","author_link":"https:\/\/www.ekbeauty.be\/fr\/author\/"},"uagb_comment_info":0,"uagb_excerpt":"Volumegevende lipcontour met anti-rimpelwerking. VERMINDERING VAN RIMPELS EN VULLENDE WERKING Zeer goed opneembaar hyaluronzuur en biotechnologisch mariene extract vullen de lippen onmiddellijk op en stimuleren de aanmaak van collageen. Lichte cr\u00e8me textuur aan te brengen rond de lippen door een lichte massage met de koude keramische applicator dwars op de rimpel, om een liftend effect\u2026","_links":{"self":[{"href":"https:\/\/www.ekbeauty.be\/fr\/wp-json\/wp\/v2\/product\/30322","targetHints":{"allow":["GET"]}}],"collection":[{"href":"https:\/\/www.ekbeauty.be\/fr\/wp-json\/wp\/v2\/product"}],"about":[{"href":"https:\/\/www.ekbeauty.be\/fr\/wp-json\/wp\/v2\/types\/product"}],"replies":[{"embeddable":true,"href":"https:\/\/www.ekbeauty.be\/fr\/wp-json\/wp\/v2\/comments?post=30322"}],"wp:featuredmedia":[{"embeddable":true,"href":"https:\/\/www.ekbeauty.be\/fr\/wp-json\/wp\/v2\/media\/30323"}],"wp:attachment":[{"href":"https:\/\/www.ekbeauty.be\/fr\/wp-json\/wp\/v2\/media?parent=30322"}],"wp:term":[{"taxonomy":"product_brand","embeddable":true,"href":"https:\/\/www.ekbeauty.be\/fr\/wp-json\/wp\/v2\/product_brand?post=30322"},{"taxonomy":"product_cat","embeddable":true,"href":"https:\/\/www.ekbeauty.be\/fr\/wp-json\/wp\/v2\/product_cat?post=30322"},{"taxonomy":"product_tag","embeddable":true,"href":"https:\/\/www.ekbeauty.be\/fr\/wp-json\/wp\/v2\/product_tag?post=30322"}],"curies":[{"name":"wp","href":"https:\/\/api.w.org\/{rel}","templated":true}]}}