{"id":30476,"date":"2022-07-10T16:07:51","date_gmt":"2022-07-10T14:07:51","guid":{"rendered":"https:\/\/www.ekbeauty.be\/?post_type=product&#038;p=30476"},"modified":"2024-11-04T23:06:30","modified_gmt":"2024-11-04T22:06:30","slug":"image-skincare-clear-cell-clarifying-salicylic-blemish-stick","status":"publish","type":"product","link":"https:\/\/www.ekbeauty.be\/fr\/produit\/image-skincare-clear-cell-clarifying-salicylic-blemish-stick\/","title":{"rendered":"IMAGE Skincare Clear Cell - Stick anti-imperfections salicylique clarifiant"},"content":{"rendered":"","protected":false},"excerpt":{"rendered":"<h1>IMAGE Skincare Clear Cell - Gel salicylique clarifiant contre les imperfections.<\/h1>\n<p>IMAGE Skincare Clear Cell - Clarifying Salicylic Blemish Gel est un puissant traitement contre l'acn\u00e9 qui cible les imperfections existantes et pr\u00e9vient la formation de nouvelles imperfections, de points noirs et de points blancs. Formul\u00e9 avec de l'acide salicylique 2%, il p\u00e9n\u00e8tre dans les pores pour \u00e9liminer la plupart des \u00e9ruptions d'acn\u00e9 et pr\u00e9server la peau de nouvelles taches d'acn\u00e9. Il aide \u00e0 r\u00e9duire l'apparence des pores*, \u00e0 apaiser les zones trait\u00e9es et \u00e0 minimiser les rougeurs**. Ce gel l\u00e9ger est transparent et p\u00e9n\u00e8tre facilement dans la peau pour une utilisation ind\u00e9tectable de jour comme de nuit.<\/p>\n<h3>IMAGE Skincare Clear Cell - Gel salicylique clarifiant contre les imperfections - conseils d'utilisation<\/h3>\n<p>Nettoyez soigneusement la peau avant d'appliquer ce produit et couvrez toute la zone affect\u00e9e d'une fine couche une ou trois fois par jour.<br \/>\nVeuillez noter qu'en raison du risque de dess\u00e8chement excessif de la peau, il est conseill\u00e9 de commencer par une application par jour, puis de passer progressivement \u00e0 deux ou trois applications par jour si n\u00e9cessaire ou selon les instructions de votre th\u00e9rapeute.<br \/>\nEn cas de dess\u00e8chement ou de desquamation g\u00eanants, r\u00e9duire l'application \u00e0 une fois par jour ou tous les deux jours.<\/p>","protected":false},"featured_media":30477,"comment_status":"open","ping_status":"closed","template":"","meta":{"_surecart_dashboard_logo_width":"180px","_surecart_dashboard_show_logo":true,"_surecart_dashboard_navigation_orders":true,"_surecart_dashboard_navigation_invoices":true,"_surecart_dashboard_navigation_subscriptions":true,"_surecart_dashboard_navigation_downloads":true,"_surecart_dashboard_navigation_billing":true,"_surecart_dashboard_navigation_account":true,"_uag_custom_page_level_css":""},"product_brand":[],"product_cat":[329],"product_tag":[],"class_list":{"0":"post-30476","1":"product","2":"type-product","3":"status-publish","4":"has-post-thumbnail","6":"product_cat-gezichtsserums","8":"first","9":"instock","10":"taxable","11":"shipping-taxable","12":"purchasable","13":"product-type-simple"},"uagb_featured_image_src":{"full":["https:\/\/www.ekbeauty.be\/wp-content\/uploads\/2022\/07\/IMAGE-Skincare-Clear-Cell-Clarifying-Salicylic-Blemish-Gel.jpg",900,900,false],"thumbnail":["https:\/\/www.ekbeauty.be\/wp-content\/uploads\/2022\/07\/IMAGE-Skincare-Clear-Cell-Clarifying-Salicylic-Blemish-Gel-150x150.jpg",150,150,true],"medium":["https:\/\/www.ekbeauty.be\/wp-content\/uploads\/2022\/07\/IMAGE-Skincare-Clear-Cell-Clarifying-Salicylic-Blemish-Gel-300x300.jpg",300,300,true],"medium_large":["https:\/\/www.ekbeauty.be\/wp-content\/uploads\/2022\/07\/IMAGE-Skincare-Clear-Cell-Clarifying-Salicylic-Blemish-Gel-768x768.jpg",768,768,true],"large":["https:\/\/www.ekbeauty.be\/wp-content\/uploads\/2022\/07\/IMAGE-Skincare-Clear-Cell-Clarifying-Salicylic-Blemish-Gel.jpg",900,900,false],"1536x1536":["https:\/\/www.ekbeauty.be\/wp-content\/uploads\/2022\/07\/IMAGE-Skincare-Clear-Cell-Clarifying-Salicylic-Blemish-Gel.jpg",900,900,false],"2048x2048":["https:\/\/www.ekbeauty.be\/wp-content\/uploads\/2022\/07\/IMAGE-Skincare-Clear-Cell-Clarifying-Salicylic-Blemish-Gel.jpg",900,900,false],"trp-custom-language-flag":["https:\/\/www.ekbeauty.be\/wp-content\/uploads\/2022\/07\/IMAGE-Skincare-Clear-Cell-Clarifying-Salicylic-Blemish-Gel-12x12.jpg",12,12,true],"woocommerce_archive_thumbnail":["https:\/\/www.ekbeauty.be\/wp-content\/uploads\/2022\/07\/IMAGE-Skincare-Clear-Cell-Clarifying-Salicylic-Blemish-Gel-300x300.jpg",300,300,true],"woocommerce_thumbnail":["https:\/\/www.ekbeauty.be\/wp-content\/uploads\/2022\/07\/IMAGE-Skincare-Clear-Cell-Clarifying-Salicylic-Blemish-Gel-300x300.jpg",300,300,true],"woocommerce_single":["https:\/\/www.ekbeauty.be\/wp-content\/uploads\/2022\/07\/IMAGE-Skincare-Clear-Cell-Clarifying-Salicylic-Blemish-Gel-600x600.jpg",600,600,true],"woocommerce_gallery_thumbnail":["https:\/\/www.ekbeauty.be\/wp-content\/uploads\/2022\/07\/IMAGE-Skincare-Clear-Cell-Clarifying-Salicylic-Blemish-Gel-100x100.jpg",100,100,true]},"uagb_author_info":{"display_name":"Sefer Gonca","author_link":"https:\/\/www.ekbeauty.be\/fr\/author\/"},"uagb_comment_info":0,"uagb_excerpt":"IMAGE Skincare Clear Cell \u2013 Clarifying Salicylic Blemish Gel IMAGE Skincare Clear Cell \u2013 Clarifying Salicylic Blemish Gel is een krachtige acnebehandeling die zich richt op bestaande acne-vlekken en voorkomt de vorming van nieuwe vlekken, mee-eters en whiteheads. Geformuleerd met 2% salicylzuur, dringt het door in de pori\u00ebn om de meeste acne-uitbarstingen te elimineren en\u2026","_links":{"self":[{"href":"https:\/\/www.ekbeauty.be\/fr\/wp-json\/wp\/v2\/product\/30476","targetHints":{"allow":["GET"]}}],"collection":[{"href":"https:\/\/www.ekbeauty.be\/fr\/wp-json\/wp\/v2\/product"}],"about":[{"href":"https:\/\/www.ekbeauty.be\/fr\/wp-json\/wp\/v2\/types\/product"}],"replies":[{"embeddable":true,"href":"https:\/\/www.ekbeauty.be\/fr\/wp-json\/wp\/v2\/comments?post=30476"}],"wp:featuredmedia":[{"embeddable":true,"href":"https:\/\/www.ekbeauty.be\/fr\/wp-json\/wp\/v2\/media\/30477"}],"wp:attachment":[{"href":"https:\/\/www.ekbeauty.be\/fr\/wp-json\/wp\/v2\/media?parent=30476"}],"wp:term":[{"taxonomy":"product_brand","embeddable":true,"href":"https:\/\/www.ekbeauty.be\/fr\/wp-json\/wp\/v2\/product_brand?post=30476"},{"taxonomy":"product_cat","embeddable":true,"href":"https:\/\/www.ekbeauty.be\/fr\/wp-json\/wp\/v2\/product_cat?post=30476"},{"taxonomy":"product_tag","embeddable":true,"href":"https:\/\/www.ekbeauty.be\/fr\/wp-json\/wp\/v2\/product_tag?post=30476"}],"curies":[{"name":"wp","href":"https:\/\/api.w.org\/{rel}","templated":true}]}}