{"id":30478,"date":"2022-07-10T16:09:33","date_gmt":"2022-07-10T14:09:33","guid":{"rendered":"https:\/\/www.ekbeauty.be\/?post_type=product&#038;p=30478"},"modified":"2024-11-04T23:06:13","modified_gmt":"2024-11-04T22:06:13","slug":"image-skincare-md-restoring-power-c-serum","status":"publish","type":"product","link":"https:\/\/www.ekbeauty.be\/fr\/produit\/image-skincare-md-restoring-power-c-serum\/","title":{"rendered":"IMAGE Skincare MD - S\u00e9rum Power-C r\u00e9parateur"},"content":{"rendered":"","protected":false},"excerpt":{"rendered":"<h1>IMAGE Skincare MD - S\u00e9rum Power-C r\u00e9parateur<\/h1>\n<p>IMAGE Skincare MD - Restoring Power-C Serum est un s\u00e9rum haute performance \u00e0 la vitamine C pour le visage, dont il est cliniquement prouv\u00e9 qu'il am\u00e9liore les rides, la pigmentation et la fermet\u00e9. D\u00e9velopp\u00e9 pour une stabilit\u00e9 et une puissance sup\u00e9rieures, ce s\u00e9rum de d\u00e9fense quotidien aide \u00e0 \u00e9claircir et \u00e0 r\u00e9parer la peau tout en offrant une protection environnementale avanc\u00e9e. Gr\u00e2ce au 20% tetrahexyldecylascorbate, une forme ultra-concentr\u00e9e et liposoluble de vitamine C, il contribue \u00e0 estomper les taches de pigmentation et \u00e0 am\u00e9liorer les signes du vieillissement cutan\u00e9 tels que les rides et ridules et la perte de fermet\u00e9. Une synth\u00e8se des super-antioxydants que sont l'acide f\u00e9rulique et l'ac\u00e9tyl-zing\u00e9rone contribue \u00e0 renforcer les effets de la vitamine C. Un complexe d'acide hyaluronique optimis\u00e9 r\u00e9hydrate la peau et favorise un aspect rebondi, lisse et ferme.<\/p>\n<h3>Am\u00e9lioration visible gr\u00e2ce au s\u00e9rum IMAGE Skincare MD - Restoring Power-C Serum.<\/h3>\n<p>La formule l\u00e9g\u00e8re \u00e0 l'huile d'orange donne \u00e0 la peau un \u00e9clat puissant et radieux.<\/p>\n<p>Pour tous les types de peau, en particulier celles pr\u00e9sentant des signes avanc\u00e9s de vieillissement et de pigmentation.<\/p>\n<h3><b>Mode d'emploi de IMAGE Skincare MD - S\u00e9rum Power-C r\u00e9parateur<\/b><\/h3>\n<p>Appliquez le s\u00e9rum apr\u00e8s avoir nettoy\u00e9 votre visage le matin. Laissez le s\u00e9rum s'impr\u00e9gner avant d'appliquer la cr\u00e8me hydratante. Utilisation en journ\u00e9e\u00a0<strong><a href=\"https:\/\/huidpraktijkshop.nl\/product\/image-skincare-image-md-restoring-daily-defense-moisturizer-spf-50\">IMAGE Skincare MD Restoring Daily Defense Moisturiser SPF 50<\/a><\/strong>\u00a0et le soir\u00a0<strong><a href=\"https:\/\/huidpraktijkshop.nl\/product\/image-skincare-image-md-restoring-youth-repair-creme-with-adt-technology\/\">IMAGE Skincare IMAGE MD Restoring Youth Cr\u00e8me R\u00e9paratrice<\/a><\/strong><a href=\"https:\/\/huidpraktijkshop.nl\/product\/image-skincare-image-md-restoring-youth-repair-creme-with-adt-technology\/\">\u00a0<\/a>\u00a0aan over dit serum<\/p>","protected":false},"featured_media":30481,"comment_status":"open","ping_status":"closed","template":"","meta":{"_surecart_dashboard_logo_width":"180px","_surecart_dashboard_show_logo":true,"_surecart_dashboard_navigation_orders":true,"_surecart_dashboard_navigation_invoices":true,"_surecart_dashboard_navigation_subscriptions":true,"_surecart_dashboard_navigation_downloads":true,"_surecart_dashboard_navigation_billing":true,"_surecart_dashboard_navigation_account":true,"_uag_custom_page_level_css":""},"product_brand":[],"product_cat":[329],"product_tag":[],"class_list":{"0":"post-30478","1":"product","2":"type-product","3":"status-publish","4":"has-post-thumbnail","6":"product_cat-gezichtsserums","8":"first","9":"instock","10":"taxable","11":"shipping-taxable","12":"purchasable","13":"product-type-simple"},"uagb_featured_image_src":{"full":["https:\/\/www.ekbeauty.be\/wp-content\/uploads\/2022\/07\/IMAGE-Skincare-MD-Restoring-Power-C-Serum.jpg",900,899,false],"thumbnail":["https:\/\/www.ekbeauty.be\/wp-content\/uploads\/2022\/07\/IMAGE-Skincare-MD-Restoring-Power-C-Serum-150x150.jpg",150,150,true],"medium":["https:\/\/www.ekbeauty.be\/wp-content\/uploads\/2022\/07\/IMAGE-Skincare-MD-Restoring-Power-C-Serum-300x300.jpg",300,300,true],"medium_large":["https:\/\/www.ekbeauty.be\/wp-content\/uploads\/2022\/07\/IMAGE-Skincare-MD-Restoring-Power-C-Serum-768x767.jpg",768,767,true],"large":["https:\/\/www.ekbeauty.be\/wp-content\/uploads\/2022\/07\/IMAGE-Skincare-MD-Restoring-Power-C-Serum.jpg",900,899,false],"1536x1536":["https:\/\/www.ekbeauty.be\/wp-content\/uploads\/2022\/07\/IMAGE-Skincare-MD-Restoring-Power-C-Serum.jpg",900,899,false],"2048x2048":["https:\/\/www.ekbeauty.be\/wp-content\/uploads\/2022\/07\/IMAGE-Skincare-MD-Restoring-Power-C-Serum.jpg",900,899,false],"trp-custom-language-flag":["https:\/\/www.ekbeauty.be\/wp-content\/uploads\/2022\/07\/IMAGE-Skincare-MD-Restoring-Power-C-Serum-12x12.jpg",12,12,true],"woocommerce_archive_thumbnail":["https:\/\/www.ekbeauty.be\/wp-content\/uploads\/2022\/07\/IMAGE-Skincare-MD-Restoring-Power-C-Serum-300x300.jpg",300,300,true],"woocommerce_thumbnail":["https:\/\/www.ekbeauty.be\/wp-content\/uploads\/2022\/07\/IMAGE-Skincare-MD-Restoring-Power-C-Serum-300x300.jpg",300,300,true],"woocommerce_single":["https:\/\/www.ekbeauty.be\/wp-content\/uploads\/2022\/07\/IMAGE-Skincare-MD-Restoring-Power-C-Serum-600x599.jpg",600,599,true],"woocommerce_gallery_thumbnail":["https:\/\/www.ekbeauty.be\/wp-content\/uploads\/2022\/07\/IMAGE-Skincare-MD-Restoring-Power-C-Serum-100x100.jpg",100,100,true]},"uagb_author_info":{"display_name":"Sefer Gonca","author_link":"https:\/\/www.ekbeauty.be\/fr\/author\/"},"uagb_comment_info":0,"uagb_excerpt":"IMAGE Skincare MD \u2013 Restoring Power-C Serum IMAGE Skincare MD \u2013 Restoring Power-C Serum is\u00a0een hoogwaardig vitamine C-gezichtsserum waarvan klinisch is bewezen dat het rimpels, pigmentatie en stevigheid verbetert. Dit dagelijkse verdedigingsserum, ontwikkeld voor superieure stabiliteit en potentie, helpt de huid te verhelderen en te herstellen en biedt tegelijkertijd geavanceerde bescherming van het milieu. Met\u2026","_links":{"self":[{"href":"https:\/\/www.ekbeauty.be\/fr\/wp-json\/wp\/v2\/product\/30478","targetHints":{"allow":["GET"]}}],"collection":[{"href":"https:\/\/www.ekbeauty.be\/fr\/wp-json\/wp\/v2\/product"}],"about":[{"href":"https:\/\/www.ekbeauty.be\/fr\/wp-json\/wp\/v2\/types\/product"}],"replies":[{"embeddable":true,"href":"https:\/\/www.ekbeauty.be\/fr\/wp-json\/wp\/v2\/comments?post=30478"}],"wp:featuredmedia":[{"embeddable":true,"href":"https:\/\/www.ekbeauty.be\/fr\/wp-json\/wp\/v2\/media\/30481"}],"wp:attachment":[{"href":"https:\/\/www.ekbeauty.be\/fr\/wp-json\/wp\/v2\/media?parent=30478"}],"wp:term":[{"taxonomy":"product_brand","embeddable":true,"href":"https:\/\/www.ekbeauty.be\/fr\/wp-json\/wp\/v2\/product_brand?post=30478"},{"taxonomy":"product_cat","embeddable":true,"href":"https:\/\/www.ekbeauty.be\/fr\/wp-json\/wp\/v2\/product_cat?post=30478"},{"taxonomy":"product_tag","embeddable":true,"href":"https:\/\/www.ekbeauty.be\/fr\/wp-json\/wp\/v2\/product_tag?post=30478"}],"curies":[{"name":"wp","href":"https:\/\/api.w.org\/{rel}","templated":true}]}}