{"id":30479,"date":"2022-07-10T16:11:45","date_gmt":"2022-07-10T14:11:45","guid":{"rendered":"https:\/\/www.ekbeauty.be\/?post_type=product&#038;p=30479"},"modified":"2024-11-04T23:05:46","modified_gmt":"2024-11-04T22:05:46","slug":"image-skincare-ageless-total-microderm-exfoliator-42gr","status":"publish","type":"product","link":"https:\/\/www.ekbeauty.be\/fr\/produit\/image-skincare-ageless-total-microderm-exfoliator-42gr\/","title":{"rendered":"Image Skincare Ageless - Total Microderm Exfoliator 42gr"},"content":{"rendered":"","protected":false},"excerpt":{"rendered":"<p>AGELESS - Total Microderm Exfoliator est un m\u00e9ga-exfoliant 3 en 1. Sa formule ultra-exfoliante aide \u00e0 unifier le teint et la texture de la peau pour r\u00e9v\u00e9ler une peau fra\u00eeche et radieuse. Il am\u00e9liore l'\u00e9clat des peaux ternes et grises.<\/p>\n<p>&nbsp;<\/p>\n<h2>Exfoliant Total Microderm<\/h2>\n<p>Inspir\u00e9 des traitements de microdermabrasion, ce puissant peeling facial combine des peelings enzymatiques, physiques et chimiques pour affiner et renouveler les peaux ternes et irr\u00e9guli\u00e8res. Gr\u00e2ce aux enzymes de fruits, aux acides hydroxyl\u00e9s, aux microcristaux de quartz rose et \u00e0 la poudre de bambou, il offre notre exfoliation la plus avanc\u00e9e pour \u00e9liminer les cellules mortes de la peau. Sa formule granuleuse, \u00e0 base de gel, affine le teint et la texture de la peau.<\/p>\n<p>Ce gommage microderm r\u00e9pond \u00e0 notre norme clean clinical skincare\u2122 et est formul\u00e9 sans parab\u00e8nes, phtalates, huiles min\u00e9rales, parfums artificiels, colorants synth\u00e9tiques ou tests sur les animaux.<\/p>\n<h3>Les avantages du Total Microderm Exfoliator :<\/h3>\n<ul>\n<li>La formule ultra-exfoliante aide \u00e0 unifier le teint et la texture de la peau, r\u00e9v\u00e9lant une peau renouvel\u00e9e.<\/li>\n<li>Peeling 3 en 1 avec des enzymes de carambole, de kiwi et d'ananas, des acides alpha et polyhydroxy, des microcristaux de quartz rose et de la poudre de bambou pour une peau d'apparence jeune.<\/li>\n<li>Am\u00e9liore l'\u00e9clat des peaux ternes et grises<\/li>\n<\/ul>\n<h3>Comment utiliser le Total Microderm Exfoliator :<\/h3>\n<p>Appliquer sur la peau nettoy\u00e9e. Humidifier les mains et masser la peau pendant une minute maximum. Retirer avec de l'eau ti\u00e8de. Ne pas laisser sur la peau plus de 3 minutes. L'exfoliation intensive convient mieux aux peaux habitu\u00e9es \u00e0 un rajeunissement et \u00e0 une exfoliation plus forts.<\/p>\n<h3>Type de peau :<\/h3>\n<p>Convient \u00e0 tous les types de peau, en particulier \u00e0 celles qui ont un teint et un grain de peau ternes et irr\u00e9guliers.<\/p>","protected":false},"featured_media":30480,"comment_status":"open","ping_status":"closed","template":"","meta":{"_surecart_dashboard_logo_width":"180px","_surecart_dashboard_show_logo":true,"_surecart_dashboard_navigation_orders":true,"_surecart_dashboard_navigation_invoices":true,"_surecart_dashboard_navigation_subscriptions":true,"_surecart_dashboard_navigation_downloads":true,"_surecart_dashboard_navigation_billing":true,"_surecart_dashboard_navigation_account":true,"_uag_custom_page_level_css":""},"product_brand":[],"product_cat":[325],"product_tag":[],"class_list":{"0":"post-30479","1":"product","2":"type-product","3":"status-publish","4":"has-post-thumbnail","6":"product_cat-exfolianten-gezichtssrubs","8":"first","9":"instock","10":"taxable","11":"shipping-taxable","12":"purchasable","13":"product-type-simple"},"uagb_featured_image_src":{"full":["https:\/\/www.ekbeauty.be\/wp-content\/uploads\/2022\/07\/image-skincare-image-skincare-ageless-total-microd.jpg",465,465,false],"thumbnail":["https:\/\/www.ekbeauty.be\/wp-content\/uploads\/2022\/07\/image-skincare-image-skincare-ageless-total-microd-150x150.jpg",150,150,true],"medium":["https:\/\/www.ekbeauty.be\/wp-content\/uploads\/2022\/07\/image-skincare-image-skincare-ageless-total-microd-300x300.jpg",300,300,true],"medium_large":["https:\/\/www.ekbeauty.be\/wp-content\/uploads\/2022\/07\/image-skincare-image-skincare-ageless-total-microd.jpg",465,465,false],"large":["https:\/\/www.ekbeauty.be\/wp-content\/uploads\/2022\/07\/image-skincare-image-skincare-ageless-total-microd.jpg",465,465,false],"1536x1536":["https:\/\/www.ekbeauty.be\/wp-content\/uploads\/2022\/07\/image-skincare-image-skincare-ageless-total-microd.jpg",465,465,false],"2048x2048":["https:\/\/www.ekbeauty.be\/wp-content\/uploads\/2022\/07\/image-skincare-image-skincare-ageless-total-microd.jpg",465,465,false],"trp-custom-language-flag":["https:\/\/www.ekbeauty.be\/wp-content\/uploads\/2022\/07\/image-skincare-image-skincare-ageless-total-microd-12x12.jpg",12,12,true],"woocommerce_archive_thumbnail":["https:\/\/www.ekbeauty.be\/wp-content\/uploads\/2022\/07\/image-skincare-image-skincare-ageless-total-microd-300x300.jpg",300,300,true],"woocommerce_thumbnail":["https:\/\/www.ekbeauty.be\/wp-content\/uploads\/2022\/07\/image-skincare-image-skincare-ageless-total-microd-300x300.jpg",300,300,true],"woocommerce_single":["https:\/\/www.ekbeauty.be\/wp-content\/uploads\/2022\/07\/image-skincare-image-skincare-ageless-total-microd.jpg",465,465,false],"woocommerce_gallery_thumbnail":["https:\/\/www.ekbeauty.be\/wp-content\/uploads\/2022\/07\/image-skincare-image-skincare-ageless-total-microd-100x100.jpg",100,100,true]},"uagb_author_info":{"display_name":"Sefer Gonca","author_link":"https:\/\/www.ekbeauty.be\/fr\/author\/"},"uagb_comment_info":0,"uagb_excerpt":"AGELESS - Total Microderm Exfoliator is een 3-in-1 mega scrub. De Ultra-exfoli\u00ebrende formule helpt de teint en textuur van de huid te egaliseren om een frisse, stralende huid te onthullen. Het verbetert de glans van een doffe, grauwe huid. &nbsp; Total Microderm Exfoliator Deze krachtige gezichtspeeling is ge\u00efnspireerd op microdermabrasiebehandelingen en combineert enzymatische, fysische en\u2026","_links":{"self":[{"href":"https:\/\/www.ekbeauty.be\/fr\/wp-json\/wp\/v2\/product\/30479","targetHints":{"allow":["GET"]}}],"collection":[{"href":"https:\/\/www.ekbeauty.be\/fr\/wp-json\/wp\/v2\/product"}],"about":[{"href":"https:\/\/www.ekbeauty.be\/fr\/wp-json\/wp\/v2\/types\/product"}],"replies":[{"embeddable":true,"href":"https:\/\/www.ekbeauty.be\/fr\/wp-json\/wp\/v2\/comments?post=30479"}],"wp:featuredmedia":[{"embeddable":true,"href":"https:\/\/www.ekbeauty.be\/fr\/wp-json\/wp\/v2\/media\/30480"}],"wp:attachment":[{"href":"https:\/\/www.ekbeauty.be\/fr\/wp-json\/wp\/v2\/media?parent=30479"}],"wp:term":[{"taxonomy":"product_brand","embeddable":true,"href":"https:\/\/www.ekbeauty.be\/fr\/wp-json\/wp\/v2\/product_brand?post=30479"},{"taxonomy":"product_cat","embeddable":true,"href":"https:\/\/www.ekbeauty.be\/fr\/wp-json\/wp\/v2\/product_cat?post=30479"},{"taxonomy":"product_tag","embeddable":true,"href":"https:\/\/www.ekbeauty.be\/fr\/wp-json\/wp\/v2\/product_tag?post=30479"}],"curies":[{"name":"wp","href":"https:\/\/api.w.org\/{rel}","templated":true}]}}