{"id":30738,"date":"2022-11-10T14:01:59","date_gmt":"2022-11-10T13:01:59","guid":{"rendered":"https:\/\/www.ekbeauty.be\/?post_type=product&#038;p=30738"},"modified":"2024-11-04T21:22:51","modified_gmt":"2024-11-04T20:22:51","slug":"dermaroller-ampul-ef-mesoestetic-promo","status":"publish","type":"product","link":"https:\/\/www.ekbeauty.be\/fr\/produit\/dermaroller-ampul-ef-mesoestetic-promo\/","title":{"rendered":"DERMAROLLER + AMPUL E+F promo m\u00e9soestetique"},"content":{"rendered":"<ul class=\"elementor-icon-list-items\">\n<li class=\"elementor-icon-list-item\"><span class=\"elementor-icon-list-text\">Avant d'utiliser votre dermaroller pour la premi\u00e8re fois, veillez \u00e0 bien nettoyer votre visage avec un gel ou un lait nettoyant et un toner, par exemple. ( NE PAS NETTOYER avec le nettoyant MOUSSE AGELESS, CLEAR CELL, PURIFYING MOUSSE ! !!<\/span><\/li>\n<li class=\"elementor-icon-list-item\"><i class=\"fas fa-check\" aria-hidden=\"true\"><\/i><span class=\"elementor-icon-list-text\">Veillez \u00e0 d\u00e9sinfecter les aiguilles avant de les utiliser en les nettoyant avec de l'alcool 80%, en vente dans toutes les pharmacies.<\/span><\/li>\n<li class=\"elementor-icon-list-item\"><i class=\"fas fa-check\" aria-hidden=\"true\"><\/i><span class=\"elementor-icon-list-text\">Appliquez l'ampoule e+f sur votre peau nettoy\u00e9e.\u00a0<\/span><\/li>\n<li class=\"elementor-icon-list-item\"><i class=\"fas fa-check\" aria-hidden=\"true\"><\/i><span class=\"elementor-icon-list-text\">Utilisez le derma roller sur la peau en effectuant des mouvements de gauche \u00e0 droite, de haut en bas et en diagonale. Veillez \u00e0 exercer une pression sur la zone trait\u00e9e lorsque l'aiguille passe dessus. Lors du traitement du visage, \u00e9vitez d'exercer une pression trop forte autour des yeux et des pommettes.<\/span><i class=\"fas fa-check\" aria-hidden=\"true\"><\/i><\/li>\n<li>Si vous allez l'utiliser le matin, utilisez un \u00e9cran solaire apr\u00e8s, et le soir, apr\u00e8s avoir roul\u00e9, allez vous coucher sans cr\u00e8me de nuit.<\/li>\n<li class=\"elementor-icon-list-item\"><i class=\"fas fa-check\" aria-hidden=\"true\"><\/i><span class=\"elementor-icon-list-text\">N'oubliez pas de nettoyer votre dermaroller sous l'eau courante apr\u00e8s chaque traitement. Apr\u00e8s ce nettoyage, il est important de d\u00e9sinfecter le dermaroller avec de l'alcool 80%. Lorsqu'il est sec, remettez-le dans sa bo\u00eete.<\/span><\/li>\n<li>R\u00e9p\u00e9ter une fois par semaine<\/li>\n<\/ul>","protected":false},"excerpt":{"rendered":"<p>Utilisation du dermaroller<\/p>\n<ul class=\"elementor-icon-list-items\">\n<li class=\"elementor-icon-list-item\"><span class=\"elementor-icon-list-text\">Avant d'utiliser votre dermaroller pour la premi\u00e8re fois, veillez \u00e0 bien nettoyer votre visage avec un gel ou un lait nettoyant et un toner, par exemple. ( NE PAS NETTOYER avec le nettoyant MOUSSE AGELESS, CLEAR CELL, PURIFYING MOUSSE ! !!<\/span><\/li>\n<li class=\"elementor-icon-list-item\"><i class=\"fas fa-check\" aria-hidden=\"true\"><\/i><span class=\"elementor-icon-list-text\">Veillez \u00e0 d\u00e9sinfecter les aiguilles avant de les utiliser en les nettoyant avec de l'alcool 80%, en vente dans toutes les pharmacies.<\/span><\/li>\n<li class=\"elementor-icon-list-item\"><i class=\"fas fa-check\" aria-hidden=\"true\"><\/i><span class=\"elementor-icon-list-text\">Appliquez l'ampoule e+f sur votre peau nettoy\u00e9e.\u00a0<\/span><\/li>\n<li class=\"elementor-icon-list-item\"><i class=\"fas fa-check\" aria-hidden=\"true\"><\/i><span class=\"elementor-icon-list-text\">Utilisez le derma roller sur la peau en effectuant des mouvements de gauche \u00e0 droite, de haut en bas et en diagonale. Veillez \u00e0 exercer une pression sur la zone trait\u00e9e lorsque l'aiguille passe dessus. Lors du traitement du visage, \u00e9vitez d'exercer une pression trop forte autour des yeux et des pommettes.<\/span><i class=\"fas fa-check\" aria-hidden=\"true\"><\/i><\/li>\n<li>Si vous allez l'utiliser le matin, utilisez un \u00e9cran solaire apr\u00e8s, et le soir, apr\u00e8s avoir roul\u00e9, allez vous coucher sans cr\u00e8me de nuit.<\/li>\n<li class=\"elementor-icon-list-item\"><i class=\"fas fa-check\" aria-hidden=\"true\"><\/i><span class=\"elementor-icon-list-text\">N'oubliez pas de nettoyer votre dermaroller sous l'eau courante apr\u00e8s chaque traitement. Apr\u00e8s ce nettoyage, il est important de d\u00e9sinfecter le dermaroller avec de l'alcool 80%. Lorsqu'il est sec, remettez-le dans sa bo\u00eete.<\/span><\/li>\n<li>R\u00e9p\u00e9ter une fois par semaine<\/li>\n<\/ul>","protected":false},"featured_media":30739,"comment_status":"open","ping_status":"closed","template":"","meta":{"_surecart_dashboard_logo_width":"180px","_surecart_dashboard_show_logo":true,"_surecart_dashboard_navigation_orders":true,"_surecart_dashboard_navigation_invoices":true,"_surecart_dashboard_navigation_subscriptions":true,"_surecart_dashboard_navigation_downloads":true,"_surecart_dashboard_navigation_billing":true,"_surecart_dashboard_navigation_account":true,"_uag_custom_page_level_css":""},"product_brand":[],"product_cat":[324],"product_tag":[],"class_list":{"0":"post-30738","1":"product","2":"type-product","3":"status-publish","4":"has-post-thumbnail","6":"product_cat-acties","8":"first","9":"instock","10":"sale","11":"taxable","12":"shipping-taxable","13":"purchasable","14":"product-type-simple"},"uagb_featured_image_src":{"full":["https:\/\/www.ekbeauty.be\/wp-content\/uploads\/2022\/11\/image0-1.png",511,640,false],"thumbnail":["https:\/\/www.ekbeauty.be\/wp-content\/uploads\/2022\/11\/image0-1-150x150.png",150,150,true],"medium":["https:\/\/www.ekbeauty.be\/wp-content\/uploads\/2022\/11\/image0-1-240x300.png",240,300,true],"medium_large":["https:\/\/www.ekbeauty.be\/wp-content\/uploads\/2022\/11\/image0-1.png",511,640,false],"large":["https:\/\/www.ekbeauty.be\/wp-content\/uploads\/2022\/11\/image0-1.png",511,640,false],"1536x1536":["https:\/\/www.ekbeauty.be\/wp-content\/uploads\/2022\/11\/image0-1.png",511,640,false],"2048x2048":["https:\/\/www.ekbeauty.be\/wp-content\/uploads\/2022\/11\/image0-1.png",511,640,false],"trp-custom-language-flag":["https:\/\/www.ekbeauty.be\/wp-content\/uploads\/2022\/11\/image0-1-10x12.png",10,12,true],"woocommerce_archive_thumbnail":["https:\/\/www.ekbeauty.be\/wp-content\/uploads\/2022\/11\/image0-1-300x376.png",300,376,true],"woocommerce_thumbnail":["https:\/\/www.ekbeauty.be\/wp-content\/uploads\/2022\/11\/image0-1-300x300.png",300,300,true],"woocommerce_single":["https:\/\/www.ekbeauty.be\/wp-content\/uploads\/2022\/11\/image0-1.png",511,640,false],"woocommerce_gallery_thumbnail":["https:\/\/www.ekbeauty.be\/wp-content\/uploads\/2022\/11\/image0-1-100x100.png",100,100,true]},"uagb_author_info":{"display_name":"Sefer Gonca","author_link":"https:\/\/www.ekbeauty.be\/fr\/author\/"},"uagb_comment_info":0,"uagb_excerpt":"Gebruik van de Dermaroller Voordat u uw dermaroller voor de eerste keer gebruikt, wees er zeker van dat u uw gezicht grondig reinigt met bijvoorbeeld een reinigingsgel of melk en tonic. ( NIET REINIGEN MET AGELESS, CLEAR CELL, PURIFYING MOUSSE cleanser!!! Zorg ervoor dat de naalden gedesinfecteerd zijn voor gebruik door deze te reinigen met\u2026","_links":{"self":[{"href":"https:\/\/www.ekbeauty.be\/fr\/wp-json\/wp\/v2\/product\/30738","targetHints":{"allow":["GET"]}}],"collection":[{"href":"https:\/\/www.ekbeauty.be\/fr\/wp-json\/wp\/v2\/product"}],"about":[{"href":"https:\/\/www.ekbeauty.be\/fr\/wp-json\/wp\/v2\/types\/product"}],"replies":[{"embeddable":true,"href":"https:\/\/www.ekbeauty.be\/fr\/wp-json\/wp\/v2\/comments?post=30738"}],"wp:featuredmedia":[{"embeddable":true,"href":"https:\/\/www.ekbeauty.be\/fr\/wp-json\/wp\/v2\/media\/30739"}],"wp:attachment":[{"href":"https:\/\/www.ekbeauty.be\/fr\/wp-json\/wp\/v2\/media?parent=30738"}],"wp:term":[{"taxonomy":"product_brand","embeddable":true,"href":"https:\/\/www.ekbeauty.be\/fr\/wp-json\/wp\/v2\/product_brand?post=30738"},{"taxonomy":"product_cat","embeddable":true,"href":"https:\/\/www.ekbeauty.be\/fr\/wp-json\/wp\/v2\/product_cat?post=30738"},{"taxonomy":"product_tag","embeddable":true,"href":"https:\/\/www.ekbeauty.be\/fr\/wp-json\/wp\/v2\/product_tag?post=30738"}],"curies":[{"name":"wp","href":"https:\/\/api.w.org\/{rel}","templated":true}]}}