{"id":31469,"date":"2023-03-31T11:20:10","date_gmt":"2023-03-31T09:20:10","guid":{"rendered":"https:\/\/www.ekbeauty.be\/?post_type=product&#038;p=31469"},"modified":"2024-11-04T22:56:52","modified_gmt":"2024-11-04T21:56:52","slug":"image-skincare-clear-cell-mattifying-moisturizer","status":"publish","type":"product","link":"https:\/\/www.ekbeauty.be\/fr\/produit\/image-skincare-clear-cell-mattifying-moisturizer\/","title":{"rendered":"Image Skincare Clear Cell - Hydratant matifiant"},"content":{"rendered":"<ul>\n<li>Cr\u00e8me de jour\/nuit pour les peaux irrit\u00e9es<\/li>\n<li>Apaiser les inflammations<\/li>\n<li>R\u00e9duit les pores grossiers visibles<\/li>\n<li>Contre la peau brillante<\/li>\n<li>Id\u00e9al pour les peaux \u00e0 imperfections, les peaux grasses et brillantes, les peaux \u00e0 probl\u00e8mes, les inflammations, les peaux sensibles dues \u00e0 des inflammations et \u00e0 des d\u00e9s\u00e9quilibres, et apr\u00e8s un traitement.<\/li>\n<\/ul>","protected":false},"excerpt":{"rendered":"<ul>\n<li>Cr\u00e8me de jour\/nuit pour les peaux irrit\u00e9es<\/li>\n<li>Apaiser les inflammations<\/li>\n<li>R\u00e9duit les pores grossiers visibles<\/li>\n<li>Contre la peau brillante<\/li>\n<li>Id\u00e9al pour les peaux \u00e0 imperfections, les peaux grasses et brillantes, les peaux \u00e0 probl\u00e8mes, les inflammations, les peaux sensibles dues \u00e0 des inflammations et \u00e0 des d\u00e9s\u00e9quilibres, et apr\u00e8s un traitement.<\/li>\n<\/ul>\n<h3>Description du produit<\/h3>\n<p>Clear Cell - Mattifying Moisturiser est une cr\u00e8me l\u00e9g\u00e8re, apaisante et hydratante qui r\u00e9tablit le calme de la peau irrit\u00e9e. Les ingr\u00e9dients v\u00e9g\u00e9taux contenus dans la formule apaisent la peau et l'inflammation, la rendant \u00e0 nouveau saine. La vitamine B6 assure l'\u00e9quilibre de la peau et r\u00e9duit visiblement les pores dilat\u00e9s, la peau brillante et la production de s\u00e9bum. La cr\u00e8me laisse un bel effet matifiant sur la peau et procure une hydratation durable.<\/p>\n<p>&nbsp;<\/p>\n<p>Type de peau : peaux \u00e0 imperfections, peaux grasses et brillantes, peaux \u00e0 probl\u00e8mes, inflammations, peaux sensibles en raison d'inflammations et de d\u00e9s\u00e9quilibres et post-traitement.<\/p>","protected":false},"featured_media":31470,"comment_status":"open","ping_status":"closed","template":"","meta":{"_surecart_dashboard_logo_width":"180px","_surecart_dashboard_show_logo":true,"_surecart_dashboard_navigation_orders":true,"_surecart_dashboard_navigation_invoices":true,"_surecart_dashboard_navigation_subscriptions":true,"_surecart_dashboard_navigation_downloads":true,"_surecart_dashboard_navigation_billing":true,"_surecart_dashboard_navigation_account":true,"_uag_custom_page_level_css":""},"product_brand":[],"product_cat":[220],"product_tag":[],"class_list":{"0":"post-31469","1":"product","2":"type-product","3":"status-publish","4":"has-post-thumbnail","6":"product_cat-nachtcremes-2","8":"first","9":"instock","10":"taxable","11":"shipping-taxable","12":"purchasable","13":"product-type-simple"},"uagb_featured_image_src":{"full":["https:\/\/www.ekbeauty.be\/wp-content\/uploads\/2023\/03\/CLEAR_CELL_MATTIFYING_MOISTURIZER_PDP_R01b_42b2-850x638-1.jpg",850,638,false],"thumbnail":["https:\/\/www.ekbeauty.be\/wp-content\/uploads\/2023\/03\/CLEAR_CELL_MATTIFYING_MOISTURIZER_PDP_R01b_42b2-850x638-1-150x150.jpg",150,150,true],"medium":["https:\/\/www.ekbeauty.be\/wp-content\/uploads\/2023\/03\/CLEAR_CELL_MATTIFYING_MOISTURIZER_PDP_R01b_42b2-850x638-1-300x225.jpg",300,225,true],"medium_large":["https:\/\/www.ekbeauty.be\/wp-content\/uploads\/2023\/03\/CLEAR_CELL_MATTIFYING_MOISTURIZER_PDP_R01b_42b2-850x638-1-768x576.jpg",768,576,true],"large":["https:\/\/www.ekbeauty.be\/wp-content\/uploads\/2023\/03\/CLEAR_CELL_MATTIFYING_MOISTURIZER_PDP_R01b_42b2-850x638-1.jpg",850,638,false],"1536x1536":["https:\/\/www.ekbeauty.be\/wp-content\/uploads\/2023\/03\/CLEAR_CELL_MATTIFYING_MOISTURIZER_PDP_R01b_42b2-850x638-1.jpg",850,638,false],"2048x2048":["https:\/\/www.ekbeauty.be\/wp-content\/uploads\/2023\/03\/CLEAR_CELL_MATTIFYING_MOISTURIZER_PDP_R01b_42b2-850x638-1.jpg",850,638,false],"trp-custom-language-flag":["https:\/\/www.ekbeauty.be\/wp-content\/uploads\/2023\/03\/CLEAR_CELL_MATTIFYING_MOISTURIZER_PDP_R01b_42b2-850x638-1-16x12.jpg",16,12,true],"woocommerce_archive_thumbnail":["https:\/\/www.ekbeauty.be\/wp-content\/uploads\/2023\/03\/CLEAR_CELL_MATTIFYING_MOISTURIZER_PDP_R01b_42b2-850x638-1-300x225.jpg",300,225,true],"woocommerce_thumbnail":["https:\/\/www.ekbeauty.be\/wp-content\/uploads\/2023\/03\/CLEAR_CELL_MATTIFYING_MOISTURIZER_PDP_R01b_42b2-850x638-1-300x300.jpg",300,300,true],"woocommerce_single":["https:\/\/www.ekbeauty.be\/wp-content\/uploads\/2023\/03\/CLEAR_CELL_MATTIFYING_MOISTURIZER_PDP_R01b_42b2-850x638-1-600x450.jpg",600,450,true],"woocommerce_gallery_thumbnail":["https:\/\/www.ekbeauty.be\/wp-content\/uploads\/2023\/03\/CLEAR_CELL_MATTIFYING_MOISTURIZER_PDP_R01b_42b2-850x638-1-100x100.jpg",100,100,true]},"uagb_author_info":{"display_name":"Sefer Gonca","author_link":"https:\/\/www.ekbeauty.be\/fr\/author\/"},"uagb_comment_info":0,"uagb_excerpt":"Dag\/Nachtcr\u00e8me voor de ge\u00efrriteerde huid Kalmeren ontstekingen Vermindert zichtbare grove pori\u00ebn Gaat glimmen van de huid tegen Ideaal bij\u00a0onzuivere huiden, vette glimmende huiden, problematische huiden, inflammatie, gevoelige huiden door ontstekingen en disbalans en post treatment. Productomschrijving Clear Cell \u2013 Mattifying Moisturizer is een lichtgewicht kalmerende en hydraterende cr\u00e8me die de ge\u00efrriteerde huid weer tot rust\u2026","_links":{"self":[{"href":"https:\/\/www.ekbeauty.be\/fr\/wp-json\/wp\/v2\/product\/31469","targetHints":{"allow":["GET"]}}],"collection":[{"href":"https:\/\/www.ekbeauty.be\/fr\/wp-json\/wp\/v2\/product"}],"about":[{"href":"https:\/\/www.ekbeauty.be\/fr\/wp-json\/wp\/v2\/types\/product"}],"replies":[{"embeddable":true,"href":"https:\/\/www.ekbeauty.be\/fr\/wp-json\/wp\/v2\/comments?post=31469"}],"wp:featuredmedia":[{"embeddable":true,"href":"https:\/\/www.ekbeauty.be\/fr\/wp-json\/wp\/v2\/media\/31470"}],"wp:attachment":[{"href":"https:\/\/www.ekbeauty.be\/fr\/wp-json\/wp\/v2\/media?parent=31469"}],"wp:term":[{"taxonomy":"product_brand","embeddable":true,"href":"https:\/\/www.ekbeauty.be\/fr\/wp-json\/wp\/v2\/product_brand?post=31469"},{"taxonomy":"product_cat","embeddable":true,"href":"https:\/\/www.ekbeauty.be\/fr\/wp-json\/wp\/v2\/product_cat?post=31469"},{"taxonomy":"product_tag","embeddable":true,"href":"https:\/\/www.ekbeauty.be\/fr\/wp-json\/wp\/v2\/product_tag?post=31469"}],"curies":[{"name":"wp","href":"https:\/\/api.w.org\/{rel}","templated":true}]}}