{"id":32894,"date":"2024-05-20T13:00:18","date_gmt":"2024-05-20T11:00:18","guid":{"rendered":"https:\/\/www.ekbeauty.be\/?post_type=product&#038;p=32894"},"modified":"2024-11-05T05:33:39","modified_gmt":"2024-11-05T04:33:39","slug":"grascontrol-detox-powder","status":"publish","type":"product","link":"https:\/\/www.ekbeauty.be\/fr\/produit\/grascontrol-detox-powder\/","title":{"rendered":"Grass control\u00ae poudre de d\u00e9sintoxication"},"content":{"rendered":"<p><span style=\"color: #e9a6a6; font-size: 30px;\">Grass control\u00ae poudre de d\u00e9sintoxication<\/span><\/p>\n<div id=\"text_block-223-137\" class=\"ct-text-block c-text-dark c-margin-bottom-s c-full-width\">\n<p>Mesoestetic Grass Control Detox Powder est un compl\u00e9ment alimentaire con\u00e7u pour \u00e9liminer les liquides accumul\u00e9s. Gr\u00e2ce \u00e0 son effet nettoyant et d\u00e9toxifiant, cette poudre est parfaite pour combattre et pr\u00e9venir la r\u00e9tention d'eau, l'accumulation de graisse et les ballonnements. De plus, elle contribue \u00e0 r\u00e9duire le taux de cholest\u00e9rol.<\/p>\n<p>Ce programme de d\u00e9sintoxication de 20 jours contient une combinaison optimale d'extraits de plantes qui aident \u00e0 d\u00e9sintoxiquer le corps et \u00e0 \u00e9liminer les liquides et les graisses retenus. Ce compl\u00e9ment en poudre exclusif se dissout facilement dans l'eau et a un d\u00e9licieux go\u00fbt de mangue. En outre, il est v\u00e9g\u00e9talien et ne contient pas de sucres ajout\u00e9s.<\/p>\n<p><strong>Utilisation :<\/strong><\/p>\n<ul>\n<li>Ajouter de pr\u00e9f\u00e9rence un sachet \u00e0 un litre d'eau le matin et\/ou au cours de la journ\u00e9e.<\/li>\n<li>Agiter l\u00e9g\u00e8rement le flacon jusqu'\u00e0 ce que la poudre soit compl\u00e8tement dissoute.<\/li>\n<li>Boire le contenu de la bouteille au cours de la matin\u00e9e\/journ\u00e9e.<\/li>\n<\/ul>\n<p>Nous recommandons d'utiliser un sachet par jour, pendant trois mois maximum, pour obtenir des r\u00e9sultats optimaux. N'oubliez pas de suivre un r\u00e9gime alimentaire sain et \u00e9quilibr\u00e9 en plus de l'utilisation de ce produit.<\/p>\n<p>&nbsp;<\/p>\n<\/div>\n<div id=\"div_block-86-137\" class=\"ct-div-block c-margin-bottom-m c-stretch\">\n<h3 id=\"headline-88-137\" class=\"ct-headline c-uppercase c-h6 c-margin-bottom-xs\">B\u00c9N\u00c9FICES<\/h3>\n<div id=\"text_block-112-137\" class=\"ct-text-block\">\n<p>Mesoestetic Grass Control Detox Powder offre plusieurs avantages gr\u00e2ce \u00e0 ses ingr\u00e9dients soigneusement s\u00e9lectionn\u00e9s. Voici quelques-uns des avantages de ce compl\u00e9ment alimentaire :<\/p>\n<ol>\n<li>Stimulation de la digestion des graisses : Grascontrol Detox Powder peut aider \u00e0 am\u00e9liorer la digestion des graisses, ce qui peut \u00eatre b\u00e9n\u00e9fique pour les personnes qui s'efforcent de perdre du poids ou de maintenir un poids sain.<\/li>\n<li>Promotion d'une flore intestinale saine : ce compl\u00e9ment peut contribuer \u00e0 la croissance s\u00e9lective de bact\u00e9ries saines dans les intestins, ce qui est essentiel pour une digestion saine et un syst\u00e8me immunitaire fonctionnel.<\/li>\n<li>Am\u00e9lioration de la digestion : Grasscontrol Detox Powder favorise la digestion, am\u00e9liore l'absorption des nutriments et r\u00e9duit les probl\u00e8mes digestifs potentiels tels que les ballonnements et les gaz.<\/li>\n<li>D\u00e9toxification de l'organisme : Le compl\u00e9ment alimentaire aide \u00e0 purifier l'organisme en soutenant les processus naturels de d\u00e9toxification. Cela peut aider \u00e0 \u00e9liminer les toxines et les d\u00e9chets de l'organisme.<\/li>\n<li>Soulagement des ballonnements : Grascontrol Detox Powder peut aider \u00e0 r\u00e9duire les ballonnements, ce qui vous permet de vous sentir plus \u00e0 l'aise et plus l\u00e9ger.<\/li>\n<li>Promotion du m\u00e9tabolisme des graisses et des prot\u00e9ines : Ce compl\u00e9ment alimentaire peut soutenir le m\u00e9tabolisme des graisses et des prot\u00e9ines, ce qui peut contribuer \u00e0 une gestion saine du poids et \u00e0 la construction d'un tissu musculaire maigre.<\/li>\n<\/ol>\n<p>Il est important de noter que les r\u00e9sultats individuels peuvent varier et que l'utilisation de ce compl\u00e9ment alimentaire doit \u00eatre associ\u00e9e \u00e0 un mode de vie sain, comprenant une alimentation \u00e9quilibr\u00e9e et un exercice physique r\u00e9gulier, pour obtenir les meilleurs r\u00e9sultats.<\/p>\n<\/div>\n<\/div>","protected":false},"excerpt":{"rendered":"<p>Ce compl\u00e9ment alimentaire buvable au d\u00e9licieux go\u00fbt de mangue contient de l'extrait d'artichaut, de l'extrait de bouleau et du curcuma. Il a de puissants effets purifiants, diur\u00e9tiques et d\u00e9toxifiants.<\/p>","protected":false},"featured_media":32895,"comment_status":"open","ping_status":"closed","template":"","meta":{"_surecart_dashboard_logo_width":"180px","_surecart_dashboard_show_logo":true,"_surecart_dashboard_navigation_orders":true,"_surecart_dashboard_navigation_invoices":true,"_surecart_dashboard_navigation_subscriptions":true,"_surecart_dashboard_navigation_downloads":true,"_surecart_dashboard_navigation_billing":true,"_surecart_dashboard_navigation_account":true,"_uag_custom_page_level_css":""},"product_brand":[],"product_cat":[223],"product_tag":[],"class_list":{"0":"post-32894","1":"product","2":"type-product","3":"status-publish","4":"has-post-thumbnail","6":"product_cat-geen","8":"first","9":"outofstock","10":"sale","11":"taxable","12":"shipping-taxable","13":"purchasable","14":"product-type-simple"},"uagb_featured_image_src":{"full":["https:\/\/www.ekbeauty.be\/wp-content\/uploads\/2024\/05\/mesoestetic-grascontrol-detox-powder.webp",930,930,false],"thumbnail":["https:\/\/www.ekbeauty.be\/wp-content\/uploads\/2024\/05\/mesoestetic-grascontrol-detox-powder-150x150.webp",150,150,true],"medium":["https:\/\/www.ekbeauty.be\/wp-content\/uploads\/2024\/05\/mesoestetic-grascontrol-detox-powder-300x300.webp",300,300,true],"medium_large":["https:\/\/www.ekbeauty.be\/wp-content\/uploads\/2024\/05\/mesoestetic-grascontrol-detox-powder-768x768.webp",768,768,true],"large":["https:\/\/www.ekbeauty.be\/wp-content\/uploads\/2024\/05\/mesoestetic-grascontrol-detox-powder.webp",930,930,false],"1536x1536":["https:\/\/www.ekbeauty.be\/wp-content\/uploads\/2024\/05\/mesoestetic-grascontrol-detox-powder.webp",930,930,false],"2048x2048":["https:\/\/www.ekbeauty.be\/wp-content\/uploads\/2024\/05\/mesoestetic-grascontrol-detox-powder.webp",930,930,false],"trp-custom-language-flag":["https:\/\/www.ekbeauty.be\/wp-content\/uploads\/2024\/05\/mesoestetic-grascontrol-detox-powder-12x12.webp",12,12,true],"woocommerce_archive_thumbnail":["https:\/\/www.ekbeauty.be\/wp-content\/uploads\/2024\/05\/mesoestetic-grascontrol-detox-powder-300x300.webp",300,300,true],"woocommerce_thumbnail":["https:\/\/www.ekbeauty.be\/wp-content\/uploads\/2024\/05\/mesoestetic-grascontrol-detox-powder-300x300.webp",300,300,true],"woocommerce_single":["https:\/\/www.ekbeauty.be\/wp-content\/uploads\/2024\/05\/mesoestetic-grascontrol-detox-powder-600x600.webp",600,600,true],"woocommerce_gallery_thumbnail":["https:\/\/www.ekbeauty.be\/wp-content\/uploads\/2024\/05\/mesoestetic-grascontrol-detox-powder-100x100.webp",100,100,true]},"uagb_author_info":{"display_name":"Sefer Gonca","author_link":"https:\/\/www.ekbeauty.be\/fr\/author\/"},"uagb_comment_info":0,"uagb_excerpt":"Dit drinkbare voedingssupplement met een heerlijke mangosmaak bevat artisjok extract, berken extract en kurkuma. Het heeft een krachtige zuiverende, vochtafdrijvende en ontgiftende werking.","_links":{"self":[{"href":"https:\/\/www.ekbeauty.be\/fr\/wp-json\/wp\/v2\/product\/32894","targetHints":{"allow":["GET"]}}],"collection":[{"href":"https:\/\/www.ekbeauty.be\/fr\/wp-json\/wp\/v2\/product"}],"about":[{"href":"https:\/\/www.ekbeauty.be\/fr\/wp-json\/wp\/v2\/types\/product"}],"replies":[{"embeddable":true,"href":"https:\/\/www.ekbeauty.be\/fr\/wp-json\/wp\/v2\/comments?post=32894"}],"wp:featuredmedia":[{"embeddable":true,"href":"https:\/\/www.ekbeauty.be\/fr\/wp-json\/wp\/v2\/media\/32895"}],"wp:attachment":[{"href":"https:\/\/www.ekbeauty.be\/fr\/wp-json\/wp\/v2\/media?parent=32894"}],"wp:term":[{"taxonomy":"product_brand","embeddable":true,"href":"https:\/\/www.ekbeauty.be\/fr\/wp-json\/wp\/v2\/product_brand?post=32894"},{"taxonomy":"product_cat","embeddable":true,"href":"https:\/\/www.ekbeauty.be\/fr\/wp-json\/wp\/v2\/product_cat?post=32894"},{"taxonomy":"product_tag","embeddable":true,"href":"https:\/\/www.ekbeauty.be\/fr\/wp-json\/wp\/v2\/product_tag?post=32894"}],"curies":[{"name":"wp","href":"https:\/\/api.w.org\/{rel}","templated":true}]}}