{"id":41848,"date":"2024-10-16T11:55:27","date_gmt":"2024-10-16T09:55:27","guid":{"rendered":"https:\/\/www.ekbeauty.be\/?post_type=product&#038;p=41848"},"modified":"2025-05-30T12:32:10","modified_gmt":"2025-05-30T10:32:10","slug":"image-skincare-daily-prevention-pure-mineral-hydrating-moisturizer-spf-30","status":"publish","type":"product","link":"https:\/\/www.ekbeauty.be\/fr\/produit\/image-skincare-daily-prevention-pure-mineral-hydrating-moisturizer-spf-30\/","title":{"rendered":"Image Skincare Daily Prevention - Hydratant min\u00e9ral pur FPS 30"},"content":{"rendered":"","protected":false},"excerpt":{"rendered":"<ul>\n<li style=\"list-style-type: none;\">\n<ul>\n<li>Hydratation l\u00e9g\u00e8re avec SPF<\/li>\n<li>Pour les peaux s\u00e8ches et d\u00e9shydrat\u00e9es<\/li>\n<li>100% filtre min\u00e9ral<\/li>\n<\/ul>\n<\/li>\n<\/ul>\n<p><b>Remarque :<\/b><\/p>\n<ul>\u00a0Ce nouveau produit remplace la cr\u00e8me hydratante quotidienne PREVENTION+ SPF 30 et pr\u00e9sente des avantages suppl\u00e9mentaires tels que la r\u00e9sistance \u00e0 l'eau, la technologie XOSM et l'absence de voile blanc.<\/ul>\n<p>&nbsp;<\/p>\n<ul class=\"product_tab_head\">\n<li class=\"tab_pro_desc_title active\">\n<h2><a href=\"https:\/\/deliaskinmaster.nl\/products\/daily-prevention-pure-mineral-hydrating-moisturizer-spf-30?gad_source=1&amp;gclid=EAIaIQobChMImsjjvtCSiQMVDahoCR1nPgEGEAQYBSABEgInJPD_BwE#beschrijving\">Description<\/a><\/h2>\n<\/li>\n<li class=\"tab_review_title\">\n<h2><a href=\"https:\/\/deliaskinmaster.nl\/products\/daily-prevention-pure-mineral-hydrating-moisturizer-spf-30?gad_source=1&amp;gclid=EAIaIQobChMImsjjvtCSiQMVDahoCR1nPgEGEAQYBSABEgInJPD_BwE#beoordelingen\">Critiques (<span class=\"product_review_count\">0<\/span>)<\/a><\/h2>\n<\/li>\n<\/ul>\n<ul class=\"product_tab_desc\">\n<li class=\"product_tab_desc_li pro_tab_desc active\">\n<div class=\"pro_tab_desc_block product_tab_desc_block pro_mb_tab_desc\">\n<p>Tandis que le SPF prot\u00e8ge votre peau, les ingr\u00e9dients soignants - dont l'acide hyaluronique - garantissent une peau douce et lisse. Saviez-vous que vous devez prot\u00e9ger votre peau des rayons UV et de la lumi\u00e8re bleue de votre ordinateur portable, de votre smartphone et d'autres \u00e9crans tous les jours ? Ces influences peuvent en effet provoquer des signes de vieillissement de la peau, comme les rides, les ridules et l'hyperpigmentation.<\/p>\n<p>Outre la protection, vous pouvez \u00e9galement compter sur l'hydratation avec cette cr\u00e8me de jour. La technologie XOSM permet aux puissants antioxydants que sont l'ecto\u00efne, la vitamine C et les microalgues riches en astaxanthine de p\u00e9n\u00e9trer profond\u00e9ment dans la peau.<\/p>\n<p>Ces avantages uniques font de cette cr\u00e8me de jour un produit id\u00e9al pour les peaux s\u00e8ches et d\u00e9shydrat\u00e9es.<\/p>\n<\/div>\n<\/li>\n<\/ul>","protected":false},"featured_media":41849,"comment_status":"open","ping_status":"closed","template":"","meta":{"_surecart_dashboard_logo_width":"180px","_surecart_dashboard_show_logo":true,"_surecart_dashboard_navigation_orders":true,"_surecart_dashboard_navigation_invoices":true,"_surecart_dashboard_navigation_subscriptions":true,"_surecart_dashboard_navigation_downloads":true,"_surecart_dashboard_navigation_billing":true,"_surecart_dashboard_navigation_account":true,"_uag_custom_page_level_css":""},"product_brand":[],"product_cat":[217,226],"product_tag":[],"class_list":{"0":"post-41848","1":"product","2":"type-product","3":"status-publish","4":"has-post-thumbnail","6":"product_cat-dagcremes","7":"product_cat-zonbescherming-spf","9":"first","10":"instock","11":"taxable","12":"shipping-taxable","13":"purchasable","14":"product-type-simple"},"uagb_featured_image_src":{"full":["https:\/\/www.ekbeauty.be\/wp-content\/uploads\/2024\/10\/5b70a5f1c3f4e_DPEU_102_DAILY_PREVENTION_Pure_Mineral_Hydrating_Moisturizer_SPF_30_5.webp",1600,1200,false],"thumbnail":["https:\/\/www.ekbeauty.be\/wp-content\/uploads\/2024\/10\/5b70a5f1c3f4e_DPEU_102_DAILY_PREVENTION_Pure_Mineral_Hydrating_Moisturizer_SPF_30_5-150x150.webp",150,150,true],"medium":["https:\/\/www.ekbeauty.be\/wp-content\/uploads\/2024\/10\/5b70a5f1c3f4e_DPEU_102_DAILY_PREVENTION_Pure_Mineral_Hydrating_Moisturizer_SPF_30_5-300x225.webp",300,225,true],"medium_large":["https:\/\/www.ekbeauty.be\/wp-content\/uploads\/2024\/10\/5b70a5f1c3f4e_DPEU_102_DAILY_PREVENTION_Pure_Mineral_Hydrating_Moisturizer_SPF_30_5-768x576.webp",768,576,true],"large":["https:\/\/www.ekbeauty.be\/wp-content\/uploads\/2024\/10\/5b70a5f1c3f4e_DPEU_102_DAILY_PREVENTION_Pure_Mineral_Hydrating_Moisturizer_SPF_30_5-1024x768.webp",1024,768,true],"1536x1536":["https:\/\/www.ekbeauty.be\/wp-content\/uploads\/2024\/10\/5b70a5f1c3f4e_DPEU_102_DAILY_PREVENTION_Pure_Mineral_Hydrating_Moisturizer_SPF_30_5-1536x1152.webp",1536,1152,true],"2048x2048":["https:\/\/www.ekbeauty.be\/wp-content\/uploads\/2024\/10\/5b70a5f1c3f4e_DPEU_102_DAILY_PREVENTION_Pure_Mineral_Hydrating_Moisturizer_SPF_30_5.webp",1600,1200,false],"trp-custom-language-flag":["https:\/\/www.ekbeauty.be\/wp-content\/uploads\/2024\/10\/5b70a5f1c3f4e_DPEU_102_DAILY_PREVENTION_Pure_Mineral_Hydrating_Moisturizer_SPF_30_5-16x12.webp",16,12,true],"woocommerce_archive_thumbnail":["https:\/\/www.ekbeauty.be\/wp-content\/uploads\/2024\/10\/5b70a5f1c3f4e_DPEU_102_DAILY_PREVENTION_Pure_Mineral_Hydrating_Moisturizer_SPF_30_5-300x225.webp",300,225,true],"woocommerce_thumbnail":["https:\/\/www.ekbeauty.be\/wp-content\/uploads\/2024\/10\/5b70a5f1c3f4e_DPEU_102_DAILY_PREVENTION_Pure_Mineral_Hydrating_Moisturizer_SPF_30_5-300x300.webp",300,300,true],"woocommerce_single":["https:\/\/www.ekbeauty.be\/wp-content\/uploads\/2024\/10\/5b70a5f1c3f4e_DPEU_102_DAILY_PREVENTION_Pure_Mineral_Hydrating_Moisturizer_SPF_30_5-600x450.webp",600,450,true],"woocommerce_gallery_thumbnail":["https:\/\/www.ekbeauty.be\/wp-content\/uploads\/2024\/10\/5b70a5f1c3f4e_DPEU_102_DAILY_PREVENTION_Pure_Mineral_Hydrating_Moisturizer_SPF_30_5-100x100.webp",100,100,true]},"uagb_author_info":{"display_name":"Sefer Gonca","author_link":"https:\/\/www.ekbeauty.be\/fr\/author\/"},"uagb_comment_info":1,"uagb_excerpt":"Lichtgewicht hydratatie met SPF Voor een droge en vochtarme huid 100% minerale filter Let op: \u00a0dit nieuwe product vervangt de PREVENTION+ Daily Hydrating Moisturizer SPF 30 en heeft extra voordelen zoals waterresistentie, XOSM-technologie en geen witte waas. &nbsp; Beschrijving Beoordelingen (0) Terwijl SPF je huid beschermt, zorgen verzorgende ingredi\u00ebnten - waaronder hyaluronzuur - voor een\u2026","_links":{"self":[{"href":"https:\/\/www.ekbeauty.be\/fr\/wp-json\/wp\/v2\/product\/41848","targetHints":{"allow":["GET"]}}],"collection":[{"href":"https:\/\/www.ekbeauty.be\/fr\/wp-json\/wp\/v2\/product"}],"about":[{"href":"https:\/\/www.ekbeauty.be\/fr\/wp-json\/wp\/v2\/types\/product"}],"replies":[{"embeddable":true,"href":"https:\/\/www.ekbeauty.be\/fr\/wp-json\/wp\/v2\/comments?post=41848"}],"wp:featuredmedia":[{"embeddable":true,"href":"https:\/\/www.ekbeauty.be\/fr\/wp-json\/wp\/v2\/media\/41849"}],"wp:attachment":[{"href":"https:\/\/www.ekbeauty.be\/fr\/wp-json\/wp\/v2\/media?parent=41848"}],"wp:term":[{"taxonomy":"product_brand","embeddable":true,"href":"https:\/\/www.ekbeauty.be\/fr\/wp-json\/wp\/v2\/product_brand?post=41848"},{"taxonomy":"product_cat","embeddable":true,"href":"https:\/\/www.ekbeauty.be\/fr\/wp-json\/wp\/v2\/product_cat?post=41848"},{"taxonomy":"product_tag","embeddable":true,"href":"https:\/\/www.ekbeauty.be\/fr\/wp-json\/wp\/v2\/product_tag?post=41848"}],"curies":[{"name":"wp","href":"https:\/\/api.w.org\/{rel}","templated":true}]}}