{"id":41850,"date":"2024-10-16T12:01:43","date_gmt":"2024-10-16T10:01:43","guid":{"rendered":"https:\/\/www.ekbeauty.be\/?post_type=product&#038;p=41850"},"modified":"2024-10-16T12:01:43","modified_gmt":"2024-10-16T10:01:43","slug":"image-skincare-daily-prevention-sheer-matte-moisturiser-spf-30","status":"publish","type":"product","link":"https:\/\/www.ekbeauty.be\/fr\/produit\/image-skincare-daily-prevention-sheer-matte-moisturiser-spf-30\/","title":{"rendered":"Image Skincare Daily Prevention Sheer Matte Moisturiser Spf 30"},"content":{"rendered":"","protected":false},"excerpt":{"rendered":"<p>Cr\u00e8me de jour matifiante avec SPF Pour les peaux grasses et\/ou \u00e0 imperfections Teinte neutre<\/p>\n<p>Cette cr\u00e8me de jour matifiante avec SPF prot\u00e8ge votre peau des rayons UV et de la lumi\u00e8re bleue \u00e9mise par votre ordinateur portable, votre smartphone et d'autres \u00e9crans. En effet, les rayons UV et HEV peuvent provoquer des signes de vieillissement cutan\u00e9, tels que les rides, les ridules et l'hyperpigmentation.<\/p>\n<p>Outre la protection, vous pouvez compter sur l'hydratation et une peau mate et lisse. La technologie XOSM garantit que les puissants antioxydants que sont l'ecto\u00efne, la vitamine C et les microalgues riches en astaxanthine p\u00e9n\u00e8trent profond\u00e9ment dans la peau.<\/p>","protected":false},"featured_media":41851,"comment_status":"open","ping_status":"closed","template":"","meta":{"_surecart_dashboard_logo_width":"180px","_surecart_dashboard_show_logo":true,"_surecart_dashboard_navigation_orders":true,"_surecart_dashboard_navigation_invoices":true,"_surecart_dashboard_navigation_subscriptions":true,"_surecart_dashboard_navigation_downloads":true,"_surecart_dashboard_navigation_billing":true,"_surecart_dashboard_navigation_account":true,"_uag_custom_page_level_css":""},"product_brand":[],"product_cat":[226],"product_tag":[],"class_list":{"0":"post-41850","1":"product","2":"type-product","3":"status-publish","4":"has-post-thumbnail","6":"product_cat-zonbescherming-spf","8":"first","9":"instock","10":"taxable","11":"shipping-taxable","12":"purchasable","13":"product-type-simple"},"uagb_featured_image_src":{"full":["https:\/\/www.ekbeauty.be\/wp-content\/uploads\/2024\/10\/a6018562073e2fa9eef8f0af_DPEU_101_DAILY_PREVENTION_Sheer_Matte_Moisturizer_SPF_30_5.webp",1600,1200,false],"thumbnail":["https:\/\/www.ekbeauty.be\/wp-content\/uploads\/2024\/10\/a6018562073e2fa9eef8f0af_DPEU_101_DAILY_PREVENTION_Sheer_Matte_Moisturizer_SPF_30_5-150x150.webp",150,150,true],"medium":["https:\/\/www.ekbeauty.be\/wp-content\/uploads\/2024\/10\/a6018562073e2fa9eef8f0af_DPEU_101_DAILY_PREVENTION_Sheer_Matte_Moisturizer_SPF_30_5-300x225.webp",300,225,true],"medium_large":["https:\/\/www.ekbeauty.be\/wp-content\/uploads\/2024\/10\/a6018562073e2fa9eef8f0af_DPEU_101_DAILY_PREVENTION_Sheer_Matte_Moisturizer_SPF_30_5-768x576.webp",768,576,true],"large":["https:\/\/www.ekbeauty.be\/wp-content\/uploads\/2024\/10\/a6018562073e2fa9eef8f0af_DPEU_101_DAILY_PREVENTION_Sheer_Matte_Moisturizer_SPF_30_5-1024x768.webp",1024,768,true],"1536x1536":["https:\/\/www.ekbeauty.be\/wp-content\/uploads\/2024\/10\/a6018562073e2fa9eef8f0af_DPEU_101_DAILY_PREVENTION_Sheer_Matte_Moisturizer_SPF_30_5-1536x1152.webp",1536,1152,true],"2048x2048":["https:\/\/www.ekbeauty.be\/wp-content\/uploads\/2024\/10\/a6018562073e2fa9eef8f0af_DPEU_101_DAILY_PREVENTION_Sheer_Matte_Moisturizer_SPF_30_5.webp",1600,1200,false],"trp-custom-language-flag":["https:\/\/www.ekbeauty.be\/wp-content\/uploads\/2024\/10\/a6018562073e2fa9eef8f0af_DPEU_101_DAILY_PREVENTION_Sheer_Matte_Moisturizer_SPF_30_5-16x12.webp",16,12,true],"woocommerce_archive_thumbnail":["https:\/\/www.ekbeauty.be\/wp-content\/uploads\/2024\/10\/a6018562073e2fa9eef8f0af_DPEU_101_DAILY_PREVENTION_Sheer_Matte_Moisturizer_SPF_30_5-300x225.webp",300,225,true],"woocommerce_thumbnail":["https:\/\/www.ekbeauty.be\/wp-content\/uploads\/2024\/10\/a6018562073e2fa9eef8f0af_DPEU_101_DAILY_PREVENTION_Sheer_Matte_Moisturizer_SPF_30_5-300x300.webp",300,300,true],"woocommerce_single":["https:\/\/www.ekbeauty.be\/wp-content\/uploads\/2024\/10\/a6018562073e2fa9eef8f0af_DPEU_101_DAILY_PREVENTION_Sheer_Matte_Moisturizer_SPF_30_5-600x450.webp",600,450,true],"woocommerce_gallery_thumbnail":["https:\/\/www.ekbeauty.be\/wp-content\/uploads\/2024\/10\/a6018562073e2fa9eef8f0af_DPEU_101_DAILY_PREVENTION_Sheer_Matte_Moisturizer_SPF_30_5-100x100.webp",100,100,true]},"uagb_author_info":{"display_name":"Sefer Gonca","author_link":"https:\/\/www.ekbeauty.be\/fr\/author\/"},"uagb_comment_info":0,"uagb_excerpt":"Matterende dagcr\u00e8me met SPF Voor een vette en\/of onzuivere huid Neutrale tint Deze matterende dagcr\u00e8me met SPF beschermt je huid tegen uv-stralen en blauw licht van je laptop, smartphone en andere schermen. Uv- en HEV-stralen kunnen namelijk zorgen voor tekenen van huidveroudering, zoals rimpels, fijne lijntjes en hyperpigmentatie. Naast bescherming kun je rekenen op hydratatie\u2026","_links":{"self":[{"href":"https:\/\/www.ekbeauty.be\/fr\/wp-json\/wp\/v2\/product\/41850","targetHints":{"allow":["GET"]}}],"collection":[{"href":"https:\/\/www.ekbeauty.be\/fr\/wp-json\/wp\/v2\/product"}],"about":[{"href":"https:\/\/www.ekbeauty.be\/fr\/wp-json\/wp\/v2\/types\/product"}],"replies":[{"embeddable":true,"href":"https:\/\/www.ekbeauty.be\/fr\/wp-json\/wp\/v2\/comments?post=41850"}],"wp:featuredmedia":[{"embeddable":true,"href":"https:\/\/www.ekbeauty.be\/fr\/wp-json\/wp\/v2\/media\/41851"}],"wp:attachment":[{"href":"https:\/\/www.ekbeauty.be\/fr\/wp-json\/wp\/v2\/media?parent=41850"}],"wp:term":[{"taxonomy":"product_brand","embeddable":true,"href":"https:\/\/www.ekbeauty.be\/fr\/wp-json\/wp\/v2\/product_brand?post=41850"},{"taxonomy":"product_cat","embeddable":true,"href":"https:\/\/www.ekbeauty.be\/fr\/wp-json\/wp\/v2\/product_cat?post=41850"},{"taxonomy":"product_tag","embeddable":true,"href":"https:\/\/www.ekbeauty.be\/fr\/wp-json\/wp\/v2\/product_tag?post=41850"}],"curies":[{"name":"wp","href":"https:\/\/api.w.org\/{rel}","templated":true}]}}