{"id":4371,"date":"2020-02-05T10:55:30","date_gmt":"2020-02-05T09:55:30","guid":{"rendered":"https:\/\/www.ekbeauty.be\/product\/import-placeholder-for-442\/"},"modified":"2026-03-05T20:06:33","modified_gmt":"2026-03-05T19:06:33","slug":"image-skincare-ageless-total-facial-cleanser-177-ml","status":"publish","type":"product","link":"https:\/\/www.ekbeauty.be\/fr\/produit\/image-skincare-ageless-total-facial-cleanser-177-ml\/","title":{"rendered":"IMAGE Skincare Ageless - Total Facial Cleanser 177ml"},"content":{"rendered":"<div class=\"product attribute overview\">\n<div class=\"value\">\n<h2>Total Facial Cleanser<\/h2>\n<p>Ageless - Total Facial Cleanser est un nettoyant universel moussant qui nettoie tous les maquillages et r\u00e9duit le s\u00e9bum. Le nettoyant facial total de la ligne Ageless r\u00e9\u00e9quilibre le pH et rafra\u00eechit la peau comme un tonique. Un m\u00e9lange d'acide glycolique doux lance le processus d'exfoliation et laisse la peau douce et rafra\u00eechie. Convient \u00e0 tous les types de peau.<\/p>\n<\/div>\n<\/div>","protected":false},"excerpt":{"rendered":"<p><strong>Avantages<\/strong><br \/>\nNettoyant pour le visage et le corps<br \/>\n3 en 1 : nettoyant, exfoliant et tonique.<br \/>\nD\u00e9maquille et nettoie intens\u00e9ment<br \/>\nAm\u00e9liore l'apparence de la peau et la rafra\u00eechit.<\/p>\n<p><strong>Type de peau<\/strong><br \/>\nVieillissement de la peau<br \/>\nPeau normale \u00e0 mixte<br \/>\nHyperpigmentation<br \/>\nApr\u00e8s le traitement, apr\u00e8s un peeling chimique ou une microdermabrasion<\/p>\n<p><strong>Utilisez<\/strong><br \/>\nLe soir, appliquez une petite quantit\u00e9 de nettoyant sur le visage humide. Massez pendant une minute et rincez abondamment \u00e0 l'eau froide.<br \/>\nREMARQUE : le nettoyant Ageless et le nettoyant Clear Cell doivent \u00eatre compl\u00e9t\u00e9s. Commencez une fois par semaine et augmentez lentement. (Ne pas laver avec le nettoyant ageless si vous voulez utiliser l'ampoule E+F).<\/p>","protected":false},"featured_media":47156,"comment_status":"open","ping_status":"closed","template":"","meta":{"_surecart_dashboard_logo_width":"180px","_surecart_dashboard_show_logo":true,"_surecart_dashboard_navigation_orders":true,"_surecart_dashboard_navigation_invoices":true,"_surecart_dashboard_navigation_subscriptions":true,"_surecart_dashboard_navigation_downloads":true,"_surecart_dashboard_navigation_billing":true,"_surecart_dashboard_navigation_account":true,"_uag_custom_page_level_css":""},"product_brand":[],"product_cat":[328,223],"product_tag":[],"class_list":{"0":"post-4371","1":"product","2":"type-product","3":"status-publish","4":"has-post-thumbnail","6":"product_cat-gezichtsreinigers","7":"product_cat-geen","9":"first","10":"onbackorder","11":"taxable","12":"shipping-taxable","13":"purchasable","14":"product-type-simple"},"uagb_featured_image_src":{"full":["https:\/\/www.ekbeauty.be\/wp-content\/uploads\/2020\/02\/a1.webp",1500,1125,false],"thumbnail":["https:\/\/www.ekbeauty.be\/wp-content\/uploads\/2020\/02\/a1-150x150.webp",150,150,true],"medium":["https:\/\/www.ekbeauty.be\/wp-content\/uploads\/2020\/02\/a1-300x225.webp",300,225,true],"medium_large":["https:\/\/www.ekbeauty.be\/wp-content\/uploads\/2020\/02\/a1-768x576.webp",768,576,true],"large":["https:\/\/www.ekbeauty.be\/wp-content\/uploads\/2020\/02\/a1-1024x768.webp",1024,768,true],"1536x1536":["https:\/\/www.ekbeauty.be\/wp-content\/uploads\/2020\/02\/a1.webp",1500,1125,false],"2048x2048":["https:\/\/www.ekbeauty.be\/wp-content\/uploads\/2020\/02\/a1.webp",1500,1125,false],"trp-custom-language-flag":["https:\/\/www.ekbeauty.be\/wp-content\/uploads\/2020\/02\/a1-16x12.webp",16,12,true],"woocommerce_archive_thumbnail":["https:\/\/www.ekbeauty.be\/wp-content\/uploads\/2020\/02\/a1-300x225.webp",300,225,true],"woocommerce_thumbnail":["https:\/\/www.ekbeauty.be\/wp-content\/uploads\/2020\/02\/a1-300x300.webp",300,300,true],"woocommerce_single":["https:\/\/www.ekbeauty.be\/wp-content\/uploads\/2020\/02\/a1-600x450.webp",600,450,true],"woocommerce_gallery_thumbnail":["https:\/\/www.ekbeauty.be\/wp-content\/uploads\/2020\/02\/a1-100x100.webp",100,100,true]},"uagb_author_info":{"display_name":"Berrag","author_link":"https:\/\/www.ekbeauty.be\/fr\/author\/"},"uagb_comment_info":0,"uagb_excerpt":"Voordelen Gezicht- en lichaamscleanser 3 in 1-cleanser, exfoliator, toner Verwijdert make-up en reinigt intensief Verbetert de verschijning van de huid en verfrist Huidtype Verouderde huid Normaal tot gecombineerde huid Hyperpigmentatie Na behandeling, na een chemische peeling of microdermabrasie Gebruik 's Avonds een kleine hoeveelheid cleanser aanbrengen op een vochtig gezicht. Masseer \u00e9\u00e9n minuut en spoel\u2026","_links":{"self":[{"href":"https:\/\/www.ekbeauty.be\/fr\/wp-json\/wp\/v2\/product\/4371","targetHints":{"allow":["GET"]}}],"collection":[{"href":"https:\/\/www.ekbeauty.be\/fr\/wp-json\/wp\/v2\/product"}],"about":[{"href":"https:\/\/www.ekbeauty.be\/fr\/wp-json\/wp\/v2\/types\/product"}],"replies":[{"embeddable":true,"href":"https:\/\/www.ekbeauty.be\/fr\/wp-json\/wp\/v2\/comments?post=4371"}],"wp:featuredmedia":[{"embeddable":true,"href":"https:\/\/www.ekbeauty.be\/fr\/wp-json\/wp\/v2\/media\/47156"}],"wp:attachment":[{"href":"https:\/\/www.ekbeauty.be\/fr\/wp-json\/wp\/v2\/media?parent=4371"}],"wp:term":[{"taxonomy":"product_brand","embeddable":true,"href":"https:\/\/www.ekbeauty.be\/fr\/wp-json\/wp\/v2\/product_brand?post=4371"},{"taxonomy":"product_cat","embeddable":true,"href":"https:\/\/www.ekbeauty.be\/fr\/wp-json\/wp\/v2\/product_cat?post=4371"},{"taxonomy":"product_tag","embeddable":true,"href":"https:\/\/www.ekbeauty.be\/fr\/wp-json\/wp\/v2\/product_tag?post=4371"}],"curies":[{"name":"wp","href":"https:\/\/api.w.org\/{rel}","templated":true}]}}