{"id":4389,"date":"2020-02-05T10:55:32","date_gmt":"2020-02-05T09:55:32","guid":{"rendered":"https:\/\/www.ekbeauty.be\/product\/import-placeholder-for-460\/"},"modified":"2025-04-13T16:14:51","modified_gmt":"2025-04-13T14:14:51","slug":"image-skincare-iluma-intense-brightening-eye-creme-15-ml","status":"publish","type":"product","link":"https:\/\/www.ekbeauty.be\/fr\/produit\/image-skincare-iluma-intense-brightening-eye-creme-15-ml\/","title":{"rendered":"IMAGE Skincare Iluma - Intense Brightening Eye Cream 15ml"},"content":{"rendered":"<p>Iluma - Intense Brightening Eye Cr\u00e8me est une cr\u00e8me riche et ultra-hydratante pour les yeux, qui unifie la peau d\u00e9licate du contour des yeux et laisse la peau lisse et \u00e9clatante. Aide \u00e0 r\u00e9duire de mani\u00e8re significative les signes visibles du vieillissement autour des yeux, notamment les poches, les cernes, les rides et le rel\u00e2chement cutan\u00e9. Les phytonutriments, les peptides et les agents lissants innovants contribuent \u00e0 restaurer une apparence vibrante et jeune. La peau du contour des yeux para\u00eet imm\u00e9diatement plus ferme, plus \u00e9clatante et plus radieuse.<\/p>","protected":false},"excerpt":{"rendered":"<p><strong>Avantages<\/strong><\/p>\n<p>Cr\u00e8me pour les yeux ultra-hydratante<br \/>\n\u00e9galise la peau fragile du contour des yeux<br \/>\nAide \u00e0 r\u00e9duire de mani\u00e8re significative les signes visibles du vieillissement autour des yeux, notamment les poches, les cernes, les rides et le rel\u00e2chement cutan\u00e9.<br \/>\nRaffermit, \u00e9claircit et illumine la peau<\/p>\n<p><strong>Type de peau<\/strong><\/p>\n<p>Cernes<br \/>\n\u2714 Perte de brillance<br \/>\nGonflement, peau flasque<br \/>\nVieillissement de la peau autour des yeux<\/p>","protected":false},"featured_media":50577,"comment_status":"open","ping_status":"closed","template":"","meta":{"_surecart_dashboard_logo_width":"180px","_surecart_dashboard_show_logo":true,"_surecart_dashboard_navigation_orders":true,"_surecart_dashboard_navigation_invoices":true,"_surecart_dashboard_navigation_subscriptions":true,"_surecart_dashboard_navigation_downloads":true,"_surecart_dashboard_navigation_billing":true,"_surecart_dashboard_navigation_account":true,"_uag_custom_page_level_css":""},"product_brand":[],"product_cat":[221],"product_tag":[],"class_list":{"0":"post-4389","1":"product","2":"type-product","3":"status-publish","4":"has-post-thumbnail","6":"product_cat-oogverzorging","8":"first","9":"instock","10":"taxable","11":"shipping-taxable","12":"purchasable","13":"product-type-simple"},"uagb_featured_image_src":{"full":["https:\/\/www.ekbeauty.be\/wp-content\/uploads\/2020\/02\/l3.webp",1500,1125,false],"thumbnail":["https:\/\/www.ekbeauty.be\/wp-content\/uploads\/2020\/02\/l3-150x150.webp",150,150,true],"medium":["https:\/\/www.ekbeauty.be\/wp-content\/uploads\/2020\/02\/l3-300x225.webp",300,225,true],"medium_large":["https:\/\/www.ekbeauty.be\/wp-content\/uploads\/2020\/02\/l3-768x576.webp",768,576,true],"large":["https:\/\/www.ekbeauty.be\/wp-content\/uploads\/2020\/02\/l3-1024x768.webp",1024,768,true],"1536x1536":["https:\/\/www.ekbeauty.be\/wp-content\/uploads\/2020\/02\/l3.webp",1500,1125,false],"2048x2048":["https:\/\/www.ekbeauty.be\/wp-content\/uploads\/2020\/02\/l3.webp",1500,1125,false],"trp-custom-language-flag":["https:\/\/www.ekbeauty.be\/wp-content\/uploads\/2020\/02\/l3-16x12.webp",16,12,true],"woocommerce_archive_thumbnail":["https:\/\/www.ekbeauty.be\/wp-content\/uploads\/2020\/02\/l3-300x225.webp",300,225,true],"woocommerce_thumbnail":["https:\/\/www.ekbeauty.be\/wp-content\/uploads\/2020\/02\/l3-300x300.webp",300,300,true],"woocommerce_single":["https:\/\/www.ekbeauty.be\/wp-content\/uploads\/2020\/02\/l3-600x450.webp",600,450,true],"woocommerce_gallery_thumbnail":["https:\/\/www.ekbeauty.be\/wp-content\/uploads\/2020\/02\/l3-100x100.webp",100,100,true]},"uagb_author_info":{"display_name":"Berrag","author_link":"https:\/\/www.ekbeauty.be\/fr\/author\/"},"uagb_comment_info":0,"uagb_excerpt":"Voordelen \u2714 Ultra hydraterende oogcr\u00e8me \u2714 Egaliseert de kwetsbare huid rond de ogen \u2714 Helpt de zichtbare tekenen van veroudering rond de ogen aanzienlijk verminderen inclusief zwelling, donkere kringen, rimpels en slappe huid \u2714 Verstevigt, verheldert en laat de huid stralen Huidtype \u2714 Donkere kringen \u2714 Verlies van glans \u2714 Zwelling, slappe huid \u2714 Huidveroudering\u2026","_links":{"self":[{"href":"https:\/\/www.ekbeauty.be\/fr\/wp-json\/wp\/v2\/product\/4389","targetHints":{"allow":["GET"]}}],"collection":[{"href":"https:\/\/www.ekbeauty.be\/fr\/wp-json\/wp\/v2\/product"}],"about":[{"href":"https:\/\/www.ekbeauty.be\/fr\/wp-json\/wp\/v2\/types\/product"}],"replies":[{"embeddable":true,"href":"https:\/\/www.ekbeauty.be\/fr\/wp-json\/wp\/v2\/comments?post=4389"}],"wp:featuredmedia":[{"embeddable":true,"href":"https:\/\/www.ekbeauty.be\/fr\/wp-json\/wp\/v2\/media\/50577"}],"wp:attachment":[{"href":"https:\/\/www.ekbeauty.be\/fr\/wp-json\/wp\/v2\/media?parent=4389"}],"wp:term":[{"taxonomy":"product_brand","embeddable":true,"href":"https:\/\/www.ekbeauty.be\/fr\/wp-json\/wp\/v2\/product_brand?post=4389"},{"taxonomy":"product_cat","embeddable":true,"href":"https:\/\/www.ekbeauty.be\/fr\/wp-json\/wp\/v2\/product_cat?post=4389"},{"taxonomy":"product_tag","embeddable":true,"href":"https:\/\/www.ekbeauty.be\/fr\/wp-json\/wp\/v2\/product_tag?post=4389"}],"curies":[{"name":"wp","href":"https:\/\/api.w.org\/{rel}","templated":true}]}}