{"id":5699,"date":"2020-02-28T11:59:58","date_gmt":"2020-02-28T10:59:58","guid":{"rendered":"https:\/\/www.ekbeauty.be\/product\/import-placeholder-for-437\/"},"modified":"2025-12-09T15:42:10","modified_gmt":"2025-12-09T14:42:10","slug":"image-skincare-ageless-total-eye-lift-creme-15-ml","status":"publish","type":"product","link":"https:\/\/www.ekbeauty.be\/fr\/produit\/image-skincare-ageless-total-eye-lift-creme-15-ml\/","title":{"rendered":"IMAGE Skincare Ageless - Total Eye Lift Cream 15ml"},"content":{"rendered":"<div class=\"product attribute overview\">\n<div class=\"value\">\n<p data-canvas-width=\"395.36753343618665\">Ageless - Total Eye Lift Cr\u00e8me est une cr\u00e8me liftante luxueuse pour les yeux qui donne des r\u00e9sultats visibles imm\u00e9diats de r\u00e9duction des ridules. Il raffermit la peau et soulage imm\u00e9diatement les yeux fatigu\u00e9s et d\u00e9shydrat\u00e9s.<\/p>\n<\/div>\n<\/div>","protected":false},"excerpt":{"rendered":"<p><strong>Avantages<br \/>\n<\/strong><\/p>\n<ul>\n<li>\u2714 Montre instantan\u00e9ment une r\u00e9duction des ridules.<\/li>\n<li>Rend la peau lisse et ferme<\/li>\n<li>\u2714 Le m\u00e9lange de peptides r\u00e9duit l'inflammation<\/li>\n<li>R\u00e9duit les cernes<\/li>\n<li>Sans paraben<\/li>\n<\/ul>\n<p>&nbsp;<\/p>\n<p><strong>Type de peau<br \/>\n<\/strong><\/p>\n<ul>\n<li>Vieillissement de la peau<\/li>\n<li>Rides et ridules<\/li>\n<li>Paupi\u00e8res aplaties<\/li>\n<li>Cernes<\/li>\n<\/ul>\n<p>&nbsp;<\/p>\n<p><strong>Utilisez<br \/>\n<\/strong>Appliquez la cr\u00e8me sur l'ensemble de l'\u0153il. Il peut y avoir quelques rougeurs. C'est normal et vous pouvez continuer \u00e0 l'utiliser comme d'habitude. \u00c0 utiliser uniquement le soir et en association avec l'un des autres produits pour les yeux IMAGE Skincare. Utilisez-le tous les deux jours pour permettre \u00e0 la peau de s'habituer au produit et d'obtenir les meilleurs r\u00e9sultats.<br \/>\nr\u00e9sultat.<\/p>\n<p>&nbsp;<\/p>\n<p><strong>Conseils du professionnel<br \/>\n<\/strong>Appliquez le soir sur le contour des yeux et alternez avec l'un des autres produits IMAGE Skincare pour les yeux. La cr\u00e8me peut provoquer une sensation de picotement apr\u00e8s l'application.<\/p>\n<p>&nbsp;<\/p>\n<p>&nbsp;<\/p>","protected":false},"featured_media":51309,"comment_status":"open","ping_status":"closed","template":"","meta":{"_surecart_dashboard_logo_width":"180px","_surecart_dashboard_show_logo":true,"_surecart_dashboard_navigation_orders":true,"_surecart_dashboard_navigation_invoices":true,"_surecart_dashboard_navigation_subscriptions":true,"_surecart_dashboard_navigation_downloads":true,"_surecart_dashboard_navigation_billing":true,"_surecart_dashboard_navigation_account":true,"_uag_custom_page_level_css":""},"product_brand":[],"product_cat":[221],"product_tag":[],"class_list":{"0":"post-5699","1":"product","2":"type-product","3":"status-publish","4":"has-post-thumbnail","6":"product_cat-oogverzorging","8":"first","9":"instock","10":"taxable","11":"shipping-taxable","12":"purchasable","13":"product-type-simple"},"uagb_featured_image_src":{"full":["https:\/\/www.ekbeauty.be\/wp-content\/uploads\/2020\/02\/a7.webp",1500,1125,false],"thumbnail":["https:\/\/www.ekbeauty.be\/wp-content\/uploads\/2020\/02\/a7-150x150.webp",150,150,true],"medium":["https:\/\/www.ekbeauty.be\/wp-content\/uploads\/2020\/02\/a7-300x225.webp",300,225,true],"medium_large":["https:\/\/www.ekbeauty.be\/wp-content\/uploads\/2020\/02\/a7-768x576.webp",768,576,true],"large":["https:\/\/www.ekbeauty.be\/wp-content\/uploads\/2020\/02\/a7-1024x768.webp",1024,768,true],"1536x1536":["https:\/\/www.ekbeauty.be\/wp-content\/uploads\/2020\/02\/a7.webp",1500,1125,false],"2048x2048":["https:\/\/www.ekbeauty.be\/wp-content\/uploads\/2020\/02\/a7.webp",1500,1125,false],"trp-custom-language-flag":["https:\/\/www.ekbeauty.be\/wp-content\/uploads\/2020\/02\/a7-16x12.webp",16,12,true],"woocommerce_archive_thumbnail":["https:\/\/www.ekbeauty.be\/wp-content\/uploads\/2020\/02\/a7-300x225.webp",300,225,true],"woocommerce_thumbnail":["https:\/\/www.ekbeauty.be\/wp-content\/uploads\/2020\/02\/a7-300x300.webp",300,300,true],"woocommerce_single":["https:\/\/www.ekbeauty.be\/wp-content\/uploads\/2020\/02\/a7-600x450.webp",600,450,true],"woocommerce_gallery_thumbnail":["https:\/\/www.ekbeauty.be\/wp-content\/uploads\/2020\/02\/a7-100x100.webp",100,100,true]},"uagb_author_info":{"display_name":"Berrag","author_link":"https:\/\/www.ekbeauty.be\/fr\/author\/"},"uagb_comment_info":0,"uagb_excerpt":"Voordelen \u2714 Laat direct een vermindering zien van de fijne lijntjes \u2714 Maakt de huid glad en stevig \u2714 Peptidenmix vermindert ontstekingen \u2714 Vermindert donkere kringen \u2714 Parabenen vrij &nbsp; Huidtype \u2714 Verouderde huid \u2714 Fijne lijntjes en rimpels \u2714 Verslapte oogleden \u2714 Donkere kringen &nbsp; Gebruik Breng de cr\u00e8me aan over het gehele oog.\u2026","_links":{"self":[{"href":"https:\/\/www.ekbeauty.be\/fr\/wp-json\/wp\/v2\/product\/5699","targetHints":{"allow":["GET"]}}],"collection":[{"href":"https:\/\/www.ekbeauty.be\/fr\/wp-json\/wp\/v2\/product"}],"about":[{"href":"https:\/\/www.ekbeauty.be\/fr\/wp-json\/wp\/v2\/types\/product"}],"replies":[{"embeddable":true,"href":"https:\/\/www.ekbeauty.be\/fr\/wp-json\/wp\/v2\/comments?post=5699"}],"wp:featuredmedia":[{"embeddable":true,"href":"https:\/\/www.ekbeauty.be\/fr\/wp-json\/wp\/v2\/media\/51309"}],"wp:attachment":[{"href":"https:\/\/www.ekbeauty.be\/fr\/wp-json\/wp\/v2\/media?parent=5699"}],"wp:term":[{"taxonomy":"product_brand","embeddable":true,"href":"https:\/\/www.ekbeauty.be\/fr\/wp-json\/wp\/v2\/product_brand?post=5699"},{"taxonomy":"product_cat","embeddable":true,"href":"https:\/\/www.ekbeauty.be\/fr\/wp-json\/wp\/v2\/product_cat?post=5699"},{"taxonomy":"product_tag","embeddable":true,"href":"https:\/\/www.ekbeauty.be\/fr\/wp-json\/wp\/v2\/product_tag?post=5699"}],"curies":[{"name":"wp","href":"https:\/\/api.w.org\/{rel}","templated":true}]}}