{"id":570,"date":"2017-01-01T23:19:09","date_gmt":"2017-01-01T22:19:09","guid":{"rendered":"http:\/\/import.getbowtied.com\/shopkeeper-replicaproduct\/a-visual-composer-description\/"},"modified":"2026-01-29T10:54:32","modified_gmt":"2026-01-29T09:54:32","slug":"a-visual-composer-description","status":"publish","type":"product","link":"https:\/\/www.ekbeauty.be\/fr\/produit\/a-visual-composer-description\/","title":{"rendered":"IMAGE Skincare Ormedic - Complexe \u00e9quilibrant pour l'am\u00e9lioration des l\u00e8vres 7g"},"content":{"rendered":"<p>Ormedic - Balancing Lip Enhancement Complex est un complexe anti-\u00e2ge ultra-hydratant pour les l\u00e8vres, contenant des polypeptides, qui permet d'am\u00e9liorer consid\u00e9rablement la taille des l\u00e8vres.<\/p>\n<p>Ormedic - Balancing Lip Enhancement Complex est un complexe anti-\u00e2ge ultra-hydratant pour les l\u00e8vres, contenant des polypeptides, qui permet d'am\u00e9liorer consid\u00e9rablement la taille des l\u00e8vres.<br \/>\nFournit jusqu'\u00e0 40% plus d'hydratation, de volume et r\u00e9duit les ridules lors d'une utilisation r\u00e9guli\u00e8re. Utilisez ce produit comme finition d'un traitement de comblement des rides des l\u00e8vres. Les ingr\u00e9dients cl\u00e9s permettent d'am\u00e9liorer consid\u00e9rablement l'hydratation et de r\u00e9duire les ridules autour des l\u00e8vres :<br \/>\n- R\u00e9duit les rides jusqu'\u00e0 30%<br \/>\n- L'hydratation des l\u00e8vres est am\u00e9lior\u00e9e 40%<br \/>\n- Le volume des l\u00e8vres peut augmenter jusqu'\u00e0 40%<\/p>","protected":false},"excerpt":{"rendered":"<p><strong>Avantages<\/strong><\/p>\n<p>Adoucit les signes visibles des ridules<br \/>\n\u2714 Hydrater le matin et le soir<br \/>\n\u2714 Donne du volume aux l\u00e8vres<br \/>\nSans parabens<\/p>\n<p><strong>Type de peau<\/strong><\/p>\n<p>Lignes fines<br \/>\n\u2714 Injections post-rides<br \/>\nPost-injections de collag\u00e8ne<br \/>\nL\u00e8vres d\u00e9shydrat\u00e9es\/s\u00e8ches<\/p>\n<p><strong>Utilisez<\/strong><br \/>\nAppliquez une petite quantit\u00e9 sur les l\u00e8vres le soir apr\u00e8s le nettoyage et autant que n\u00e9cessaire juste autour de la ligne des l\u00e8vres.<\/p>\n<p><strong>Conseils du professionnel<\/strong><br \/>\nAppliquer sur les l\u00e8vres tout au long de la journ\u00e9e selon les besoins. Hydrate, adoucit et repulpe les l\u00e8vres. Le soir, appliquez \u00e9galement autour des l\u00e8vres pour r\u00e9duire les rides et les ridules.<\/p>","protected":false},"featured_media":50899,"comment_status":"open","ping_status":"closed","template":"","meta":{"_surecart_dashboard_logo_width":"180px","_surecart_dashboard_show_logo":true,"_surecart_dashboard_navigation_orders":true,"_surecart_dashboard_navigation_invoices":true,"_surecart_dashboard_navigation_subscriptions":true,"_surecart_dashboard_navigation_downloads":true,"_surecart_dashboard_navigation_billing":true,"_surecart_dashboard_navigation_account":true,"_uag_custom_page_level_css":""},"product_brand":[],"product_cat":[218],"product_tag":[],"class_list":{"0":"post-570","1":"product","2":"type-product","3":"status-publish","4":"has-post-thumbnail","6":"product_cat-lipverzorging","8":"first","9":"onbackorder","10":"taxable","11":"shipping-taxable","12":"purchasable","13":"product-type-simple"},"uagb_featured_image_src":{"full":["https:\/\/www.ekbeauty.be\/wp-content\/uploads\/2017\/01\/o13.webp",1500,1125,false],"thumbnail":["https:\/\/www.ekbeauty.be\/wp-content\/uploads\/2017\/01\/o13-150x150.webp",150,150,true],"medium":["https:\/\/www.ekbeauty.be\/wp-content\/uploads\/2017\/01\/o13-300x225.webp",300,225,true],"medium_large":["https:\/\/www.ekbeauty.be\/wp-content\/uploads\/2017\/01\/o13-768x576.webp",768,576,true],"large":["https:\/\/www.ekbeauty.be\/wp-content\/uploads\/2017\/01\/o13-1024x768.webp",1024,768,true],"1536x1536":["https:\/\/www.ekbeauty.be\/wp-content\/uploads\/2017\/01\/o13.webp",1500,1125,false],"2048x2048":["https:\/\/www.ekbeauty.be\/wp-content\/uploads\/2017\/01\/o13.webp",1500,1125,false],"trp-custom-language-flag":["https:\/\/www.ekbeauty.be\/wp-content\/uploads\/2017\/01\/o13-16x12.webp",16,12,true],"woocommerce_archive_thumbnail":["https:\/\/www.ekbeauty.be\/wp-content\/uploads\/2017\/01\/o13-300x225.webp",300,225,true],"woocommerce_thumbnail":["https:\/\/www.ekbeauty.be\/wp-content\/uploads\/2017\/01\/o13-300x300.webp",300,300,true],"woocommerce_single":["https:\/\/www.ekbeauty.be\/wp-content\/uploads\/2017\/01\/o13-600x450.webp",600,450,true],"woocommerce_gallery_thumbnail":["https:\/\/www.ekbeauty.be\/wp-content\/uploads\/2017\/01\/o13-100x100.webp",100,100,true]},"uagb_author_info":{"display_name":"Berrag","author_link":"https:\/\/www.ekbeauty.be\/fr\/author\/"},"uagb_comment_info":0,"uagb_excerpt":"Voordelen \u2714 Verzacht de zichtbare tekenen van fijne lijntjes \u2714 Hydrateert \u2018s ochtends en \u2018s avonds \u2714 Geeft volume aan de lippen \u2714 Vrij van Parabenen Huidtype \u2714 Fijne lijntjes \u2714 Post rimpelinspuitingen \u2714 Post collageen inspuitingen \u2714 Gedehydrateerde\/droge lippen Gebruik Breng \u2018s avonds na het reinigen een kleine hoeveelheid op de lippen aan en\u2026","_links":{"self":[{"href":"https:\/\/www.ekbeauty.be\/fr\/wp-json\/wp\/v2\/product\/570","targetHints":{"allow":["GET"]}}],"collection":[{"href":"https:\/\/www.ekbeauty.be\/fr\/wp-json\/wp\/v2\/product"}],"about":[{"href":"https:\/\/www.ekbeauty.be\/fr\/wp-json\/wp\/v2\/types\/product"}],"replies":[{"embeddable":true,"href":"https:\/\/www.ekbeauty.be\/fr\/wp-json\/wp\/v2\/comments?post=570"}],"wp:featuredmedia":[{"embeddable":true,"href":"https:\/\/www.ekbeauty.be\/fr\/wp-json\/wp\/v2\/media\/50899"}],"wp:attachment":[{"href":"https:\/\/www.ekbeauty.be\/fr\/wp-json\/wp\/v2\/media?parent=570"}],"wp:term":[{"taxonomy":"product_brand","embeddable":true,"href":"https:\/\/www.ekbeauty.be\/fr\/wp-json\/wp\/v2\/product_brand?post=570"},{"taxonomy":"product_cat","embeddable":true,"href":"https:\/\/www.ekbeauty.be\/fr\/wp-json\/wp\/v2\/product_cat?post=570"},{"taxonomy":"product_tag","embeddable":true,"href":"https:\/\/www.ekbeauty.be\/fr\/wp-json\/wp\/v2\/product_tag?post=570"}],"curies":[{"name":"wp","href":"https:\/\/api.w.org\/{rel}","templated":true}]}}