{"id":5700,"date":"2020-02-28T11:59:58","date_gmt":"2020-02-28T10:59:58","guid":{"rendered":"https:\/\/www.ekbeauty.be\/product\/import-placeholder-for-438\/"},"modified":"2025-07-01T17:02:15","modified_gmt":"2025-07-01T15:02:15","slug":"image-skincare-ageless-total-resurfacing-masque-57-g","status":"publish","type":"product","link":"https:\/\/www.ekbeauty.be\/fr\/produit\/image-skincare-ageless-total-resurfacing-masque-57-g\/","title":{"rendered":"IMAGE Skincare Ageless - Total Resurfacing Masque 57g"},"content":{"rendered":"<div class=\"product attribute overview\">\n<div class=\"value\">\n<p data-canvas-width=\"395.36753343618665\">Ageless - Total Resurfacing Masque est un m\u00e9lange d'acides glycolique et salicylique qui exfolie la peau et r\u00e9duit les cellules mortes. \u00c9claircit le teint en att\u00e9nuant les taches brunes. C'est un produit parfait pour le jeu \u00e0 la maison.<\/p>\n<\/div>\n<\/div>","protected":false},"excerpt":{"rendered":"<p><b><strong>Avantages<br \/>\n<\/strong><\/b><\/p>\n<ul>\n<li>Triple action exfoliante<b><strong><br \/>\n<\/strong><\/b><\/li>\n<li>\u2714 Enl\u00e8ve d\u00e9licatement la brillance de la peau gr\u00e2ce aux microcristaux.<\/li>\n<li>R\u00e9duit le s\u00e9bum et am\u00e9liore l'\u00e9clat de la peau<\/li>\n<li>\u00c9clairer<\/li>\n<li>Multi-fonctionnel en combinaison avec les nettoyants IMAGE Skincare pour une exfoliation suppl\u00e9mentaire.<\/li>\n<li>Sans paraben<\/li>\n<\/ul>\n<p>&nbsp;<\/p>\n<p><b><strong>Type de peau<\/strong><\/b><\/p>\n<ul>\n<li>Vieillissement de la peau<b><strong><br \/>\n<\/strong><\/b><\/li>\n<li>Peau grasse<\/li>\n<li>Acn\u00e9<\/li>\n<li>Dommages caus\u00e9s par le soleil<\/li>\n<\/ul>\n<p>&nbsp;<\/p>\n<p><strong>Utilisation et conseils<\/strong><\/p>\n<p>Apr\u00e8s le nettoyage, appliquer une quantit\u00e9 sur le visage, le cou et les mains. Laissez agir pendant 5 \u00e0 30 minutes. Massez pendant une minute et rincez \u00e0 l'eau froide. Utilisez \u00e9galement sur les taches sombres pendant la nuit. A utiliser une \u00e0 trois fois par semaine. Utiliser avec le masque Vital C comme deuxi\u00e8me couche, fonctionne comme un peeling chimique.<\/p>\n<p>&nbsp;<\/p>\n<p>&nbsp;<\/p>","protected":false},"featured_media":45459,"comment_status":"open","ping_status":"closed","template":"","meta":{"_surecart_dashboard_logo_width":"180px","_surecart_dashboard_show_logo":true,"_surecart_dashboard_navigation_orders":true,"_surecart_dashboard_navigation_invoices":true,"_surecart_dashboard_navigation_subscriptions":true,"_surecart_dashboard_navigation_downloads":true,"_surecart_dashboard_navigation_billing":true,"_surecart_dashboard_navigation_account":true,"_uag_custom_page_level_css":""},"product_brand":[],"product_cat":[325,326],"product_tag":[],"class_list":{"0":"post-5700","1":"product","2":"type-product","3":"status-publish","4":"has-post-thumbnail","6":"product_cat-exfolianten-gezichtssrubs","7":"product_cat-gezichtsmaskers","9":"first","10":"onbackorder","11":"taxable","12":"shipping-taxable","13":"purchasable","14":"product-type-simple"},"uagb_featured_image_src":{"full":["https:\/\/www.ekbeauty.be\/wp-content\/uploads\/2020\/02\/ageless-total-resurfacing-masque__06.webp",750,750,false],"thumbnail":["https:\/\/www.ekbeauty.be\/wp-content\/uploads\/2020\/02\/ageless-total-resurfacing-masque__06-150x150.webp",150,150,true],"medium":["https:\/\/www.ekbeauty.be\/wp-content\/uploads\/2020\/02\/ageless-total-resurfacing-masque__06-300x300.webp",300,300,true],"medium_large":["https:\/\/www.ekbeauty.be\/wp-content\/uploads\/2020\/02\/ageless-total-resurfacing-masque__06.webp",750,750,false],"large":["https:\/\/www.ekbeauty.be\/wp-content\/uploads\/2020\/02\/ageless-total-resurfacing-masque__06.webp",750,750,false],"1536x1536":["https:\/\/www.ekbeauty.be\/wp-content\/uploads\/2020\/02\/ageless-total-resurfacing-masque__06.webp",750,750,false],"2048x2048":["https:\/\/www.ekbeauty.be\/wp-content\/uploads\/2020\/02\/ageless-total-resurfacing-masque__06.webp",750,750,false],"trp-custom-language-flag":["https:\/\/www.ekbeauty.be\/wp-content\/uploads\/2020\/02\/ageless-total-resurfacing-masque__06-12x12.webp",12,12,true],"woocommerce_archive_thumbnail":["https:\/\/www.ekbeauty.be\/wp-content\/uploads\/2020\/02\/ageless-total-resurfacing-masque__06-300x300.webp",300,300,true],"woocommerce_thumbnail":["https:\/\/www.ekbeauty.be\/wp-content\/uploads\/2020\/02\/ageless-total-resurfacing-masque__06-300x300.webp",300,300,true],"woocommerce_single":["https:\/\/www.ekbeauty.be\/wp-content\/uploads\/2020\/02\/ageless-total-resurfacing-masque__06-600x600.webp",600,600,true],"woocommerce_gallery_thumbnail":["https:\/\/www.ekbeauty.be\/wp-content\/uploads\/2020\/02\/ageless-total-resurfacing-masque__06-100x100.webp",100,100,true]},"uagb_author_info":{"display_name":"Berrag","author_link":"https:\/\/www.ekbeauty.be\/fr\/author\/"},"uagb_comment_info":0,"uagb_excerpt":"Voordelen \u2714 Drievoudige\u00a0exfoli\u00ebrende\u00a0werking \u2714 Haalt voorzichtig de glans van de huid door microkristallen \u2714 Vermindert talg en verbetert de huidglans \u2714 Verlichtend \u2714 Multi-functie in combinatie met IMAGE Skincare cleansers voor extra exfoliatie \u2714 Parabenenvrij &nbsp; Huidtype \u2714 Verouderde huid \u2714 Vette huid \u2714 Acne \u2714 Zonbeschadiging &nbsp; Gebruik &amp; Tips Na reiniging een hoeveelheid\u2026","_links":{"self":[{"href":"https:\/\/www.ekbeauty.be\/fr\/wp-json\/wp\/v2\/product\/5700","targetHints":{"allow":["GET"]}}],"collection":[{"href":"https:\/\/www.ekbeauty.be\/fr\/wp-json\/wp\/v2\/product"}],"about":[{"href":"https:\/\/www.ekbeauty.be\/fr\/wp-json\/wp\/v2\/types\/product"}],"replies":[{"embeddable":true,"href":"https:\/\/www.ekbeauty.be\/fr\/wp-json\/wp\/v2\/comments?post=5700"}],"wp:featuredmedia":[{"embeddable":true,"href":"https:\/\/www.ekbeauty.be\/fr\/wp-json\/wp\/v2\/media\/45459"}],"wp:attachment":[{"href":"https:\/\/www.ekbeauty.be\/fr\/wp-json\/wp\/v2\/media?parent=5700"}],"wp:term":[{"taxonomy":"product_brand","embeddable":true,"href":"https:\/\/www.ekbeauty.be\/fr\/wp-json\/wp\/v2\/product_brand?post=5700"},{"taxonomy":"product_cat","embeddable":true,"href":"https:\/\/www.ekbeauty.be\/fr\/wp-json\/wp\/v2\/product_cat?post=5700"},{"taxonomy":"product_tag","embeddable":true,"href":"https:\/\/www.ekbeauty.be\/fr\/wp-json\/wp\/v2\/product_tag?post=5700"}],"curies":[{"name":"wp","href":"https:\/\/api.w.org\/{rel}","templated":true}]}}