{"id":5705,"date":"2020-02-28T11:59:59","date_gmt":"2020-02-28T10:59:59","guid":{"rendered":"https:\/\/www.ekbeauty.be\/product\/import-placeholder-for-444\/"},"modified":"2024-11-09T12:00:12","modified_gmt":"2024-11-09T11:00:12","slug":"image-skincare-the-max-stem-cell-facial-cleanser-118-ml","status":"publish","type":"product","link":"https:\/\/www.ekbeauty.be\/fr\/produit\/image-skincare-the-max-stem-cell-facial-cleanser-118-ml\/","title":{"rendered":"IMAGE Skincare The MAX - Stem Cell Facial Cleanser 118ml"},"content":{"rendered":"<p>Le nettoyant pour le visage MAX - Stem Cell est un nettoyant doux, sans acide ni sulfate, \u00e0 utiliser quotidiennement pour \u00e9quilibrer et optimiser le pH de la peau. Les cellules souches d'origine v\u00e9g\u00e9tale et les extraits de plantes nourrissent votre peau et la prot\u00e8gent des influences n\u00e9fastes de l'environnement.<\/p>","protected":false},"excerpt":{"rendered":"<p><strong>Avantages<\/strong><\/p>\n<ul>\n<li>Sans sulfate<br \/>\nSans acide<br \/>\n\u2714 pH \u00e9quilibr\u00e9<br \/>\n\u2714 Prolonge la vie des cellules<br \/>\nSans paraben<\/li>\n<\/ul>\n<p>&nbsp;<\/p>\n<p><strong>Type de peau<\/strong><\/p>\n<ul>\n<li>Tous les types de peau<\/li>\n<\/ul>\n<p>&nbsp;<\/p>\n<p><strong>Utilisation et conseils<\/strong><\/p>\n<p>Humidifiez vos mains et appliquez g\u00e9n\u00e9reusement sur le visage et le cou, matin et soir. Frottez doucement pendant 1 minute, puis retirez avec de l'eau chaude.<\/p>","protected":false},"featured_media":47163,"comment_status":"open","ping_status":"closed","template":"","meta":{"_surecart_dashboard_logo_width":"180px","_surecart_dashboard_show_logo":true,"_surecart_dashboard_navigation_orders":true,"_surecart_dashboard_navigation_invoices":true,"_surecart_dashboard_navigation_subscriptions":true,"_surecart_dashboard_navigation_downloads":true,"_surecart_dashboard_navigation_billing":true,"_surecart_dashboard_navigation_account":true,"_uag_custom_page_level_css":""},"product_brand":[],"product_cat":[328,223],"product_tag":[],"class_list":{"0":"post-5705","1":"product","2":"type-product","3":"status-publish","4":"has-post-thumbnail","6":"product_cat-gezichtsreinigers","7":"product_cat-geen","9":"first","10":"instock","11":"taxable","12":"shipping-taxable","13":"purchasable","14":"product-type-simple"},"uagb_featured_image_src":{"full":["https:\/\/www.ekbeauty.be\/wp-content\/uploads\/2020\/02\/t1.webp",1500,1125,false],"thumbnail":["https:\/\/www.ekbeauty.be\/wp-content\/uploads\/2020\/02\/t1-150x150.webp",150,150,true],"medium":["https:\/\/www.ekbeauty.be\/wp-content\/uploads\/2020\/02\/t1-300x225.webp",300,225,true],"medium_large":["https:\/\/www.ekbeauty.be\/wp-content\/uploads\/2020\/02\/t1-768x576.webp",768,576,true],"large":["https:\/\/www.ekbeauty.be\/wp-content\/uploads\/2020\/02\/t1-1024x768.webp",1024,768,true],"1536x1536":["https:\/\/www.ekbeauty.be\/wp-content\/uploads\/2020\/02\/t1.webp",1500,1125,false],"2048x2048":["https:\/\/www.ekbeauty.be\/wp-content\/uploads\/2020\/02\/t1.webp",1500,1125,false],"trp-custom-language-flag":["https:\/\/www.ekbeauty.be\/wp-content\/uploads\/2020\/02\/t1-16x12.webp",16,12,true],"woocommerce_archive_thumbnail":["https:\/\/www.ekbeauty.be\/wp-content\/uploads\/2020\/02\/t1-300x225.webp",300,225,true],"woocommerce_thumbnail":["https:\/\/www.ekbeauty.be\/wp-content\/uploads\/2020\/02\/t1-300x300.webp",300,300,true],"woocommerce_single":["https:\/\/www.ekbeauty.be\/wp-content\/uploads\/2020\/02\/t1-600x450.webp",600,450,true],"woocommerce_gallery_thumbnail":["https:\/\/www.ekbeauty.be\/wp-content\/uploads\/2020\/02\/t1-100x100.webp",100,100,true]},"uagb_author_info":{"display_name":"Berrag","author_link":"https:\/\/www.ekbeauty.be\/fr\/author\/"},"uagb_comment_info":0,"uagb_excerpt":"Voordelen \u2714 Sulfaatvrij \u2714 Zuurvrij \u2714 Evenwichtige pH \u2714 Verlengt levensduur cellen \u2714 Parabeen vrij &nbsp; Huidtype \u2714 Alle huidtypes &nbsp; Gebruik &amp; tips Bevochtig uw handen en breng royaal aan op het gezicht en de hals in de ochtend en avond. Gedurende 1 minuut zachtjes inwrijven, vervolgens verwijderen met warm water.","_links":{"self":[{"href":"https:\/\/www.ekbeauty.be\/fr\/wp-json\/wp\/v2\/product\/5705","targetHints":{"allow":["GET"]}}],"collection":[{"href":"https:\/\/www.ekbeauty.be\/fr\/wp-json\/wp\/v2\/product"}],"about":[{"href":"https:\/\/www.ekbeauty.be\/fr\/wp-json\/wp\/v2\/types\/product"}],"replies":[{"embeddable":true,"href":"https:\/\/www.ekbeauty.be\/fr\/wp-json\/wp\/v2\/comments?post=5705"}],"wp:featuredmedia":[{"embeddable":true,"href":"https:\/\/www.ekbeauty.be\/fr\/wp-json\/wp\/v2\/media\/47163"}],"wp:attachment":[{"href":"https:\/\/www.ekbeauty.be\/fr\/wp-json\/wp\/v2\/media?parent=5705"}],"wp:term":[{"taxonomy":"product_brand","embeddable":true,"href":"https:\/\/www.ekbeauty.be\/fr\/wp-json\/wp\/v2\/product_brand?post=5705"},{"taxonomy":"product_cat","embeddable":true,"href":"https:\/\/www.ekbeauty.be\/fr\/wp-json\/wp\/v2\/product_cat?post=5705"},{"taxonomy":"product_tag","embeddable":true,"href":"https:\/\/www.ekbeauty.be\/fr\/wp-json\/wp\/v2\/product_tag?post=5705"}],"curies":[{"name":"wp","href":"https:\/\/api.w.org\/{rel}","templated":true}]}}