{"id":5709,"date":"2020-02-28T12:00:00","date_gmt":"2020-02-28T11:00:00","guid":{"rendered":"https:\/\/www.ekbeauty.be\/product\/import-placeholder-for-448\/"},"modified":"2025-12-07T22:56:13","modified_gmt":"2025-12-07T21:56:13","slug":"image-skincare-vital-c-hydrating-facial-oil-30ml","status":"publish","type":"product","link":"https:\/\/www.ekbeauty.be\/fr\/produit\/image-skincare-vital-c-hydrating-facial-oil-30ml\/","title":{"rendered":"IMAGE Skincare Vital C - Huile hydratante pour le visage 30ml"},"content":{"rendered":"<div class=\"product attribute overview\">\n<div class=\"value\">\n<p>Vital C - Huile hydratante pour le visage est une huile ultra-l\u00e9g\u00e8re qui hydrate, nourrit et illumine de mani\u00e8re optimale les peaux fatigu\u00e9es et ternes.<\/p>\n<\/div>\n<\/div>","protected":false},"excerpt":{"rendered":"<p dir=\"ltr\"><strong>Type de peau<\/strong><\/p>\n<ul>\n<li style=\"list-style-type: none;\">\n<ul>\n<li>Peau s\u00e8che, d\u00e9shydrat\u00e9e, sensible<\/li>\n<\/ul>\n<\/li>\n<\/ul>\n<p><strong><br \/>\nUtilisation et conseils<\/strong><\/p>\n<p>Peut \u00eatre utilis\u00e9 en compl\u00e9ment des soins \u00e0 domicile comme un s\u00e9rum ou comme \u00e9tape 2 apr\u00e8s le nettoyage et avant le soin de jour. Prenez 3 \u00e0 4 gouttes et appliquez-les sur la peau. Cette huile pour la peau peut \u00e9galement \u00eatre utilis\u00e9e comme huile de massage pour les peaux fatigu\u00e9es et vieillissantes.<\/p>\n<p>&nbsp;<\/p>\n<p>&nbsp;<\/p>","protected":false},"featured_media":45475,"comment_status":"open","ping_status":"closed","template":"","meta":{"_surecart_dashboard_logo_width":"180px","_surecart_dashboard_show_logo":true,"_surecart_dashboard_navigation_orders":true,"_surecart_dashboard_navigation_invoices":true,"_surecart_dashboard_navigation_subscriptions":true,"_surecart_dashboard_navigation_downloads":true,"_surecart_dashboard_navigation_billing":true,"_surecart_dashboard_navigation_account":true,"_uag_custom_page_level_css":""},"product_brand":[],"product_cat":[329],"product_tag":[],"class_list":{"0":"post-5709","1":"product","2":"type-product","3":"status-publish","4":"has-post-thumbnail","6":"product_cat-gezichtsserums","8":"first","9":"onbackorder","10":"taxable","11":"shipping-taxable","12":"purchasable","13":"product-type-simple"},"uagb_featured_image_src":{"full":["https:\/\/www.ekbeauty.be\/wp-content\/uploads\/2020\/02\/12.jpg",1600,1200,false],"thumbnail":["https:\/\/www.ekbeauty.be\/wp-content\/uploads\/2020\/02\/12-150x150.jpg",150,150,true],"medium":["https:\/\/www.ekbeauty.be\/wp-content\/uploads\/2020\/02\/12-300x225.jpg",300,225,true],"medium_large":["https:\/\/www.ekbeauty.be\/wp-content\/uploads\/2020\/02\/12-768x576.jpg",768,576,true],"large":["https:\/\/www.ekbeauty.be\/wp-content\/uploads\/2020\/02\/12-1024x768.jpg",1024,768,true],"1536x1536":["https:\/\/www.ekbeauty.be\/wp-content\/uploads\/2020\/02\/12-1536x1152.jpg",1536,1152,true],"2048x2048":["https:\/\/www.ekbeauty.be\/wp-content\/uploads\/2020\/02\/12.jpg",1600,1200,false],"trp-custom-language-flag":["https:\/\/www.ekbeauty.be\/wp-content\/uploads\/2020\/02\/12-16x12.jpg",16,12,true],"woocommerce_archive_thumbnail":["https:\/\/www.ekbeauty.be\/wp-content\/uploads\/2020\/02\/12-300x225.jpg",300,225,true],"woocommerce_thumbnail":["https:\/\/www.ekbeauty.be\/wp-content\/uploads\/2020\/02\/12-300x300.jpg",300,300,true],"woocommerce_single":["https:\/\/www.ekbeauty.be\/wp-content\/uploads\/2020\/02\/12-600x450.jpg",600,450,true],"woocommerce_gallery_thumbnail":["https:\/\/www.ekbeauty.be\/wp-content\/uploads\/2020\/02\/12-100x100.jpg",100,100,true]},"uagb_author_info":{"display_name":"Berrag","author_link":"https:\/\/www.ekbeauty.be\/fr\/author\/"},"uagb_comment_info":0,"uagb_excerpt":"Huidtype \u2714 Droge, gedehydrateerde, gevoelige huid Gebruik &amp; Tips Kan aanvullend gebruikt worden op de thuisverzorging als serum of als stap 2 na de reiniging en voor de dagverzorging. Neem 3 \u00e0 4 druppels en breng aan op de huid. Tevens kan deze huidolie gebruikt worden als een massageolie bij een vermoeide en verouderde huid.\u2026","_links":{"self":[{"href":"https:\/\/www.ekbeauty.be\/fr\/wp-json\/wp\/v2\/product\/5709","targetHints":{"allow":["GET"]}}],"collection":[{"href":"https:\/\/www.ekbeauty.be\/fr\/wp-json\/wp\/v2\/product"}],"about":[{"href":"https:\/\/www.ekbeauty.be\/fr\/wp-json\/wp\/v2\/types\/product"}],"replies":[{"embeddable":true,"href":"https:\/\/www.ekbeauty.be\/fr\/wp-json\/wp\/v2\/comments?post=5709"}],"wp:featuredmedia":[{"embeddable":true,"href":"https:\/\/www.ekbeauty.be\/fr\/wp-json\/wp\/v2\/media\/45475"}],"wp:attachment":[{"href":"https:\/\/www.ekbeauty.be\/fr\/wp-json\/wp\/v2\/media?parent=5709"}],"wp:term":[{"taxonomy":"product_brand","embeddable":true,"href":"https:\/\/www.ekbeauty.be\/fr\/wp-json\/wp\/v2\/product_brand?post=5709"},{"taxonomy":"product_cat","embeddable":true,"href":"https:\/\/www.ekbeauty.be\/fr\/wp-json\/wp\/v2\/product_cat?post=5709"},{"taxonomy":"product_tag","embeddable":true,"href":"https:\/\/www.ekbeauty.be\/fr\/wp-json\/wp\/v2\/product_tag?post=5709"}],"curies":[{"name":"wp","href":"https:\/\/api.w.org\/{rel}","templated":true}]}}