{"id":5710,"date":"2020-02-28T12:00:00","date_gmt":"2020-02-28T11:00:00","guid":{"rendered":"https:\/\/www.ekbeauty.be\/product\/import-placeholder-for-449\/"},"modified":"2024-11-06T11:03:44","modified_gmt":"2024-11-06T10:03:44","slug":"image-skincare-vital-c-hydrating-enzyme-masque-57-g","status":"publish","type":"product","link":"https:\/\/www.ekbeauty.be\/fr\/produit\/image-skincare-vital-c-hydrating-enzyme-masque-57-g\/","title":{"rendered":"IMAGE Skincare Vital C - Hydrating Enzyme Masque 57 g"},"content":{"rendered":"<div class=\"product attribute overview\">\n<div class=\"value\">\n<p>Vital C - Hydrating Enzyme Masque est un masque hydratant \u00e0 la vitamine C\/enzyme.<\/p>\n<\/div>\n<\/div>","protected":false},"excerpt":{"rendered":"<p><strong>Avantages<br \/>\n<\/strong><\/p>\n<ul>\n<li>\u2714 Elimine en douceur les cellules mortes de la peau, par voie enzymatique.<\/li>\n<li>\u2714 Traite la peau avec des antioxydants, des vitamines et des min\u00e9raux essentiels.<\/li>\n<li>Hydrate pendant des heures apr\u00e8s le traitement<\/li>\n<li>Sans paraben<\/li>\n<\/ul>\n<p>&nbsp;<\/p>\n<p><strong>Type de peau<br \/>\n<\/strong><\/p>\n<ul>\n<li>Rosac\u00e9e<\/li>\n<li>Vieillissement de la peau<\/li>\n<li>Peau s\u00e8che\/d\u00e9shydrat\u00e9e<\/li>\n<li>\u2714 Post play\/post op\u00e9ration<\/li>\n<li>Peau grasse<\/li>\n<li>Acn\u00e9<\/li>\n<li>Peau sensible<\/li>\n<\/ul>\n<p>&nbsp;<\/p>\n<p><strong>Utilisez<br \/>\n<\/strong>Appliquez une fine couche sur la peau nettoy\u00e9e et laissez agir pendant 5 \u00e0 30 minutes. Rincer \u00e0 l'eau froide. A utiliser une \u00e0 trois fois par semaine.<\/p>\n<p>&nbsp;<\/p>\n<p>&nbsp;<\/p>","protected":false},"featured_media":46139,"comment_status":"open","ping_status":"closed","template":"","meta":{"_surecart_dashboard_logo_width":"180px","_surecart_dashboard_show_logo":true,"_surecart_dashboard_navigation_orders":true,"_surecart_dashboard_navigation_invoices":true,"_surecart_dashboard_navigation_subscriptions":true,"_surecart_dashboard_navigation_downloads":true,"_surecart_dashboard_navigation_billing":true,"_surecart_dashboard_navigation_account":true,"_uag_custom_page_level_css":""},"product_brand":[],"product_cat":[326],"product_tag":[],"class_list":{"0":"post-5710","1":"product","2":"type-product","3":"status-publish","4":"has-post-thumbnail","6":"product_cat-gezichtsmaskers","8":"first","9":"instock","10":"taxable","11":"shipping-taxable","12":"purchasable","13":"product-type-simple"},"uagb_featured_image_src":{"full":["https:\/\/www.ekbeauty.be\/wp-content\/uploads\/2020\/02\/15.jpg",1600,1200,false],"thumbnail":["https:\/\/www.ekbeauty.be\/wp-content\/uploads\/2020\/02\/15-150x150.jpg",150,150,true],"medium":["https:\/\/www.ekbeauty.be\/wp-content\/uploads\/2020\/02\/15-300x225.jpg",300,225,true],"medium_large":["https:\/\/www.ekbeauty.be\/wp-content\/uploads\/2020\/02\/15-768x576.jpg",768,576,true],"large":["https:\/\/www.ekbeauty.be\/wp-content\/uploads\/2020\/02\/15-1024x768.jpg",1024,768,true],"1536x1536":["https:\/\/www.ekbeauty.be\/wp-content\/uploads\/2020\/02\/15-1536x1152.jpg",1536,1152,true],"2048x2048":["https:\/\/www.ekbeauty.be\/wp-content\/uploads\/2020\/02\/15.jpg",1600,1200,false],"trp-custom-language-flag":["https:\/\/www.ekbeauty.be\/wp-content\/uploads\/2020\/02\/15-16x12.jpg",16,12,true],"woocommerce_archive_thumbnail":["https:\/\/www.ekbeauty.be\/wp-content\/uploads\/2020\/02\/15-300x225.jpg",300,225,true],"woocommerce_thumbnail":["https:\/\/www.ekbeauty.be\/wp-content\/uploads\/2020\/02\/15-300x300.jpg",300,300,true],"woocommerce_single":["https:\/\/www.ekbeauty.be\/wp-content\/uploads\/2020\/02\/15-600x450.jpg",600,450,true],"woocommerce_gallery_thumbnail":["https:\/\/www.ekbeauty.be\/wp-content\/uploads\/2020\/02\/15-100x100.jpg",100,100,true]},"uagb_author_info":{"display_name":"Berrag","author_link":"https:\/\/www.ekbeauty.be\/fr\/author\/"},"uagb_comment_info":0,"uagb_excerpt":"Voordelen \u2714 Verwijdert op een zachte manier dode huidcellen, enzymatisch \u2714 Behandelt de huid met essenti\u00eble antioxidanten, vitamines en mineralen \u2714 Hydrateert nog uren na behandeling \u2714 Parabenen vrij &nbsp; Huidtype \u2714 Rosacea \u2714 Verouderde huid \u2714 Droge\/gedehydrateerde huid \u2714 Postpeeling\/postoperatie \u2714 Vette huid \u2714 Acne \u2714 Gevoelige huid &nbsp; Gebruik Breng een dunne laag\u2026","_links":{"self":[{"href":"https:\/\/www.ekbeauty.be\/fr\/wp-json\/wp\/v2\/product\/5710","targetHints":{"allow":["GET"]}}],"collection":[{"href":"https:\/\/www.ekbeauty.be\/fr\/wp-json\/wp\/v2\/product"}],"about":[{"href":"https:\/\/www.ekbeauty.be\/fr\/wp-json\/wp\/v2\/types\/product"}],"replies":[{"embeddable":true,"href":"https:\/\/www.ekbeauty.be\/fr\/wp-json\/wp\/v2\/comments?post=5710"}],"wp:featuredmedia":[{"embeddable":true,"href":"https:\/\/www.ekbeauty.be\/fr\/wp-json\/wp\/v2\/media\/46139"}],"wp:attachment":[{"href":"https:\/\/www.ekbeauty.be\/fr\/wp-json\/wp\/v2\/media?parent=5710"}],"wp:term":[{"taxonomy":"product_brand","embeddable":true,"href":"https:\/\/www.ekbeauty.be\/fr\/wp-json\/wp\/v2\/product_brand?post=5710"},{"taxonomy":"product_cat","embeddable":true,"href":"https:\/\/www.ekbeauty.be\/fr\/wp-json\/wp\/v2\/product_cat?post=5710"},{"taxonomy":"product_tag","embeddable":true,"href":"https:\/\/www.ekbeauty.be\/fr\/wp-json\/wp\/v2\/product_tag?post=5710"}],"curies":[{"name":"wp","href":"https:\/\/api.w.org\/{rel}","templated":true}]}}