{"id":5718,"date":"2020-02-28T12:00:04","date_gmt":"2020-02-28T11:00:04","guid":{"rendered":"https:\/\/www.ekbeauty.be\/product\/import-placeholder-for-457\/"},"modified":"2024-11-22T15:13:05","modified_gmt":"2024-11-22T14:13:05","slug":"image-skincare-iluma-intense-brightening-exfoliating-powder-43gr","status":"publish","type":"product","link":"https:\/\/www.ekbeauty.be\/fr\/produit\/image-skincare-iluma-intense-brightening-exfoliating-powder-43gr\/","title":{"rendered":"IMAGE Skincare Iluma - Intense Brightening Exfoliating Powder 43gr"},"content":{"rendered":"<p>Iluma - Skin Brightening Cream est une nouvelle cr\u00e8me \u00e9claircissante r\u00e9volutionnaire qui combat efficacement les taches de vieillesse et l'hyperpigmentation. La cr\u00e8me contient un complexe \u00e9claircissant exclusif qui unifie les d\u00e9colorations et donne un teint sain, jeune et radieux. Vectorize Technology\u2122 lib\u00e8re les ingr\u00e9dients encapsul\u00e9s de mani\u00e8re diffuse pour un effet intense et durable.<\/p>","protected":false},"excerpt":{"rendered":"<p><strong>Avantages<\/strong><\/p>\n<ul>\n<li>\u00c9claircit la peau<br \/>\n\u2714 Effet \u00e0 long terme<br \/>\nInhibition de la production de m\u00e9lanine<br \/>\nSans paraben<\/li>\n<\/ul>\n<p>&nbsp;<\/p>\n<p><strong>Type de peau<\/strong><\/p>\n<ul>\n<li>Hyperpigmentation<br \/>\nTaches de vieillesse<br \/>\nTaches solaires<br \/>\nMelasma<\/li>\n<\/ul>\n<p>&nbsp;<\/p>\n<p><strong>Utilisation et conseils<\/strong><\/p>\n<p>Massez la cr\u00e8me sur le visage, le cou et les paupi\u00e8res apr\u00e8s le nettoyage. Convient \u00e0 un usage quotidien.<\/p>","protected":false},"featured_media":50575,"comment_status":"open","ping_status":"closed","template":"","meta":{"_surecart_dashboard_logo_width":"180px","_surecart_dashboard_show_logo":true,"_surecart_dashboard_navigation_orders":true,"_surecart_dashboard_navigation_invoices":true,"_surecart_dashboard_navigation_subscriptions":true,"_surecart_dashboard_navigation_downloads":true,"_surecart_dashboard_navigation_billing":true,"_surecart_dashboard_navigation_account":true,"_uag_custom_page_level_css":""},"product_brand":[],"product_cat":[325],"product_tag":[],"class_list":{"0":"post-5718","1":"product","2":"type-product","3":"status-publish","4":"has-post-thumbnail","6":"product_cat-exfolianten-gezichtssrubs","8":"first","9":"instock","10":"taxable","11":"shipping-taxable","12":"purchasable","13":"product-type-simple"},"uagb_featured_image_src":{"full":["https:\/\/www.ekbeauty.be\/wp-content\/uploads\/2020\/02\/l1.webp",1500,1125,false],"thumbnail":["https:\/\/www.ekbeauty.be\/wp-content\/uploads\/2020\/02\/l1-150x150.webp",150,150,true],"medium":["https:\/\/www.ekbeauty.be\/wp-content\/uploads\/2020\/02\/l1-300x225.webp",300,225,true],"medium_large":["https:\/\/www.ekbeauty.be\/wp-content\/uploads\/2020\/02\/l1-768x576.webp",768,576,true],"large":["https:\/\/www.ekbeauty.be\/wp-content\/uploads\/2020\/02\/l1-1024x768.webp",1024,768,true],"1536x1536":["https:\/\/www.ekbeauty.be\/wp-content\/uploads\/2020\/02\/l1.webp",1500,1125,false],"2048x2048":["https:\/\/www.ekbeauty.be\/wp-content\/uploads\/2020\/02\/l1.webp",1500,1125,false],"trp-custom-language-flag":["https:\/\/www.ekbeauty.be\/wp-content\/uploads\/2020\/02\/l1-16x12.webp",16,12,true],"woocommerce_archive_thumbnail":["https:\/\/www.ekbeauty.be\/wp-content\/uploads\/2020\/02\/l1-300x225.webp",300,225,true],"woocommerce_thumbnail":["https:\/\/www.ekbeauty.be\/wp-content\/uploads\/2020\/02\/l1-300x300.webp",300,300,true],"woocommerce_single":["https:\/\/www.ekbeauty.be\/wp-content\/uploads\/2020\/02\/l1-600x450.webp",600,450,true],"woocommerce_gallery_thumbnail":["https:\/\/www.ekbeauty.be\/wp-content\/uploads\/2020\/02\/l1-100x100.webp",100,100,true]},"uagb_author_info":{"display_name":"Berrag","author_link":"https:\/\/www.ekbeauty.be\/fr\/author\/"},"uagb_comment_info":0,"uagb_excerpt":"Voordelen \u2714 Verlicht de huid \u2714 Langdurig effect \u2714 Remt de Melanine productie \u2714 Parabenen vrij &nbsp; Huidtype \u2714 Hyperpigmentatie \u2714 Ouderdomsvlekken \u2714 Zonnevlekken \u2714 Melasma &nbsp; Gebruik &amp; Tips Masseer de creme in op het gezicht, de nek en oogleden nadat deze zijn gereinigd. Geschikt voor dagelijks gebruik.","_links":{"self":[{"href":"https:\/\/www.ekbeauty.be\/fr\/wp-json\/wp\/v2\/product\/5718","targetHints":{"allow":["GET"]}}],"collection":[{"href":"https:\/\/www.ekbeauty.be\/fr\/wp-json\/wp\/v2\/product"}],"about":[{"href":"https:\/\/www.ekbeauty.be\/fr\/wp-json\/wp\/v2\/types\/product"}],"replies":[{"embeddable":true,"href":"https:\/\/www.ekbeauty.be\/fr\/wp-json\/wp\/v2\/comments?post=5718"}],"wp:featuredmedia":[{"embeddable":true,"href":"https:\/\/www.ekbeauty.be\/fr\/wp-json\/wp\/v2\/media\/50575"}],"wp:attachment":[{"href":"https:\/\/www.ekbeauty.be\/fr\/wp-json\/wp\/v2\/media?parent=5718"}],"wp:term":[{"taxonomy":"product_brand","embeddable":true,"href":"https:\/\/www.ekbeauty.be\/fr\/wp-json\/wp\/v2\/product_brand?post=5718"},{"taxonomy":"product_cat","embeddable":true,"href":"https:\/\/www.ekbeauty.be\/fr\/wp-json\/wp\/v2\/product_cat?post=5718"},{"taxonomy":"product_tag","embeddable":true,"href":"https:\/\/www.ekbeauty.be\/fr\/wp-json\/wp\/v2\/product_tag?post=5718"}],"curies":[{"name":"wp","href":"https:\/\/api.w.org\/{rel}","templated":true}]}}