{"id":5757,"date":"2020-02-28T12:00:11","date_gmt":"2020-02-28T11:00:11","guid":{"rendered":"https:\/\/www.ekbeauty.be\/product\/import-placeholder-for-508\/"},"modified":"2025-02-28T18:07:25","modified_gmt":"2025-02-28T17:07:25","slug":"image-skincare-image-md-restoring-youth-repair-creme-with-adt-technology-30ml","status":"publish","type":"product","link":"https:\/\/www.ekbeauty.be\/fr\/produit\/image-skincare-image-md-restoring-youth-repair-creme-with-adt-technology-30ml\/","title":{"rendered":"IMAGE Skincare IMAGE MD - Cr\u00e8me r\u00e9paratrice pour la jeunesse avec ADT Technology\u2122 30ml"},"content":{"rendered":"<p>IMAGE MD - Restoring Youth Repair Cream with ADT Technology\u2122 est un m\u00e9lange hautement concentr\u00e9 de r\u00e9tinol, d'acide glycolique et de vitamines C et E qui rajeunit la peau vieillissante. Cette cr\u00e8me redonne \u00e0 la peau un aspect jeune, ferme et radieux. Les principes actifs p\u00e9n\u00e8trent dans les couches profondes de la peau. Formul\u00e9 par des chirurgiens plasticiens pour des r\u00e9sultats optimaux. Sans parab\u00e8nes.<\/p>","protected":false},"excerpt":{"rendered":"<p>IMAGE MD - Restoring Youth Repair Cream with ADT Technology\u2122 est un m\u00e9lange hautement concentr\u00e9 de r\u00e9tinol, d'acide glycolique et de vitamines C et E qui rajeunit la peau vieillissante. Cette cr\u00e8me redonne \u00e0 la peau un aspect jeune, ferme et radieux. Les principes actifs p\u00e9n\u00e8trent dans les couches profondes de la peau. Formul\u00e9 par des chirurgiens plasticiens pour des r\u00e9sultats optimaux. Sans parab\u00e8nes.<\/p>\n<ul>\n<li>\u2714 Cr\u00e8me de nuit r\u00e9paratrice avanc\u00e9e<\/li>\n<li>\u2714 Redonne \u00e0 la peau un aspect jeune, ferme et radieux.<\/li>\n<li>\u2714 R\u00e9duit l'apparence des rides et des ridules.<\/li>\n<\/ul>\n<p>&nbsp;<\/p>\n<p><strong>Type de peau<\/strong><\/p>\n<ul>\n<li>Vieillissement de la peau, rides et ridules<\/li>\n<li>Pigmentation<\/li>\n<li>\u2714 Autres signes de vieillissement<\/li>\n<\/ul>\n<p>&nbsp;<\/p>\n<p><strong>Utilisation et conseils<\/strong><\/p>\n<p>Appliquer apr\u00e8s avoir nettoy\u00e9 le visage et \u00e9ventuellement apr\u00e8s avoir utilis\u00e9 un s\u00e9rum comme routine du soir.<\/p>\n<p>&nbsp;<\/p>\n<p>&nbsp;<\/p>","protected":false},"featured_media":5948,"comment_status":"open","ping_status":"closed","template":"","meta":{"_surecart_dashboard_logo_width":"180px","_surecart_dashboard_show_logo":true,"_surecart_dashboard_navigation_orders":true,"_surecart_dashboard_navigation_invoices":true,"_surecart_dashboard_navigation_subscriptions":true,"_surecart_dashboard_navigation_downloads":true,"_surecart_dashboard_navigation_billing":true,"_surecart_dashboard_navigation_account":true,"_uag_custom_page_level_css":""},"product_brand":[],"product_cat":[223],"product_tag":[],"class_list":{"0":"post-5757","1":"product","2":"type-product","3":"status-publish","4":"has-post-thumbnail","6":"product_cat-geen","8":"first","9":"outofstock","10":"taxable","11":"shipping-taxable","12":"purchasable","13":"product-type-simple"},"uagb_featured_image_src":{"full":["https:\/\/www.ekbeauty.be\/wp-content\/uploads\/2020\/02\/EKBEAUTY-RESTORING-YOUTH-REPAIR-CREME.jpg",1000,1000,false],"thumbnail":["https:\/\/www.ekbeauty.be\/wp-content\/uploads\/2020\/02\/EKBEAUTY-RESTORING-YOUTH-REPAIR-CREME-150x150.jpg",150,150,true],"medium":["https:\/\/www.ekbeauty.be\/wp-content\/uploads\/2020\/02\/EKBEAUTY-RESTORING-YOUTH-REPAIR-CREME-300x300.jpg",300,300,true],"medium_large":["https:\/\/www.ekbeauty.be\/wp-content\/uploads\/2020\/02\/EKBEAUTY-RESTORING-YOUTH-REPAIR-CREME-768x768.jpg",768,768,true],"large":["https:\/\/www.ekbeauty.be\/wp-content\/uploads\/2020\/02\/EKBEAUTY-RESTORING-YOUTH-REPAIR-CREME.jpg",1000,1000,false],"1536x1536":["https:\/\/www.ekbeauty.be\/wp-content\/uploads\/2020\/02\/EKBEAUTY-RESTORING-YOUTH-REPAIR-CREME.jpg",1000,1000,false],"2048x2048":["https:\/\/www.ekbeauty.be\/wp-content\/uploads\/2020\/02\/EKBEAUTY-RESTORING-YOUTH-REPAIR-CREME.jpg",1000,1000,false],"trp-custom-language-flag":["https:\/\/www.ekbeauty.be\/wp-content\/uploads\/2020\/02\/EKBEAUTY-RESTORING-YOUTH-REPAIR-CREME.jpg",12,12,false],"woocommerce_archive_thumbnail":["https:\/\/www.ekbeauty.be\/wp-content\/uploads\/2020\/02\/EKBEAUTY-RESTORING-YOUTH-REPAIR-CREME-300x300.jpg",300,300,true],"woocommerce_thumbnail":["https:\/\/www.ekbeauty.be\/wp-content\/uploads\/2020\/02\/EKBEAUTY-RESTORING-YOUTH-REPAIR-CREME-300x300.jpg",300,300,true],"woocommerce_single":["https:\/\/www.ekbeauty.be\/wp-content\/uploads\/2020\/02\/EKBEAUTY-RESTORING-YOUTH-REPAIR-CREME-600x600.jpg",600,600,true],"woocommerce_gallery_thumbnail":["https:\/\/www.ekbeauty.be\/wp-content\/uploads\/2020\/02\/EKBEAUTY-RESTORING-YOUTH-REPAIR-CREME-100x100.jpg",100,100,true]},"uagb_author_info":{"display_name":"Berrag","author_link":"https:\/\/www.ekbeauty.be\/fr\/author\/"},"uagb_comment_info":0,"uagb_excerpt":"IMAGE MD - Restoring Youth Repair Cr\u00e8me with ADT Technology\u2122 is een sterk geconcentreerde mix van retinol, glycolzuur en vitamine C en E, dat de verouderde huid verjongt. De cr\u00e8me brengt de huid terug naar een jeugdige, stevige en stralende huid. De actieve ingredi\u00ebnten werken tot in de diepere lagen van de huid door. Geformuleerd\u2026","_links":{"self":[{"href":"https:\/\/www.ekbeauty.be\/fr\/wp-json\/wp\/v2\/product\/5757","targetHints":{"allow":["GET"]}}],"collection":[{"href":"https:\/\/www.ekbeauty.be\/fr\/wp-json\/wp\/v2\/product"}],"about":[{"href":"https:\/\/www.ekbeauty.be\/fr\/wp-json\/wp\/v2\/types\/product"}],"replies":[{"embeddable":true,"href":"https:\/\/www.ekbeauty.be\/fr\/wp-json\/wp\/v2\/comments?post=5757"}],"wp:featuredmedia":[{"embeddable":true,"href":"https:\/\/www.ekbeauty.be\/fr\/wp-json\/wp\/v2\/media\/5948"}],"wp:attachment":[{"href":"https:\/\/www.ekbeauty.be\/fr\/wp-json\/wp\/v2\/media?parent=5757"}],"wp:term":[{"taxonomy":"product_brand","embeddable":true,"href":"https:\/\/www.ekbeauty.be\/fr\/wp-json\/wp\/v2\/product_brand?post=5757"},{"taxonomy":"product_cat","embeddable":true,"href":"https:\/\/www.ekbeauty.be\/fr\/wp-json\/wp\/v2\/product_cat?post=5757"},{"taxonomy":"product_tag","embeddable":true,"href":"https:\/\/www.ekbeauty.be\/fr\/wp-json\/wp\/v2\/product_tag?post=5757"}],"curies":[{"name":"wp","href":"https:\/\/api.w.org\/{rel}","templated":true}]}}