{"id":5760,"date":"2020-02-28T12:00:12","date_gmt":"2020-02-28T11:00:12","guid":{"rendered":"https:\/\/www.ekbeauty.be\/product\/import-placeholder-for-511\/"},"modified":"2024-11-05T15:32:09","modified_gmt":"2024-11-05T14:32:09","slug":"image-skincare-vital-c-hydrating-water-burst-59-ml","status":"publish","type":"product","link":"https:\/\/www.ekbeauty.be\/fr\/produit\/image-skincare-vital-c-hydrating-water-burst-59-ml\/","title":{"rendered":"IMAGE Skincare Vital C - Hydrating Water Burst 59 ml"},"content":{"rendered":"<div class=\"product attribute overview\">\n<div class=\"value\">\n<p>Vital C - Hydrating Water Burstis est un gel l\u00e9ger et intens\u00e9ment hydratant qui nourrit la peau et la rend \u00e9clatante.<\/p>\n<\/div>\n<\/div>","protected":false},"excerpt":{"rendered":"<p>Indispensable pour la peau :<\/p>\n<ul>\n<li>Formule innovante<\/li>\n<li>\u2714 Riche en antioxydants, acide hyaluronique, vitamines et peptides.<\/li>\n<li>Pour une peau jeune, radieuse et plus saine<\/li>\n<\/ul>\n<p>&nbsp;<\/p>\n<p><strong>Type de peau<\/strong><\/p>\n<ul>\n<li>Secs\/d\u00e9shydrat\u00e9s<\/li>\n<li>\u2714 Sensible<\/li>\n<li>Irrit\u00e9e<\/li>\n<\/ul>\n<p>&nbsp;<\/p>\n<p dir=\"ltr\"><strong>Utilisation et conseils<\/strong><\/p>\n<p dir=\"ltr\">Prenez une quantit\u00e9 de Vital C - Water Hydrating Burst de la taille d'une cerise et massez fermement le gel sur la peau. Pour activer les ingr\u00e9dients cl\u00e9s. Appliquez le matin et tout au long de la journ\u00e9e pour hydrater et dynamiser votre peau. Conservez le gel dans un endroit frais pour une hydratation encore plus intense de la peau.<\/p>\n<p dir=\"ltr\">","protected":false},"featured_media":46158,"comment_status":"open","ping_status":"closed","template":"","meta":{"_surecart_dashboard_logo_width":"180px","_surecart_dashboard_show_logo":true,"_surecart_dashboard_navigation_orders":true,"_surecart_dashboard_navigation_invoices":true,"_surecart_dashboard_navigation_subscriptions":true,"_surecart_dashboard_navigation_downloads":true,"_surecart_dashboard_navigation_billing":true,"_surecart_dashboard_navigation_account":true,"_uag_custom_page_level_css":""},"product_brand":[],"product_cat":[217],"product_tag":[],"class_list":{"0":"post-5760","1":"product","2":"type-product","3":"status-publish","4":"has-post-thumbnail","6":"product_cat-dagcremes","8":"first","9":"instock","10":"taxable","11":"shipping-taxable","12":"purchasable","13":"product-type-simple"},"uagb_featured_image_src":{"full":["https:\/\/www.ekbeauty.be\/wp-content\/uploads\/2020\/02\/21.jpg",1600,1200,false],"thumbnail":["https:\/\/www.ekbeauty.be\/wp-content\/uploads\/2020\/02\/21-150x150.jpg",150,150,true],"medium":["https:\/\/www.ekbeauty.be\/wp-content\/uploads\/2020\/02\/21-300x225.jpg",300,225,true],"medium_large":["https:\/\/www.ekbeauty.be\/wp-content\/uploads\/2020\/02\/21-768x576.jpg",768,576,true],"large":["https:\/\/www.ekbeauty.be\/wp-content\/uploads\/2020\/02\/21-1024x768.jpg",1024,768,true],"1536x1536":["https:\/\/www.ekbeauty.be\/wp-content\/uploads\/2020\/02\/21-1536x1152.jpg",1536,1152,true],"2048x2048":["https:\/\/www.ekbeauty.be\/wp-content\/uploads\/2020\/02\/21.jpg",1600,1200,false],"trp-custom-language-flag":["https:\/\/www.ekbeauty.be\/wp-content\/uploads\/2020\/02\/21-16x12.jpg",16,12,true],"woocommerce_archive_thumbnail":["https:\/\/www.ekbeauty.be\/wp-content\/uploads\/2020\/02\/21-300x225.jpg",300,225,true],"woocommerce_thumbnail":["https:\/\/www.ekbeauty.be\/wp-content\/uploads\/2020\/02\/21-300x300.jpg",300,300,true],"woocommerce_single":["https:\/\/www.ekbeauty.be\/wp-content\/uploads\/2020\/02\/21-600x450.jpg",600,450,true],"woocommerce_gallery_thumbnail":["https:\/\/www.ekbeauty.be\/wp-content\/uploads\/2020\/02\/21-100x100.jpg",100,100,true]},"uagb_author_info":{"display_name":"Berrag","author_link":"https:\/\/www.ekbeauty.be\/fr\/author\/"},"uagb_comment_info":0,"uagb_excerpt":"Must have voor de huid: \u2714 Innovatieve formule \u2714 Rijk aan antioxidanten, hyaluronzuur, vitamines en peptiden \u2714 Voor een jonge, stralende en gezondere huid &nbsp; Huidtype \u2714 Droog\/gedehydrateerd \u2714 Gevoelig \u2714 Ge\u00efrriteerd &nbsp; Gebruik &amp; tips Neem een hoeveelheid Vital C - Water Hydrating Burst ter grootte van een kers en masseer de gel stevig\u2026","_links":{"self":[{"href":"https:\/\/www.ekbeauty.be\/fr\/wp-json\/wp\/v2\/product\/5760","targetHints":{"allow":["GET"]}}],"collection":[{"href":"https:\/\/www.ekbeauty.be\/fr\/wp-json\/wp\/v2\/product"}],"about":[{"href":"https:\/\/www.ekbeauty.be\/fr\/wp-json\/wp\/v2\/types\/product"}],"replies":[{"embeddable":true,"href":"https:\/\/www.ekbeauty.be\/fr\/wp-json\/wp\/v2\/comments?post=5760"}],"wp:featuredmedia":[{"embeddable":true,"href":"https:\/\/www.ekbeauty.be\/fr\/wp-json\/wp\/v2\/media\/46158"}],"wp:attachment":[{"href":"https:\/\/www.ekbeauty.be\/fr\/wp-json\/wp\/v2\/media?parent=5760"}],"wp:term":[{"taxonomy":"product_brand","embeddable":true,"href":"https:\/\/www.ekbeauty.be\/fr\/wp-json\/wp\/v2\/product_brand?post=5760"},{"taxonomy":"product_cat","embeddable":true,"href":"https:\/\/www.ekbeauty.be\/fr\/wp-json\/wp\/v2\/product_cat?post=5760"},{"taxonomy":"product_tag","embeddable":true,"href":"https:\/\/www.ekbeauty.be\/fr\/wp-json\/wp\/v2\/product_tag?post=5760"}],"curies":[{"name":"wp","href":"https:\/\/api.w.org\/{rel}","templated":true}]}}