{"id":5761,"date":"2020-02-28T12:00:12","date_gmt":"2020-02-28T11:00:12","guid":{"rendered":"https:\/\/www.ekbeauty.be\/product\/import-placeholder-for-512\/"},"modified":"2024-12-31T15:34:17","modified_gmt":"2024-12-31T14:34:17","slug":"image-skincare-vital-c-hydrating-overnight-masque-57-g","status":"publish","type":"product","link":"https:\/\/www.ekbeauty.be\/fr\/produit\/image-skincare-vital-c-hydrating-overnight-masque-57-g\/","title":{"rendered":"IMAGE Skincare Vital C - Hydrating Overnight Masque 57g"},"content":{"rendered":"<div class=\"product attribute overview\">\n<div class=\"value\">\n<p>Vital C - Hydrating Overnight Masque cr\u00e8me de nuit contient un triple complexe min\u00e9ral qui nourrit et conditionne la peau pour une apparence vitale. Pendant votre sommeil, le gel hydrate la peau et lui apporte des ingr\u00e9dients essentiels.<\/p>\n<\/div>\n<\/div>","protected":false},"excerpt":{"rendered":"<p><strong>Un must pour la peau !<\/strong><\/p>\n<ul>\n<li>Nourrir, soigner et hydrater la peau<\/li>\n<li>Une peau souple<\/li>\n<li>Pour une peau vitale et radieuse<\/li>\n<\/ul>\n<p><strong>Type de peau<\/strong><\/p>\n<ul>\n<li>Secs\/d\u00e9shydrat\u00e9s<\/li>\n<li>\u2714 Sensible<\/li>\n<li>Irrit\u00e9e<\/li>\n<\/ul>\n<p>&nbsp;<\/p>\n<p><strong>Utilisation et conseils<\/strong><\/p>\n<p dir=\"ltr\">Avant de vous coucher, appliquez uniform\u00e9ment Vital C - Hydrating Overnight Masque en couche \u00e9paisse sur votre visage nettoy\u00e9 et laissez agir toute la nuit. Lavez votre visage le matin avec de l'eau ti\u00e8de. Utilisez Vital C - Hydrating Overnight Masque 2 \u00e0 3 fois par semaine ou selon vos besoins. M\u00e9langer avec le s\u00e9rum hydratant A C E Vital C avant l'application pour une hydratation suppl\u00e9mentaire.<\/p>\n<p dir=\"ltr\">","protected":false},"featured_media":46160,"comment_status":"open","ping_status":"closed","template":"","meta":{"_surecart_dashboard_logo_width":"180px","_surecart_dashboard_show_logo":true,"_surecart_dashboard_navigation_orders":true,"_surecart_dashboard_navigation_invoices":true,"_surecart_dashboard_navigation_subscriptions":true,"_surecart_dashboard_navigation_downloads":true,"_surecart_dashboard_navigation_billing":true,"_surecart_dashboard_navigation_account":true,"_uag_custom_page_level_css":""},"product_brand":[],"product_cat":[326,220],"product_tag":[],"class_list":{"0":"post-5761","1":"product","2":"type-product","3":"status-publish","4":"has-post-thumbnail","6":"product_cat-gezichtsmaskers","7":"product_cat-nachtcremes-2","9":"first","10":"onbackorder","11":"taxable","12":"shipping-taxable","13":"purchasable","14":"product-type-simple"},"uagb_featured_image_src":{"full":["https:\/\/www.ekbeauty.be\/wp-content\/uploads\/2020\/02\/23.jpg",1600,1200,false],"thumbnail":["https:\/\/www.ekbeauty.be\/wp-content\/uploads\/2020\/02\/23-150x150.jpg",150,150,true],"medium":["https:\/\/www.ekbeauty.be\/wp-content\/uploads\/2020\/02\/23-300x225.jpg",300,225,true],"medium_large":["https:\/\/www.ekbeauty.be\/wp-content\/uploads\/2020\/02\/23-768x576.jpg",768,576,true],"large":["https:\/\/www.ekbeauty.be\/wp-content\/uploads\/2020\/02\/23-1024x768.jpg",1024,768,true],"1536x1536":["https:\/\/www.ekbeauty.be\/wp-content\/uploads\/2020\/02\/23-1536x1152.jpg",1536,1152,true],"2048x2048":["https:\/\/www.ekbeauty.be\/wp-content\/uploads\/2020\/02\/23.jpg",1600,1200,false],"trp-custom-language-flag":["https:\/\/www.ekbeauty.be\/wp-content\/uploads\/2020\/02\/23-16x12.jpg",16,12,true],"woocommerce_archive_thumbnail":["https:\/\/www.ekbeauty.be\/wp-content\/uploads\/2020\/02\/23-300x225.jpg",300,225,true],"woocommerce_thumbnail":["https:\/\/www.ekbeauty.be\/wp-content\/uploads\/2020\/02\/23-300x300.jpg",300,300,true],"woocommerce_single":["https:\/\/www.ekbeauty.be\/wp-content\/uploads\/2020\/02\/23-600x450.jpg",600,450,true],"woocommerce_gallery_thumbnail":["https:\/\/www.ekbeauty.be\/wp-content\/uploads\/2020\/02\/23-100x100.jpg",100,100,true]},"uagb_author_info":{"display_name":"Berrag","author_link":"https:\/\/www.ekbeauty.be\/fr\/author\/"},"uagb_comment_info":2,"uagb_excerpt":"Must have voor de huid! \u2714 Voedt, verzorgt en hydrateert de huid \u2714 Soepel aanvoelende huid \u2714 Voor een vitale en stralende huid Huidtype \u2714 Droog\/gedehydrateerd \u2714 Gevoelig \u2714 Ge\u00efrriteerd &nbsp; Gebruik &amp; Tips Breng voor het slapengaan het Vital C - Hydrating Overnight Masque gelijkmatig een dikke laag cr\u00e8me aan op een gereinigd gezicht\u00a0en\u2026","_links":{"self":[{"href":"https:\/\/www.ekbeauty.be\/fr\/wp-json\/wp\/v2\/product\/5761","targetHints":{"allow":["GET"]}}],"collection":[{"href":"https:\/\/www.ekbeauty.be\/fr\/wp-json\/wp\/v2\/product"}],"about":[{"href":"https:\/\/www.ekbeauty.be\/fr\/wp-json\/wp\/v2\/types\/product"}],"replies":[{"embeddable":true,"href":"https:\/\/www.ekbeauty.be\/fr\/wp-json\/wp\/v2\/comments?post=5761"}],"wp:featuredmedia":[{"embeddable":true,"href":"https:\/\/www.ekbeauty.be\/fr\/wp-json\/wp\/v2\/media\/46160"}],"wp:attachment":[{"href":"https:\/\/www.ekbeauty.be\/fr\/wp-json\/wp\/v2\/media?parent=5761"}],"wp:term":[{"taxonomy":"product_brand","embeddable":true,"href":"https:\/\/www.ekbeauty.be\/fr\/wp-json\/wp\/v2\/product_brand?post=5761"},{"taxonomy":"product_cat","embeddable":true,"href":"https:\/\/www.ekbeauty.be\/fr\/wp-json\/wp\/v2\/product_cat?post=5761"},{"taxonomy":"product_tag","embeddable":true,"href":"https:\/\/www.ekbeauty.be\/fr\/wp-json\/wp\/v2\/product_tag?post=5761"}],"curies":[{"name":"wp","href":"https:\/\/api.w.org\/{rel}","templated":true}]}}