{"id":5766,"date":"2020-02-28T12:00:13","date_gmt":"2020-02-28T11:00:13","guid":{"rendered":"https:\/\/www.ekbeauty.be\/product\/import-placeholder-for-568\/"},"modified":"2026-03-30T11:43:08","modified_gmt":"2026-03-30T09:43:08","slug":"image-skincare-ormedic-balancing-eye-lift-gel-15-ml","status":"publish","type":"product","link":"https:\/\/www.ekbeauty.be\/fr\/produit\/image-skincare-ormedic-balancing-eye-lift-gel-15-ml\/","title":{"rendered":"IMAGE Skincare Ormedic - Balancing Eye Lift Gel 15ml"},"content":{"rendered":"<div class=\"product attribute overview\">\n<div class=\"value\">\n<p>Ormedic - Balancing Eye Lift Gel est un gel hydratant et liftant pour les yeux qui \u00e9quilibre la peau gr\u00e2ce \u00e0 des ingr\u00e9dients organiques aux r\u00e9sultats m\u00e9dicaux.<\/p>\n<\/div>\n<\/div>","protected":false},"excerpt":{"rendered":"<p><strong>Avantages<\/strong><\/p>\n<ul>\n<li>Adoucit et r\u00e9duit les ridules<\/li>\n<li>Hydratation instantan\u00e9e des yeux<\/li>\n<li>R\u00e9duit les cernes<\/li>\n<li>Id\u00e9al pour les voyageurs<\/li>\n<li>Sans paraben<\/li>\n<li>\u2714 D\u00e9tend les pattes d'oie<\/li>\n<\/ul>\n<p>&nbsp;<\/p>\n<p><strong>Type de peau<\/strong><\/p>\n<ul>\n<li>Vieillissement de la peau et ridules<\/li>\n<li>Peau s\u00e8che\/d\u00e9shydrat\u00e9e autour des yeux<\/li>\n<li>La peau est d\u00e9s\u00e9quilibr\u00e9e<\/li>\n<li>Paupi\u00e8res aplaties<\/li>\n<\/ul>\n<p>&nbsp;<\/p>\n<p><strong>Utilisation et conseils<\/strong><\/p>\n<p>Appliquez d\u00e9licatement sur tout le contour de l'\u0153il et massez jusqu'\u00e0 absorption compl\u00e8te. Utiliser matin et soir selon les besoins pour l'hydratation.<\/p>\n<p>&nbsp;<\/p>\n<p>&nbsp;<\/p>","protected":false},"featured_media":50896,"comment_status":"open","ping_status":"closed","template":"","meta":{"_surecart_dashboard_logo_width":"180px","_surecart_dashboard_show_logo":true,"_surecart_dashboard_navigation_orders":true,"_surecart_dashboard_navigation_invoices":true,"_surecart_dashboard_navigation_subscriptions":true,"_surecart_dashboard_navigation_downloads":true,"_surecart_dashboard_navigation_billing":true,"_surecart_dashboard_navigation_account":true,"_uag_custom_page_level_css":""},"product_brand":[],"product_cat":[221],"product_tag":[],"class_list":{"0":"post-5766","1":"product","2":"type-product","3":"status-publish","4":"has-post-thumbnail","6":"product_cat-oogverzorging","8":"first","9":"onbackorder","10":"taxable","11":"shipping-taxable","12":"purchasable","13":"product-type-simple"},"uagb_featured_image_src":{"full":["https:\/\/www.ekbeauty.be\/wp-content\/uploads\/2020\/02\/o11.webp",1500,1125,false],"thumbnail":["https:\/\/www.ekbeauty.be\/wp-content\/uploads\/2020\/02\/o11-150x150.webp",150,150,true],"medium":["https:\/\/www.ekbeauty.be\/wp-content\/uploads\/2020\/02\/o11-300x225.webp",300,225,true],"medium_large":["https:\/\/www.ekbeauty.be\/wp-content\/uploads\/2020\/02\/o11-768x576.webp",768,576,true],"large":["https:\/\/www.ekbeauty.be\/wp-content\/uploads\/2020\/02\/o11-1024x768.webp",1024,768,true],"1536x1536":["https:\/\/www.ekbeauty.be\/wp-content\/uploads\/2020\/02\/o11.webp",1500,1125,false],"2048x2048":["https:\/\/www.ekbeauty.be\/wp-content\/uploads\/2020\/02\/o11.webp",1500,1125,false],"trp-custom-language-flag":["https:\/\/www.ekbeauty.be\/wp-content\/uploads\/2020\/02\/o11-16x12.webp",16,12,true],"woocommerce_archive_thumbnail":["https:\/\/www.ekbeauty.be\/wp-content\/uploads\/2020\/02\/o11-300x225.webp",300,225,true],"woocommerce_thumbnail":["https:\/\/www.ekbeauty.be\/wp-content\/uploads\/2020\/02\/o11-300x300.webp",300,300,true],"woocommerce_single":["https:\/\/www.ekbeauty.be\/wp-content\/uploads\/2020\/02\/o11-600x450.webp",600,450,true],"woocommerce_gallery_thumbnail":["https:\/\/www.ekbeauty.be\/wp-content\/uploads\/2020\/02\/o11-100x100.webp",100,100,true]},"uagb_author_info":{"display_name":"Berrag","author_link":"https:\/\/www.ekbeauty.be\/fr\/author\/"},"uagb_comment_info":0,"uagb_excerpt":"Voordelen \u2714 Verzacht en vermindert fijne lijntjes \u2714 Direct gehydrateerde ogen \u2714 Vermindert donkere kringen \u2714 Ideaal voor reizigers \u2714 Parabenen vrij \u2714 Ontspant kraaienpootjes &nbsp; Huidtype \u2714 Verouderde huid en fijne lijntjes \u2714 Droge\/gedehydrateerde huid rondom de ogen \u2714 Huid uit balans \u2714 Verslapte oogleden &nbsp; Gebruik &amp; Tips Breng het voorzichtig rondom het\u2026","_links":{"self":[{"href":"https:\/\/www.ekbeauty.be\/fr\/wp-json\/wp\/v2\/product\/5766","targetHints":{"allow":["GET"]}}],"collection":[{"href":"https:\/\/www.ekbeauty.be\/fr\/wp-json\/wp\/v2\/product"}],"about":[{"href":"https:\/\/www.ekbeauty.be\/fr\/wp-json\/wp\/v2\/types\/product"}],"replies":[{"embeddable":true,"href":"https:\/\/www.ekbeauty.be\/fr\/wp-json\/wp\/v2\/comments?post=5766"}],"wp:featuredmedia":[{"embeddable":true,"href":"https:\/\/www.ekbeauty.be\/fr\/wp-json\/wp\/v2\/media\/50896"}],"wp:attachment":[{"href":"https:\/\/www.ekbeauty.be\/fr\/wp-json\/wp\/v2\/media?parent=5766"}],"wp:term":[{"taxonomy":"product_brand","embeddable":true,"href":"https:\/\/www.ekbeauty.be\/fr\/wp-json\/wp\/v2\/product_brand?post=5766"},{"taxonomy":"product_cat","embeddable":true,"href":"https:\/\/www.ekbeauty.be\/fr\/wp-json\/wp\/v2\/product_cat?post=5766"},{"taxonomy":"product_tag","embeddable":true,"href":"https:\/\/www.ekbeauty.be\/fr\/wp-json\/wp\/v2\/product_tag?post=5766"}],"curies":[{"name":"wp","href":"https:\/\/api.w.org\/{rel}","templated":true}]}}