{"id":5768,"date":"2020-02-28T12:00:13","date_gmt":"2020-02-28T11:00:13","guid":{"rendered":"https:\/\/www.ekbeauty.be\/product\/import-placeholder-for-571\/"},"modified":"2025-06-30T11:34:09","modified_gmt":"2025-06-30T09:34:09","slug":"image-skincare-clear-cell-clarifying-gel-cleanser-177-ml","status":"publish","type":"product","link":"https:\/\/www.ekbeauty.be\/fr\/produit\/image-skincare-clear-cell-clarifying-gel-cleanser-177-ml\/","title":{"rendered":"IMAGE Skincare Clear Cell - Gel nettoyant clarifiant 177ml"},"content":{"rendered":"<div class=\"product attribute overview\">\n<div class=\"value\">\n<p>Clear Cell - Clarifying Gel Cleanser est un gel nettoyant moussant contenant de l'acide salicylique qui \u00e9limine le maquillage et l'exc\u00e8s de s\u00e9bum, tout en exfoliant en douceur les cellules mortes et en laissant la peau lisse et douce, sans reflet gras.<\/p>\n<\/div>\n<\/div>","protected":false},"excerpt":{"rendered":"<p><strong>Avantages<br \/>\n<\/strong><\/p>\n<ul>\n<li>Gel nettoyant moussant au BHA<\/li>\n<li>Enl\u00e8ve le maquillage en douceur<\/li>\n<li>Elimine le s\u00e9bum et apporte des antioxydants essentiels<\/li>\n<li>\u2714 Garde la peau douce, nettoy\u00e9e et brillante.<\/li>\n<\/ul>\n<p>&nbsp;<\/p>\n<p><strong>Type de peau<br \/>\n<\/strong><\/p>\n<ul>\n<li>Phase 1 et 2<\/li>\n<li>Peau grasse<\/li>\n<li>Acn\u00e9<\/li>\n<li>Vieillissement de la peau<\/li>\n<\/ul>\n<p>&nbsp;<\/p>","protected":false},"featured_media":46650,"comment_status":"open","ping_status":"closed","template":"","meta":{"_surecart_dashboard_logo_width":"180px","_surecart_dashboard_show_logo":true,"_surecart_dashboard_navigation_orders":true,"_surecart_dashboard_navigation_invoices":true,"_surecart_dashboard_navigation_subscriptions":true,"_surecart_dashboard_navigation_downloads":true,"_surecart_dashboard_navigation_billing":true,"_surecart_dashboard_navigation_account":true,"_uag_custom_page_level_css":""},"product_brand":[],"product_cat":[328,223],"product_tag":[],"class_list":{"0":"post-5768","1":"product","2":"type-product","3":"status-publish","4":"has-post-thumbnail","6":"product_cat-gezichtsreinigers","7":"product_cat-geen","9":"first","10":"instock","11":"taxable","12":"shipping-taxable","13":"purchasable","14":"product-type-simple"},"uagb_featured_image_src":{"full":["https:\/\/www.ekbeauty.be\/wp-content\/uploads\/2020\/02\/c3.jpg",1600,1200,false],"thumbnail":["https:\/\/www.ekbeauty.be\/wp-content\/uploads\/2020\/02\/c3-150x150.jpg",150,150,true],"medium":["https:\/\/www.ekbeauty.be\/wp-content\/uploads\/2020\/02\/c3-300x225.jpg",300,225,true],"medium_large":["https:\/\/www.ekbeauty.be\/wp-content\/uploads\/2020\/02\/c3-768x576.jpg",768,576,true],"large":["https:\/\/www.ekbeauty.be\/wp-content\/uploads\/2020\/02\/c3-1024x768.jpg",1024,768,true],"1536x1536":["https:\/\/www.ekbeauty.be\/wp-content\/uploads\/2020\/02\/c3-1536x1152.jpg",1536,1152,true],"2048x2048":["https:\/\/www.ekbeauty.be\/wp-content\/uploads\/2020\/02\/c3.jpg",1600,1200,false],"trp-custom-language-flag":["https:\/\/www.ekbeauty.be\/wp-content\/uploads\/2020\/02\/c3-16x12.jpg",16,12,true],"woocommerce_archive_thumbnail":["https:\/\/www.ekbeauty.be\/wp-content\/uploads\/2020\/02\/c3-300x225.jpg",300,225,true],"woocommerce_thumbnail":["https:\/\/www.ekbeauty.be\/wp-content\/uploads\/2020\/02\/c3-300x300.jpg",300,300,true],"woocommerce_single":["https:\/\/www.ekbeauty.be\/wp-content\/uploads\/2020\/02\/c3-600x450.jpg",600,450,true],"woocommerce_gallery_thumbnail":["https:\/\/www.ekbeauty.be\/wp-content\/uploads\/2020\/02\/c3-100x100.jpg",100,100,true]},"uagb_author_info":{"display_name":"Berrag","author_link":"https:\/\/www.ekbeauty.be\/fr\/author\/"},"uagb_comment_info":0,"uagb_excerpt":"Voordelen \u2714 BHA-foaming gel cleanser \u2714 Verwijdert op zachte wijze make-up \u2714 Verwijdert talg en geeft essenti\u00eble antioxidanten \u2714 Houdt de huid zacht, reinigt en glansvrij &nbsp; Huidtype \u2714 Fase 1 &amp; 2 \u2714 Vette huid \u2714 Acne \u2714 Verouderde huid &nbsp;","_links":{"self":[{"href":"https:\/\/www.ekbeauty.be\/fr\/wp-json\/wp\/v2\/product\/5768","targetHints":{"allow":["GET"]}}],"collection":[{"href":"https:\/\/www.ekbeauty.be\/fr\/wp-json\/wp\/v2\/product"}],"about":[{"href":"https:\/\/www.ekbeauty.be\/fr\/wp-json\/wp\/v2\/types\/product"}],"replies":[{"embeddable":true,"href":"https:\/\/www.ekbeauty.be\/fr\/wp-json\/wp\/v2\/comments?post=5768"}],"wp:featuredmedia":[{"embeddable":true,"href":"https:\/\/www.ekbeauty.be\/fr\/wp-json\/wp\/v2\/media\/46650"}],"wp:attachment":[{"href":"https:\/\/www.ekbeauty.be\/fr\/wp-json\/wp\/v2\/media?parent=5768"}],"wp:term":[{"taxonomy":"product_brand","embeddable":true,"href":"https:\/\/www.ekbeauty.be\/fr\/wp-json\/wp\/v2\/product_brand?post=5768"},{"taxonomy":"product_cat","embeddable":true,"href":"https:\/\/www.ekbeauty.be\/fr\/wp-json\/wp\/v2\/product_cat?post=5768"},{"taxonomy":"product_tag","embeddable":true,"href":"https:\/\/www.ekbeauty.be\/fr\/wp-json\/wp\/v2\/product_tag?post=5768"}],"curies":[{"name":"wp","href":"https:\/\/api.w.org\/{rel}","templated":true}]}}